{"id":27841,"date":"2022-09-01T10:35:38","date_gmt":"2022-09-01T09:35:38","guid":{"rendered":"https:\/\/m5j0n6nk9p.onrocket.site\/?page_id=27841"},"modified":"2023-02-27T09:41:09","modified_gmt":"2023-02-27T09:41:09","slug":"mangueira-flexivel-com-acessorios-em-cobre","status":"publish","type":"page","link":"https:\/\/klinger.pt\/es\/produtos\/outros-equipamentos-tecnicos\/compensadores-e-mangueiras-metalicas\/mangueiras-metalicas\/mangueira-flexivel-com-acessorios-em-cobre\/","title":{"rendered":"MANGUEIRA FLEX\u00cdVEL COM ACESS\u00d3RIOS EM COBRE"},"content":{"rendered":"\n<div class=\"wp-block-columns is-layout-flex wp-container-core-columns-is-layout-9d6595d7 wp-block-columns-is-layout-flex\">\n<div class=\"wp-block-column is-layout-flow wp-block-column-is-layout-flow\" style=\"flex-basis:300px\">\n<figure class=\"wp-block-image size-full\"><img fetchpriority=\"high\" decoding=\"async\" width=\"750\" height=\"519\" src=\"https:\/\/klinger.pt\/wp-content\/uploads\/2022\/09\/Copper-Fittings-Flexible-Metal-Hoses.png\" alt=\"MANGUEIRA FLEX\u00cdVEL COM ACESS\u00d3RIOS EM COBRE\" class=\"wp-image-28300\" srcset=\"https:\/\/klinger.pt\/wp-content\/uploads\/2022\/09\/Copper-Fittings-Flexible-Metal-Hoses.png 750w, https:\/\/klinger.pt\/wp-content\/uploads\/2022\/09\/Copper-Fittings-Flexible-Metal-Hoses-300x208.png 300w\" sizes=\"(max-width: 750px) 100vw, 750px\" \/><\/figure>\n\n\n\n<figure class=\"wp-block-image size-large\"><img decoding=\"async\" width=\"1024\" height=\"448\" src=\"https:\/\/klinger.pt\/wp-content\/uploads\/2022\/09\/QUADRO-12-1024x448.png\" alt=\"\" class=\"wp-image-28411\" srcset=\"https:\/\/klinger.pt\/wp-content\/uploads\/2022\/09\/QUADRO-12-1024x448.png 1024w, https:\/\/klinger.pt\/wp-content\/uploads\/2022\/09\/QUADRO-12-300x131.png 300w, https:\/\/klinger.pt\/wp-content\/uploads\/2022\/09\/QUADRO-12-768x336.png 768w, https:\/\/klinger.pt\/wp-content\/uploads\/2022\/09\/QUADRO-12-1536x671.png 1536w, https:\/\/klinger.pt\/wp-content\/uploads\/2022\/09\/QUADRO-12-2048x895.png 2048w, https:\/\/klinger.pt\/wp-content\/uploads\/2022\/09\/QUADRO-12-1400x612.png 1400w\" sizes=\"(max-width: 1024px) 100vw, 1024px\" \/><\/figure>\n<\/div>\n\n\n\n<div class=\"wp-block-column is-layout-flow wp-block-column-is-layout-flow\" style=\"flex-basis:700px\">\n<h1 class=\"wp-block-heading\">MANGUEIRA FLEX\u00cdVEL COM ACESS\u00d3RIOS EM COBRE<\/h1>\n\n\n\n<p>Perfil da Mangueira Flex\u00edvel com Acess\u00f3rios em Cobre \u00e9 semelhante ao perfil da mangueira padr\u00e3o.<br>Podem ser facilmente ligadas a um tubo de cobre com soldadura de prata.<br>Este tipo de mangueiras \u00e9 utilizado em canaliza\u00e7\u00f5es e canaliza\u00e7\u00f5es de \u00e1gua.<br>A soldadura de prata \u00e9 utilizada para fixar a mangueira a conex\u00f5es de extremidades de cobre.<\/p>\n\n\n\n<h2 class=\"wp-block-heading\">VANTAGENS<\/h2>\n\n\n\n<ul class=\"wp-block-list\">\n<li>Liga\u00e7\u00e3o r\u00e1pida<\/li>\n\n\n\n<li>F\u00e1cil instala\u00e7\u00e3o<\/li>\n\n\n\n<li>Facilmente substitu\u00eddo<\/li>\n\n\n\n<li>Pode ser contido<\/li>\n\n\n\n<li>Mais baixo em todo o comprimento em rela\u00e7\u00e3o \u00e0s juntas de expans\u00e3o das extremidades de soldadura<\/li>\n<\/ul>\n\n\n\n<h2 class=\"wp-block-heading\">APLICA\u00c7\u00d5ES<\/h2>\n\n\n\n<ul class=\"wp-block-list\">\n<li>Condutas de \u00e1gua quente e fria<\/li>\n\n\n\n<li>Sistema de bomba de calor<\/li>\n\n\n\n<li>Sistema de caldeira<\/li>\n\n\n\n<li>Canaliza\u00e7\u00e3o<\/li>\n<\/ul>\n<\/div>\n<\/div>\n","protected":false},"excerpt":{"rendered":"<p>MANGUEIRA FLEX\u00cdVEL COM ACESS\u00d3RIOS EM COBRE Perfil da Mangueira Flex\u00edvel com Acess\u00f3rios em Cobre \u00e9 semelhante ao perfil da mangueira padr\u00e3o.Podem ser facilmente ligadas a um tubo de cobre com soldadura de prata.Este tipo de mangueiras \u00e9 utilizado em canaliza\u00e7\u00f5es e canaliza\u00e7\u00f5es de \u00e1gua.A soldadura de prata \u00e9 utilizada para fixar a mangueira a conex\u00f5es [&hellip;]<\/p>\n","protected":false},"author":1,"featured_media":0,"parent":27803,"menu_order":0,"comment_status":"closed","ping_status":"closed","template":"page-templates\/servicios.php","meta":{"_eb_attr":"","footnotes":""},"class_list":["post-27841","page","type-page","status-publish","hentry"],"aioseo_notices":[],"_links":{"self":[{"href":"https:\/\/klinger.pt\/es\/wp-json\/wp\/v2\/pages\/27841","targetHints":{"allow":["GET"]}}],"collection":[{"href":"https:\/\/klinger.pt\/es\/wp-json\/wp\/v2\/pages"}],"about":[{"href":"https:\/\/klinger.pt\/es\/wp-json\/wp\/v2\/types\/page"}],"author":[{"embeddable":true,"href":"https:\/\/klinger.pt\/es\/wp-json\/wp\/v2\/users\/1"}],"replies":[{"embeddable":true,"href":"https:\/\/klinger.pt\/es\/wp-json\/wp\/v2\/comments?post=27841"}],"version-history":[{"count":3,"href":"https:\/\/klinger.pt\/es\/wp-json\/wp\/v2\/pages\/27841\/revisions"}],"predecessor-version":[{"id":38310,"href":"https:\/\/klinger.pt\/es\/wp-json\/wp\/v2\/pages\/27841\/revisions\/38310"}],"up":[{"embeddable":true,"href":"https:\/\/klinger.pt\/es\/wp-json\/wp\/v2\/pages\/27803"}],"wp:attachment":[{"href":"https:\/\/klinger.pt\/es\/wp-json\/wp\/v2\/media?parent=27841"}],"curies":[{"name":"wp","href":"https:\/\/api.w.org\/{rel}","templated":true}]}}