{"id":27836,"date":"2022-09-01T10:33:30","date_gmt":"2022-09-01T09:33:30","guid":{"rendered":"https:\/\/m5j0n6nk9p.onrocket.site\/?page_id=27836"},"modified":"2023-02-27T08:37:40","modified_gmt":"2023-02-27T08:37:40","slug":"conexoes-flexiveis-fan-coil","status":"publish","type":"page","link":"https:\/\/klinger.pt\/es\/produtos\/outros-equipamentos-tecnicos\/compensadores-e-mangueiras-metalicas\/mangueiras-metalicas\/conexoes-flexiveis-fan-coil\/","title":{"rendered":"CONEX\u00d5ES FLEX\u00cdVEIS FAN COIL"},"content":{"rendered":"\n<div class=\"wp-block-columns is-layout-flex wp-container-core-columns-is-layout-9d6595d7 wp-block-columns-is-layout-flex\">\n<div class=\"wp-block-column is-layout-flow wp-block-column-is-layout-flow\" style=\"flex-basis:300px\">\n<figure class=\"wp-block-image size-full\"><img fetchpriority=\"high\" decoding=\"async\" width=\"750\" height=\"519\" src=\"https:\/\/klinger.pt\/wp-content\/uploads\/2022\/09\/Fan-Coil-Flexible-Connectors.png\" alt=\"Conex\u00f5es Flex\u00edveis Fan Coil \" class=\"wp-image-28296\" srcset=\"https:\/\/klinger.pt\/wp-content\/uploads\/2022\/09\/Fan-Coil-Flexible-Connectors.png 750w, https:\/\/klinger.pt\/wp-content\/uploads\/2022\/09\/Fan-Coil-Flexible-Connectors-300x208.png 300w\" sizes=\"(max-width: 750px) 100vw, 750px\" \/><\/figure>\n\n\n\n<figure class=\"wp-block-image size-large\"><img decoding=\"async\" width=\"1024\" height=\"500\" src=\"https:\/\/klinger.pt\/wp-content\/uploads\/2022\/09\/QUADRO-10-1024x500.png\" alt=\"\" class=\"wp-image-28401\" srcset=\"https:\/\/klinger.pt\/wp-content\/uploads\/2022\/09\/QUADRO-10-1024x500.png 1024w, https:\/\/klinger.pt\/wp-content\/uploads\/2022\/09\/QUADRO-10-300x146.png 300w, https:\/\/klinger.pt\/wp-content\/uploads\/2022\/09\/QUADRO-10-768x375.png 768w, https:\/\/klinger.pt\/wp-content\/uploads\/2022\/09\/QUADRO-10-1536x750.png 1536w, https:\/\/klinger.pt\/wp-content\/uploads\/2022\/09\/QUADRO-10-2048x1000.png 2048w, https:\/\/klinger.pt\/wp-content\/uploads\/2022\/09\/QUADRO-10-1400x683.png 1400w\" sizes=\"(max-width: 1024px) 100vw, 1024px\" \/><\/figure>\n<\/div>\n\n\n\n<div class=\"wp-block-column is-layout-flow wp-block-column-is-layout-flow\" style=\"flex-basis:700px\">\n<h1 class=\"wp-block-heading\">CONEX\u00d5ES FLEX\u00cdVEIS FAN COIL<\/h1>\n\n\n\n<p>As Conex\u00f5es Flex\u00edveis Fan Coil s\u00e3o concebidas de acordo com os pedidos dos clientes.<br>O formato da mangueira \u00e9 semelhante ao da mangueira solar.<br>Este grupo de produtos \u00e9 de produtos prontos a ser instalados.<br>Criam vantagens de custo para os fabricantes devido \u00e0 sua f\u00e1cil montagem.<\/p>\n\n\n\n<h2 class=\"wp-block-heading\">VANTAGENS<\/h2>\n\n\n\n<ul class=\"wp-block-list\">\n<li>Os conectores de ventilador s\u00e3o utilizados para liga\u00e7\u00f5es flex\u00edveis de unidades de ventiladores para a distribui\u00e7\u00e3o de tubagem do sistema de aquecimento\/arrefecimento<\/li>\n\n\n\n<li>S\u00e3o f\u00e1ceis de montar<\/li>\n<\/ul>\n\n\n\n<h2 class=\"wp-block-heading\">APLICA\u00c7\u00d5ES<\/h2>\n\n\n\n<ul class=\"wp-block-list\">\n<li>Unidades de ventiladores<\/li>\n\n\n\n<li>Sistema de aquecimento\/arrefecimento<\/li>\n<\/ul>\n<\/div>\n<\/div>\n","protected":false},"excerpt":{"rendered":"<p>CONEX\u00d5ES FLEX\u00cdVEIS FAN COIL As Conex\u00f5es Flex\u00edveis Fan Coil s\u00e3o concebidas de acordo com os pedidos dos clientes.O formato da mangueira \u00e9 semelhante ao da mangueira solar.Este grupo de produtos \u00e9 de produtos prontos a ser instalados.Criam vantagens de custo para os fabricantes devido \u00e0 sua f\u00e1cil montagem. VANTAGENS APLICA\u00c7\u00d5ES<\/p>\n","protected":false},"author":1,"featured_media":0,"parent":27803,"menu_order":0,"comment_status":"closed","ping_status":"closed","template":"page-templates\/servicios.php","meta":{"_eb_attr":"","footnotes":""},"class_list":["post-27836","page","type-page","status-publish","hentry"],"aioseo_notices":[],"_links":{"self":[{"href":"https:\/\/klinger.pt\/es\/wp-json\/wp\/v2\/pages\/27836","targetHints":{"allow":["GET"]}}],"collection":[{"href":"https:\/\/klinger.pt\/es\/wp-json\/wp\/v2\/pages"}],"about":[{"href":"https:\/\/klinger.pt\/es\/wp-json\/wp\/v2\/types\/page"}],"author":[{"embeddable":true,"href":"https:\/\/klinger.pt\/es\/wp-json\/wp\/v2\/users\/1"}],"replies":[{"embeddable":true,"href":"https:\/\/klinger.pt\/es\/wp-json\/wp\/v2\/comments?post=27836"}],"version-history":[{"count":4,"href":"https:\/\/klinger.pt\/es\/wp-json\/wp\/v2\/pages\/27836\/revisions"}],"predecessor-version":[{"id":38216,"href":"https:\/\/klinger.pt\/es\/wp-json\/wp\/v2\/pages\/27836\/revisions\/38216"}],"up":[{"embeddable":true,"href":"https:\/\/klinger.pt\/es\/wp-json\/wp\/v2\/pages\/27803"}],"wp:attachment":[{"href":"https:\/\/klinger.pt\/es\/wp-json\/wp\/v2\/media?parent=27836"}],"curies":[{"name":"wp","href":"https:\/\/api.w.org\/{rel}","templated":true}]}}