{"id":27829,"date":"2022-09-01T10:32:41","date_gmt":"2022-09-01T09:32:41","guid":{"rendered":"https:\/\/m5j0n6nk9p.onrocket.site\/?page_id=27829"},"modified":"2023-02-27T08:48:50","modified_gmt":"2023-02-27T08:48:50","slug":"distribuicao-de-aquecimento","status":"publish","type":"page","link":"https:\/\/klinger.pt\/es\/produtos\/outros-equipamentos-tecnicos\/compensadores-e-mangueiras-metalicas\/mangueiras-metalicas\/distribuicao-de-aquecimento\/","title":{"rendered":"DISTRIBUI\u00c7\u00c3O DE AQUECIMENTO"},"content":{"rendered":"\n<div class=\"wp-block-columns is-layout-flex wp-container-core-columns-is-layout-9d6595d7 wp-block-columns-is-layout-flex\">\n<div class=\"wp-block-column is-layout-flow wp-block-column-is-layout-flow\" style=\"flex-basis:300px\">\n<figure class=\"wp-block-image size-full\"><img fetchpriority=\"high\" decoding=\"async\" width=\"750\" height=\"519\" src=\"https:\/\/klinger.pt\/wp-content\/uploads\/2022\/09\/District-Heating-Hoses.png\" alt=\"distribui\u00e7\u00e3o de aquecimento\" class=\"wp-image-28294\" srcset=\"https:\/\/klinger.pt\/wp-content\/uploads\/2022\/09\/District-Heating-Hoses.png 750w, https:\/\/klinger.pt\/wp-content\/uploads\/2022\/09\/District-Heating-Hoses-300x208.png 300w\" sizes=\"(max-width: 750px) 100vw, 750px\" \/><\/figure>\n\n\n\n<figure class=\"wp-block-image size-large\"><img decoding=\"async\" width=\"1024\" height=\"368\" src=\"https:\/\/klinger.pt\/wp-content\/uploads\/2022\/09\/QUADRO-9-1024x368.png\" alt=\"\" class=\"wp-image-28398\" srcset=\"https:\/\/klinger.pt\/wp-content\/uploads\/2022\/09\/QUADRO-9-1024x368.png 1024w, https:\/\/klinger.pt\/wp-content\/uploads\/2022\/09\/QUADRO-9-300x108.png 300w, https:\/\/klinger.pt\/wp-content\/uploads\/2022\/09\/QUADRO-9-768x276.png 768w, https:\/\/klinger.pt\/wp-content\/uploads\/2022\/09\/QUADRO-9-1536x552.png 1536w, https:\/\/klinger.pt\/wp-content\/uploads\/2022\/09\/QUADRO-9-2048x737.png 2048w, https:\/\/klinger.pt\/wp-content\/uploads\/2022\/09\/QUADRO-9-1400x504.png 1400w\" sizes=\"(max-width: 1024px) 100vw, 1024px\" \/><\/figure>\n<\/div>\n\n\n\n<div class=\"wp-block-column is-layout-flow wp-block-column-is-layout-flow\" style=\"flex-basis:700px\">\n<h1 class=\"wp-block-heading\">DISTRIBUI\u00c7\u00c3O DE AQUECIMENTO<\/h1>\n\n\n\n<p>Estas mangueiras de distribui\u00e7\u00e3o de aquecimento s\u00e3o especialmente concebidos para sistemas de aquecimento distrital.<br>A espessura das paredes \u00e9 consideravelmente mais elevada do que a das mangueiras normais.<br>S\u00e3o utilizados na transfer\u00eancia de fluidos a altas temperaturas.<\/p>\n\n\n\n<h2 class=\"wp-block-heading\">VANTAGENS<\/h2>\n\n\n\n<ul class=\"wp-block-list\">\n<li>Camada interior resistente a altas temperaturas<\/li>\n\n\n\n<li>Camada interm\u00e9dia de isolamento de PUR reticulado standard<\/li>\n\n\n\n<li>Camada exterior protetora resistente \u00e0s intemp\u00e9ries e aos UV<\/li>\n<\/ul>\n\n\n\n<h2 class=\"wp-block-heading\">APLICA\u00c7\u00d5ES<\/h2>\n\n\n\n<ul class=\"wp-block-list\">\n<li>Sistemas de aquecimento distrital<\/li>\n\n\n\n<li>\u00bbLinhas de transfer\u00eancia de fluidos a alta temperatura<\/li>\n<\/ul>\n<\/div>\n<\/div>\n","protected":false},"excerpt":{"rendered":"<p>DISTRIBUI\u00c7\u00c3O DE AQUECIMENTO Estas mangueiras de distribui\u00e7\u00e3o de aquecimento s\u00e3o especialmente concebidos para sistemas de aquecimento distrital.A espessura das paredes \u00e9 consideravelmente mais elevada do que a das mangueiras normais.S\u00e3o utilizados na transfer\u00eancia de fluidos a altas temperaturas. VANTAGENS APLICA\u00c7\u00d5ES<\/p>\n","protected":false},"author":1,"featured_media":0,"parent":27803,"menu_order":0,"comment_status":"closed","ping_status":"closed","template":"page-templates\/servicios.php","meta":{"_eb_attr":"","footnotes":""},"class_list":["post-27829","page","type-page","status-publish","hentry"],"aioseo_notices":[],"_links":{"self":[{"href":"https:\/\/klinger.pt\/es\/wp-json\/wp\/v2\/pages\/27829","targetHints":{"allow":["GET"]}}],"collection":[{"href":"https:\/\/klinger.pt\/es\/wp-json\/wp\/v2\/pages"}],"about":[{"href":"https:\/\/klinger.pt\/es\/wp-json\/wp\/v2\/types\/page"}],"author":[{"embeddable":true,"href":"https:\/\/klinger.pt\/es\/wp-json\/wp\/v2\/users\/1"}],"replies":[{"embeddable":true,"href":"https:\/\/klinger.pt\/es\/wp-json\/wp\/v2\/comments?post=27829"}],"version-history":[{"count":3,"href":"https:\/\/klinger.pt\/es\/wp-json\/wp\/v2\/pages\/27829\/revisions"}],"predecessor-version":[{"id":38235,"href":"https:\/\/klinger.pt\/es\/wp-json\/wp\/v2\/pages\/27829\/revisions\/38235"}],"up":[{"embeddable":true,"href":"https:\/\/klinger.pt\/es\/wp-json\/wp\/v2\/pages\/27803"}],"wp:attachment":[{"href":"https:\/\/klinger.pt\/es\/wp-json\/wp\/v2\/media?parent=27829"}],"curies":[{"name":"wp","href":"https:\/\/api.w.org\/{rel}","templated":true}]}}