{"id":27827,"date":"2022-09-01T10:31:31","date_gmt":"2022-09-01T09:31:31","guid":{"rendered":"https:\/\/m5j0n6nk9p.onrocket.site\/?page_id=27827"},"modified":"2023-02-27T08:19:13","modified_gmt":"2023-02-27T08:19:13","slug":"bobine-de-tubo-para-sistemas-de-aquecimento","status":"publish","type":"page","link":"https:\/\/klinger.pt\/es\/produtos\/outros-equipamentos-tecnicos\/compensadores-e-mangueiras-metalicas\/mangueiras-metalicas\/bobine-de-tubo-para-sistemas-de-aquecimento\/","title":{"rendered":"BOBINE DE TUBO PARA SISTEMAS DE AQUECIMENTO"},"content":{"rendered":"\n<div class=\"wp-block-columns is-layout-flex wp-container-core-columns-is-layout-9d6595d7 wp-block-columns-is-layout-flex\">\n<div class=\"wp-block-column is-layout-flow wp-block-column-is-layout-flow\" style=\"flex-basis:300px\">\n<figure class=\"wp-block-image size-full\"><img fetchpriority=\"high\" decoding=\"async\" width=\"562\" height=\"519\" src=\"https:\/\/klinger.pt\/wp-content\/uploads\/2022\/09\/Heat-Exchanger-Coils.png\" alt=\"Bobine de Tubo para Sistemas de Aquecimento\" class=\"wp-image-28292\" srcset=\"https:\/\/klinger.pt\/wp-content\/uploads\/2022\/09\/Heat-Exchanger-Coils.png 562w, https:\/\/klinger.pt\/wp-content\/uploads\/2022\/09\/Heat-Exchanger-Coils-300x277.png 300w\" sizes=\"(max-width: 562px) 100vw, 562px\" \/><\/figure>\n\n\n\n<figure class=\"wp-block-image size-large\"><img decoding=\"async\" width=\"1024\" height=\"498\" src=\"https:\/\/klinger.pt\/wp-content\/uploads\/2022\/09\/QUADRO-8-1-1024x498.png\" alt=\"\" class=\"wp-image-28394\" srcset=\"https:\/\/klinger.pt\/wp-content\/uploads\/2022\/09\/QUADRO-8-1-1024x498.png 1024w, https:\/\/klinger.pt\/wp-content\/uploads\/2022\/09\/QUADRO-8-1-300x146.png 300w, https:\/\/klinger.pt\/wp-content\/uploads\/2022\/09\/QUADRO-8-1-768x373.png 768w, https:\/\/klinger.pt\/wp-content\/uploads\/2022\/09\/QUADRO-8-1-1536x747.png 1536w, https:\/\/klinger.pt\/wp-content\/uploads\/2022\/09\/QUADRO-8-1-2048x995.png 2048w, https:\/\/klinger.pt\/wp-content\/uploads\/2022\/09\/QUADRO-8-1-1400x680.png 1400w\" sizes=\"(max-width: 1024px) 100vw, 1024px\" \/><\/figure>\n<\/div>\n\n\n\n<div class=\"wp-block-column is-layout-flow wp-block-column-is-layout-flow\" style=\"flex-basis:700px\">\n<h1 class=\"wp-block-heading\">BOBINE DE TUBO PARA SISTEMAS DE AQUECIMENTO<\/h1>\n\n\n\n<p>Bobine de Tubo para Sistemas de Aquecimento s\u00e3o concebidos de acordo com os pedidos dos clientes.<br>A forma da mangueira \u00e9 semelhante \u00e0 mangueira solar e \u00e0 mangueira da caldeira.<br>Este grupo de produtos est\u00e1 pronto a ser instalado.<br>Criam vantagens de custo para os fabricantes devido \u00e0 sua f\u00e1cil instala\u00e7\u00e3o.<\/p>\n\n\n\n<h5 class=\"wp-block-heading\">VANTAGENS<\/h5>\n\n\n\n<ul class=\"wp-block-list\">\n<li>Permutador de calor completo<\/li>\n\n\n\n<li>Bobina com moldura feita \u00e0 medida de acordo com as especifica\u00e7\u00f5es do cliente<\/li>\n\n\n\n<li>Montagem f\u00e1cil<\/li>\n<\/ul>\n\n\n\n<h5 class=\"wp-block-heading\">APLICA\u00c7\u00d5ES<\/h5>\n\n\n\n<ul class=\"wp-block-list\">\n<li>Sistemas de caldeira<\/li>\n\n\n\n<li>Bombas de calor<\/li>\n\n\n\n<li>Condutas de \u00e1gua quente e fria<\/li>\n\n\n\n<li>Refrigeradores de aletas de ar<\/li>\n\n\n\n<li>Secador de ar<\/li>\n\n\n\n<li>Permutador de calor<\/li>\n\n\n\n<li>Sistemas de arrefecimento<\/li>\n<\/ul>\n<\/div>\n<\/div>\n\n\n\n<h5 class=\"wp-block-heading\">FICHA T\u00c9CNICA (pdf)<\/h5>\n","protected":false},"excerpt":{"rendered":"<p>BOBINE DE TUBO PARA SISTEMAS DE AQUECIMENTO Bobine de Tubo para Sistemas de Aquecimento s\u00e3o concebidos de acordo com os pedidos dos clientes.A forma da mangueira \u00e9 semelhante \u00e0 mangueira solar e \u00e0 mangueira da caldeira.Este grupo de produtos est\u00e1 pronto a ser instalado.Criam vantagens de custo para os fabricantes devido \u00e0 sua f\u00e1cil instala\u00e7\u00e3o. [&hellip;]<\/p>\n","protected":false},"author":1,"featured_media":0,"parent":27803,"menu_order":0,"comment_status":"closed","ping_status":"closed","template":"page-templates\/servicios.php","meta":{"_eb_attr":"","footnotes":""},"class_list":["post-27827","page","type-page","status-publish","hentry"],"aioseo_notices":[],"_links":{"self":[{"href":"https:\/\/klinger.pt\/es\/wp-json\/wp\/v2\/pages\/27827","targetHints":{"allow":["GET"]}}],"collection":[{"href":"https:\/\/klinger.pt\/es\/wp-json\/wp\/v2\/pages"}],"about":[{"href":"https:\/\/klinger.pt\/es\/wp-json\/wp\/v2\/types\/page"}],"author":[{"embeddable":true,"href":"https:\/\/klinger.pt\/es\/wp-json\/wp\/v2\/users\/1"}],"replies":[{"embeddable":true,"href":"https:\/\/klinger.pt\/es\/wp-json\/wp\/v2\/comments?post=27827"}],"version-history":[{"count":3,"href":"https:\/\/klinger.pt\/es\/wp-json\/wp\/v2\/pages\/27827\/revisions"}],"predecessor-version":[{"id":38169,"href":"https:\/\/klinger.pt\/es\/wp-json\/wp\/v2\/pages\/27827\/revisions\/38169"}],"up":[{"embeddable":true,"href":"https:\/\/klinger.pt\/es\/wp-json\/wp\/v2\/pages\/27803"}],"wp:attachment":[{"href":"https:\/\/klinger.pt\/es\/wp-json\/wp\/v2\/media?parent=27827"}],"curies":[{"name":"wp","href":"https:\/\/api.w.org\/{rel}","templated":true}]}}