{"id":27823,"date":"2022-09-01T10:30:07","date_gmt":"2022-09-01T09:30:07","guid":{"rendered":"https:\/\/m5j0n6nk9p.onrocket.site\/?page_id=27823"},"modified":"2023-02-27T08:27:07","modified_gmt":"2023-02-27T08:27:07","slug":"caldeira","status":"publish","type":"page","link":"https:\/\/klinger.pt\/es\/produtos\/outros-equipamentos-tecnicos\/compensadores-e-mangueiras-metalicas\/mangueiras-metalicas\/caldeira\/","title":{"rendered":"CALDEIRA"},"content":{"rendered":"\n<div class=\"wp-block-columns is-layout-flex wp-container-core-columns-is-layout-9d6595d7 wp-block-columns-is-layout-flex\">\n<div class=\"wp-block-column is-layout-flow wp-block-column-is-layout-flow\" style=\"flex-basis:300px\">\n<figure class=\"wp-block-image size-full\"><img fetchpriority=\"high\" decoding=\"async\" width=\"648\" height=\"519\" src=\"https:\/\/klinger.pt\/wp-content\/uploads\/2022\/09\/Boiler-Hoses.png\" alt=\"CALDEIRA\" class=\"wp-image-28288\" srcset=\"https:\/\/klinger.pt\/wp-content\/uploads\/2022\/09\/Boiler-Hoses.png 648w, https:\/\/klinger.pt\/wp-content\/uploads\/2022\/09\/Boiler-Hoses-300x240.png 300w\" sizes=\"(max-width: 648px) 100vw, 648px\" \/><\/figure>\n\n\n\n<figure class=\"wp-block-image size-large\"><img decoding=\"async\" width=\"1024\" height=\"448\" src=\"https:\/\/klinger.pt\/wp-content\/uploads\/2022\/09\/QUADRO-6-2-1024x448.png\" alt=\"\" class=\"wp-image-28386\" srcset=\"https:\/\/klinger.pt\/wp-content\/uploads\/2022\/09\/QUADRO-6-2-1024x448.png 1024w, https:\/\/klinger.pt\/wp-content\/uploads\/2022\/09\/QUADRO-6-2-300x131.png 300w, https:\/\/klinger.pt\/wp-content\/uploads\/2022\/09\/QUADRO-6-2-768x336.png 768w, https:\/\/klinger.pt\/wp-content\/uploads\/2022\/09\/QUADRO-6-2-1536x672.png 1536w, https:\/\/klinger.pt\/wp-content\/uploads\/2022\/09\/QUADRO-6-2-2048x896.png 2048w, https:\/\/klinger.pt\/wp-content\/uploads\/2022\/09\/QUADRO-6-2-1400x612.png 1400w\" sizes=\"(max-width: 1024px) 100vw, 1024px\" \/><\/figure>\n<\/div>\n\n\n\n<div class=\"wp-block-column is-layout-flow wp-block-column-is-layout-flow\" style=\"flex-basis:700px\">\n<h1 class=\"wp-block-heading\">CALDEIRA<\/h1>\n\n\n\n<p>O perfil das mangueiras da caldeira \u00e9 semelhante ao das mangueiras solares, mas a espessura da parede \u00e9 maior.<br>Estas mangueiras t\u00eam uma vida mais longa a altas press\u00f5es, devido \u00e0 sua elevada espessura de parede.<br>\u00c9 utilizada no fabrico de permutadores de calor, especialmente caldeiras.<\/p>\n\n\n\n<h2 class=\"wp-block-heading\">VANTAGENS<\/h2>\n\n\n\n<ul class=\"wp-block-list\">\n<li>Grandes \u00e1reas de superf\u00edcie<\/li>\n\n\n\n<li>Alta efici\u00eancia na transfer\u00eancia de calor<\/li>\n\n\n\n<li>Pode ser fornecido numa pe\u00e7a de comprimento longo<\/li>\n\n\n\n<li>Superf\u00edcie de aquecimento sem calcifica\u00e7\u00e3o para aquecimento<\/li>\n\n\n\n<li>Alta resist\u00eancia aos \u00e1cidos e \u00e0 corros\u00e3o com o seu corpo em a\u00e7o inoxid\u00e1vel<\/li>\n\n\n\n<li>Pode ser instalado facilmente diferentes tipos de caldeira com o seu corpo flex\u00edvel<\/li>\n<\/ul>\n\n\n\n<h2 class=\"wp-block-heading\">APLICA\u00c7\u00d5ES<\/h2>\n\n\n\n<ul class=\"wp-block-list\">\n<li>Sistemas de caldeira<\/li>\n\n\n\n<li>Bombas de calor<\/li>\n\n\n\n<li>Condutas de \u00e1gua quente e fria<\/li>\n<\/ul>\n<\/div>\n<\/div>\n","protected":false},"excerpt":{"rendered":"<p>CALDEIRA O perfil das mangueiras da caldeira \u00e9 semelhante ao das mangueiras solares, mas a espessura da parede \u00e9 maior.Estas mangueiras t\u00eam uma vida mais longa a altas press\u00f5es, devido \u00e0 sua elevada espessura de parede.\u00c9 utilizada no fabrico de permutadores de calor, especialmente caldeiras. VANTAGENS APLICA\u00c7\u00d5ES<\/p>\n","protected":false},"author":1,"featured_media":0,"parent":27803,"menu_order":0,"comment_status":"closed","ping_status":"closed","template":"page-templates\/servicios.php","meta":{"_eb_attr":"","footnotes":""},"class_list":["post-27823","page","type-page","status-publish","hentry"],"aioseo_notices":[],"_links":{"self":[{"href":"https:\/\/klinger.pt\/es\/wp-json\/wp\/v2\/pages\/27823","targetHints":{"allow":["GET"]}}],"collection":[{"href":"https:\/\/klinger.pt\/es\/wp-json\/wp\/v2\/pages"}],"about":[{"href":"https:\/\/klinger.pt\/es\/wp-json\/wp\/v2\/types\/page"}],"author":[{"embeddable":true,"href":"https:\/\/klinger.pt\/es\/wp-json\/wp\/v2\/users\/1"}],"replies":[{"embeddable":true,"href":"https:\/\/klinger.pt\/es\/wp-json\/wp\/v2\/comments?post=27823"}],"version-history":[{"count":5,"href":"https:\/\/klinger.pt\/es\/wp-json\/wp\/v2\/pages\/27823\/revisions"}],"predecessor-version":[{"id":38188,"href":"https:\/\/klinger.pt\/es\/wp-json\/wp\/v2\/pages\/27823\/revisions\/38188"}],"up":[{"embeddable":true,"href":"https:\/\/klinger.pt\/es\/wp-json\/wp\/v2\/pages\/27803"}],"wp:attachment":[{"href":"https:\/\/klinger.pt\/es\/wp-json\/wp\/v2\/media?parent=27823"}],"curies":[{"name":"wp","href":"https:\/\/api.w.org\/{rel}","templated":true}]}}