{"id":27821,"date":"2022-09-01T10:29:30","date_gmt":"2022-09-01T09:29:30","guid":{"rendered":"https:\/\/m5j0n6nk9p.onrocket.site\/?page_id=27821"},"modified":"2023-02-27T09:44:14","modified_gmt":"2023-02-27T09:44:14","slug":"mangueiras-metalicas-solar","status":"publish","type":"page","link":"https:\/\/klinger.pt\/es\/produtos\/outros-equipamentos-tecnicos\/compensadores-e-mangueiras-metalicas\/mangueiras-metalicas\/mangueiras-metalicas-solar\/","title":{"rendered":"MANGUEIRAS MET\u00c1LICAS SOLAR"},"content":{"rendered":"\n<div class=\"wp-block-columns is-layout-flex wp-container-core-columns-is-layout-9d6595d7 wp-block-columns-is-layout-flex\">\n<div class=\"wp-block-column is-layout-flow wp-block-column-is-layout-flow\" style=\"flex-basis:300px\">\n<figure class=\"wp-block-image size-full\"><img fetchpriority=\"high\" decoding=\"async\" width=\"750\" height=\"519\" src=\"https:\/\/klinger.pt\/wp-content\/uploads\/2022\/09\/Solar-Hoses.png\" alt=\"MANGUEIRAS MET\u00c1LICAS SOLAR\" class=\"wp-image-28286\" srcset=\"https:\/\/klinger.pt\/wp-content\/uploads\/2022\/09\/Solar-Hoses.png 750w, https:\/\/klinger.pt\/wp-content\/uploads\/2022\/09\/Solar-Hoses-300x208.png 300w\" sizes=\"(max-width: 750px) 100vw, 750px\" \/><\/figure>\n\n\n\n<figure class=\"wp-block-image size-large\"><img decoding=\"async\" width=\"1024\" height=\"367\" src=\"https:\/\/klinger.pt\/wp-content\/uploads\/2022\/09\/QUADRO-5-1-1024x367.png\" alt=\"\" class=\"wp-image-28380\" srcset=\"https:\/\/klinger.pt\/wp-content\/uploads\/2022\/09\/QUADRO-5-1-1024x367.png 1024w, https:\/\/klinger.pt\/wp-content\/uploads\/2022\/09\/QUADRO-5-1-300x108.png 300w, https:\/\/klinger.pt\/wp-content\/uploads\/2022\/09\/QUADRO-5-1-768x276.png 768w, https:\/\/klinger.pt\/wp-content\/uploads\/2022\/09\/QUADRO-5-1-1536x551.png 1536w, https:\/\/klinger.pt\/wp-content\/uploads\/2022\/09\/QUADRO-5-1-2048x735.png 2048w, https:\/\/klinger.pt\/wp-content\/uploads\/2022\/09\/QUADRO-5-1-1400x502.png 1400w\" sizes=\"(max-width: 1024px) 100vw, 1024px\" \/><\/figure>\n<\/div>\n\n\n\n<div class=\"wp-block-column is-layout-flow wp-block-column-is-layout-flow\" style=\"flex-basis:700px\">\n<h1 class=\"wp-block-heading\">MANGUEIRAS MET\u00c1LICAS SOLAR<\/h1>\n\n\n\n<p>As mangueiras met\u00e1licas solar s\u00e3o produtos com mais abertura de pitch do que as mangueiras do tipo padr\u00e3o.<br>S\u00e3o mais leves do que as mangueiras normais. T\u00eam uma superf\u00edcie elevada para uma excelente transfer\u00eancia de calor.<br>Devido \u00e0 utiliza\u00e7\u00e3o de a\u00e7o inoxid\u00e1vel 316L, podem ser utilizadas em \u00e1gua pot\u00e1vel, produ\u00e7\u00e3o de alimentos e necessidades de higiene.<br>De acordo com as exig\u00eancias do cliente, 10mt.-20mt.- 25mt.- 50mt.-100mt. tais como comprimentos desejados, ou Pode ser enviado com enroladores at\u00e9 1500mt.<\/p>\n\n\n\n<h2 class=\"wp-block-heading\">VANTAGENS<\/h2>\n\n\n\n<ul class=\"wp-block-list\">\n<li>F\u00e1cil instala\u00e7\u00e3o com o seu corpo flex\u00edvel e acess\u00f3rios aparafusados<\/li>\n\n\n\n<li>Leve e f\u00e1cil de transportar<\/li>\n\n\n\n<li>Grandes \u00e1reas de superf\u00edcie<\/li>\n\n\n\n<li>Excelentes propriedades de transfer\u00eancia de calor<\/li>\n\n\n\n<li>Pode ser fornecido numa pe\u00e7a de comprimento longo<\/li>\n\n\n\n<li>Aplic\u00e1vel a bombas de calor e sistemas h\u00edbridos<\/li>\n<\/ul>\n\n\n\n<h2 class=\"wp-block-heading\">APLICA\u00c7\u00d5ES<\/h2>\n\n\n\n<ul class=\"wp-block-list\">\n<li>Sistemas de energia solar<\/li>\n\n\n\n<li>\u00c1reas de utiliza\u00e7\u00e3o est\u00e1tica<\/li>\n\n\n\n<li>Condutas de \u00e1gua quente e fria<\/li>\n<\/ul>\n<\/div>\n<\/div>\n","protected":false},"excerpt":{"rendered":"<p>MANGUEIRAS MET\u00c1LICAS SOLAR As mangueiras met\u00e1licas solar s\u00e3o produtos com mais abertura de pitch do que as mangueiras do tipo padr\u00e3o.S\u00e3o mais leves do que as mangueiras normais. T\u00eam uma superf\u00edcie elevada para uma excelente transfer\u00eancia de calor.Devido \u00e0 utiliza\u00e7\u00e3o de a\u00e7o inoxid\u00e1vel 316L, podem ser utilizadas em \u00e1gua pot\u00e1vel, produ\u00e7\u00e3o de alimentos e necessidades [&hellip;]<\/p>\n","protected":false},"author":1,"featured_media":0,"parent":27803,"menu_order":0,"comment_status":"closed","ping_status":"closed","template":"page-templates\/servicios.php","meta":{"_eb_attr":"","footnotes":""},"class_list":["post-27821","page","type-page","status-publish","hentry"],"aioseo_notices":[],"_links":{"self":[{"href":"https:\/\/klinger.pt\/es\/wp-json\/wp\/v2\/pages\/27821","targetHints":{"allow":["GET"]}}],"collection":[{"href":"https:\/\/klinger.pt\/es\/wp-json\/wp\/v2\/pages"}],"about":[{"href":"https:\/\/klinger.pt\/es\/wp-json\/wp\/v2\/types\/page"}],"author":[{"embeddable":true,"href":"https:\/\/klinger.pt\/es\/wp-json\/wp\/v2\/users\/1"}],"replies":[{"embeddable":true,"href":"https:\/\/klinger.pt\/es\/wp-json\/wp\/v2\/comments?post=27821"}],"version-history":[{"count":4,"href":"https:\/\/klinger.pt\/es\/wp-json\/wp\/v2\/pages\/27821\/revisions"}],"predecessor-version":[{"id":38316,"href":"https:\/\/klinger.pt\/es\/wp-json\/wp\/v2\/pages\/27821\/revisions\/38316"}],"up":[{"embeddable":true,"href":"https:\/\/klinger.pt\/es\/wp-json\/wp\/v2\/pages\/27803"}],"wp:attachment":[{"href":"https:\/\/klinger.pt\/es\/wp-json\/wp\/v2\/media?parent=27821"}],"curies":[{"name":"wp","href":"https:\/\/api.w.org\/{rel}","templated":true}]}}