{"id":27817,"date":"2022-09-01T10:28:19","date_gmt":"2022-09-01T09:28:19","guid":{"rendered":"https:\/\/m5j0n6nk9p.onrocket.site\/?page_id=27817"},"modified":"2023-02-27T09:41:55","modified_gmt":"2023-02-27T09:41:55","slug":"mangueira-metalica-ultra","status":"publish","type":"page","link":"https:\/\/klinger.pt\/es\/produtos\/outros-equipamentos-tecnicos\/compensadores-e-mangueiras-metalicas\/mangueiras-metalicas\/mangueira-metalica-ultra\/","title":{"rendered":"MANGUEIRA MET\u00c1LICA ULTRA"},"content":{"rendered":"\n<div class=\"wp-block-columns is-layout-flex wp-container-core-columns-is-layout-9d6595d7 wp-block-columns-is-layout-flex\">\n<div class=\"wp-block-column is-layout-flow wp-block-column-is-layout-flow\" style=\"flex-basis:300px\">\n<figure class=\"wp-block-image size-full\"><img fetchpriority=\"high\" decoding=\"async\" width=\"592\" height=\"519\" src=\"https:\/\/klinger.pt\/wp-content\/uploads\/2022\/09\/Ultra-Flexible-Hoses.png\" alt=\" mangueira met\u00e1lica ultra\" class=\"wp-image-28284\" srcset=\"https:\/\/klinger.pt\/wp-content\/uploads\/2022\/09\/Ultra-Flexible-Hoses.png 592w, https:\/\/klinger.pt\/wp-content\/uploads\/2022\/09\/Ultra-Flexible-Hoses-300x263.png 300w\" sizes=\"(max-width: 592px) 100vw, 592px\" \/><\/figure>\n\n\n\n<figure class=\"wp-block-image size-large\"><img decoding=\"async\" width=\"1024\" height=\"498\" src=\"https:\/\/klinger.pt\/wp-content\/uploads\/2022\/09\/QUADRO-4-1024x498.png\" alt=\"\" class=\"wp-image-28376\" srcset=\"https:\/\/klinger.pt\/wp-content\/uploads\/2022\/09\/QUADRO-4-1024x498.png 1024w, https:\/\/klinger.pt\/wp-content\/uploads\/2022\/09\/QUADRO-4-300x146.png 300w, https:\/\/klinger.pt\/wp-content\/uploads\/2022\/09\/QUADRO-4-768x374.png 768w, https:\/\/klinger.pt\/wp-content\/uploads\/2022\/09\/QUADRO-4-1536x747.png 1536w, https:\/\/klinger.pt\/wp-content\/uploads\/2022\/09\/QUADRO-4-2048x996.png 2048w, https:\/\/klinger.pt\/wp-content\/uploads\/2022\/09\/QUADRO-4-1400x681.png 1400w\" sizes=\"(max-width: 1024px) 100vw, 1024px\" \/><\/figure>\n<\/div>\n\n\n\n<div class=\"wp-block-column is-layout-flow wp-block-column-is-layout-flow\" style=\"flex-basis:700px\">\n<h1 class=\"wp-block-heading\">MANGUEIRA MET\u00c1LICA ULTRA<\/h1>\n\n\n\n<p>A mangueira met\u00e1lica ultra flex\u00edvel \u00e9 feita de a\u00e7o inoxid\u00e1vel, por isso \u00e9 de longa dura\u00e7\u00e3o.<br>As mangueiras ultra flex\u00edveis s\u00e3o produtos com pitch mais pr\u00f3ximo do que as mangueiras do tipo padr\u00e3o, tornando-as ultra flex\u00edveis.<br>As mangueiras met\u00e1licas ultra flex\u00edveis s\u00e3o fabricadas como tran\u00e7adas e n\u00e3o tran\u00e7adas como padr\u00e3o.<br>De acordo com as exig\u00eancias do cliente, podem ser fornecidas com acess\u00f3rios nas extremidades.<br>As mangueiras ultra flex\u00edveis s\u00e3o fabricadas de acordo com a norma EN-10380, mangueiras met\u00e1licas ultra flex\u00edveis.<\/p>\n\n\n\n<h2 class=\"wp-block-heading\">VANTAGENS<\/h2>\n\n\n\n<ul class=\"wp-block-list\">\n<li>Longa dura\u00e7\u00e3o do produto<\/li>\n\n\n\n<li>Pode ser utilizado em pe\u00e7as m\u00f3veis<\/li>\n\n\n\n<li>Utilizado em pe\u00e7as m\u00f3veis<\/li>\n\n\n\n<li>Pode trabalhar a altas press\u00f5es e temperaturas<\/li>\n\n\n\n<li>F\u00e1cil de montar<\/li>\n\n\n\n<li>Produtos higi\u00e9nicos<\/li>\n<\/ul>\n\n\n\n<h2 class=\"wp-block-heading\">APLICA\u00c7\u00d5ES<\/h2>\n\n\n\n<ul class=\"wp-block-list\">\n<li>Ind\u00fastria de maquinaria<\/li>\n\n\n\n<li>Ind\u00fastria do ferro e do a\u00e7o<\/li>\n\n\n\n<li>Ind\u00fastria farmac\u00eautica<\/li>\n\n\n\n<li>Ind\u00fastria qu\u00edmica<\/li>\n\n\n\n<li>Condutas de \u00e1gua quente e fria<\/li>\n\n\n\n<li>Condutas de vapor<\/li>\n<\/ul>\n<\/div>\n<\/div>\n","protected":false},"excerpt":{"rendered":"<p>MANGUEIRA MET\u00c1LICA ULTRA A mangueira met\u00e1lica ultra flex\u00edvel \u00e9 feita de a\u00e7o inoxid\u00e1vel, por isso \u00e9 de longa dura\u00e7\u00e3o.As mangueiras ultra flex\u00edveis s\u00e3o produtos com pitch mais pr\u00f3ximo do que as mangueiras do tipo padr\u00e3o, tornando-as ultra flex\u00edveis.As mangueiras met\u00e1licas ultra flex\u00edveis s\u00e3o fabricadas como tran\u00e7adas e n\u00e3o tran\u00e7adas como padr\u00e3o.De acordo com as exig\u00eancias [&hellip;]<\/p>\n","protected":false},"author":1,"featured_media":0,"parent":27803,"menu_order":0,"comment_status":"closed","ping_status":"closed","template":"page-templates\/servicios.php","meta":{"_eb_attr":"","footnotes":""},"class_list":["post-27817","page","type-page","status-publish","hentry"],"aioseo_notices":[],"_links":{"self":[{"href":"https:\/\/klinger.pt\/es\/wp-json\/wp\/v2\/pages\/27817","targetHints":{"allow":["GET"]}}],"collection":[{"href":"https:\/\/klinger.pt\/es\/wp-json\/wp\/v2\/pages"}],"about":[{"href":"https:\/\/klinger.pt\/es\/wp-json\/wp\/v2\/types\/page"}],"author":[{"embeddable":true,"href":"https:\/\/klinger.pt\/es\/wp-json\/wp\/v2\/users\/1"}],"replies":[{"embeddable":true,"href":"https:\/\/klinger.pt\/es\/wp-json\/wp\/v2\/comments?post=27817"}],"version-history":[{"count":4,"href":"https:\/\/klinger.pt\/es\/wp-json\/wp\/v2\/pages\/27817\/revisions"}],"predecessor-version":[{"id":38313,"href":"https:\/\/klinger.pt\/es\/wp-json\/wp\/v2\/pages\/27817\/revisions\/38313"}],"up":[{"embeddable":true,"href":"https:\/\/klinger.pt\/es\/wp-json\/wp\/v2\/pages\/27803"}],"wp:attachment":[{"href":"https:\/\/klinger.pt\/es\/wp-json\/wp\/v2\/media?parent=27817"}],"curies":[{"name":"wp","href":"https:\/\/api.w.org\/{rel}","templated":true}]}}