{"id":27814,"date":"2022-09-01T10:27:35","date_gmt":"2022-09-01T09:27:35","guid":{"rendered":"https:\/\/m5j0n6nk9p.onrocket.site\/?page_id=27814"},"modified":"2023-02-27T08:17:42","modified_gmt":"2023-02-27T08:17:42","slug":"alta-pressao","status":"publish","type":"page","link":"https:\/\/klinger.pt\/es\/produtos\/outros-equipamentos-tecnicos\/compensadores-e-mangueiras-metalicas\/mangueiras-metalicas\/alta-pressao\/","title":{"rendered":"ALTA PRESS\u00c3O"},"content":{"rendered":"\n<div class=\"wp-block-columns is-layout-flex wp-container-core-columns-is-layout-9d6595d7 wp-block-columns-is-layout-flex\">\n<div class=\"wp-block-column is-layout-flow wp-block-column-is-layout-flow\" style=\"flex-basis:300px\">\n<figure class=\"wp-block-image size-full\"><img fetchpriority=\"high\" decoding=\"async\" width=\"510\" height=\"519\" src=\"https:\/\/klinger.pt\/wp-content\/uploads\/2022\/09\/High-Pressure-Hoses.png\" alt=\"\" class=\"wp-image-28282\" srcset=\"https:\/\/klinger.pt\/wp-content\/uploads\/2022\/09\/High-Pressure-Hoses.png 510w, https:\/\/klinger.pt\/wp-content\/uploads\/2022\/09\/High-Pressure-Hoses-295x300.png 295w\" sizes=\"(max-width: 510px) 100vw, 510px\" \/><\/figure>\n\n\n\n<figure class=\"wp-block-image size-large\"><img decoding=\"async\" width=\"1024\" height=\"501\" src=\"https:\/\/klinger.pt\/wp-content\/uploads\/2022\/09\/QUADRO-3-2-1024x501.png\" alt=\"\" class=\"wp-image-28372\" srcset=\"https:\/\/klinger.pt\/wp-content\/uploads\/2022\/09\/QUADRO-3-2-1024x501.png 1024w, https:\/\/klinger.pt\/wp-content\/uploads\/2022\/09\/QUADRO-3-2-300x147.png 300w, https:\/\/klinger.pt\/wp-content\/uploads\/2022\/09\/QUADRO-3-2-768x376.png 768w, https:\/\/klinger.pt\/wp-content\/uploads\/2022\/09\/QUADRO-3-2-1536x752.png 1536w, https:\/\/klinger.pt\/wp-content\/uploads\/2022\/09\/QUADRO-3-2-2048x1002.png 2048w, https:\/\/klinger.pt\/wp-content\/uploads\/2022\/09\/QUADRO-3-2-1400x685.png 1400w\" sizes=\"(max-width: 1024px) 100vw, 1024px\" \/><\/figure>\n<\/div>\n\n\n\n<div class=\"wp-block-column is-layout-flow wp-block-column-is-layout-flow\" style=\"flex-basis:700px\">\n<h1 class=\"wp-block-heading\">ALTA PRESS\u00c3O<\/h1>\n\n\n\n<p>Mangueiras met\u00e1licas de alta press\u00e3o com desenhos especiais de tran\u00e7ado. Maior espessura de parede em compara\u00e7\u00e3o com mangueiras de tipo industrial.<br>Para al\u00e9m da nossa produ\u00e7\u00e3o padr\u00e3o de DN6 a DN16, a produ\u00e7\u00e3o at\u00e9 DN50 \u00e9 feita em linha com as exig\u00eancias dos clientes.<\/p>\n\n\n\n<h5 class=\"wp-block-heading\">VANTAGENS<\/h5>\n\n\n\n<ul class=\"wp-block-list\">\n<li>Pode suportar altas press\u00f5es sem tran\u00e7a<\/li>\n\n\n\n<li>Utilizado em pe\u00e7as m\u00f3veis<\/li>\n<\/ul>\n\n\n\n<h5 class=\"wp-block-heading\">APLICA\u00c7\u00d5ES<\/h5>\n\n\n\n<ul class=\"wp-block-list\">\n<li>Sistemas hidr\u00e1ulicos<\/li>\n\n\n\n<li>Bombas de alta press\u00e3o<\/li>\n\n\n\n<li>Linhas de distribui\u00e7\u00e3o de g\u00e1s<\/li>\n\n\n\n<li>Ind\u00fastria de maquinaria<\/li>\n\n\n\n<li>Ind\u00fastria qu\u00edmica<\/li>\n<\/ul>\n<\/div>\n<\/div>\n","protected":false},"excerpt":{"rendered":"<p>ALTA PRESS\u00c3O Mangueiras met\u00e1licas de alta press\u00e3o com desenhos especiais de tran\u00e7ado. Maior espessura de parede em compara\u00e7\u00e3o com mangueiras de tipo industrial.Para al\u00e9m da nossa produ\u00e7\u00e3o padr\u00e3o de DN6 a DN16, a produ\u00e7\u00e3o at\u00e9 DN50 \u00e9 feita em linha com as exig\u00eancias dos clientes. VANTAGENS APLICA\u00c7\u00d5ES<\/p>\n","protected":false},"author":1,"featured_media":0,"parent":27803,"menu_order":0,"comment_status":"closed","ping_status":"closed","template":"page-templates\/servicios.php","meta":{"_eb_attr":"","footnotes":""},"class_list":["post-27814","page","type-page","status-publish","hentry"],"aioseo_notices":[],"_links":{"self":[{"href":"https:\/\/klinger.pt\/es\/wp-json\/wp\/v2\/pages\/27814","targetHints":{"allow":["GET"]}}],"collection":[{"href":"https:\/\/klinger.pt\/es\/wp-json\/wp\/v2\/pages"}],"about":[{"href":"https:\/\/klinger.pt\/es\/wp-json\/wp\/v2\/types\/page"}],"author":[{"embeddable":true,"href":"https:\/\/klinger.pt\/es\/wp-json\/wp\/v2\/users\/1"}],"replies":[{"embeddable":true,"href":"https:\/\/klinger.pt\/es\/wp-json\/wp\/v2\/comments?post=27814"}],"version-history":[{"count":3,"href":"https:\/\/klinger.pt\/es\/wp-json\/wp\/v2\/pages\/27814\/revisions"}],"predecessor-version":[{"id":38161,"href":"https:\/\/klinger.pt\/es\/wp-json\/wp\/v2\/pages\/27814\/revisions\/38161"}],"up":[{"embeddable":true,"href":"https:\/\/klinger.pt\/es\/wp-json\/wp\/v2\/pages\/27803"}],"wp:attachment":[{"href":"https:\/\/klinger.pt\/es\/wp-json\/wp\/v2\/media?parent=27814"}],"curies":[{"name":"wp","href":"https:\/\/api.w.org\/{rel}","templated":true}]}}