{"id":27812,"date":"2022-09-01T10:26:57","date_gmt":"2022-09-01T09:26:57","guid":{"rendered":"https:\/\/m5j0n6nk9p.onrocket.site\/?page_id=27812"},"modified":"2023-02-27T09:41:23","modified_gmt":"2023-02-27T09:41:23","slug":"mangueira-metalica-grande-diametro","status":"publish","type":"page","link":"https:\/\/klinger.pt\/es\/produtos\/outros-equipamentos-tecnicos\/compensadores-e-mangueiras-metalicas\/mangueiras-metalicas\/mangueira-metalica-grande-diametro\/","title":{"rendered":"MANGUEIRA MET\u00c1LICA GRANDE DI\u00c2METRO"},"content":{"rendered":"\n<div class=\"wp-block-columns is-layout-flex wp-container-core-columns-is-layout-9d6595d7 wp-block-columns-is-layout-flex\">\n<div class=\"wp-block-column is-layout-flow wp-block-column-is-layout-flow\" style=\"flex-basis:300px\">\n<figure class=\"wp-block-image size-full\"><img fetchpriority=\"high\" decoding=\"async\" width=\"750\" height=\"519\" src=\"https:\/\/klinger.pt\/wp-content\/uploads\/2022\/09\/Large-Diameter-Hoses.png\" alt=\"mangueira met\u00e1lica grande di\u00e2metro\" class=\"wp-image-28279\" srcset=\"https:\/\/klinger.pt\/wp-content\/uploads\/2022\/09\/Large-Diameter-Hoses.png 750w, https:\/\/klinger.pt\/wp-content\/uploads\/2022\/09\/Large-Diameter-Hoses-300x208.png 300w\" sizes=\"(max-width: 750px) 100vw, 750px\" \/><\/figure>\n\n\n\n<figure class=\"wp-block-image size-large\"><img decoding=\"async\" width=\"1024\" height=\"508\" src=\"https:\/\/klinger.pt\/wp-content\/uploads\/2022\/09\/QUADRO-2-1-1024x508.png\" alt=\"\" class=\"wp-image-28366\" srcset=\"https:\/\/klinger.pt\/wp-content\/uploads\/2022\/09\/QUADRO-2-1-1024x508.png 1024w, https:\/\/klinger.pt\/wp-content\/uploads\/2022\/09\/QUADRO-2-1-300x149.png 300w, https:\/\/klinger.pt\/wp-content\/uploads\/2022\/09\/QUADRO-2-1-768x381.png 768w, https:\/\/klinger.pt\/wp-content\/uploads\/2022\/09\/QUADRO-2-1-1536x762.png 1536w, https:\/\/klinger.pt\/wp-content\/uploads\/2022\/09\/QUADRO-2-1-2048x1016.png 2048w, https:\/\/klinger.pt\/wp-content\/uploads\/2022\/09\/QUADRO-2-1-1400x694.png 1400w\" sizes=\"(max-width: 1024px) 100vw, 1024px\" \/><\/figure>\n<\/div>\n\n\n\n<div class=\"wp-block-column is-layout-flow wp-block-column-is-layout-flow\" style=\"flex-basis:700px\">\n<h1 class=\"wp-block-heading\">MANGUEIRA MET\u00c1LICA GRANDE DI\u00c2METRO<\/h1>\n\n\n\n<p>A mangueira met\u00e1lica grande di\u00e2metro \u00e9 semelhantes \u00e0s mangueiras met\u00e1licas flex\u00edveis industriais em car\u00e1cter e s\u00e3o produzidas entre 2 1\/2&#8243; &#8211; 6\u201d.<br>Este tipo de mangueiras \u00e9 utilizado para transfer\u00eancia de g\u00e1s e l\u00edquidos em grandes instala\u00e7\u00f5es industriais, f\u00e1bricas de ferro e a\u00e7o, cimento f\u00e1bricas, instala\u00e7\u00f5es de produ\u00e7\u00e3o e armazenamento de fuel\u00f3leo, instala\u00e7\u00f5es de distribui\u00e7\u00e3o de g\u00e1s. As mangueiras de grande di\u00e2metro s\u00e3o preferidas devido \u00e0 sua facilidade de instala\u00e7\u00e3o em pe\u00e7as m\u00f3veis.<br>A nossa empresa tornou-se uma marca mundial preferida em mangueiras de grande di\u00e2metro, devido \u00e0 possibilidade de fabrico de como uma pe\u00e7a \u00fanica em comprimentos de 100mt ou mais, de acordo com as exig\u00eancias do cliente.<\/p>\n\n\n\n<h2 class=\"wp-block-heading\">VANTAGENS<\/h2>\n\n\n\n<ul class=\"wp-block-list\">\n<li>Longa dura\u00e7\u00e3o do produto<\/li>\n\n\n\n<li>Pode ser utilizado em pe\u00e7as m\u00f3veis<\/li>\n\n\n\n<li>Pode trabalhar a altas press\u00f5es e temperaturas<\/li>\n\n\n\n<li>F\u00e1cil de montar<\/li>\n\n\n\n<li>Produtos higi\u00e9nicos<\/li>\n\n\n\n<li>De acordo com as exig\u00eancias do cliente, podemos fabricar como uma \u00fanica pe\u00e7a em comprimentos desejados de 100mt ou mais<\/li>\n<\/ul>\n\n\n\n<h2 class=\"wp-block-heading\">APLICA\u00c7\u00d5ES<\/h2>\n\n\n\n<ul class=\"wp-block-list\">\n<li>Sistemas hidr\u00e1ulicos<\/li>\n\n\n\n<li>Bombas de alta press\u00e3o<\/li>\n\n\n\n<li>Linhas de distribui\u00e7\u00e3o de g\u00e1s<\/li>\n\n\n\n<li>Ind\u00fastria de maquinaria<\/li>\n\n\n\n<li>Ind\u00fastria qu\u00edmica<\/li>\n<\/ul>\n<\/div>\n<\/div>\n","protected":false},"excerpt":{"rendered":"<p>MANGUEIRA MET\u00c1LICA GRANDE DI\u00c2METRO A mangueira met\u00e1lica grande di\u00e2metro \u00e9 semelhantes \u00e0s mangueiras met\u00e1licas flex\u00edveis industriais em car\u00e1cter e s\u00e3o produzidas entre 2 1\/2&#8243; &#8211; 6\u201d.Este tipo de mangueiras \u00e9 utilizado para transfer\u00eancia de g\u00e1s e l\u00edquidos em grandes instala\u00e7\u00f5es industriais, f\u00e1bricas de ferro e a\u00e7o, cimento f\u00e1bricas, instala\u00e7\u00f5es de produ\u00e7\u00e3o e armazenamento de fuel\u00f3leo, [&hellip;]<\/p>\n","protected":false},"author":1,"featured_media":0,"parent":27803,"menu_order":0,"comment_status":"closed","ping_status":"closed","template":"page-templates\/servicios.php","meta":{"_eb_attr":"","footnotes":""},"class_list":["post-27812","page","type-page","status-publish","hentry"],"aioseo_notices":[],"_links":{"self":[{"href":"https:\/\/klinger.pt\/es\/wp-json\/wp\/v2\/pages\/27812","targetHints":{"allow":["GET"]}}],"collection":[{"href":"https:\/\/klinger.pt\/es\/wp-json\/wp\/v2\/pages"}],"about":[{"href":"https:\/\/klinger.pt\/es\/wp-json\/wp\/v2\/types\/page"}],"author":[{"embeddable":true,"href":"https:\/\/klinger.pt\/es\/wp-json\/wp\/v2\/users\/1"}],"replies":[{"embeddable":true,"href":"https:\/\/klinger.pt\/es\/wp-json\/wp\/v2\/comments?post=27812"}],"version-history":[{"count":3,"href":"https:\/\/klinger.pt\/es\/wp-json\/wp\/v2\/pages\/27812\/revisions"}],"predecessor-version":[{"id":38311,"href":"https:\/\/klinger.pt\/es\/wp-json\/wp\/v2\/pages\/27812\/revisions\/38311"}],"up":[{"embeddable":true,"href":"https:\/\/klinger.pt\/es\/wp-json\/wp\/v2\/pages\/27803"}],"wp:attachment":[{"href":"https:\/\/klinger.pt\/es\/wp-json\/wp\/v2\/media?parent=27812"}],"curies":[{"name":"wp","href":"https:\/\/api.w.org\/{rel}","templated":true}]}}