{"id":27810,"date":"2022-09-01T10:26:18","date_gmt":"2022-09-01T09:26:18","guid":{"rendered":"https:\/\/m5j0n6nk9p.onrocket.site\/?page_id=27810"},"modified":"2023-02-27T09:41:36","modified_gmt":"2023-02-27T09:41:36","slug":"mangueira-metalica-standard","status":"publish","type":"page","link":"https:\/\/klinger.pt\/es\/produtos\/outros-equipamentos-tecnicos\/compensadores-e-mangueiras-metalicas\/mangueiras-metalicas\/mangueira-metalica-standard\/","title":{"rendered":"MANGUEIRA MET\u00c1LICA STANDARD"},"content":{"rendered":"\n<div class=\"wp-block-columns is-layout-flex wp-container-core-columns-is-layout-9d6595d7 wp-block-columns-is-layout-flex\">\n<div class=\"wp-block-column is-layout-flow wp-block-column-is-layout-flow\" style=\"flex-basis:300px\"><div class=\"wp-block-image\">\n<figure class=\"aligncenter size-full is-resized\"><img decoding=\"async\" src=\"https:\/\/klinger.pt\/wp-content\/uploads\/2022\/09\/Standard-Flexible-Metal-Hose.png\" alt=\"mangueira met\u00e1lica standard\" class=\"wp-image-28277\" width=\"271\" height=\"143\" srcset=\"https:\/\/klinger.pt\/wp-content\/uploads\/2022\/09\/Standard-Flexible-Metal-Hose.png 404w, https:\/\/klinger.pt\/wp-content\/uploads\/2022\/09\/Standard-Flexible-Metal-Hose-300x158.png 300w\" sizes=\"(max-width: 271px) 100vw, 271px\" \/><\/figure>\n<\/div>\n\n\n<figure class=\"wp-block-image size-large\"><img fetchpriority=\"high\" decoding=\"async\" width=\"1024\" height=\"506\" src=\"https:\/\/klinger.pt\/wp-content\/uploads\/2022\/09\/QUADRO-1-1-1024x506.png\" alt=\"\" class=\"wp-image-28310\" srcset=\"https:\/\/klinger.pt\/wp-content\/uploads\/2022\/09\/QUADRO-1-1-1024x506.png 1024w, https:\/\/klinger.pt\/wp-content\/uploads\/2022\/09\/QUADRO-1-1-300x148.png 300w, https:\/\/klinger.pt\/wp-content\/uploads\/2022\/09\/QUADRO-1-1-768x380.png 768w, https:\/\/klinger.pt\/wp-content\/uploads\/2022\/09\/QUADRO-1-1-1536x759.png 1536w, https:\/\/klinger.pt\/wp-content\/uploads\/2022\/09\/QUADRO-1-1-2048x1013.png 2048w, https:\/\/klinger.pt\/wp-content\/uploads\/2022\/09\/QUADRO-1-1-1400x692.png 1400w\" sizes=\"(max-width: 1024px) 100vw, 1024px\" \/><\/figure>\n<\/div>\n\n\n\n<div class=\"wp-block-column is-layout-flow wp-block-column-is-layout-flow\" style=\"flex-basis:700px\">\n<h1 class=\"wp-block-heading\">MANGUEIRA MET\u00c1LICA STANDARD<\/h1>\n\n\n\n<p>Uma vez que \u00e9 fabricada em a\u00e7o inoxid\u00e1vel, a mangueira met\u00e1lica standard flex\u00edvel \u00e9 de longa dura\u00e7\u00e3o.<br>Fabricadas como entran\u00e7adas e n\u00e3o entran\u00e7adas.<br>De acordo com as exig\u00eancias do cliente, as mangueiras podem ser fornecidas com v\u00e1rios tipos de acess\u00f3rios.<br>As mangueiras flex\u00edveis standard s\u00e3o fabricadas em conformidade com a norma EN-10380.<\/p>\n\n\n\n<h2 class=\"wp-block-heading\">VANTAGENS<\/h2>\n\n\n\n<ul class=\"wp-block-list\">\n<li>Longa dura\u00e7\u00e3o do produto<\/li>\n\n\n\n<li>Pode ser utilizado em pe\u00e7as m\u00f3veis<\/li>\n\n\n\n<li>Pode trabalhar a altas press\u00f5es e temperaturas<\/li>\n\n\n\n<li>F\u00e1cil de montar<\/li>\n\n\n\n<li>Produtos higi\u00e9nicos<\/li>\n\n\n\n<li>De acordo com as exig\u00eancias do cliente, podemos fabricar numa s\u00f3 pe\u00e7a at\u00e9 1.500 metros em comprimentos desejados<\/li>\n<\/ul>\n\n\n\n<h2 class=\"wp-block-heading\">APLICA\u00c7\u00d5ES<\/h2>\n\n\n\n<ul class=\"wp-block-list\">\n<li>Ind\u00fastria de maquinaria<\/li>\n\n\n\n<li>Ind\u00fastria do ferro e do a\u00e7o<\/li>\n\n\n\n<li>Ind\u00fastria farmac\u00eautica<\/li>\n\n\n\n<li>Ind\u00fastria qu\u00edmica<\/li>\n\n\n\n<li>Condutas de \u00e1gua quente e fria<\/li>\n\n\n\n<li>Condutas de vapor<\/li>\n<\/ul>\n<\/div>\n<\/div>\n","protected":false},"excerpt":{"rendered":"<p>MANGUEIRA MET\u00c1LICA STANDARD Uma vez que \u00e9 fabricada em a\u00e7o inoxid\u00e1vel, a mangueira met\u00e1lica standard flex\u00edvel \u00e9 de longa dura\u00e7\u00e3o.Fabricadas como entran\u00e7adas e n\u00e3o entran\u00e7adas.De acordo com as exig\u00eancias do cliente, as mangueiras podem ser fornecidas com v\u00e1rios tipos de acess\u00f3rios.As mangueiras flex\u00edveis standard s\u00e3o fabricadas em conformidade com a norma EN-10380. VANTAGENS APLICA\u00c7\u00d5ES<\/p>\n","protected":false},"author":1,"featured_media":0,"parent":27803,"menu_order":0,"comment_status":"closed","ping_status":"closed","template":"page-templates\/servicios.php","meta":{"_eb_attr":"","footnotes":""},"class_list":["post-27810","page","type-page","status-publish","hentry"],"aioseo_notices":[],"_links":{"self":[{"href":"https:\/\/klinger.pt\/es\/wp-json\/wp\/v2\/pages\/27810","targetHints":{"allow":["GET"]}}],"collection":[{"href":"https:\/\/klinger.pt\/es\/wp-json\/wp\/v2\/pages"}],"about":[{"href":"https:\/\/klinger.pt\/es\/wp-json\/wp\/v2\/types\/page"}],"author":[{"embeddable":true,"href":"https:\/\/klinger.pt\/es\/wp-json\/wp\/v2\/users\/1"}],"replies":[{"embeddable":true,"href":"https:\/\/klinger.pt\/es\/wp-json\/wp\/v2\/comments?post=27810"}],"version-history":[{"count":3,"href":"https:\/\/klinger.pt\/es\/wp-json\/wp\/v2\/pages\/27810\/revisions"}],"predecessor-version":[{"id":38312,"href":"https:\/\/klinger.pt\/es\/wp-json\/wp\/v2\/pages\/27810\/revisions\/38312"}],"up":[{"embeddable":true,"href":"https:\/\/klinger.pt\/es\/wp-json\/wp\/v2\/pages\/27803"}],"wp:attachment":[{"href":"https:\/\/klinger.pt\/es\/wp-json\/wp\/v2\/media?parent=27810"}],"curies":[{"name":"wp","href":"https:\/\/api.w.org\/{rel}","templated":true}]}}