{"id":27803,"date":"2022-09-01T10:22:12","date_gmt":"2022-09-01T09:22:12","guid":{"rendered":"https:\/\/m5j0n6nk9p.onrocket.site\/?page_id=27803"},"modified":"2023-05-12T12:07:09","modified_gmt":"2023-05-12T11:07:09","slug":"mangueiras-metalicas","status":"publish","type":"page","link":"https:\/\/klinger.pt\/es\/produtos\/outros-equipamentos-tecnicos\/compensadores-e-mangueiras-metalicas\/mangueiras-metalicas\/","title":{"rendered":"MANGUEIRAS MET\u00c1LICAS"},"content":{"rendered":"\n<h1 class=\"wp-block-heading\">MANGUEIRAS MET\u00c1LICAS<\/h1>\n\n\n\n<div style=\"height:25px\" aria-hidden=\"true\" class=\"wp-block-spacer\"><\/div>\n\n\n\n<div class=\"wp-block-columns has-2-columns is-layout-flex wp-container-core-columns-is-layout-9d6595d7 wp-block-columns-is-layout-flex\">\n<div class=\"wp-block-column is-layout-flow wp-block-column-is-layout-flow\">\n<figure class=\"wp-block-table flecha\"><table><tbody><tr><td class=\"has-text-align-center\" data-align=\"center\"><img decoding=\"async\" width=\"300\" height=\"158\" class=\"wp-image-28277\" style=\"width: 300px;\" src=\"https:\/\/klinger.pt\/wp-content\/uploads\/2022\/09\/Standard-Flexible-Metal-Hose.png\" alt=\"\" srcset=\"https:\/\/klinger.pt\/wp-content\/uploads\/2022\/09\/Standard-Flexible-Metal-Hose.png 404w, https:\/\/klinger.pt\/wp-content\/uploads\/2022\/09\/Standard-Flexible-Metal-Hose-300x158.png 300w\" sizes=\"(max-width: 300px) 100vw, 300px\" \/><\/td><td><strong><a href=\"https:\/\/klinger.pt\/produtos\/outros-equipamentos-tecnicos\/compensadores-e-mangueiras-metalicas\/mangueiras-metalicas\/mangueira-metalica-standard\/\" title=\"\">STANDARD<\/a><\/strong><br><br><a href=\"https:\/\/klinger.pt\/produtos\/outros-equipamentos-tecnicos\/compensadores-e-mangueiras-metalicas\/mangueiras-metalicas\/mangueira-metalica-standard\/\" title=\"\ufffc\"><img decoding=\"async\" class=\"wp-image-2704\" style=\"width: 18px;\" src=\"https:\/\/www.klinger.es\/wp-content\/uploads\/2019\/11\/icon-arrow-blue-double.png\" alt=\"\"><\/a><\/td><\/tr><\/tbody><\/table><\/figure>\n<\/div>\n\n\n\n<div class=\"wp-block-column is-layout-flow wp-block-column-is-layout-flow\">\n<figure class=\"wp-block-table flecha\"><table><tbody><tr><td class=\"has-text-align-center\" data-align=\"center\"><img decoding=\"async\" width=\"235\" height=\"163\" class=\"wp-image-28279\" style=\"width: 235px;\" src=\"https:\/\/klinger.pt\/wp-content\/uploads\/2022\/09\/Large-Diameter-Hoses.png\" alt=\"\" srcset=\"https:\/\/klinger.pt\/wp-content\/uploads\/2022\/09\/Large-Diameter-Hoses.png 750w, https:\/\/klinger.pt\/wp-content\/uploads\/2022\/09\/Large-Diameter-Hoses-300x208.png 300w\" sizes=\"(max-width: 235px) 100vw, 235px\" \/><\/td><td><a href=\"https:\/\/klinger.pt\/produtos\/outros-equipamentos-tecnicos\/compensadores-e-mangueiras-metalicas\/mangueiras-metalicas\/mangueira-metalica-grande-diametro\/\" title=\"\"><strong>GRANDE DI\u00c2METRO<\/strong><br><\/a><br><a href=\"https:\/\/klinger.pt\/produtos\/outros-equipamentos-tecnicos\/compensadores-e-mangueiras-metalicas\/mangueiras-metalicas\/mangueira-metalica-grande-diametro\/\" title=\"\ufffc\"><img decoding=\"async\" class=\"wp-image-2704\" style=\"width: 18px;\" src=\"https:\/\/www.klinger.es\/wp-content\/uploads\/2019\/11\/icon-arrow-blue-double.png\" alt=\"\"><\/a><\/td><\/tr><\/tbody><\/table><\/figure>\n<\/div>\n<\/div>\n\n\n\n<div class=\"wp-block-columns has-2-columns is-layout-flex wp-container-core-columns-is-layout-9d6595d7 wp-block-columns-is-layout-flex\">\n<div class=\"wp-block-column is-layout-flow wp-block-column-is-layout-flow\">\n<figure class=\"wp-block-table flecha\"><table><tbody><tr><td class=\"has-text-align-center\" data-align=\"center\"><img decoding=\"async\" width=\"170\" height=\"173\" class=\"wp-image-28282\" style=\"width: 170px;\" src=\"https:\/\/klinger.pt\/wp-content\/uploads\/2022\/09\/High-Pressure-Hoses.png\" alt=\"\" srcset=\"https:\/\/klinger.pt\/wp-content\/uploads\/2022\/09\/High-Pressure-Hoses.png 510w, https:\/\/klinger.pt\/wp-content\/uploads\/2022\/09\/High-Pressure-Hoses-295x300.png 295w\" sizes=\"(max-width: 170px) 100vw, 170px\" \/><\/td><td><strong><a href=\"https:\/\/klinger.pt\/produtos\/outros-equipamentos-tecnicos\/compensadores-e-mangueiras-metalicas\/mangueiras-metalicas\/alta-pressao\/\" title=\"\">ALTA PRESS\u00c3O<\/a><\/strong><br><br><a href=\"https:\/\/klinger.pt\/produtos\/outros-equipamentos-tecnicos\/compensadores-e-mangueiras-metalicas\/mangueiras-metalicas\/alta-pressao\/\" title=\"\ufffc\"><img decoding=\"async\" class=\"wp-image-2704\" style=\"width: 18px;\" src=\"https:\/\/www.klinger.es\/wp-content\/uploads\/2019\/11\/icon-arrow-blue-double.png\" alt=\"\"><\/a><\/td><\/tr><\/tbody><\/table><\/figure>\n<\/div>\n\n\n\n<div class=\"wp-block-column is-layout-flow wp-block-column-is-layout-flow\">\n<figure class=\"wp-block-table flecha\"><table><tbody><tr><td class=\"has-text-align-center\" data-align=\"center\"><img loading=\"lazy\" decoding=\"async\" width=\"175\" height=\"153\" class=\"wp-image-28284\" style=\"width: 175px;\" src=\"https:\/\/klinger.pt\/wp-content\/uploads\/2022\/09\/Ultra-Flexible-Hoses.png\" alt=\"\" srcset=\"https:\/\/klinger.pt\/wp-content\/uploads\/2022\/09\/Ultra-Flexible-Hoses.png 592w, https:\/\/klinger.pt\/wp-content\/uploads\/2022\/09\/Ultra-Flexible-Hoses-300x263.png 300w\" sizes=\"(max-width: 175px) 100vw, 175px\" \/><\/td><td><strong><a href=\"https:\/\/klinger.pt\/produtos\/outros-equipamentos-tecnicos\/compensadores-e-mangueiras-metalicas\/mangueiras-metalicas\/mangueira-metalica-ultra\/\" title=\"\">ULTRA<\/a><\/strong><br><br><a href=\"https:\/\/klinger.pt\/produtos\/outros-equipamentos-tecnicos\/compensadores-e-mangueiras-metalicas\/mangueiras-metalicas\/mangueira-metalica-ultra\/\" title=\"\ufffc\"><img decoding=\"async\" class=\"wp-image-2704\" style=\"width: 18px;\" src=\"https:\/\/www.klinger.es\/wp-content\/uploads\/2019\/11\/icon-arrow-blue-double.png\" alt=\"\"><\/a><\/td><\/tr><\/tbody><\/table><\/figure>\n<\/div>\n<\/div>\n\n\n\n<div class=\"wp-block-columns has-2-columns is-layout-flex wp-container-core-columns-is-layout-9d6595d7 wp-block-columns-is-layout-flex\">\n<div class=\"wp-block-column is-layout-flow wp-block-column-is-layout-flow\">\n<figure class=\"wp-block-table flecha\"><table><tbody><tr><td class=\"has-text-align-center\" data-align=\"center\"><img loading=\"lazy\" decoding=\"async\" width=\"250\" height=\"173\" class=\"wp-image-28286\" style=\"width: 250px;\" src=\"https:\/\/klinger.pt\/wp-content\/uploads\/2022\/09\/Solar-Hoses.png\" alt=\"\" srcset=\"https:\/\/klinger.pt\/wp-content\/uploads\/2022\/09\/Solar-Hoses.png 750w, https:\/\/klinger.pt\/wp-content\/uploads\/2022\/09\/Solar-Hoses-300x208.png 300w\" sizes=\"(max-width: 250px) 100vw, 250px\" \/><\/td><td><strong><a href=\"https:\/\/klinger.pt\/produtos\/outros-equipamentos-tecnicos\/compensadores-e-mangueiras-metalicas\/mangueiras-metalicas\/mangueiras-metalicas-solar\/\" title=\"\">SOLAR<\/a><\/strong><br><br><a href=\"https:\/\/klinger.pt\/produtos\/outros-equipamentos-tecnicos\/compensadores-e-mangueiras-metalicas\/mangueiras-metalicas\/mangueiras-metalicas-solar\/\" title=\"\ufffc\"><img decoding=\"async\" class=\"wp-image-2704\" style=\"width: 18px;\" src=\"https:\/\/www.klinger.es\/wp-content\/uploads\/2019\/11\/icon-arrow-blue-double.png\" alt=\"\"><\/a><\/td><\/tr><\/tbody><\/table><\/figure>\n<\/div>\n\n\n\n<div class=\"wp-block-column is-layout-flow wp-block-column-is-layout-flow\">\n<figure class=\"wp-block-table flecha\"><table><tbody><tr><td class=\"has-text-align-center\" data-align=\"center\"><img loading=\"lazy\" decoding=\"async\" width=\"220\" height=\"176\" class=\"wp-image-28288\" style=\"width: 220px;\" src=\"https:\/\/klinger.pt\/wp-content\/uploads\/2022\/09\/Boiler-Hoses.png\" alt=\"\" srcset=\"https:\/\/klinger.pt\/wp-content\/uploads\/2022\/09\/Boiler-Hoses.png 648w, https:\/\/klinger.pt\/wp-content\/uploads\/2022\/09\/Boiler-Hoses-300x240.png 300w\" sizes=\"(max-width: 220px) 100vw, 220px\" \/><\/td><td><strong><a href=\"https:\/\/klinger.pt\/produtos\/outros-equipamentos-tecnicos\/compensadores-e-mangueiras-metalicas\/mangueiras-metalicas\/caldeira\/\" title=\"\">CALDEIRA<\/a><\/strong><br><br><a href=\"https:\/\/klinger.pt\/produtos\/outros-equipamentos-tecnicos\/compensadores-e-mangueiras-metalicas\/mangueiras-metalicas\/caldeira\/\" title=\"\ufffc\"><img decoding=\"async\" class=\"wp-image-2704\" style=\"width: 18px;\" src=\"https:\/\/www.klinger.es\/wp-content\/uploads\/2019\/11\/icon-arrow-blue-double.png\" alt=\"\"><\/a><\/td><\/tr><\/tbody><\/table><\/figure>\n<\/div>\n<\/div>\n\n\n\n<div class=\"wp-block-columns has-2-columns is-layout-flex wp-container-core-columns-is-layout-9d6595d7 wp-block-columns-is-layout-flex\">\n<div class=\"wp-block-column is-layout-flow wp-block-column-is-layout-flow\">\n<figure class=\"wp-block-table flecha\"><table><tbody><tr><td class=\"has-text-align-center\" data-align=\"center\"><img loading=\"lazy\" decoding=\"async\" width=\"350\" height=\"201\" class=\"wp-image-28290\" style=\"width: 350px;\" src=\"https:\/\/klinger.pt\/wp-content\/uploads\/2022\/09\/HT-Composite-Pre-Insulated-Hoses.png\" alt=\"\" srcset=\"https:\/\/klinger.pt\/wp-content\/uploads\/2022\/09\/HT-Composite-Pre-Insulated-Hoses.png 710w, https:\/\/klinger.pt\/wp-content\/uploads\/2022\/09\/HT-Composite-Pre-Insulated-Hoses-300x172.png 300w\" sizes=\"(max-width: 350px) 100vw, 350px\" \/><\/td><td><strong><a href=\"https:\/\/klinger.pt\/produtos\/outros-equipamentos-tecnicos\/compensadores-e-mangueiras-metalicas\/mangueiras-metalicas\/composito-pre-isolado-ht\/\" title=\"\">COMP\u00d3SITO PR\u00c9-ISOLADO HT<\/a><\/strong><br><br><a href=\"https:\/\/klinger.pt\/produtos\/outros-equipamentos-tecnicos\/compensadores-e-mangueiras-metalicas\/mangueiras-metalicas\/composito-pre-isolado-ht\/\" title=\"\ufffc\"><img decoding=\"async\" class=\"wp-image-2704\" style=\"width: 18px;\" src=\"https:\/\/www.klinger.es\/wp-content\/uploads\/2019\/11\/icon-arrow-blue-double.png\" alt=\"\"><\/a><\/td><\/tr><\/tbody><\/table><\/figure>\n<\/div>\n\n\n\n<div class=\"wp-block-column is-layout-flow wp-block-column-is-layout-flow\">\n<figure class=\"wp-block-table flecha\"><table><tbody><tr><td class=\"has-text-align-center\" data-align=\"center\"><img loading=\"lazy\" decoding=\"async\" width=\"200\" height=\"185\" class=\"wp-image-28292\" style=\"width: 200px;\" src=\"https:\/\/klinger.pt\/wp-content\/uploads\/2022\/09\/Heat-Exchanger-Coils.png\" alt=\"\" srcset=\"https:\/\/klinger.pt\/wp-content\/uploads\/2022\/09\/Heat-Exchanger-Coils.png 562w, https:\/\/klinger.pt\/wp-content\/uploads\/2022\/09\/Heat-Exchanger-Coils-300x277.png 300w\" sizes=\"(max-width: 200px) 100vw, 200px\" \/><\/td><td><strong><a href=\"https:\/\/klinger.pt\/produtos\/outros-equipamentos-tecnicos\/compensadores-e-mangueiras-metalicas\/mangueiras-metalicas\/bobine-de-tubo-para-sistemas-de-aquecimento\/\" title=\"\">BOBINE DE TUBO PARA SISTEMAS DE AQUECIMENTO<\/a><\/strong><br><br><a href=\"https:\/\/klinger.pt\/produtos\/outros-equipamentos-tecnicos\/compensadores-e-mangueiras-metalicas\/mangueiras-metalicas\/bobine-de-tubo-para-sistemas-de-aquecimento\/\" title=\"\ufffc\"><img decoding=\"async\" class=\"wp-image-2704\" style=\"width: 18px;\" src=\"https:\/\/www.klinger.es\/wp-content\/uploads\/2019\/11\/icon-arrow-blue-double.png\" alt=\"\"><\/a><\/td><\/tr><\/tbody><\/table><\/figure>\n<\/div>\n<\/div>\n\n\n\n<div class=\"wp-block-columns has-2-columns is-layout-flex wp-container-core-columns-is-layout-9d6595d7 wp-block-columns-is-layout-flex\">\n<div class=\"wp-block-column is-layout-flow wp-block-column-is-layout-flow\">\n<figure class=\"wp-block-table flecha\"><table><tbody><tr><td class=\"has-text-align-center\" data-align=\"center\"><img loading=\"lazy\" decoding=\"async\" width=\"300\" height=\"208\" class=\"wp-image-28294\" style=\"width: 300px;\" src=\"https:\/\/klinger.pt\/wp-content\/uploads\/2022\/09\/District-Heating-Hoses.png\" alt=\"\" srcset=\"https:\/\/klinger.pt\/wp-content\/uploads\/2022\/09\/District-Heating-Hoses.png 750w, https:\/\/klinger.pt\/wp-content\/uploads\/2022\/09\/District-Heating-Hoses-300x208.png 300w\" sizes=\"(max-width: 300px) 100vw, 300px\" \/><\/td><td><strong><a href=\"https:\/\/klinger.pt\/produtos\/outros-equipamentos-tecnicos\/compensadores-e-mangueiras-metalicas\/mangueiras-metalicas\/distribuicao-de-aquecimento\/\" title=\"\">DISTRIBUI\u00c7\u00c3O DE AQUECIMENTO<\/a><\/strong><br><br><a href=\"https:\/\/klinger.pt\/produtos\/outros-equipamentos-tecnicos\/compensadores-e-mangueiras-metalicas\/mangueiras-metalicas\/distribuicao-de-aquecimento\/\" title=\"\ufffc\"><img decoding=\"async\" class=\"wp-image-2704\" style=\"width: 18px;\" src=\"https:\/\/www.klinger.es\/wp-content\/uploads\/2019\/11\/icon-arrow-blue-double.png\" alt=\"\"><\/a><\/td><\/tr><\/tbody><\/table><\/figure>\n<\/div>\n\n\n\n<div class=\"wp-block-column is-layout-flow wp-block-column-is-layout-flow\">\n<figure class=\"wp-block-table flecha\"><table><tbody><tr><td class=\"has-text-align-center\" data-align=\"center\"><img loading=\"lazy\" decoding=\"async\" width=\"350\" height=\"242\" class=\"wp-image-28296\" style=\"width: 350px;\" src=\"https:\/\/klinger.pt\/wp-content\/uploads\/2022\/09\/Fan-Coil-Flexible-Connectors.png\" alt=\"\" srcset=\"https:\/\/klinger.pt\/wp-content\/uploads\/2022\/09\/Fan-Coil-Flexible-Connectors.png 750w, https:\/\/klinger.pt\/wp-content\/uploads\/2022\/09\/Fan-Coil-Flexible-Connectors-300x208.png 300w\" sizes=\"(max-width: 350px) 100vw, 350px\" \/><\/td><td><strong><a href=\"https:\/\/klinger.pt\/produtos\/outros-equipamentos-tecnicos\/compensadores-e-mangueiras-metalicas\/mangueiras-metalicas\/conexoes-flexiveis-fan-coil\/\" title=\"\">CONEX\u00d5ES FLEX\u00cdVEIS PARA FAN COIL<\/a><\/strong><br><br><a href=\"https:\/\/klinger.pt\/produtos\/outros-equipamentos-tecnicos\/compensadores-e-mangueiras-metalicas\/mangueiras-metalicas\/conexoes-flexiveis-fan-coil\/\" title=\"\ufffc\"><img decoding=\"async\" class=\"wp-image-2704\" style=\"width: 18px;\" src=\"https:\/\/www.klinger.es\/wp-content\/uploads\/2019\/11\/icon-arrow-blue-double.png\" alt=\"\"><\/a><\/td><\/tr><\/tbody><\/table><\/figure>\n<\/div>\n<\/div>\n\n\n\n<div class=\"wp-block-columns has-2-columns is-layout-flex wp-container-core-columns-is-layout-9d6595d7 wp-block-columns-is-layout-flex\">\n<div class=\"wp-block-column is-layout-flow wp-block-column-is-layout-flow\">\n<figure class=\"wp-block-table flecha\"><table><tbody><tr><td class=\"has-text-align-center\" data-align=\"center\"><img loading=\"lazy\" decoding=\"async\" width=\"450\" height=\"232\" class=\"wp-image-28298\" style=\"width: 450px;\" src=\"https:\/\/klinger.pt\/wp-content\/uploads\/2022\/09\/Annealed-Flexible-Metal-Hoses.png\" alt=\"\" srcset=\"https:\/\/klinger.pt\/wp-content\/uploads\/2022\/09\/Annealed-Flexible-Metal-Hoses.png 658w, https:\/\/klinger.pt\/wp-content\/uploads\/2022\/09\/Annealed-Flexible-Metal-Hoses-300x155.png 300w\" sizes=\"(max-width: 450px) 100vw, 450px\" \/><\/td><td><strong><a href=\"https:\/\/klinger.pt\/produtos\/outros-equipamentos-tecnicos\/compensadores-e-mangueiras-metalicas\/mangueiras-metalicas\/flexivel-com-tratamento-recozido\/\" title=\"\">FLEX\u00cdVEIS COM TRATAMENTO RECOZIDO<\/a><\/strong><br><br><a href=\"https:\/\/klinger.pt\/produtos\/outros-equipamentos-tecnicos\/compensadores-e-mangueiras-metalicas\/mangueiras-metalicas\/flexivel-com-tratamento-recozido\/\" title=\"\ufffc\"><img decoding=\"async\" class=\"wp-image-2704\" style=\"width: 18px;\" src=\"https:\/\/www.klinger.es\/wp-content\/uploads\/2019\/11\/icon-arrow-blue-double.png\" alt=\"\"><\/a><\/td><\/tr><\/tbody><\/table><\/figure>\n<\/div>\n\n\n\n<div class=\"wp-block-column is-layout-flow wp-block-column-is-layout-flow\">\n<figure class=\"wp-block-table flecha\"><table><tbody><tr><td class=\"has-text-align-center\" data-align=\"center\"><img loading=\"lazy\" decoding=\"async\" width=\"350\" height=\"242\" class=\"wp-image-28300\" style=\"width: 350px;\" src=\"https:\/\/klinger.pt\/wp-content\/uploads\/2022\/09\/Copper-Fittings-Flexible-Metal-Hoses.png\" alt=\"\" srcset=\"https:\/\/klinger.pt\/wp-content\/uploads\/2022\/09\/Copper-Fittings-Flexible-Metal-Hoses.png 750w, https:\/\/klinger.pt\/wp-content\/uploads\/2022\/09\/Copper-Fittings-Flexible-Metal-Hoses-300x208.png 300w\" sizes=\"(max-width: 350px) 100vw, 350px\" \/><\/td><td><strong><a href=\"https:\/\/klinger.pt\/produtos\/outros-equipamentos-tecnicos\/compensadores-e-mangueiras-metalicas\/mangueiras-metalicas\/mangueira-flexivel-com-acessorios-em-cobre\/\" title=\"\">FLEX\u00cdVEIS COM ACESS\u00d3RIOS EM COBRE<\/a><\/strong><br><br><a href=\"https:\/\/klinger.pt\/produtos\/outros-equipamentos-tecnicos\/compensadores-e-mangueiras-metalicas\/mangueiras-metalicas\/mangueira-flexivel-com-acessorios-em-cobre\/\" title=\"\ufffc\"><img decoding=\"async\" class=\"wp-image-2704\" style=\"width: 18px;\" src=\"https:\/\/www.klinger.es\/wp-content\/uploads\/2019\/11\/icon-arrow-blue-double.png\" alt=\"\"><\/a><\/td><\/tr><\/tbody><\/table><\/figure>\n<\/div>\n<\/div>\n","protected":false},"excerpt":{"rendered":"<p>MANGUEIRAS MET\u00c1LICAS STANDARD GRANDE DI\u00c2METRO ALTA PRESS\u00c3O ULTRA SOLAR CALDEIRA COMP\u00d3SITO PR\u00c9-ISOLADO HT BOBINE DE TUBO PARA SISTEMAS DE AQUECIMENTO DISTRIBUI\u00c7\u00c3O DE AQUECIMENTO CONEX\u00d5ES FLEX\u00cdVEIS PARA FAN COIL FLEX\u00cdVEIS COM TRATAMENTO RECOZIDO FLEX\u00cdVEIS COM ACESS\u00d3RIOS EM COBRE<\/p>\n","protected":false},"author":1,"featured_media":42548,"parent":27703,"menu_order":0,"comment_status":"closed","ping_status":"closed","template":"page-templates\/secciones-principales.php","meta":{"_eb_attr":"","footnotes":""},"class_list":["post-27803","page","type-page","status-publish","has-post-thumbnail","hentry"],"aioseo_notices":[],"_links":{"self":[{"href":"https:\/\/klinger.pt\/es\/wp-json\/wp\/v2\/pages\/27803","targetHints":{"allow":["GET"]}}],"collection":[{"href":"https:\/\/klinger.pt\/es\/wp-json\/wp\/v2\/pages"}],"about":[{"href":"https:\/\/klinger.pt\/es\/wp-json\/wp\/v2\/types\/page"}],"author":[{"embeddable":true,"href":"https:\/\/klinger.pt\/es\/wp-json\/wp\/v2\/users\/1"}],"replies":[{"embeddable":true,"href":"https:\/\/klinger.pt\/es\/wp-json\/wp\/v2\/comments?post=27803"}],"version-history":[{"count":27,"href":"https:\/\/klinger.pt\/es\/wp-json\/wp\/v2\/pages\/27803\/revisions"}],"predecessor-version":[{"id":42551,"href":"https:\/\/klinger.pt\/es\/wp-json\/wp\/v2\/pages\/27803\/revisions\/42551"}],"up":[{"embeddable":true,"href":"https:\/\/klinger.pt\/es\/wp-json\/wp\/v2\/pages\/27703"}],"wp:featuredmedia":[{"embeddable":true,"href":"https:\/\/klinger.pt\/es\/wp-json\/wp\/v2\/media\/42548"}],"wp:attachment":[{"href":"https:\/\/klinger.pt\/es\/wp-json\/wp\/v2\/media?parent=27803"}],"curies":[{"name":"wp","href":"https:\/\/api.w.org\/{rel}","templated":true}]}}