{"id":27800,"date":"2022-09-01T10:17:52","date_gmt":"2022-09-01T09:17:52","guid":{"rendered":"https:\/\/m5j0n6nk9p.onrocket.site\/?page_id=27800"},"modified":"2023-02-27T08:17:51","modified_gmt":"2023-02-27T08:17:51","slug":"desenho-anti-sismo-com-cardan","status":"publish","type":"page","link":"https:\/\/klinger.pt\/es\/produtos\/outros-equipamentos-tecnicos\/compensadores-e-mangueiras-metalicas\/compensadores\/metal\/desenho-anti-sismo-com-cardan\/","title":{"rendered":"ANTI SISMO COM CARDAN"},"content":{"rendered":"\n<div class=\"wp-block-columns is-layout-flex wp-container-core-columns-is-layout-9d6595d7 wp-block-columns-is-layout-flex\">\n<div class=\"wp-block-column is-layout-flow wp-block-column-is-layout-flow\" style=\"flex-basis:300px\"><div class=\"wp-block-image\">\n<figure class=\"aligncenter size-large is-resized\"><img fetchpriority=\"high\" decoding=\"async\" src=\"https:\/\/klinger.pt\/wp-content\/uploads\/2022\/09\/SEISMIC-WITH-GIMBALS-1024x683.png\" alt=\" desenho anti sismo com cardan\" class=\"wp-image-28171\" width=\"302\" height=\"201\" srcset=\"https:\/\/klinger.pt\/wp-content\/uploads\/2022\/09\/SEISMIC-WITH-GIMBALS-1024x683.png 1024w, https:\/\/klinger.pt\/wp-content\/uploads\/2022\/09\/SEISMIC-WITH-GIMBALS-300x200.png 300w, https:\/\/klinger.pt\/wp-content\/uploads\/2022\/09\/SEISMIC-WITH-GIMBALS-768x512.png 768w, https:\/\/klinger.pt\/wp-content\/uploads\/2022\/09\/SEISMIC-WITH-GIMBALS-1400x933.png 1400w, https:\/\/klinger.pt\/wp-content\/uploads\/2022\/09\/SEISMIC-WITH-GIMBALS.png 1500w\" sizes=\"(max-width: 302px) 100vw, 302px\" \/><\/figure>\n<\/div>\n\n\n<figure class=\"wp-block-image size-large\"><img decoding=\"async\" width=\"1024\" height=\"447\" src=\"https:\/\/klinger.pt\/wp-content\/uploads\/2022\/09\/QUADRO-8-1024x447.png\" alt=\"\" class=\"wp-image-28222\" srcset=\"https:\/\/klinger.pt\/wp-content\/uploads\/2022\/09\/QUADRO-8-1024x447.png 1024w, https:\/\/klinger.pt\/wp-content\/uploads\/2022\/09\/QUADRO-8-300x131.png 300w, https:\/\/klinger.pt\/wp-content\/uploads\/2022\/09\/QUADRO-8-768x335.png 768w, https:\/\/klinger.pt\/wp-content\/uploads\/2022\/09\/QUADRO-8-1536x670.png 1536w, https:\/\/klinger.pt\/wp-content\/uploads\/2022\/09\/QUADRO-8-2048x893.png 2048w, https:\/\/klinger.pt\/wp-content\/uploads\/2022\/09\/QUADRO-8-1400x611.png 1400w\" sizes=\"(max-width: 1024px) 100vw, 1024px\" \/><\/figure>\n<\/div>\n\n\n\n<div class=\"wp-block-column is-layout-flow wp-block-column-is-layout-flow\" style=\"flex-basis:700px\">\n<h1 class=\"wp-block-heading\">ANTI SISMO COM CARDAN<\/h1>\n\n\n\n<p>Os compensadores de desenho anti sismo com cardan s\u00e3o concebidos para lidar com movimentos em todas as dire\u00e7\u00f5es.<br>Este tipo de compensador tem um par de juntas cardan em cada extremidade para absorver os movimentos que ocorrem devido ao terramoto e aos assentamentos no solo.<br>Para al\u00e9m dos movimentos t\u00e9rmicos nas tubagens, existem movimentos mec\u00e2nicos devidos a terramotos, assentamentos e deslizamentos de terra. Estes tipos de movimentos podem causar danos significativos nos sistemas de tubagens em pontos de dilata\u00e7\u00e3o de edif\u00edcios, jun\u00e7\u00f5es de tubagens entre recipientes e caldeiras.<br>Estes movimentos mec\u00e2nicos podem ser absorvidos atrav\u00e9s da utiliza\u00e7\u00e3o de compensadores s\u00edsmico.<\/p>\n\n\n\n<h5 class=\"wp-block-heading\">VANTAGENS <\/h5>\n\n\n\n<ul class=\"wp-block-list\">\n<li>Os compensadores anti s\u00edsmico com cardan devem absorver os movimentos laterais e angulares tanto t\u00e9rmicos como s\u00edsmicos origem.<\/li>\n\n\n\n<li>Com as suas cardan, a gama de expans\u00e3o pode ser ajustada em gama ajustada<\/li>\n\n\n\n<li>O n\u00edvel de expans\u00e3o lateral est\u00e1 diretamente relacionado com o tamanho do fole e o comprimento do tubo m\u00e9dio<\/li>\n\n\n\n<li>Concebido para a press\u00e3o de impulso atuando como dispositivo de seguran\u00e7a<\/li>\n\n\n\n<li>Elevada capacidade de movimento e resist\u00eancia a altas temperaturas e produtos qu\u00edmicos<\/li>\n\n\n\n<li>Flange rotativa, flange fixa ou tipo de conex\u00e3o de pesco\u00e7o de soldadura est\u00e3o dispon\u00edveis<\/li>\n<\/ul>\n\n\n\n<h5 class=\"wp-block-heading\">APLICA\u00c7\u00d5ES<\/h5>\n\n\n\n<ul class=\"wp-block-list\">\n<li>\u00c1gua quente e fria<\/li>\n\n\n\n<li>Sistemas de combate a inc\u00eandios<\/li>\n\n\n\n<li>\u00c1gua sobreaquecida<\/li>\n\n\n\n<li>Condutas de vapor e condensados<\/li>\n\n\n\n<li>Aplica\u00e7\u00f5es Industriais<\/li>\n\n\n\n<li>Sistemas mar\u00edtimos e de exaust\u00e3o<\/li>\n\n\n\n<li>Linhas HVAC<\/li>\n<\/ul>\n<\/div>\n<\/div>\n\n\n\n<h5 class=\"wp-block-heading\">FICHA T\u00c9CNICA (pdf)<\/h5>\n","protected":false},"excerpt":{"rendered":"<p>ANTI SISMO COM CARDAN Os compensadores de desenho anti sismo com cardan s\u00e3o concebidos para lidar com movimentos em todas as dire\u00e7\u00f5es.Este tipo de compensador tem um par de juntas cardan em cada extremidade para absorver os movimentos que ocorrem devido ao terramoto e aos assentamentos no solo.Para al\u00e9m dos movimentos t\u00e9rmicos nas tubagens, existem [&hellip;]<\/p>\n","protected":false},"author":1,"featured_media":0,"parent":27719,"menu_order":0,"comment_status":"closed","ping_status":"closed","template":"page-templates\/servicios.php","meta":{"_eb_attr":"","footnotes":""},"class_list":["post-27800","page","type-page","status-publish","hentry"],"aioseo_notices":[],"_links":{"self":[{"href":"https:\/\/klinger.pt\/es\/wp-json\/wp\/v2\/pages\/27800","targetHints":{"allow":["GET"]}}],"collection":[{"href":"https:\/\/klinger.pt\/es\/wp-json\/wp\/v2\/pages"}],"about":[{"href":"https:\/\/klinger.pt\/es\/wp-json\/wp\/v2\/types\/page"}],"author":[{"embeddable":true,"href":"https:\/\/klinger.pt\/es\/wp-json\/wp\/v2\/users\/1"}],"replies":[{"embeddable":true,"href":"https:\/\/klinger.pt\/es\/wp-json\/wp\/v2\/comments?post=27800"}],"version-history":[{"count":4,"href":"https:\/\/klinger.pt\/es\/wp-json\/wp\/v2\/pages\/27800\/revisions"}],"predecessor-version":[{"id":38162,"href":"https:\/\/klinger.pt\/es\/wp-json\/wp\/v2\/pages\/27800\/revisions\/38162"}],"up":[{"embeddable":true,"href":"https:\/\/klinger.pt\/es\/wp-json\/wp\/v2\/pages\/27719"}],"wp:attachment":[{"href":"https:\/\/klinger.pt\/es\/wp-json\/wp\/v2\/media?parent=27800"}],"curies":[{"name":"wp","href":"https:\/\/api.w.org\/{rel}","templated":true}]}}