{"id":27798,"date":"2022-09-01T10:17:11","date_gmt":"2022-09-01T09:17:11","guid":{"rendered":"https:\/\/m5j0n6nk9p.onrocket.site\/?page_id=27798"},"modified":"2023-02-27T08:18:20","modified_gmt":"2023-02-27T08:18:20","slug":"anti-sismo-com-tirantes","status":"publish","type":"page","link":"https:\/\/klinger.pt\/es\/produtos\/outros-equipamentos-tecnicos\/compensadores-e-mangueiras-metalicas\/compensadores\/metal\/anti-sismo-com-tirantes\/","title":{"rendered":"ANTI SISMO COM TIRANTES"},"content":{"rendered":"\n<div class=\"wp-block-columns is-layout-flex wp-container-core-columns-is-layout-9d6595d7 wp-block-columns-is-layout-flex\">\n<div class=\"wp-block-column is-layout-flow wp-block-column-is-layout-flow\" style=\"flex-basis:300px\"><div class=\"wp-block-image\">\n<figure class=\"aligncenter size-large is-resized\"><img fetchpriority=\"high\" decoding=\"async\" src=\"https:\/\/klinger.pt\/wp-content\/uploads\/2022\/09\/Seismic-with-Rods-copiar-1024x683.png\" alt=\"Anti Sismo com Tirantes\" class=\"wp-image-28169\" width=\"292\" height=\"194\" srcset=\"https:\/\/klinger.pt\/wp-content\/uploads\/2022\/09\/Seismic-with-Rods-copiar-1024x683.png 1024w, https:\/\/klinger.pt\/wp-content\/uploads\/2022\/09\/Seismic-with-Rods-copiar-300x200.png 300w, https:\/\/klinger.pt\/wp-content\/uploads\/2022\/09\/Seismic-with-Rods-copiar-768x512.png 768w, https:\/\/klinger.pt\/wp-content\/uploads\/2022\/09\/Seismic-with-Rods-copiar-1400x933.png 1400w, https:\/\/klinger.pt\/wp-content\/uploads\/2022\/09\/Seismic-with-Rods-copiar.png 1500w\" sizes=\"(max-width: 292px) 100vw, 292px\" \/><\/figure>\n<\/div>\n\n\n<figure class=\"wp-block-image size-large\"><img decoding=\"async\" width=\"1024\" height=\"447\" src=\"https:\/\/klinger.pt\/wp-content\/uploads\/2022\/09\/QUADRO-7-1024x447.png\" alt=\"\" class=\"wp-image-28218\" srcset=\"https:\/\/klinger.pt\/wp-content\/uploads\/2022\/09\/QUADRO-7-1024x447.png 1024w, https:\/\/klinger.pt\/wp-content\/uploads\/2022\/09\/QUADRO-7-300x131.png 300w, https:\/\/klinger.pt\/wp-content\/uploads\/2022\/09\/QUADRO-7-768x335.png 768w, https:\/\/klinger.pt\/wp-content\/uploads\/2022\/09\/QUADRO-7-1536x671.png 1536w, https:\/\/klinger.pt\/wp-content\/uploads\/2022\/09\/QUADRO-7-2048x894.png 2048w, https:\/\/klinger.pt\/wp-content\/uploads\/2022\/09\/QUADRO-7-1400x611.png 1400w\" sizes=\"(max-width: 1024px) 100vw, 1024px\" \/><\/figure>\n<\/div>\n\n\n\n<div class=\"wp-block-column is-layout-flow wp-block-column-is-layout-flow\" style=\"flex-basis:700px\">\n<h1 class=\"wp-block-heading\">ANTI SISMO COM TIRANTES<\/h1>\n\n\n\n<p>Juntas de Expans\u00e3o Anti Sismo com Tirantes absorve movimentos laterais e angulares tanto t\u00e9rmicos como s\u00edsmicos origem.<\/p>\n\n\n\n<p>Para al\u00e9m dos movimentos t\u00e9rmicos nas tubagens, h\u00e1 movimentos mec\u00e2nicos devido a terramotos, terra assentamentos e deslizamentos de terras. Estes tipos de movimentos podem causar danos significativos nos sistemas de tubagem em pontos de dilata\u00e7\u00e3o de edif\u00edcios, jun\u00e7\u00f5es de tubos entre recipientes e caldeiras.<br>Estes movimentos mec\u00e2nicos podem ser absorvidos atrav\u00e9s de juntas de expans\u00e3o s\u00edsmica.<\/p>\n\n\n\n<h5 class=\"wp-block-heading\">VANTAGENS<\/h5>\n\n\n\n<ul class=\"wp-block-list\">\n<li>Juntas de Expans\u00e3o S\u00edsmica com Tirantes \u00e9 para absorver movimentos laterais e angulares tanto t\u00e9rmicos como s\u00edsmicos origem.<\/li>\n\n\n\n<li>Com as suas hastes limite, a gama de expans\u00e3o pode ser definida em gama ajustada<\/li>\n\n\n\n<li>Elevada capacidade de movimento e resist\u00eancia a altas temperaturas e produtos qu\u00edmicos<\/li>\n\n\n\n<li>Flange rotativa, flange fixa ou tipo de conex\u00e3o de Pesco\u00e7o de soldadura est\u00e3o dispon\u00edveis<\/li>\n<\/ul>\n\n\n\n<h5 class=\"wp-block-heading\">APLICA\u00c7\u00d5ES<\/h5>\n\n\n\n<ul class=\"wp-block-list\">\n<li>\u00c1gua quente e fria<\/li>\n\n\n\n<li>Sistemas de combate a inc\u00eandios<\/li>\n\n\n\n<li>\u00c1gua sobreaquecida<\/li>\n\n\n\n<li>Condutas de vapor e condensados<\/li>\n\n\n\n<li>Aplica\u00e7\u00f5es Industriais<\/li>\n\n\n\n<li>Sistemas mar\u00edtimos e de exaust\u00e3o<\/li>\n\n\n\n<li>Linhas HVAC<\/li>\n<\/ul>\n<\/div>\n<\/div>\n","protected":false},"excerpt":{"rendered":"<p>ANTI SISMO COM TIRANTES Juntas de Expans\u00e3o Anti Sismo com Tirantes absorve movimentos laterais e angulares tanto t\u00e9rmicos como s\u00edsmicos origem. Para al\u00e9m dos movimentos t\u00e9rmicos nas tubagens, h\u00e1 movimentos mec\u00e2nicos devido a terramotos, terra assentamentos e deslizamentos de terras. Estes tipos de movimentos podem causar danos significativos nos sistemas de tubagem em pontos de [&hellip;]<\/p>\n","protected":false},"author":1,"featured_media":0,"parent":27719,"menu_order":0,"comment_status":"closed","ping_status":"closed","template":"page-templates\/servicios.php","meta":{"_eb_attr":"","footnotes":""},"class_list":["post-27798","page","type-page","status-publish","hentry"],"aioseo_notices":[],"_links":{"self":[{"href":"https:\/\/klinger.pt\/es\/wp-json\/wp\/v2\/pages\/27798","targetHints":{"allow":["GET"]}}],"collection":[{"href":"https:\/\/klinger.pt\/es\/wp-json\/wp\/v2\/pages"}],"about":[{"href":"https:\/\/klinger.pt\/es\/wp-json\/wp\/v2\/types\/page"}],"author":[{"embeddable":true,"href":"https:\/\/klinger.pt\/es\/wp-json\/wp\/v2\/users\/1"}],"replies":[{"embeddable":true,"href":"https:\/\/klinger.pt\/es\/wp-json\/wp\/v2\/comments?post=27798"}],"version-history":[{"count":3,"href":"https:\/\/klinger.pt\/es\/wp-json\/wp\/v2\/pages\/27798\/revisions"}],"predecessor-version":[{"id":38163,"href":"https:\/\/klinger.pt\/es\/wp-json\/wp\/v2\/pages\/27798\/revisions\/38163"}],"up":[{"embeddable":true,"href":"https:\/\/klinger.pt\/es\/wp-json\/wp\/v2\/pages\/27719"}],"wp:attachment":[{"href":"https:\/\/klinger.pt\/es\/wp-json\/wp\/v2\/media?parent=27798"}],"curies":[{"name":"wp","href":"https:\/\/api.w.org\/{rel}","templated":true}]}}