{"id":27796,"date":"2022-09-01T10:16:31","date_gmt":"2022-09-01T09:16:31","guid":{"rendered":"https:\/\/m5j0n6nk9p.onrocket.site\/?page_id=27796"},"modified":"2023-02-27T08:27:16","modified_gmt":"2023-02-27T08:27:16","slug":"camara-externa-sob-pressao","status":"publish","type":"page","link":"https:\/\/klinger.pt\/es\/produtos\/outros-equipamentos-tecnicos\/compensadores-e-mangueiras-metalicas\/compensadores\/metal\/camara-externa-sob-pressao\/","title":{"rendered":"C\u00c2MARA EXTERNA SOB PRESS\u00c3O"},"content":{"rendered":"\n<div class=\"wp-block-columns is-layout-flex wp-container-core-columns-is-layout-9d6595d7 wp-block-columns-is-layout-flex\">\n<div class=\"wp-block-column is-layout-flow wp-block-column-is-layout-flow\" style=\"flex-basis:300px\"><div class=\"wp-block-image\">\n<figure class=\"aligncenter size-large\"><img fetchpriority=\"high\" decoding=\"async\" width=\"1024\" height=\"683\" src=\"https:\/\/klinger.pt\/wp-content\/uploads\/2022\/09\/Externally-Pressurized-1024x683.png\" alt=\"C\u00c2MARA EXTERNA SOB PRESS\u00c3O\" class=\"wp-image-28167\" srcset=\"https:\/\/klinger.pt\/wp-content\/uploads\/2022\/09\/Externally-Pressurized-1024x683.png 1024w, https:\/\/klinger.pt\/wp-content\/uploads\/2022\/09\/Externally-Pressurized-300x200.png 300w, https:\/\/klinger.pt\/wp-content\/uploads\/2022\/09\/Externally-Pressurized-768x512.png 768w, https:\/\/klinger.pt\/wp-content\/uploads\/2022\/09\/Externally-Pressurized-1400x933.png 1400w, https:\/\/klinger.pt\/wp-content\/uploads\/2022\/09\/Externally-Pressurized.png 1500w\" sizes=\"(max-width: 1024px) 100vw, 1024px\" \/><\/figure>\n<\/div>\n\n\n<figure class=\"wp-block-image size-large\"><img decoding=\"async\" width=\"1024\" height=\"446\" src=\"https:\/\/klinger.pt\/wp-content\/uploads\/2022\/09\/QUADRO-6-1024x446.png\" alt=\"\" class=\"wp-image-28212\" srcset=\"https:\/\/klinger.pt\/wp-content\/uploads\/2022\/09\/QUADRO-6-1024x446.png 1024w, https:\/\/klinger.pt\/wp-content\/uploads\/2022\/09\/QUADRO-6-300x131.png 300w, https:\/\/klinger.pt\/wp-content\/uploads\/2022\/09\/QUADRO-6-768x335.png 768w, https:\/\/klinger.pt\/wp-content\/uploads\/2022\/09\/QUADRO-6-1536x670.png 1536w, https:\/\/klinger.pt\/wp-content\/uploads\/2022\/09\/QUADRO-6-2048x893.png 2048w, https:\/\/klinger.pt\/wp-content\/uploads\/2022\/09\/QUADRO-6-1400x610.png 1400w\" sizes=\"(max-width: 1024px) 100vw, 1024px\" \/><\/figure>\n<\/div>\n\n\n\n<div class=\"wp-block-column is-layout-flow wp-block-column-is-layout-flow\" style=\"flex-basis:700px\">\n<h1 class=\"wp-block-heading\">C\u00c2MARA EXTERNA SOB PRESS\u00c3O<\/h1>\n\n\n\n<p>A C\u00e2mara Externa Sob Press\u00e3o \u00e9 uma excelente resposta para necessidades de grande deslocamento axial. Quando grandes deslocamentos est\u00e3o presentes em um sistema, mais convolu\u00e7\u00f5es s\u00e3o necess\u00e1rias para lidar com esses grandes movimentos axiais. Ent\u00e3o, projetar o fole torna-se um desafio para o engenheiro de juntas de expans\u00e3o devido \u00e0s preocupa\u00e7\u00f5es de \u201ccontor\u00e7\u00e3o da coluna\u201d (instabilidade devido \u00e0 press\u00e3o interna \/ flambagem do fole). A solu\u00e7\u00e3o para este desafio \u00e9 pressurizar o \u201cfole\u201d externamente.<\/p>\n\n\n\n<p>Estas unidades s\u00e3o muito robustas e seguras. Eles t\u00eam uma capa interna e uma capa externa embutidas (parte do design). A tampa externa protege o fole contra danos externos durante o transporte, instala\u00e7\u00e3o e opera\u00e7\u00e3o. Tamb\u00e9m torna esta unidade adequada para uso subterr\u00e2neo. A luva interna fornece fluxo suave e evita perdas de press\u00e3o.<\/p>\n\n\n\n<p>Estas unidades n\u00e3o s\u00e3o adequadas para movimentos laterais.<\/p>\n\n\n\n<p>Podem ser fornecidas com pontas de tubos, ou conex\u00f5es de flanges soldadas\/rotativas fornecidas de acordo com diversas normas industriais ou fura\u00e7\u00f5es especiais.<\/p>\n\n\n\n<p>Aplica\u00e7\u00f5es de Juntas de Expans\u00e3o Pressurizadas Externamente:<\/p>\n\n\n\n<ul class=\"wp-block-list\">\n<li>Aquecimento do distrito da cidade<\/li>\n\n\n\n<li>Linhas de vapor e condensado<\/li>\n\n\n\n<li>\u00c1gua superaquecida<\/li>\n\n\n\n<li>Aplica\u00e7\u00f5es HVAC<\/li>\n\n\n\n<li>Ind\u00fastrias qu\u00edmicas e de processo<\/li>\n\n\n\n<li>Ind\u00fastria de papel e celulose<\/li>\n\n\n\n<li>Aplica\u00e7\u00f5es geot\u00e9rmicas<\/li>\n<\/ul>\n<\/div>\n<\/div>\n","protected":false},"excerpt":{"rendered":"<p>C\u00c2MARA EXTERNA SOB PRESS\u00c3O A C\u00e2mara Externa Sob Press\u00e3o \u00e9 uma excelente resposta para necessidades de grande deslocamento axial. Quando grandes deslocamentos est\u00e3o presentes em um sistema, mais convolu\u00e7\u00f5es s\u00e3o necess\u00e1rias para lidar com esses grandes movimentos axiais. Ent\u00e3o, projetar o fole torna-se um desafio para o engenheiro de juntas de expans\u00e3o devido \u00e0s preocupa\u00e7\u00f5es [&hellip;]<\/p>\n","protected":false},"author":1,"featured_media":0,"parent":27719,"menu_order":0,"comment_status":"closed","ping_status":"closed","template":"page-templates\/servicios.php","meta":{"_eb_attr":"","footnotes":""},"class_list":["post-27796","page","type-page","status-publish","hentry"],"aioseo_notices":[],"_links":{"self":[{"href":"https:\/\/klinger.pt\/es\/wp-json\/wp\/v2\/pages\/27796","targetHints":{"allow":["GET"]}}],"collection":[{"href":"https:\/\/klinger.pt\/es\/wp-json\/wp\/v2\/pages"}],"about":[{"href":"https:\/\/klinger.pt\/es\/wp-json\/wp\/v2\/types\/page"}],"author":[{"embeddable":true,"href":"https:\/\/klinger.pt\/es\/wp-json\/wp\/v2\/users\/1"}],"replies":[{"embeddable":true,"href":"https:\/\/klinger.pt\/es\/wp-json\/wp\/v2\/comments?post=27796"}],"version-history":[{"count":3,"href":"https:\/\/klinger.pt\/es\/wp-json\/wp\/v2\/pages\/27796\/revisions"}],"predecessor-version":[{"id":38189,"href":"https:\/\/klinger.pt\/es\/wp-json\/wp\/v2\/pages\/27796\/revisions\/38189"}],"up":[{"embeddable":true,"href":"https:\/\/klinger.pt\/es\/wp-json\/wp\/v2\/pages\/27719"}],"wp:attachment":[{"href":"https:\/\/klinger.pt\/es\/wp-json\/wp\/v2\/media?parent=27796"}],"curies":[{"name":"wp","href":"https:\/\/api.w.org\/{rel}","templated":true}]}}