{"id":27794,"date":"2022-09-01T10:15:43","date_gmt":"2022-09-01T09:15:43","guid":{"rendered":"https:\/\/m5j0n6nk9p.onrocket.site\/?page_id=27794"},"modified":"2023-02-28T11:10:51","modified_gmt":"2023-02-28T11:10:51","slug":"sistemas-de-absorcao-de-vibracao","status":"publish","type":"page","link":"https:\/\/klinger.pt\/es\/produtos\/outros-equipamentos-tecnicos\/compensadores-e-mangueiras-metalicas\/compensadores\/metal\/sistemas-de-absorcao-de-vibracao\/","title":{"rendered":"SISTEMAS DE ABSOR\u00c7\u00c3O DE VIBRA\u00c7\u00c3O"},"content":{"rendered":"\n<div class=\"wp-block-columns is-layout-flex wp-container-core-columns-is-layout-9d6595d7 wp-block-columns-is-layout-flex\">\n<div class=\"wp-block-column is-layout-flow wp-block-column-is-layout-flow\" style=\"flex-basis:300px\"><div class=\"wp-block-image\">\n<figure class=\"aligncenter size-large is-resized\"><img decoding=\"async\" src=\"https:\/\/klinger.pt\/wp-content\/uploads\/2022\/09\/Vibration-Absorbers-1024x683.png\" alt=\"sistemas de absor\u00e7\u00e3o de vibra\u00e7\u00e3o\" class=\"wp-image-28165\" width=\"259\" height=\"172\" srcset=\"https:\/\/klinger.pt\/wp-content\/uploads\/2022\/09\/Vibration-Absorbers-1024x683.png 1024w, https:\/\/klinger.pt\/wp-content\/uploads\/2022\/09\/Vibration-Absorbers-300x200.png 300w, https:\/\/klinger.pt\/wp-content\/uploads\/2022\/09\/Vibration-Absorbers-768x512.png 768w, https:\/\/klinger.pt\/wp-content\/uploads\/2022\/09\/Vibration-Absorbers-1400x933.png 1400w, https:\/\/klinger.pt\/wp-content\/uploads\/2022\/09\/Vibration-Absorbers.png 1500w\" sizes=\"(max-width: 259px) 100vw, 259px\" \/><\/figure>\n<\/div>\n\n\n<figure class=\"wp-block-image size-large\"><img fetchpriority=\"high\" decoding=\"async\" width=\"1024\" height=\"456\" src=\"https:\/\/klinger.pt\/wp-content\/uploads\/2022\/09\/QUADRO-5-1024x456.png\" alt=\"\" class=\"wp-image-28206\" srcset=\"https:\/\/klinger.pt\/wp-content\/uploads\/2022\/09\/QUADRO-5-1024x456.png 1024w, https:\/\/klinger.pt\/wp-content\/uploads\/2022\/09\/QUADRO-5-300x134.png 300w, https:\/\/klinger.pt\/wp-content\/uploads\/2022\/09\/QUADRO-5-768x342.png 768w, https:\/\/klinger.pt\/wp-content\/uploads\/2022\/09\/QUADRO-5-1536x684.png 1536w, https:\/\/klinger.pt\/wp-content\/uploads\/2022\/09\/QUADRO-5-2048x912.png 2048w, https:\/\/klinger.pt\/wp-content\/uploads\/2022\/09\/QUADRO-5-1400x623.png 1400w\" sizes=\"(max-width: 1024px) 100vw, 1024px\" \/><\/figure>\n<\/div>\n\n\n\n<div class=\"wp-block-column is-layout-flow wp-block-column-is-layout-flow\" style=\"flex-basis:700px\">\n<h1 class=\"wp-block-heading\">SISTEMAS DE ABSOR\u00c7\u00c3O DE VIBRA\u00c7\u00c3O<\/h1>\n\n\n\n<p>Juntas de expans\u00e3o de metal tamb\u00e9m podem ser usadas como sistemas de absor\u00e7\u00e3o de vibra\u00e7\u00e3o. Eles s\u00e3o fabricados com foles finos e multicamadas para excelentes capacidades de absor\u00e7\u00e3o de vibra\u00e7\u00e3o. Os foles multicamadas ajudam a amortecer as vibra\u00e7\u00f5es de alta frequ\u00eancia e baixa amplitude. Embora os absorvedores de vibra\u00e7\u00e3o sejam usados principalmente com conex\u00f5es flangeadas, eles tamb\u00e9m podem ser fornecidos com conex\u00f5es soldadas.<\/p>\n\n\n\n<p>Um acess\u00f3rio muito t\u00edpico com este tipo de junta de expans\u00e3o \u00e9 uma haste de limite \/ tirante para restringir o impulso de press\u00e3o do fole ou limitar os movimentos excessivos do projeto.<\/p>\n\n\n\n<p>Juntas de expans\u00e3o de metal s\u00e3o uma excelente escolha para absorver vibra\u00e7\u00f5es onde as temperaturas ou press\u00f5es s\u00e3o muito altas para juntas de expans\u00e3o de borracha. Arruelas de borracha podem ser usadas para reduzir o ru\u00eddo.<\/p>\n\n\n\n<p>Aplica\u00e7\u00f5es de absorvedores de vibra\u00e7\u00e3o:<\/p>\n\n\n\n<ul class=\"wp-block-list\">\n<li>Bombas (suc\u00e7\u00e3o ou descarga)<\/li>\n\n\n\n<li>M\u00e1quinas e equipamentos rotativos<\/li>\n\n\n\n<li>Motores<\/li>\n\n\n\n<li>Aplica\u00e7\u00f5es de exaust\u00e3o<\/li>\n\n\n\n<li>ind\u00fastria de constru\u00e7\u00e3o naval<\/li>\n<\/ul>\n<\/div>\n<\/div>\n","protected":false},"excerpt":{"rendered":"<p>SISTEMAS DE ABSOR\u00c7\u00c3O DE VIBRA\u00c7\u00c3O Juntas de expans\u00e3o de metal tamb\u00e9m podem ser usadas como sistemas de absor\u00e7\u00e3o de vibra\u00e7\u00e3o. Eles s\u00e3o fabricados com foles finos e multicamadas para excelentes capacidades de absor\u00e7\u00e3o de vibra\u00e7\u00e3o. Os foles multicamadas ajudam a amortecer as vibra\u00e7\u00f5es de alta frequ\u00eancia e baixa amplitude. Embora os absorvedores de vibra\u00e7\u00e3o sejam [&hellip;]<\/p>\n","protected":false},"author":1,"featured_media":0,"parent":27719,"menu_order":0,"comment_status":"closed","ping_status":"closed","template":"page-templates\/servicios.php","meta":{"_eb_attr":"","footnotes":""},"class_list":["post-27794","page","type-page","status-publish","hentry"],"aioseo_notices":[],"_links":{"self":[{"href":"https:\/\/klinger.pt\/es\/wp-json\/wp\/v2\/pages\/27794","targetHints":{"allow":["GET"]}}],"collection":[{"href":"https:\/\/klinger.pt\/es\/wp-json\/wp\/v2\/pages"}],"about":[{"href":"https:\/\/klinger.pt\/es\/wp-json\/wp\/v2\/types\/page"}],"author":[{"embeddable":true,"href":"https:\/\/klinger.pt\/es\/wp-json\/wp\/v2\/users\/1"}],"replies":[{"embeddable":true,"href":"https:\/\/klinger.pt\/es\/wp-json\/wp\/v2\/comments?post=27794"}],"version-history":[{"count":3,"href":"https:\/\/klinger.pt\/es\/wp-json\/wp\/v2\/pages\/27794\/revisions"}],"predecessor-version":[{"id":38594,"href":"https:\/\/klinger.pt\/es\/wp-json\/wp\/v2\/pages\/27794\/revisions\/38594"}],"up":[{"embeddable":true,"href":"https:\/\/klinger.pt\/es\/wp-json\/wp\/v2\/pages\/27719"}],"wp:attachment":[{"href":"https:\/\/klinger.pt\/es\/wp-json\/wp\/v2\/media?parent=27794"}],"curies":[{"name":"wp","href":"https:\/\/api.w.org\/{rel}","templated":true}]}}