{"id":27791,"date":"2022-09-01T10:15:00","date_gmt":"2022-09-01T09:15:00","guid":{"rendered":"https:\/\/m5j0n6nk9p.onrocket.site\/?page_id=27791"},"modified":"2023-02-28T11:10:43","modified_gmt":"2023-02-28T11:10:43","slug":"sistema-de-aquecimento-central","status":"publish","type":"page","link":"https:\/\/klinger.pt\/es\/produtos\/outros-equipamentos-tecnicos\/compensadores-e-mangueiras-metalicas\/compensadores\/metal\/sistema-de-aquecimento-central\/","title":{"rendered":"SISTEMA DE AQUECIMENTO CENTRAL"},"content":{"rendered":"\n<div class=\"wp-block-columns is-layout-flex wp-container-core-columns-is-layout-9d6595d7 wp-block-columns-is-layout-flex\">\n<div class=\"wp-block-column is-layout-flow wp-block-column-is-layout-flow\" style=\"flex-basis:300px\">\n<figure class=\"wp-block-image size-large\"><img fetchpriority=\"high\" decoding=\"async\" width=\"1024\" height=\"683\" src=\"https:\/\/klinger.pt\/wp-content\/uploads\/2022\/09\/Central-Heating-System-Type-1024x683.png\" alt=\"SISTEMA DE AQUECIMENTO CENTRAL\" class=\"wp-image-28163\" srcset=\"https:\/\/klinger.pt\/wp-content\/uploads\/2022\/09\/Central-Heating-System-Type-1024x683.png 1024w, https:\/\/klinger.pt\/wp-content\/uploads\/2022\/09\/Central-Heating-System-Type-300x200.png 300w, https:\/\/klinger.pt\/wp-content\/uploads\/2022\/09\/Central-Heating-System-Type-768x512.png 768w, https:\/\/klinger.pt\/wp-content\/uploads\/2022\/09\/Central-Heating-System-Type-1400x933.png 1400w, https:\/\/klinger.pt\/wp-content\/uploads\/2022\/09\/Central-Heating-System-Type.png 1500w\" sizes=\"(max-width: 1024px) 100vw, 1024px\" \/><\/figure>\n\n\n\n<figure class=\"wp-block-image size-large\"><img decoding=\"async\" width=\"1024\" height=\"546\" src=\"https:\/\/klinger.pt\/wp-content\/uploads\/2022\/09\/QUADRO-3-1-1024x546.png\" alt=\"\" class=\"wp-image-28202\" srcset=\"https:\/\/klinger.pt\/wp-content\/uploads\/2022\/09\/QUADRO-3-1-1024x546.png 1024w, https:\/\/klinger.pt\/wp-content\/uploads\/2022\/09\/QUADRO-3-1-300x160.png 300w, https:\/\/klinger.pt\/wp-content\/uploads\/2022\/09\/QUADRO-3-1-768x410.png 768w, https:\/\/klinger.pt\/wp-content\/uploads\/2022\/09\/QUADRO-3-1-1536x819.png 1536w, https:\/\/klinger.pt\/wp-content\/uploads\/2022\/09\/QUADRO-3-1-2048x1092.png 2048w, https:\/\/klinger.pt\/wp-content\/uploads\/2022\/09\/QUADRO-3-1-1400x747.png 1400w\" sizes=\"(max-width: 1024px) 100vw, 1024px\" \/><\/figure>\n<\/div>\n\n\n\n<div class=\"wp-block-column is-layout-flow wp-block-column-is-layout-flow\" style=\"flex-basis:700px\">\n<h1 class=\"wp-block-heading\">SISTEMA DE AQUECIMENTO CENTRAL<\/h1>\n\n\n\n<p>Deslocamentos significativos devido a movimentos t\u00e9rmicos em tubos de aquecimento central criam tens\u00f5es t\u00e9rmicas que resultam em flex\u00e3o de tubos e ru\u00eddo irritante. Para evitar estes problemas, as juntas de expans\u00e3o para Sistema de Aquecimento Central podem ser preferidas para absorver estes movimentos.<br>Este tipo de compensadores s\u00e3o compensadores axial autoguiadas. Podem ter extremidades roscadas ou soldadas especialmente constru\u00eddas para condutas de aquecimento.<br>Estes compensadores est\u00e3o equipados com foles de a\u00e7o inoxid\u00e1vel e o balan\u00e7o de material \u00e9 de a\u00e7o carbono, salvo pedido em contr\u00e1rio. Est\u00e3o protegidas com uma tampa contra danos externos, e s\u00e3o montadas facilmente.<\/p>\n\n\n\n<h2 class=\"wp-block-heading\">VANTAGENS<\/h2>\n\n\n\n<ul class=\"wp-block-list\">\n<li>S\u00e3o evitadas deforma\u00e7\u00f5es em tubos e ru\u00eddos resultantes de tens\u00f5es t\u00e9rmicas<\/li>\n\n\n\n<li>Os limites m\u00ednimos\/m\u00e1ximos e a pretens\u00e3o s\u00e3o facilmente observados com a ajuda de um pino limitador<\/li>\n\n\n\n<li>A manga interna evita perdas de press\u00e3o e desalinhamentos, enquanto a cobertura externa evita danos externos.<\/li>\n\n\n\n<li>A manga interna (liner) tamb\u00e9m previne o ru\u00eddo de \u00abassobio\u00bb devido ao fluxo<\/li>\n\n\n\n<li>A instala\u00e7\u00e3o \u00e9 f\u00e1cil e r\u00e1pida<\/li>\n\n\n\n<li>Fornecido pronto a usar<\/li>\n\n\n\n<li>Perda de baixa press\u00e3o<\/li>\n<\/ul>\n\n\n\n<h2 class=\"wp-block-heading\">APLICA\u00c7\u00d5ES<\/h2>\n\n\n\n<ul class=\"wp-block-list\">\n<li>Sistemas de aquecimento e ventila\u00e7\u00e3o, condutas de \u00e1gua, etc. em grandes edif\u00edcios, hospitais e constru\u00e7\u00f5es semelhantes<\/li>\n\n\n\n<li>Sistemas de canaliza\u00e7\u00e3o de \u00e1gua dom\u00e9stica<\/li>\n\n\n\n<li>A 70\/90\u00b0C de aquecimento, uma junta de expans\u00e3o por comprimento de tubo \u00e9 suficiente para absorver o movimento de 30 metros de tubo em a\u00e7o-carbono<\/li>\n\n\n\n<li>Uma unidade \u00e9 suficiente, em m\u00e9dia, um edif\u00edcio de 10 andares que tem 30 metros de altura numa dire\u00e7\u00e3o<\/li>\n<\/ul>\n\n\n\n<p><\/p>\n<\/div>\n<\/div>\n","protected":false},"excerpt":{"rendered":"<p>SISTEMA DE AQUECIMENTO CENTRAL Deslocamentos significativos devido a movimentos t\u00e9rmicos em tubos de aquecimento central criam tens\u00f5es t\u00e9rmicas que resultam em flex\u00e3o de tubos e ru\u00eddo irritante. Para evitar estes problemas, as juntas de expans\u00e3o para Sistema de Aquecimento Central podem ser preferidas para absorver estes movimentos.Este tipo de compensadores s\u00e3o compensadores axial autoguiadas. Podem [&hellip;]<\/p>\n","protected":false},"author":1,"featured_media":0,"parent":27719,"menu_order":0,"comment_status":"closed","ping_status":"closed","template":"page-templates\/servicios.php","meta":{"_eb_attr":"","footnotes":""},"class_list":["post-27791","page","type-page","status-publish","hentry"],"aioseo_notices":[],"_links":{"self":[{"href":"https:\/\/klinger.pt\/es\/wp-json\/wp\/v2\/pages\/27791","targetHints":{"allow":["GET"]}}],"collection":[{"href":"https:\/\/klinger.pt\/es\/wp-json\/wp\/v2\/pages"}],"about":[{"href":"https:\/\/klinger.pt\/es\/wp-json\/wp\/v2\/types\/page"}],"author":[{"embeddable":true,"href":"https:\/\/klinger.pt\/es\/wp-json\/wp\/v2\/users\/1"}],"replies":[{"embeddable":true,"href":"https:\/\/klinger.pt\/es\/wp-json\/wp\/v2\/comments?post=27791"}],"version-history":[{"count":3,"href":"https:\/\/klinger.pt\/es\/wp-json\/wp\/v2\/pages\/27791\/revisions"}],"predecessor-version":[{"id":38593,"href":"https:\/\/klinger.pt\/es\/wp-json\/wp\/v2\/pages\/27791\/revisions\/38593"}],"up":[{"embeddable":true,"href":"https:\/\/klinger.pt\/es\/wp-json\/wp\/v2\/pages\/27719"}],"wp:attachment":[{"href":"https:\/\/klinger.pt\/es\/wp-json\/wp\/v2\/media?parent=27791"}],"curies":[{"name":"wp","href":"https:\/\/api.w.org\/{rel}","templated":true}]}}