{"id":27782,"date":"2022-09-01T10:12:05","date_gmt":"2022-09-01T09:12:05","guid":{"rendered":"https:\/\/m5j0n6nk9p.onrocket.site\/?page_id=27782"},"modified":"2023-02-28T10:35:59","modified_gmt":"2023-02-28T10:35:59","slug":"pontas-para-soldar","status":"publish","type":"page","link":"https:\/\/klinger.pt\/es\/produtos\/outros-equipamentos-tecnicos\/compensadores-e-mangueiras-metalicas\/compensadores\/metal\/pontas-para-soldar\/","title":{"rendered":"PONTAS PARA SOLDAR"},"content":{"rendered":"\n<div class=\"wp-block-columns is-layout-flex wp-container-core-columns-is-layout-9d6595d7 wp-block-columns-is-layout-flex\">\n<div class=\"wp-block-column is-layout-flow wp-block-column-is-layout-flow\" style=\"flex-basis:300px\"><div class=\"wp-block-image\">\n<figure class=\"aligncenter size-full is-resized\"><img decoding=\"async\" src=\"https:\/\/klinger.pt\/wp-content\/uploads\/2022\/09\/Weld-end-expansion-joints.png\" alt=\"PONTAS PARA SOLDAR\" class=\"wp-image-28156\" width=\"192\" height=\"127\" srcset=\"https:\/\/klinger.pt\/wp-content\/uploads\/2022\/09\/Weld-end-expansion-joints.png 1024w, https:\/\/klinger.pt\/wp-content\/uploads\/2022\/09\/Weld-end-expansion-joints-300x200.png 300w, https:\/\/klinger.pt\/wp-content\/uploads\/2022\/09\/Weld-end-expansion-joints-768x512.png 768w\" sizes=\"(max-width: 192px) 100vw, 192px\" \/><\/figure>\n<\/div>\n\n\n<figure class=\"wp-block-image size-large\"><img fetchpriority=\"high\" decoding=\"async\" width=\"1024\" height=\"537\" src=\"https:\/\/klinger.pt\/wp-content\/uploads\/2022\/09\/QUADRO-1-1024x537.png\" alt=\"\" class=\"wp-image-28179\" srcset=\"https:\/\/klinger.pt\/wp-content\/uploads\/2022\/09\/QUADRO-1-1024x537.png 1024w, https:\/\/klinger.pt\/wp-content\/uploads\/2022\/09\/QUADRO-1-300x157.png 300w, https:\/\/klinger.pt\/wp-content\/uploads\/2022\/09\/QUADRO-1-768x403.png 768w, https:\/\/klinger.pt\/wp-content\/uploads\/2022\/09\/QUADRO-1-1536x806.png 1536w, https:\/\/klinger.pt\/wp-content\/uploads\/2022\/09\/QUADRO-1-2048x1075.png 2048w, https:\/\/klinger.pt\/wp-content\/uploads\/2022\/09\/QUADRO-1-1400x735.png 1400w\" sizes=\"(max-width: 1024px) 100vw, 1024px\" \/><\/figure>\n<\/div>\n\n\n\n<div class=\"wp-block-column is-layout-flow wp-block-column-is-layout-flow\" style=\"flex-basis:700px\">\n<h1 class=\"wp-block-heading\">PONTAS PARA SOLDAR<\/h1>\n\n\n\n<p>Os compensadores com pontas para soldar est\u00e3o equipadas com liga\u00e7\u00f5es de tubos de a\u00e7o carbono ou a\u00e7o inoxid\u00e1vel.<br>Ainda que possam absorver movimentos em qualquer dire\u00e7\u00e3o, este modelo \u00e9 utilizado principalmente para movimentos axiais. Se lateral \u00e9 pedido, um tipo universal pode ser mais adequado. Estes tipos de compensadores de dilata\u00e7\u00e3o podem ser fornecidos com forros de limite, coberturas, varas, dobradi\u00e7as ou sistema de cardan.<br>Dispon\u00edvel para g\u00e1s de escape, meio l\u00edquido e vapor. Os foles s\u00e3o calculados de acordo com as \u00faltimas normas EJMA. Tamb\u00e9m, os compensadores do tipo ponta de solda podem ter um fole duplo que s\u00e3o concebidas para absorver a lateral mais alta movimentos.<\/p>\n\n\n\n<h2 class=\"wp-block-heading\">VANTAGENS<\/h2>\n\n\n\n<ul class=\"wp-block-list\">\n<li>Econ\u00f3mico quando comparado com outros compensadores de extremidades de flanges<\/li>\n\n\n\n<li>N\u00e3o h\u00e1 necessidade de veda\u00e7\u00f5es<\/li>\n\n\n\n<li>Soldado, sem fugas poss\u00edveis<\/li>\n<\/ul>\n\n\n\n<h2 class=\"wp-block-heading\">APLICA\u00c7\u00d5ES<\/h2>\n\n\n\n<ul class=\"wp-block-list\">\n<li>Condutas de \u00e1gua quente e fria<\/li>\n\n\n\n<li>Condutas de aquecimento urbano<\/li>\n\n\n\n<li>Condutas de vapor<\/li>\n\n\n\n<li>Constru\u00e7\u00e3o naval e sistemas de exaust\u00e3o<\/li>\n\n\n\n<li>Aplica\u00e7\u00e3o de \u00e1gua geot\u00e9rmica<\/li>\n\n\n\n<li>Ind\u00fastria qu\u00edmica<\/li>\n\n\n\n<li>Ind\u00fastria do ferro e do a\u00e7o<\/li>\n\n\n\n<li>Ind\u00fastria de pasta e papel<\/li>\n<\/ul>\n<\/div>\n<\/div>\n","protected":false},"excerpt":{"rendered":"<p>PONTAS PARA SOLDAR Os compensadores com pontas para soldar est\u00e3o equipadas com liga\u00e7\u00f5es de tubos de a\u00e7o carbono ou a\u00e7o inoxid\u00e1vel.Ainda que possam absorver movimentos em qualquer dire\u00e7\u00e3o, este modelo \u00e9 utilizado principalmente para movimentos axiais. Se lateral \u00e9 pedido, um tipo universal pode ser mais adequado. Estes tipos de compensadores de dilata\u00e7\u00e3o podem ser [&hellip;]<\/p>\n","protected":false},"author":1,"featured_media":0,"parent":27719,"menu_order":0,"comment_status":"closed","ping_status":"closed","template":"page-templates\/servicios.php","meta":{"_eb_attr":"","footnotes":""},"class_list":["post-27782","page","type-page","status-publish","hentry"],"aioseo_notices":[],"_links":{"self":[{"href":"https:\/\/klinger.pt\/es\/wp-json\/wp\/v2\/pages\/27782","targetHints":{"allow":["GET"]}}],"collection":[{"href":"https:\/\/klinger.pt\/es\/wp-json\/wp\/v2\/pages"}],"about":[{"href":"https:\/\/klinger.pt\/es\/wp-json\/wp\/v2\/types\/page"}],"author":[{"embeddable":true,"href":"https:\/\/klinger.pt\/es\/wp-json\/wp\/v2\/users\/1"}],"replies":[{"embeddable":true,"href":"https:\/\/klinger.pt\/es\/wp-json\/wp\/v2\/comments?post=27782"}],"version-history":[{"count":3,"href":"https:\/\/klinger.pt\/es\/wp-json\/wp\/v2\/pages\/27782\/revisions"}],"predecessor-version":[{"id":38534,"href":"https:\/\/klinger.pt\/es\/wp-json\/wp\/v2\/pages\/27782\/revisions\/38534"}],"up":[{"embeddable":true,"href":"https:\/\/klinger.pt\/es\/wp-json\/wp\/v2\/pages\/27719"}],"wp:attachment":[{"href":"https:\/\/klinger.pt\/es\/wp-json\/wp\/v2\/media?parent=27782"}],"curies":[{"name":"wp","href":"https:\/\/api.w.org\/{rel}","templated":true}]}}