{"id":27768,"date":"2022-09-01T10:06:40","date_gmt":"2022-09-01T09:06:40","guid":{"rendered":"https:\/\/m5j0n6nk9p.onrocket.site\/?page_id=27768"},"modified":"2023-02-27T08:31:21","modified_gmt":"2023-02-27T08:31:21","slug":"compensadores-certificados","status":"publish","type":"page","link":"https:\/\/klinger.pt\/es\/produtos\/outros-equipamentos-tecnicos\/compensadores-e-mangueiras-metalicas\/compensadores\/compensadores-certificados\/","title":{"rendered":"COMPENSADORES CERTIFICADOS"},"content":{"rendered":"\n<div class=\"wp-block-columns is-layout-flex wp-container-core-columns-is-layout-9d6595d7 wp-block-columns-is-layout-flex\">\n<div class=\"wp-block-column is-layout-flow wp-block-column-is-layout-flow\" style=\"flex-basis:300px\"><div class=\"wp-block-image\">\n<figure class=\"aligncenter size-large is-resized\"><img decoding=\"async\" src=\"https:\/\/klinger.pt\/wp-content\/uploads\/2022\/09\/TYPE-APPROVED-EXPANSION-JOINTS-1024x683.png\" alt=\"compensadores certificados\" class=\"wp-image-28259\" width=\"260\" height=\"173\" srcset=\"https:\/\/klinger.pt\/wp-content\/uploads\/2022\/09\/TYPE-APPROVED-EXPANSION-JOINTS-1024x683.png 1024w, https:\/\/klinger.pt\/wp-content\/uploads\/2022\/09\/TYPE-APPROVED-EXPANSION-JOINTS-300x200.png 300w, https:\/\/klinger.pt\/wp-content\/uploads\/2022\/09\/TYPE-APPROVED-EXPANSION-JOINTS-768x512.png 768w, https:\/\/klinger.pt\/wp-content\/uploads\/2022\/09\/TYPE-APPROVED-EXPANSION-JOINTS-1400x933.png 1400w, https:\/\/klinger.pt\/wp-content\/uploads\/2022\/09\/TYPE-APPROVED-EXPANSION-JOINTS.png 1500w\" sizes=\"(max-width: 260px) 100vw, 260px\" \/><\/figure>\n<\/div>\n\n\n<figure class=\"wp-block-image size-large\"><img fetchpriority=\"high\" decoding=\"async\" width=\"1024\" height=\"935\" src=\"https:\/\/klinger.pt\/wp-content\/uploads\/2022\/09\/type-approved-1024x935.png\" alt=\"\" class=\"wp-image-28261\" srcset=\"https:\/\/klinger.pt\/wp-content\/uploads\/2022\/09\/type-approved-1024x935.png 1024w, https:\/\/klinger.pt\/wp-content\/uploads\/2022\/09\/type-approved-300x274.png 300w, https:\/\/klinger.pt\/wp-content\/uploads\/2022\/09\/type-approved-768x701.png 768w, https:\/\/klinger.pt\/wp-content\/uploads\/2022\/09\/type-approved-1536x1402.png 1536w, https:\/\/klinger.pt\/wp-content\/uploads\/2022\/09\/type-approved-2048x1870.png 2048w, https:\/\/klinger.pt\/wp-content\/uploads\/2022\/09\/type-approved-1400x1278.png 1400w\" sizes=\"(max-width: 1024px) 100vw, 1024px\" \/><\/figure>\n<\/div>\n\n\n\n<div class=\"wp-block-column is-layout-flow wp-block-column-is-layout-flow\" style=\"flex-basis:700px\">\n<h1 class=\"wp-block-heading\">COMPENSADORES CERTIFICADOS<\/h1>\n\n\n\n<p>Pode contar com um especialista do sector estabelecido mundialmente com todos os principais compensadores certificados nacionais e internacionais para a ind\u00fastria marinha.<\/p>\n\n\n\n<p>Os nossos produtos t\u00eam demonstrado o seu valor no mercado global h\u00e1 45 anos. Na ind\u00fastria da constru\u00e7\u00e3o naval e na sua ind\u00fastrias auxiliares, bem como no caso das juntas de expans\u00e3o de a\u00e7o offshore, foi concedido o tipo padr\u00e3o e, portanto, cumprir os regulamentos das sociedades de classifica\u00e7\u00e3o de navios, tais como o Bureau Veritas, RMRS, ABS.<\/p>\n\n\n\n<p>Os compensadores s\u00e3o componentes vitais na maioria dos navios , desde navios de guerra da marinha, petroleiros, cruzadores, navios graneleiros, ferries a iates de luxo.<\/p>\n\n\n\n<h2 class=\"wp-block-heading\">APLICA\u00c7\u00d5ES<\/h2>\n\n\n\n<p>Os compensadores podem ser utilizadas para os seguintes servi\u00e7os a bordo, dependendo do tipo:<\/p>\n\n\n\n<ul class=\"wp-block-list\">\n<li>\u00c1gua doce, vapor e condensado, ar comprimido, \u00f3leo combust\u00edvel e \u00f3leo lubrificante, \u00f3leo hidr\u00e1ulico, carga a bordo de \u00f3leo petroleiros e petroleiros qu\u00edmicos, \u00f3leo t\u00e9rmico, sistemas de gases de escape (motor, turbina, caldeira, gerador de calor, depurador)<\/li>\n<\/ul>\n<\/div>\n<\/div>\n","protected":false},"excerpt":{"rendered":"<p>COMPENSADORES CERTIFICADOS Pode contar com um especialista do sector estabelecido mundialmente com todos os principais compensadores certificados nacionais e internacionais para a ind\u00fastria marinha. Os nossos produtos t\u00eam demonstrado o seu valor no mercado global h\u00e1 45 anos. Na ind\u00fastria da constru\u00e7\u00e3o naval e na sua ind\u00fastrias auxiliares, bem como no caso das juntas de [&hellip;]<\/p>\n","protected":false},"author":1,"featured_media":0,"parent":27713,"menu_order":0,"comment_status":"closed","ping_status":"closed","template":"page-templates\/servicios.php","meta":{"_eb_attr":"","footnotes":""},"class_list":["post-27768","page","type-page","status-publish","hentry"],"aioseo_notices":[],"_links":{"self":[{"href":"https:\/\/klinger.pt\/es\/wp-json\/wp\/v2\/pages\/27768","targetHints":{"allow":["GET"]}}],"collection":[{"href":"https:\/\/klinger.pt\/es\/wp-json\/wp\/v2\/pages"}],"about":[{"href":"https:\/\/klinger.pt\/es\/wp-json\/wp\/v2\/types\/page"}],"author":[{"embeddable":true,"href":"https:\/\/klinger.pt\/es\/wp-json\/wp\/v2\/users\/1"}],"replies":[{"embeddable":true,"href":"https:\/\/klinger.pt\/es\/wp-json\/wp\/v2\/comments?post=27768"}],"version-history":[{"count":3,"href":"https:\/\/klinger.pt\/es\/wp-json\/wp\/v2\/pages\/27768\/revisions"}],"predecessor-version":[{"id":38204,"href":"https:\/\/klinger.pt\/es\/wp-json\/wp\/v2\/pages\/27768\/revisions\/38204"}],"up":[{"embeddable":true,"href":"https:\/\/klinger.pt\/es\/wp-json\/wp\/v2\/pages\/27713"}],"wp:attachment":[{"href":"https:\/\/klinger.pt\/es\/wp-json\/wp\/v2\/media?parent=27768"}],"curies":[{"name":"wp","href":"https:\/\/api.w.org\/{rel}","templated":true}]}}