{"id":27766,"date":"2022-09-01T10:05:35","date_gmt":"2022-09-01T09:05:35","guid":{"rendered":"https:\/\/m5j0n6nk9p.onrocket.site\/?page_id=27766"},"modified":"2023-02-27T08:30:41","modified_gmt":"2023-02-27T08:30:41","slug":"compensador-textil","status":"publish","type":"page","link":"https:\/\/klinger.pt\/es\/produtos\/outros-equipamentos-tecnicos\/compensadores-e-mangueiras-metalicas\/compensadores\/compensador-textil\/","title":{"rendered":"COMPENSADOR T\u00caXTIL"},"content":{"rendered":"\n<div class=\"wp-block-columns is-layout-flex wp-container-core-columns-is-layout-9d6595d7 wp-block-columns-is-layout-flex\">\n<div class=\"wp-block-column is-layout-flow wp-block-column-is-layout-flow\" style=\"flex-basis:300px\"><div class=\"wp-block-image\">\n<figure class=\"aligncenter size-full is-resized\"><img decoding=\"async\" src=\"https:\/\/klinger.pt\/wp-content\/uploads\/2022\/09\/FABRIC-EXPANSION-JOINTS.png\" alt=\"COMPENSADOR T\u00caXTIL\" class=\"wp-image-28251\" width=\"248\" height=\"165\" srcset=\"https:\/\/klinger.pt\/wp-content\/uploads\/2022\/09\/FABRIC-EXPANSION-JOINTS.png 1024w, https:\/\/klinger.pt\/wp-content\/uploads\/2022\/09\/FABRIC-EXPANSION-JOINTS-300x200.png 300w, https:\/\/klinger.pt\/wp-content\/uploads\/2022\/09\/FABRIC-EXPANSION-JOINTS-768x512.png 768w\" sizes=\"(max-width: 248px) 100vw, 248px\" \/><\/figure>\n<\/div>\n\n\n<figure class=\"wp-block-image size-large\"><img fetchpriority=\"high\" decoding=\"async\" width=\"1024\" height=\"245\" src=\"https:\/\/klinger.pt\/wp-content\/uploads\/2022\/09\/rectangular-1-1024x245.png\" alt=\"\" class=\"wp-image-28253\" srcset=\"https:\/\/klinger.pt\/wp-content\/uploads\/2022\/09\/rectangular-1-1024x245.png 1024w, https:\/\/klinger.pt\/wp-content\/uploads\/2022\/09\/rectangular-1-300x72.png 300w, https:\/\/klinger.pt\/wp-content\/uploads\/2022\/09\/rectangular-1-768x184.png 768w, https:\/\/klinger.pt\/wp-content\/uploads\/2022\/09\/rectangular-1-1536x368.png 1536w, https:\/\/klinger.pt\/wp-content\/uploads\/2022\/09\/rectangular-1-2048x490.png 2048w, https:\/\/klinger.pt\/wp-content\/uploads\/2022\/09\/rectangular-1-1400x335.png 1400w\" sizes=\"(max-width: 1024px) 100vw, 1024px\" \/><\/figure>\n<\/div>\n\n\n\n<div class=\"wp-block-column is-layout-flow wp-block-column-is-layout-flow\" style=\"flex-basis:700px\">\n<h1 class=\"wp-block-heading\">COMPENSADOR T\u00caXTIL<\/h1>\n\n\n\n<p>O Compensador T\u00eaxtil \u00e9 fabricado a partir de v\u00e1rias camadas de tecido e materiais de isolamento especialmente selecionados. Esses tecidos geralmente s\u00e3o laminados com elast\u00f4meros especiais ou fluoropol\u00edmeros para aumentar sua resist\u00eancia contra produtos qu\u00edmicos e v\u00e1rios ambientes. A camada de isolamento oferece excelente resist\u00eancia contra temperaturas muito altas.<\/p>\n\n\n\n<p>Estas juntas s\u00e3o ideais para baixas press\u00f5es e grandes di\u00e2metros. Eles s\u00e3o extremamente flex\u00edveis e t\u00eam for\u00e7as de rea\u00e7\u00e3o muito baixas ao sistema de tubula\u00e7\u00e3o. Eles s\u00e3o altamente personaliz\u00e1veis e isso d\u00e1 muitas op\u00e7\u00f5es para os projetistas de tubula\u00e7\u00e3o.<\/p>\n\n\n\n<p>Outras vantagens que eles oferecem s\u00e3o boas propriedades de elimina\u00e7\u00e3o de ru\u00eddo e vibra\u00e7\u00e3o, temperaturas de trabalho de at\u00e9 850\u00baC e flexibilidade muito alta em espa\u00e7os curtos.<\/p>\n\n\n\n<p>Juntas de expans\u00e3o de tecido s\u00e3o normalmente usadas em usinas de energia, turbinas a g\u00e1s, ind\u00fastrias de cimento, ind\u00fastrias qu\u00edmicas, sider\u00fargicas e plantas de processo.<\/p>\n\n\n\n<p>As mangas internas tamb\u00e9m podem ser utilizadas para evitar a abras\u00e3o das camadas e\/ou manter a camada de isolamento no lugar.<\/p>\n<\/div>\n<\/div>\n","protected":false},"excerpt":{"rendered":"<p>COMPENSADOR T\u00caXTIL O Compensador T\u00eaxtil \u00e9 fabricado a partir de v\u00e1rias camadas de tecido e materiais de isolamento especialmente selecionados. Esses tecidos geralmente s\u00e3o laminados com elast\u00f4meros especiais ou fluoropol\u00edmeros para aumentar sua resist\u00eancia contra produtos qu\u00edmicos e v\u00e1rios ambientes. A camada de isolamento oferece excelente resist\u00eancia contra temperaturas muito altas. Estas juntas s\u00e3o ideais [&hellip;]<\/p>\n","protected":false},"author":1,"featured_media":0,"parent":27713,"menu_order":0,"comment_status":"closed","ping_status":"closed","template":"page-templates\/servicios.php","meta":{"_eb_attr":"","footnotes":""},"class_list":["post-27766","page","type-page","status-publish","hentry"],"aioseo_notices":[],"_links":{"self":[{"href":"https:\/\/klinger.pt\/es\/wp-json\/wp\/v2\/pages\/27766","targetHints":{"allow":["GET"]}}],"collection":[{"href":"https:\/\/klinger.pt\/es\/wp-json\/wp\/v2\/pages"}],"about":[{"href":"https:\/\/klinger.pt\/es\/wp-json\/wp\/v2\/types\/page"}],"author":[{"embeddable":true,"href":"https:\/\/klinger.pt\/es\/wp-json\/wp\/v2\/users\/1"}],"replies":[{"embeddable":true,"href":"https:\/\/klinger.pt\/es\/wp-json\/wp\/v2\/comments?post=27766"}],"version-history":[{"count":3,"href":"https:\/\/klinger.pt\/es\/wp-json\/wp\/v2\/pages\/27766\/revisions"}],"predecessor-version":[{"id":38200,"href":"https:\/\/klinger.pt\/es\/wp-json\/wp\/v2\/pages\/27766\/revisions\/38200"}],"up":[{"embeddable":true,"href":"https:\/\/klinger.pt\/es\/wp-json\/wp\/v2\/pages\/27713"}],"wp:attachment":[{"href":"https:\/\/klinger.pt\/es\/wp-json\/wp\/v2\/media?parent=27766"}],"curies":[{"name":"wp","href":"https:\/\/api.w.org\/{rel}","templated":true}]}}