{"id":27763,"date":"2022-09-01T10:04:23","date_gmt":"2022-09-01T09:04:23","guid":{"rendered":"https:\/\/m5j0n6nk9p.onrocket.site\/?page_id=27763"},"modified":"2023-02-27T08:32:29","modified_gmt":"2023-02-27T08:32:29","slug":"compensadores-retangulares","status":"publish","type":"page","link":"https:\/\/klinger.pt\/es\/produtos\/outros-equipamentos-tecnicos\/compensadores-e-mangueiras-metalicas\/compensadores\/compensadores-retangulares\/","title":{"rendered":"COMPENSADORES RETANGULARES"},"content":{"rendered":"\n<div class=\"wp-block-columns is-layout-flex wp-container-core-columns-is-layout-9d6595d7 wp-block-columns-is-layout-flex\">\n<div class=\"wp-block-column is-layout-flow wp-block-column-is-layout-flow\" style=\"flex-basis:300px\"><div class=\"wp-block-image\">\n<figure class=\"aligncenter size-full is-resized\"><img decoding=\"async\" src=\"https:\/\/klinger.pt\/wp-content\/uploads\/2022\/09\/RECTANGULAR-EXPANSION-JOINTS-2.png\" alt=\"compensadores retangulares\" class=\"wp-image-28245\" width=\"262\" height=\"172\" srcset=\"https:\/\/klinger.pt\/wp-content\/uploads\/2022\/09\/RECTANGULAR-EXPANSION-JOINTS-2.png 668w, https:\/\/klinger.pt\/wp-content\/uploads\/2022\/09\/RECTANGULAR-EXPANSION-JOINTS-2-300x197.png 300w\" sizes=\"(max-width: 262px) 100vw, 262px\" \/><\/figure>\n<\/div>\n\n\n<figure class=\"wp-block-image size-large\"><img fetchpriority=\"high\" decoding=\"async\" width=\"1024\" height=\"245\" src=\"https:\/\/klinger.pt\/wp-content\/uploads\/2022\/09\/rectangular-1024x245.png\" alt=\"\" class=\"wp-image-28247\" srcset=\"https:\/\/klinger.pt\/wp-content\/uploads\/2022\/09\/rectangular-1024x245.png 1024w, https:\/\/klinger.pt\/wp-content\/uploads\/2022\/09\/rectangular-300x72.png 300w, https:\/\/klinger.pt\/wp-content\/uploads\/2022\/09\/rectangular-768x184.png 768w, https:\/\/klinger.pt\/wp-content\/uploads\/2022\/09\/rectangular-1536x368.png 1536w, https:\/\/klinger.pt\/wp-content\/uploads\/2022\/09\/rectangular-2048x490.png 2048w, https:\/\/klinger.pt\/wp-content\/uploads\/2022\/09\/rectangular-1400x335.png 1400w\" sizes=\"(max-width: 1024px) 100vw, 1024px\" \/><\/figure>\n<\/div>\n\n\n\n<div class=\"wp-block-column is-layout-flow wp-block-column-is-layout-flow\" style=\"flex-basis:700px\">\n<h1 class=\"wp-block-heading\">COMPENSADORES RETANGULARES<\/h1>\n\n\n\n<p>Os compensadores retangulares met\u00e1licos s\u00e3o concebidos para absorver movimentos nas tr\u00eas dire\u00e7\u00f5es, ou seja, axial, lateral e angular. Os foles retangulares s\u00e3o maioritariamente concebidos para aplica\u00e7\u00f5es de muito baixa press\u00e3o, tais como condutas, exaust\u00e3o, etc. sistemas, sistemas de ventila\u00e7\u00e3o, etc.<\/p>\n\n\n\n<h2 class=\"wp-block-heading\">VANTAGENS<\/h2>\n\n\n\n<ul class=\"wp-block-list\">\n<li>Podem ser concebidos e fabricados em v\u00e1rios tipos de cantos, de acordo com as condi\u00e7\u00f5es de funcionamento necess\u00e1rias.<\/li>\n\n\n\n<li>Compensa\u00e7\u00e3o na expans\u00e3o t\u00e9rmica<\/li>\n\n\n\n<li>Temperatura de trabalho at\u00e9 850\u00b0C<\/li>\n\n\n\n<li>For\u00e7a m\u00ednima de rea\u00e7\u00e3o<\/li>\n<\/ul>\n\n\n\n<h2 class=\"wp-block-heading\">APLICA\u00c7\u00d5ES<\/h2>\n\n\n\n<ul class=\"wp-block-list\">\n<li>Instala\u00e7\u00f5es de processo qu\u00edmico<\/li>\n\n\n\n<li>Fabrico de cimento<\/li>\n\n\n\n<li>Ind\u00fastria de pasta e papel<\/li>\n\n\n\n<li>Centrais el\u00e9tricas<\/li>\n\n\n\n<li>Refinarias<\/li>\n\n\n\n<li>Constru\u00e7\u00e3o naval<\/li>\n\n\n\n<li>Instala\u00e7\u00f5es sider\u00fargicas<\/li>\n\n\n\n<li>Plantas a\u00e7ucareiras<\/li>\n\n\n\n<li>Instala\u00e7\u00f5es de turbinas a g\u00e1s<\/li>\n<\/ul>\n<\/div>\n<\/div>\n","protected":false},"excerpt":{"rendered":"<p>COMPENSADORES RETANGULARES Os compensadores retangulares met\u00e1licos s\u00e3o concebidos para absorver movimentos nas tr\u00eas dire\u00e7\u00f5es, ou seja, axial, lateral e angular. Os foles retangulares s\u00e3o maioritariamente concebidos para aplica\u00e7\u00f5es de muito baixa press\u00e3o, tais como condutas, exaust\u00e3o, etc. sistemas, sistemas de ventila\u00e7\u00e3o, etc. VANTAGENS APLICA\u00c7\u00d5ES<\/p>\n","protected":false},"author":1,"featured_media":0,"parent":27713,"menu_order":0,"comment_status":"closed","ping_status":"closed","template":"page-templates\/servicios.php","meta":{"_eb_attr":"","footnotes":""},"class_list":["post-27763","page","type-page","status-publish","hentry"],"aioseo_notices":[],"_links":{"self":[{"href":"https:\/\/klinger.pt\/es\/wp-json\/wp\/v2\/pages\/27763","targetHints":{"allow":["GET"]}}],"collection":[{"href":"https:\/\/klinger.pt\/es\/wp-json\/wp\/v2\/pages"}],"about":[{"href":"https:\/\/klinger.pt\/es\/wp-json\/wp\/v2\/types\/page"}],"author":[{"embeddable":true,"href":"https:\/\/klinger.pt\/es\/wp-json\/wp\/v2\/users\/1"}],"replies":[{"embeddable":true,"href":"https:\/\/klinger.pt\/es\/wp-json\/wp\/v2\/comments?post=27763"}],"version-history":[{"count":3,"href":"https:\/\/klinger.pt\/es\/wp-json\/wp\/v2\/pages\/27763\/revisions"}],"predecessor-version":[{"id":38207,"href":"https:\/\/klinger.pt\/es\/wp-json\/wp\/v2\/pages\/27763\/revisions\/38207"}],"up":[{"embeddable":true,"href":"https:\/\/klinger.pt\/es\/wp-json\/wp\/v2\/pages\/27713"}],"wp:attachment":[{"href":"https:\/\/klinger.pt\/es\/wp-json\/wp\/v2\/media?parent=27763"}],"curies":[{"name":"wp","href":"https:\/\/api.w.org\/{rel}","templated":true}]}}