{"id":27760,"date":"2022-09-01T10:03:31","date_gmt":"2022-09-01T09:03:31","guid":{"rendered":"https:\/\/m5j0n6nk9p.onrocket.site\/?page_id=27760"},"modified":"2023-02-27T08:30:46","modified_gmt":"2023-02-27T08:30:46","slug":"fole-simples","status":"publish","type":"page","link":"https:\/\/klinger.pt\/es\/produtos\/outros-equipamentos-tecnicos\/compensadores-e-mangueiras-metalicas\/compensadores\/fole-simples\/","title":{"rendered":"COMPENSADOR FOLE SIMPLES"},"content":{"rendered":"\n<div class=\"wp-block-columns is-layout-flex wp-container-core-columns-is-layout-9d6595d7 wp-block-columns-is-layout-flex\">\n<div class=\"wp-block-column is-layout-flow wp-block-column-is-layout-flow\" style=\"flex-basis:300px\"><div class=\"wp-block-image\">\n<figure class=\"aligncenter size-full\"><img fetchpriority=\"high\" decoding=\"async\" width=\"296\" height=\"253\" src=\"https:\/\/klinger.pt\/wp-content\/uploads\/2022\/09\/Lens-Bellows.png\" alt=\"fole simples\" class=\"wp-image-28233\"\/><\/figure>\n<\/div>\n\n\n<figure class=\"wp-block-image size-large\"><img decoding=\"async\" width=\"1024\" height=\"445\" src=\"https:\/\/klinger.pt\/wp-content\/uploads\/2022\/09\/lens-bellow-1024x445.png\" alt=\"\" class=\"wp-image-28235\" srcset=\"https:\/\/klinger.pt\/wp-content\/uploads\/2022\/09\/lens-bellow-1024x445.png 1024w, https:\/\/klinger.pt\/wp-content\/uploads\/2022\/09\/lens-bellow-300x130.png 300w, https:\/\/klinger.pt\/wp-content\/uploads\/2022\/09\/lens-bellow-768x333.png 768w, https:\/\/klinger.pt\/wp-content\/uploads\/2022\/09\/lens-bellow-1536x667.png 1536w, https:\/\/klinger.pt\/wp-content\/uploads\/2022\/09\/lens-bellow-2048x889.png 2048w, https:\/\/klinger.pt\/wp-content\/uploads\/2022\/09\/lens-bellow-1400x608.png 1400w\" sizes=\"(max-width: 1024px) 100vw, 1024px\" \/><\/figure>\n<\/div>\n\n\n\n<div class=\"wp-block-column is-layout-flow wp-block-column-is-layout-flow\" style=\"flex-basis:700px\">\n<h1 class=\"wp-block-heading\">COMPENSADOR FOLE SIMPLES<\/h1>\n\n\n\n<p>O compensador fole simples pode ser a solu\u00e7\u00e3o certa para os problemas de canaliza\u00e7\u00e3o, canaliza\u00e7\u00e3o e crescimento t\u00e9rmico do vaso em compara\u00e7\u00e3o com foles met\u00e1licos convencionais de parede fina.<br>Os compensadores de parede grossa s\u00e3o utilizadas principalmente em permutadores de calor e sistemas de tubagem de grande di\u00e2metro, onde os compensadores de paredes finas n\u00e3o seriam suficientes.<\/p>\n\n\n\n<h2 class=\"wp-block-heading\">VANTAGENS<\/h2>\n\n\n\n<p>As amolgadelas e goivaduras criam levantamentos de tens\u00e3o em foles finos que resultam em fissuras de fadiga ao longo do tempo. Foles simples t\u00eam a vantagem de suportar melhor os danos mec\u00e2nicos do que o fole de parede fina.<\/p>\n\n\n\n<ul class=\"wp-block-list\">\n<li>Tamanhos de DN200-DN8000<\/li>\n\n\n\n<li>A parede mais espessa do fole simples aguenta melhor os ataques de corros\u00e3o<\/li>\n\n\n\n<li>A repara\u00e7\u00e3o de soldaduras pode ser executada por pessoal de manuten\u00e7\u00e3o de plantas em fole de parede grossa.<\/li>\n\n\n\n<li>Acoplamentos de drenagem podem ser adicionados ao fundo da convolu\u00e7\u00e3o para evitar a acumula\u00e7\u00e3o de condensado<\/li>\n\n\n\n<li>Utiliza\u00e7\u00e3o comum de material de a\u00e7o-carbono<\/li>\n\n\n\n<li>Altura de convolu\u00e7\u00e3o sem limites<\/li>\n\n\n\n<li>A parede espessa e de alta convolu\u00e7\u00e3o \u00e9 dur\u00e1vel e dura muito tempo.<\/li>\n<\/ul>\n\n\n\n<h2 class=\"wp-block-heading\">APLICA\u00c7\u00d5ES<\/h2>\n\n\n\n<ul class=\"wp-block-list\">\n<li>Ind\u00fastria do ferro e do a\u00e7o<\/li>\n\n\n\n<li>Ind\u00fastria mineira<\/li>\n\n\n\n<li>Ind\u00fastria Qu\u00edmica<\/li>\n\n\n\n<li>Esta\u00e7\u00f5es de Energia<\/li>\n\n\n\n<li>F\u00e1bricas de Cimento<\/li>\n<\/ul>\n<\/div>\n<\/div>\n","protected":false},"excerpt":{"rendered":"<p>COMPENSADOR FOLE SIMPLES O compensador fole simples pode ser a solu\u00e7\u00e3o certa para os problemas de canaliza\u00e7\u00e3o, canaliza\u00e7\u00e3o e crescimento t\u00e9rmico do vaso em compara\u00e7\u00e3o com foles met\u00e1licos convencionais de parede fina.Os compensadores de parede grossa s\u00e3o utilizadas principalmente em permutadores de calor e sistemas de tubagem de grande di\u00e2metro, onde os compensadores de paredes [&hellip;]<\/p>\n","protected":false},"author":1,"featured_media":0,"parent":27713,"menu_order":0,"comment_status":"closed","ping_status":"closed","template":"page-templates\/servicios.php","meta":{"_eb_attr":"","footnotes":""},"class_list":["post-27760","page","type-page","status-publish","hentry"],"aioseo_notices":[],"_links":{"self":[{"href":"https:\/\/klinger.pt\/es\/wp-json\/wp\/v2\/pages\/27760","targetHints":{"allow":["GET"]}}],"collection":[{"href":"https:\/\/klinger.pt\/es\/wp-json\/wp\/v2\/pages"}],"about":[{"href":"https:\/\/klinger.pt\/es\/wp-json\/wp\/v2\/types\/page"}],"author":[{"embeddable":true,"href":"https:\/\/klinger.pt\/es\/wp-json\/wp\/v2\/users\/1"}],"replies":[{"embeddable":true,"href":"https:\/\/klinger.pt\/es\/wp-json\/wp\/v2\/comments?post=27760"}],"version-history":[{"count":4,"href":"https:\/\/klinger.pt\/es\/wp-json\/wp\/v2\/pages\/27760\/revisions"}],"predecessor-version":[{"id":38201,"href":"https:\/\/klinger.pt\/es\/wp-json\/wp\/v2\/pages\/27760\/revisions\/38201"}],"up":[{"embeddable":true,"href":"https:\/\/klinger.pt\/es\/wp-json\/wp\/v2\/pages\/27713"}],"wp:attachment":[{"href":"https:\/\/klinger.pt\/es\/wp-json\/wp\/v2\/media?parent=27760"}],"curies":[{"name":"wp","href":"https:\/\/api.w.org\/{rel}","templated":true}]}}