{"id":27757,"date":"2022-09-01T10:02:32","date_gmt":"2022-09-01T09:02:32","guid":{"rendered":"https:\/\/m5j0n6nk9p.onrocket.site\/?page_id=27757"},"modified":"2023-02-27T08:30:52","modified_gmt":"2023-02-27T08:30:52","slug":"compensador-de-borracha","status":"publish","type":"page","link":"https:\/\/klinger.pt\/es\/produtos\/outros-equipamentos-tecnicos\/compensadores-e-mangueiras-metalicas\/compensadores\/compensador-de-borracha\/","title":{"rendered":"COMPENSADOR DE BORRACHA"},"content":{"rendered":"\n<div class=\"wp-block-columns is-layout-flex wp-container-core-columns-is-layout-9d6595d7 wp-block-columns-is-layout-flex\">\n<div class=\"wp-block-column is-layout-flow wp-block-column-is-layout-flow\" style=\"flex-basis:300px\"><div class=\"wp-block-image\">\n<figure class=\"aligncenter size-full is-resized\"><img decoding=\"async\" src=\"https:\/\/klinger.pt\/wp-content\/uploads\/2022\/09\/RUBBER-EXPANSION-JOINTS.png\" alt=\"COMPENSADOR DE BORRACHA\" class=\"wp-image-28227\" width=\"248\" height=\"165\" srcset=\"https:\/\/klinger.pt\/wp-content\/uploads\/2022\/09\/RUBBER-EXPANSION-JOINTS.png 1024w, https:\/\/klinger.pt\/wp-content\/uploads\/2022\/09\/RUBBER-EXPANSION-JOINTS-300x200.png 300w, https:\/\/klinger.pt\/wp-content\/uploads\/2022\/09\/RUBBER-EXPANSION-JOINTS-768x512.png 768w\" sizes=\"(max-width: 248px) 100vw, 248px\" \/><\/figure>\n<\/div>\n\n\n<figure class=\"wp-block-image size-large\"><img fetchpriority=\"high\" decoding=\"async\" width=\"1024\" height=\"480\" src=\"https:\/\/klinger.pt\/wp-content\/uploads\/2022\/09\/rubber-1024x480.png\" alt=\"\" class=\"wp-image-28229\" srcset=\"https:\/\/klinger.pt\/wp-content\/uploads\/2022\/09\/rubber-1024x480.png 1024w, https:\/\/klinger.pt\/wp-content\/uploads\/2022\/09\/rubber-300x141.png 300w, https:\/\/klinger.pt\/wp-content\/uploads\/2022\/09\/rubber-768x360.png 768w, https:\/\/klinger.pt\/wp-content\/uploads\/2022\/09\/rubber-1536x721.png 1536w, https:\/\/klinger.pt\/wp-content\/uploads\/2022\/09\/rubber-2048x961.png 2048w, https:\/\/klinger.pt\/wp-content\/uploads\/2022\/09\/rubber-1400x657.png 1400w\" sizes=\"(max-width: 1024px) 100vw, 1024px\" \/><\/figure>\n<\/div>\n\n\n\n<div class=\"wp-block-column is-layout-flow wp-block-column-is-layout-flow\" style=\"flex-basis:700px\">\n<h1 class=\"wp-block-heading\">COMPENSADOR BORRACHA<\/h1>\n\n\n\n<p>Um dos produtos mais flex\u00edveis do portef\u00f3lio da KLINGER Portugal \u00e9 o compensador de borracha. Com corpo fabricado em EPDM, NBR, CR, SBR, proporciona excelente flexibilidade em comprimentos curtos. Flanges fabricados a partir de v\u00e1rios graus de carbono e a\u00e7o inoxid\u00e1vel e ferro fundido de acordo com v\u00e1rios padr\u00f5es da ind\u00fastria.<\/p>\n\n\n\n<p>Temperaturas de trabalho de at\u00e9 110\u00baC e press\u00f5es de trabalho de 16 bars. As juntas de expans\u00e3o de borracha s\u00e3o usadas em uma variedade de aplica\u00e7\u00f5es, especialmente para absorver vibra\u00e7\u00f5es.<\/p>\n\n\n\n<p>As juntas de expans\u00e3o de borracha s\u00e3o de custo relativamente baixo, baixo peso e podem ser fornecidas de forma relativamente r\u00e1pida, pois s\u00e3o produtos padr\u00e3o. Nenhuma junta \u00e9 necess\u00e1ria durante a instala\u00e7\u00e3o, pois o corpo de borracha atua como uma junta. Devido \u00e0s propriedades inerentes do material, as juntas de expans\u00e3o de borracha s\u00e3o boas para absorver movimentos de choque e todos os tr\u00eas tipos de movimentos (axial, lateral, angular) podem ser absorvidos.<\/p>\n\n\n\n<p>O corpo de borracha \u00e9 normalmente refor\u00e7ado com fio de nylon, mantendo sua flexibilidade.<\/p>\n\n\n\n<p>A KLINGER Portugal tamb\u00e9m fornece tirantes com juntas de dilata\u00e7\u00e3o de borracha a pedido. Essas hastes limitam os movimentos excessivos e restringem o impulso de press\u00e3o.<\/p>\n\n\n\n<p>EPDM: Bom para aplica\u00e7\u00f5es como \u00e1guas residuais alcalinas e alguns compostos qu\u00edmicos, exceto hidrocarbonetos. Tamb\u00e9m \u00e9 resistente ao oz\u00f4nio e \u00e0 corros\u00e3o. Tem boa resist\u00eancia ao calor e propriedades de isolamento el\u00e9trico.<\/p>\n\n\n\n<p>NBR: Geralmente tem boa resist\u00eancia a hidrocarbonetos e \u00f3leos. Os foles NBR t\u00eam boa resist\u00eancia \u00e0 abras\u00e3o em compara\u00e7\u00e3o com outros foles de borracha. \u00c1reas de aplica\u00e7\u00e3o t\u00edpicas incluem \u00f3leos, solventes, \u00e1gua e graxas.<\/p>\n\n\n\n<p>CR: \u00c9 conhecido pela boa resist\u00eancia a \u00f3leos e graxas. CR tem mais resist\u00eancia ao oz\u00f4nio, clima e envelhecimento do que a borracha natural. Pode ser usado em temperaturas t\u00e3o baixas quanto -40\u00baC.<\/p>\n\n\n\n<p>SBR: Possui boa resist\u00eancia para aplica\u00e7\u00f5es abrasivas com boa resist\u00eancia ao impacto e resili\u00eancia. \u00c9 conhecido por ser um pol\u00edmero com boa resist\u00eancia mec\u00e2nica.<\/p>\n\n\n\n<h2 class=\"wp-block-heading\">APLICA\u00c7\u00d5ES DO COMPENSADOR DE BORRACHA:<\/h2>\n\n\n\n<ul class=\"wp-block-list\">\n<li>Bombas (suc\u00e7\u00e3o e descarga)<\/li>\n\n\n\n<li>Equipamento e maquinaria rotativa<\/li>\n\n\n\n<li>Ind\u00fastria HVAC<\/li>\n\n\n\n<li>Linhas de esgotos<\/li>\n\n\n\n<li>Ind\u00fastria de pasta e papel<\/li>\n\n\n\n<li>Plantas de dessaliniza\u00e7\u00e3o<\/li>\n\n\n\n<li>Ind\u00fastria marinha<\/li>\n\n\n\n<li>Unidades frigor\u00edficas<\/li>\n<\/ul>\n<\/div>\n<\/div>\n","protected":false},"excerpt":{"rendered":"<p>COMPENSADOR BORRACHA Um dos produtos mais flex\u00edveis do portef\u00f3lio da KLINGER Portugal \u00e9 o compensador de borracha. Com corpo fabricado em EPDM, NBR, CR, SBR, proporciona excelente flexibilidade em comprimentos curtos. Flanges fabricados a partir de v\u00e1rios graus de carbono e a\u00e7o inoxid\u00e1vel e ferro fundido de acordo com v\u00e1rios padr\u00f5es da ind\u00fastria. Temperaturas de [&hellip;]<\/p>\n","protected":false},"author":1,"featured_media":0,"parent":27713,"menu_order":0,"comment_status":"closed","ping_status":"closed","template":"page-templates\/servicios.php","meta":{"_eb_attr":"","footnotes":""},"class_list":["post-27757","page","type-page","status-publish","hentry"],"aioseo_notices":[],"_links":{"self":[{"href":"https:\/\/klinger.pt\/es\/wp-json\/wp\/v2\/pages\/27757","targetHints":{"allow":["GET"]}}],"collection":[{"href":"https:\/\/klinger.pt\/es\/wp-json\/wp\/v2\/pages"}],"about":[{"href":"https:\/\/klinger.pt\/es\/wp-json\/wp\/v2\/types\/page"}],"author":[{"embeddable":true,"href":"https:\/\/klinger.pt\/es\/wp-json\/wp\/v2\/users\/1"}],"replies":[{"embeddable":true,"href":"https:\/\/klinger.pt\/es\/wp-json\/wp\/v2\/comments?post=27757"}],"version-history":[{"count":6,"href":"https:\/\/klinger.pt\/es\/wp-json\/wp\/v2\/pages\/27757\/revisions"}],"predecessor-version":[{"id":38202,"href":"https:\/\/klinger.pt\/es\/wp-json\/wp\/v2\/pages\/27757\/revisions\/38202"}],"up":[{"embeddable":true,"href":"https:\/\/klinger.pt\/es\/wp-json\/wp\/v2\/pages\/27713"}],"wp:attachment":[{"href":"https:\/\/klinger.pt\/es\/wp-json\/wp\/v2\/media?parent=27757"}],"curies":[{"name":"wp","href":"https:\/\/api.w.org\/{rel}","templated":true}]}}