{"id":27719,"date":"2022-09-01T09:50:13","date_gmt":"2022-09-01T08:50:13","guid":{"rendered":"https:\/\/m5j0n6nk9p.onrocket.site\/?page_id=27719"},"modified":"2023-05-12T16:37:52","modified_gmt":"2023-05-12T15:37:52","slug":"metal","status":"publish","type":"page","link":"https:\/\/klinger.pt\/es\/produtos\/outros-equipamentos-tecnicos\/compensadores-e-mangueiras-metalicas\/compensadores\/metal\/","title":{"rendered":"COMPENSADORES MET\u00c1LICOS"},"content":{"rendered":"\n<h1 class=\"wp-block-heading\">COMPENSADORES MET\u00c1LICOS<\/h1>\n\n\n\n<div style=\"height:25px\" aria-hidden=\"true\" class=\"wp-block-spacer\"><\/div>\n\n\n\n<div class=\"wp-block-columns has-2-columns is-layout-flex wp-container-core-columns-is-layout-9d6595d7 wp-block-columns-is-layout-flex\">\n<div class=\"wp-block-column is-layout-flow wp-block-column-is-layout-flow\">\n<figure class=\"wp-block-table flecha\"><table><tbody><tr><td class=\"has-text-align-center\" data-align=\"center\"><img decoding=\"async\" width=\"150\" height=\"100\" class=\"wp-image-28156\" style=\"width: 150px;\" src=\"https:\/\/klinger.pt\/wp-content\/uploads\/2022\/09\/Weld-end-expansion-joints.png\" alt=\"\" srcset=\"https:\/\/klinger.pt\/wp-content\/uploads\/2022\/09\/Weld-end-expansion-joints.png 1024w, https:\/\/klinger.pt\/wp-content\/uploads\/2022\/09\/Weld-end-expansion-joints-300x200.png 300w, https:\/\/klinger.pt\/wp-content\/uploads\/2022\/09\/Weld-end-expansion-joints-768x512.png 768w\" sizes=\"(max-width: 150px) 100vw, 150px\" \/><\/td><td><a href=\"https:\/\/klinger.pt\/produtos\/outros-equipamentos-tecnicos\/compensadores-e-mangueiras-metalicas\/compensadores\/metal\/pontas-para-soldar\/\" title=\"\"><strong>PONTAS PARA SOLDAR<\/strong><br><\/a><br><a href=\"https:\/\/klinger.pt\/produtos\/outros-equipamentos-tecnicos\/compensadores-e-mangueiras-metalicas\/compensadores\/metal\/pontas-para-soldar\/\" title=\"\ufffc\"><img decoding=\"async\" class=\"wp-image-2704\" style=\"width: 18px;\" src=\"https:\/\/www.klinger.es\/wp-content\/uploads\/2019\/11\/icon-arrow-blue-double.png\" alt=\"\"><\/a><\/td><\/tr><\/tbody><\/table><\/figure>\n<\/div>\n\n\n\n<div class=\"wp-block-column is-layout-flow wp-block-column-is-layout-flow\">\n<figure class=\"wp-block-table flecha\"><table><tbody><tr><td class=\"has-text-align-center\" data-align=\"center\"><img decoding=\"async\" width=\"200\" height=\"133\" class=\"wp-image-28159\" style=\"width: 200px;\" src=\"https:\/\/klinger.pt\/wp-content\/uploads\/2022\/09\/Floating-Flanged-Expansion-Joints.png\" alt=\"\" srcset=\"https:\/\/klinger.pt\/wp-content\/uploads\/2022\/09\/Floating-Flanged-Expansion-Joints.png 1500w, https:\/\/klinger.pt\/wp-content\/uploads\/2022\/09\/Floating-Flanged-Expansion-Joints-300x200.png 300w, https:\/\/klinger.pt\/wp-content\/uploads\/2022\/09\/Floating-Flanged-Expansion-Joints-1024x683.png 1024w, https:\/\/klinger.pt\/wp-content\/uploads\/2022\/09\/Floating-Flanged-Expansion-Joints-768x512.png 768w, https:\/\/klinger.pt\/wp-content\/uploads\/2022\/09\/Floating-Flanged-Expansion-Joints-1400x933.png 1400w\" sizes=\"(max-width: 200px) 100vw, 200px\" \/><\/td><td><a href=\"https:\/\/klinger.pt\/produtos\/outros-equipamentos-tecnicos\/compensadores-e-mangueiras-metalicas\/compensadores\/metal\/flange-louca\/\" title=\"\"><strong>FLANGE LOUCA<\/strong><br><\/a><br><a href=\"https:\/\/klinger.pt\/produtos\/outros-equipamentos-tecnicos\/compensadores-e-mangueiras-metalicas\/compensadores\/metal\/flange-louca\/\" title=\"\ufffc\"><img decoding=\"async\" class=\"wp-image-2704\" style=\"width: 18px;\" src=\"https:\/\/www.klinger.es\/wp-content\/uploads\/2019\/11\/icon-arrow-blue-double.png\" alt=\"\"><\/a><\/td><\/tr><\/tbody><\/table><\/figure>\n<\/div>\n<\/div>\n\n\n\n<div class=\"wp-block-columns has-2-columns is-layout-flex wp-container-core-columns-is-layout-9d6595d7 wp-block-columns-is-layout-flex\">\n<div class=\"wp-block-column is-layout-flow wp-block-column-is-layout-flow\">\n<figure class=\"wp-block-table flecha\"><table><tbody><tr><td class=\"has-text-align-center\" data-align=\"center\"><img decoding=\"async\" width=\"200\" height=\"133\" class=\"wp-image-28161\" style=\"width: 200px;\" src=\"https:\/\/klinger.pt\/wp-content\/uploads\/2022\/09\/Fixed-Flanged-Expansion-Joints.png\" alt=\"\" srcset=\"https:\/\/klinger.pt\/wp-content\/uploads\/2022\/09\/Fixed-Flanged-Expansion-Joints.png 1017w, https:\/\/klinger.pt\/wp-content\/uploads\/2022\/09\/Fixed-Flanged-Expansion-Joints-300x200.png 300w, https:\/\/klinger.pt\/wp-content\/uploads\/2022\/09\/Fixed-Flanged-Expansion-Joints-768x512.png 768w\" sizes=\"(max-width: 200px) 100vw, 200px\" \/><\/td><td><a href=\"https:\/\/klinger.pt\/produtos\/outros-equipamentos-tecnicos\/compensadores-e-mangueiras-metalicas\/compensadores\/metal\/flange-fixa\/\" title=\"\"><strong>FLANGE FIXA<\/strong><br><\/a><br><a href=\"https:\/\/klinger.pt\/produtos\/outros-equipamentos-tecnicos\/compensadores-e-mangueiras-metalicas\/compensadores\/metal\/flange-fixa\/\" title=\"\ufffc\"><img decoding=\"async\" class=\"wp-image-2704\" style=\"width: 18px;\" src=\"https:\/\/www.klinger.es\/wp-content\/uploads\/2019\/11\/icon-arrow-blue-double.png\" alt=\"\"><\/a><\/td><\/tr><\/tbody><\/table><\/figure>\n<\/div>\n\n\n\n<div class=\"wp-block-column is-layout-flow wp-block-column-is-layout-flow\">\n<figure class=\"wp-block-table flecha\"><table><tbody><tr><td class=\"has-text-align-center\" data-align=\"center\"><img loading=\"lazy\" decoding=\"async\" width=\"200\" height=\"133\" class=\"wp-image-28163\" style=\"width: 200px;\" src=\"https:\/\/klinger.pt\/wp-content\/uploads\/2022\/09\/Central-Heating-System-Type.png\" alt=\"\" srcset=\"https:\/\/klinger.pt\/wp-content\/uploads\/2022\/09\/Central-Heating-System-Type.png 1500w, https:\/\/klinger.pt\/wp-content\/uploads\/2022\/09\/Central-Heating-System-Type-300x200.png 300w, https:\/\/klinger.pt\/wp-content\/uploads\/2022\/09\/Central-Heating-System-Type-1024x683.png 1024w, https:\/\/klinger.pt\/wp-content\/uploads\/2022\/09\/Central-Heating-System-Type-768x512.png 768w, https:\/\/klinger.pt\/wp-content\/uploads\/2022\/09\/Central-Heating-System-Type-1400x933.png 1400w\" sizes=\"(max-width: 200px) 100vw, 200px\" \/><\/td><td><strong><a href=\"https:\/\/klinger.pt\/produtos\/outros-equipamentos-tecnicos\/compensadores-e-mangueiras-metalicas\/compensadores\/metal\/sistema-de-aquecimento-central\/\" title=\"\">COMPENSADOR PARA SISTEMA DE AQUECIMENTO<\/a><\/strong><br><br><a href=\"https:\/\/klinger.pt\/produtos\/outros-equipamentos-tecnicos\/compensadores-e-mangueiras-metalicas\/compensadores\/metal\/sistema-de-aquecimento-central\/\" title=\"\ufffc\"><img decoding=\"async\" class=\"wp-image-2704\" style=\"width: 18px;\" src=\"https:\/\/www.klinger.es\/wp-content\/uploads\/2019\/11\/icon-arrow-blue-double.png\" alt=\"\"><\/a><\/td><\/tr><\/tbody><\/table><\/figure>\n<\/div>\n<\/div>\n\n\n\n<div class=\"wp-block-columns has-2-columns is-layout-flex wp-container-core-columns-is-layout-9d6595d7 wp-block-columns-is-layout-flex\">\n<div class=\"wp-block-column is-layout-flow wp-block-column-is-layout-flow\">\n<figure class=\"wp-block-table flecha\"><table><tbody><tr><td class=\"has-text-align-center\" data-align=\"center\"><img loading=\"lazy\" decoding=\"async\" width=\"200\" height=\"133\" class=\"wp-image-28165\" style=\"width: 200px;\" src=\"https:\/\/klinger.pt\/wp-content\/uploads\/2022\/09\/Vibration-Absorbers.png\" alt=\"\" srcset=\"https:\/\/klinger.pt\/wp-content\/uploads\/2022\/09\/Vibration-Absorbers.png 1500w, https:\/\/klinger.pt\/wp-content\/uploads\/2022\/09\/Vibration-Absorbers-300x200.png 300w, https:\/\/klinger.pt\/wp-content\/uploads\/2022\/09\/Vibration-Absorbers-1024x683.png 1024w, https:\/\/klinger.pt\/wp-content\/uploads\/2022\/09\/Vibration-Absorbers-768x512.png 768w, https:\/\/klinger.pt\/wp-content\/uploads\/2022\/09\/Vibration-Absorbers-1400x933.png 1400w\" sizes=\"(max-width: 200px) 100vw, 200px\" \/><\/td><td><strong><a href=\"https:\/\/klinger.pt\/produtos\/outros-equipamentos-tecnicos\/compensadores-e-mangueiras-metalicas\/compensadores\/metal\/sistemas-de-absorcao-de-vibracao\/\" title=\"\">SISTEMAS DE ABSOR\u00c7\u00c3O DE VIBRA\u00c7\u00c3O<\/a><\/strong><br><br><a href=\"https:\/\/klinger.pt\/produtos\/outros-equipamentos-tecnicos\/compensadores-e-mangueiras-metalicas\/compensadores\/metal\/sistemas-de-absorcao-de-vibracao\/\" title=\"\ufffc\"><img decoding=\"async\" class=\"wp-image-2704\" style=\"width: 18px;\" src=\"https:\/\/www.klinger.es\/wp-content\/uploads\/2019\/11\/icon-arrow-blue-double.png\" alt=\"\"><\/a><\/td><\/tr><\/tbody><\/table><\/figure>\n<\/div>\n\n\n\n<div class=\"wp-block-column is-layout-flow wp-block-column-is-layout-flow\">\n<figure class=\"wp-block-table flecha\"><table><tbody><tr><td class=\"has-text-align-center\" data-align=\"center\"><img loading=\"lazy\" decoding=\"async\" width=\"200\" height=\"133\" class=\"wp-image-28167\" style=\"width: 200px;\" src=\"https:\/\/klinger.pt\/wp-content\/uploads\/2022\/09\/Externally-Pressurized.png\" alt=\"\" srcset=\"https:\/\/klinger.pt\/wp-content\/uploads\/2022\/09\/Externally-Pressurized.png 1500w, https:\/\/klinger.pt\/wp-content\/uploads\/2022\/09\/Externally-Pressurized-300x200.png 300w, https:\/\/klinger.pt\/wp-content\/uploads\/2022\/09\/Externally-Pressurized-1024x683.png 1024w, https:\/\/klinger.pt\/wp-content\/uploads\/2022\/09\/Externally-Pressurized-768x512.png 768w, https:\/\/klinger.pt\/wp-content\/uploads\/2022\/09\/Externally-Pressurized-1400x933.png 1400w\" sizes=\"(max-width: 200px) 100vw, 200px\" \/><\/td><td><strong><a href=\"https:\/\/klinger.pt\/produtos\/outros-equipamentos-tecnicos\/compensadores-e-mangueiras-metalicas\/compensadores\/metal\/camara-externa-sob-pressao\/\" title=\"\">C\u00c2MARA EXTERNA SOB PRESS\u00c3O<\/a><\/strong><br><br><a href=\"https:\/\/klinger.pt\/produtos\/outros-equipamentos-tecnicos\/compensadores-e-mangueiras-metalicas\/compensadores\/metal\/camara-externa-sob-pressao\/\" title=\"\ufffc\"><img decoding=\"async\" class=\"wp-image-2704\" style=\"width: 18px;\" src=\"https:\/\/www.klinger.es\/wp-content\/uploads\/2019\/11\/icon-arrow-blue-double.png\" alt=\"\"><\/a><\/td><\/tr><\/tbody><\/table><\/figure>\n<\/div>\n<\/div>\n\n\n\n<div class=\"wp-block-columns has-2-columns is-layout-flex wp-container-core-columns-is-layout-9d6595d7 wp-block-columns-is-layout-flex\">\n<div class=\"wp-block-column is-layout-flow wp-block-column-is-layout-flow\">\n<figure class=\"wp-block-table flecha\"><table><tbody><tr><td class=\"has-text-align-center\" data-align=\"center\"><img loading=\"lazy\" decoding=\"async\" width=\"220\" height=\"147\" class=\"wp-image-28169\" style=\"width: 220px;\" src=\"https:\/\/klinger.pt\/wp-content\/uploads\/2022\/09\/Seismic-with-Rods-copiar.png\" alt=\"\" srcset=\"https:\/\/klinger.pt\/wp-content\/uploads\/2022\/09\/Seismic-with-Rods-copiar.png 1500w, https:\/\/klinger.pt\/wp-content\/uploads\/2022\/09\/Seismic-with-Rods-copiar-300x200.png 300w, https:\/\/klinger.pt\/wp-content\/uploads\/2022\/09\/Seismic-with-Rods-copiar-1024x683.png 1024w, https:\/\/klinger.pt\/wp-content\/uploads\/2022\/09\/Seismic-with-Rods-copiar-768x512.png 768w, https:\/\/klinger.pt\/wp-content\/uploads\/2022\/09\/Seismic-with-Rods-copiar-1400x933.png 1400w\" sizes=\"(max-width: 220px) 100vw, 220px\" \/><\/td><td><strong><a href=\"https:\/\/klinger.pt\/produtos\/outros-equipamentos-tecnicos\/compensadores-e-mangueiras-metalicas\/compensadores\/metal\/anti-sismo-com-tirantes\/\" title=\"\">DESENHO ANTI SISMO COM TIRANTES<\/a><\/strong><br><br><a href=\"https:\/\/klinger.pt\/produtos\/outros-equipamentos-tecnicos\/compensadores-e-mangueiras-metalicas\/compensadores\/metal\/anti-sismo-com-tirantes\/\" title=\"\ufffc\"><img decoding=\"async\" class=\"wp-image-2704\" style=\"width: 18px;\" src=\"https:\/\/www.klinger.es\/wp-content\/uploads\/2019\/11\/icon-arrow-blue-double.png\" alt=\"\"><\/a><\/td><\/tr><\/tbody><\/table><\/figure>\n<\/div>\n\n\n\n<div class=\"wp-block-column is-layout-flow wp-block-column-is-layout-flow\">\n<figure class=\"wp-block-table flecha\"><table><tbody><tr><td class=\"has-text-align-center\" data-align=\"center\"><img loading=\"lazy\" decoding=\"async\" width=\"220\" height=\"147\" class=\"wp-image-28171\" style=\"width: 220px;\" src=\"https:\/\/klinger.pt\/wp-content\/uploads\/2022\/09\/SEISMIC-WITH-GIMBALS.png\" alt=\"\" srcset=\"https:\/\/klinger.pt\/wp-content\/uploads\/2022\/09\/SEISMIC-WITH-GIMBALS.png 1500w, https:\/\/klinger.pt\/wp-content\/uploads\/2022\/09\/SEISMIC-WITH-GIMBALS-300x200.png 300w, https:\/\/klinger.pt\/wp-content\/uploads\/2022\/09\/SEISMIC-WITH-GIMBALS-1024x683.png 1024w, https:\/\/klinger.pt\/wp-content\/uploads\/2022\/09\/SEISMIC-WITH-GIMBALS-768x512.png 768w, https:\/\/klinger.pt\/wp-content\/uploads\/2022\/09\/SEISMIC-WITH-GIMBALS-1400x933.png 1400w\" sizes=\"(max-width: 220px) 100vw, 220px\" \/><\/td><td><strong><a href=\"https:\/\/klinger.pt\/produtos\/outros-equipamentos-tecnicos\/compensadores-e-mangueiras-metalicas\/compensadores\/metal\/desenho-anti-sismo-com-cardan\/\" title=\"\">DESENHO ANTI SISMO COM CARDAN<\/a><\/strong><br><br><a href=\"https:\/\/klinger.pt\/produtos\/outros-equipamentos-tecnicos\/compensadores-e-mangueiras-metalicas\/compensadores\/metal\/desenho-anti-sismo-com-cardan\/\" title=\"\ufffc\"><img decoding=\"async\" class=\"wp-image-2704\" style=\"width: 18px;\" src=\"https:\/\/www.klinger.es\/wp-content\/uploads\/2019\/11\/icon-arrow-blue-double.png\" alt=\"\"><\/a><\/td><\/tr><\/tbody><\/table><\/figure>\n<\/div>\n<\/div>\n","protected":false},"excerpt":{"rendered":"<p>COMPENSADORES MET\u00c1LICOS PONTAS PARA SOLDAR FLANGE LOUCA FLANGE FIXA COMPENSADOR PARA SISTEMA DE AQUECIMENTO SISTEMAS DE ABSOR\u00c7\u00c3O DE VIBRA\u00c7\u00c3O C\u00c2MARA EXTERNA SOB PRESS\u00c3O DESENHO ANTI SISMO COM TIRANTES DESENHO ANTI SISMO COM CARDAN<\/p>\n","protected":false},"author":1,"featured_media":42576,"parent":27713,"menu_order":0,"comment_status":"closed","ping_status":"closed","template":"page-templates\/secciones-principales.php","meta":{"_eb_attr":"","footnotes":""},"class_list":["post-27719","page","type-page","status-publish","has-post-thumbnail","hentry"],"aioseo_notices":[],"_links":{"self":[{"href":"https:\/\/klinger.pt\/es\/wp-json\/wp\/v2\/pages\/27719","targetHints":{"allow":["GET"]}}],"collection":[{"href":"https:\/\/klinger.pt\/es\/wp-json\/wp\/v2\/pages"}],"about":[{"href":"https:\/\/klinger.pt\/es\/wp-json\/wp\/v2\/types\/page"}],"author":[{"embeddable":true,"href":"https:\/\/klinger.pt\/es\/wp-json\/wp\/v2\/users\/1"}],"replies":[{"embeddable":true,"href":"https:\/\/klinger.pt\/es\/wp-json\/wp\/v2\/comments?post=27719"}],"version-history":[{"count":19,"href":"https:\/\/klinger.pt\/es\/wp-json\/wp\/v2\/pages\/27719\/revisions"}],"predecessor-version":[{"id":42579,"href":"https:\/\/klinger.pt\/es\/wp-json\/wp\/v2\/pages\/27719\/revisions\/42579"}],"up":[{"embeddable":true,"href":"https:\/\/klinger.pt\/es\/wp-json\/wp\/v2\/pages\/27713"}],"wp:featuredmedia":[{"embeddable":true,"href":"https:\/\/klinger.pt\/es\/wp-json\/wp\/v2\/media\/42576"}],"wp:attachment":[{"href":"https:\/\/klinger.pt\/es\/wp-json\/wp\/v2\/media?parent=27719"}],"curies":[{"name":"wp","href":"https:\/\/api.w.org\/{rel}","templated":true}]}}