{"id":27648,"date":"2022-09-01T07:57:07","date_gmt":"2022-09-01T06:57:07","guid":{"rendered":"https:\/\/m5j0n6nk9p.onrocket.site\/?page_id=27648"},"modified":"2023-02-28T11:13:08","modified_gmt":"2023-02-28T11:13:08","slug":"tamisador-banda-dentes-filtrantes","status":"publish","type":"page","link":"https:\/\/klinger.pt\/es\/water-solutions\/tamisadores\/tamisador-banda-filtrante\/tamisador-banda-dentes-filtrantes\/","title":{"rendered":"TAMISADOR BANDA DENTES FILTRANTES"},"content":{"rendered":"\n<div class=\"wp-block-columns is-layout-flex wp-container-core-columns-is-layout-9d6595d7 wp-block-columns-is-layout-flex\">\n<div class=\"wp-block-column is-layout-flow wp-block-column-is-layout-flow\" style=\"flex-basis:300px\"><div class=\"wp-block-image\">\n<figure class=\"aligncenter size-large is-resized\"><img fetchpriority=\"high\" decoding=\"async\" src=\"https:\/\/klinger.pt\/wp-content\/uploads\/2022\/08\/Tamisador-Banda-Filtrante-Garras-SIDERPOL-002-598x1024.png\" alt=\"Tamisador Banda Dentes Filtrantes\" class=\"wp-image-27257\" width=\"191\" height=\"326\" srcset=\"https:\/\/klinger.pt\/wp-content\/uploads\/2022\/08\/Tamisador-Banda-Filtrante-Garras-SIDERPOL-002-598x1024.png 598w, https:\/\/klinger.pt\/wp-content\/uploads\/2022\/08\/Tamisador-Banda-Filtrante-Garras-SIDERPOL-002-175x300.png 175w, https:\/\/klinger.pt\/wp-content\/uploads\/2022\/08\/Tamisador-Banda-Filtrante-Garras-SIDERPOL-002-768x1316.png 768w, https:\/\/klinger.pt\/wp-content\/uploads\/2022\/08\/Tamisador-Banda-Filtrante-Garras-SIDERPOL-002-897x1536.png 897w, https:\/\/klinger.pt\/wp-content\/uploads\/2022\/08\/Tamisador-Banda-Filtrante-Garras-SIDERPOL-002.png 1146w\" sizes=\"(max-width: 191px) 100vw, 191px\" \/><\/figure>\n<\/div><\/div>\n\n\n\n<div class=\"wp-block-column is-layout-flow wp-block-column-is-layout-flow\" style=\"flex-basis:700px\">\n<h1 class=\"wp-block-heading\">TAMISADOR BANDA DENTES FILTRANTES<\/h1>\n\n\n\n<p>O Tamisador Banda Dentes Filtrantes \u00e9 especialmente projetado para filtra\u00e7\u00e3o fina. O n\u00edvel de filtra\u00e7\u00e3o \u00e9 definido pelo tipo e quantidade de s\u00f3lidos esperados.<\/p>\n\n\n\n<p>O princ\u00edpio de funcionamento consiste em uma malha de resina dotada de garras de formatos especiais que permitem capturar pequenos s\u00f3lidos suspensos (maiores que o espa\u00e7amento), transportando-os at\u00e9 a \u00e1rea de descarga, colocada no topo da m\u00e1quina. Na \u00e1rea de descarga, a invers\u00e3o da faixa filtrante, e gra\u00e7as ao perfil auto limpante das garras, promove o lan\u00e7amento de s\u00f3lidos na respetiva tremonha de descarga.<\/p>\n\n\n\n<h2 class=\"wp-block-heading\">APLICA\u00c7\u00d5ES<\/h2>\n\n\n\n<ul class=\"wp-block-list\">\n<li>Esta\u00e7\u00f5es de tratamento de \u00e1guas residuais<\/li>\n\n\n\n<li>Curtumes<\/li>\n\n\n\n<li>Lavandarias industriais<\/li>\n\n\n\n<li>Matadouros<\/li>\n\n\n\n<li>Ind\u00fastria aliment\u00edcia<\/li>\n<\/ul>\n\n\n\n<h2 class=\"wp-block-heading\">VANTAGENS<\/h2>\n\n\n\n<ul class=\"wp-block-list\">\n<li>Elevada resist\u00eancia \u00e0 abras\u00e3o<\/li>\n\n\n\n<li>Baixo coeficiente de atrito<\/li>\n\n\n\n<li>Excelente estabilidade dimensional (baixa absor\u00e7\u00e3o de \u00e1gua)<\/li>\n\n\n\n<li>Alta resist\u00eancia mec\u00e2nica<\/li>\n\n\n\n<li>Resist\u00eancia qu\u00edmica<\/li>\n<\/ul>\n<\/div>\n<\/div>\n","protected":false},"excerpt":{"rendered":"<p>TAMISADOR BANDA DENTES FILTRANTES O Tamisador Banda Dentes Filtrantes \u00e9 especialmente projetado para filtra\u00e7\u00e3o fina. O n\u00edvel de filtra\u00e7\u00e3o \u00e9 definido pelo tipo e quantidade de s\u00f3lidos esperados. O princ\u00edpio de funcionamento consiste em uma malha de resina dotada de garras de formatos especiais que permitem capturar pequenos s\u00f3lidos suspensos (maiores que o espa\u00e7amento), transportando-os [&hellip;]<\/p>\n","protected":false},"author":1,"featured_media":0,"parent":16401,"menu_order":0,"comment_status":"closed","ping_status":"closed","template":"page-templates\/servicios.php","meta":{"_eb_attr":"","footnotes":""},"class_list":["post-27648","page","type-page","status-publish","hentry"],"aioseo_notices":[],"_links":{"self":[{"href":"https:\/\/klinger.pt\/es\/wp-json\/wp\/v2\/pages\/27648","targetHints":{"allow":["GET"]}}],"collection":[{"href":"https:\/\/klinger.pt\/es\/wp-json\/wp\/v2\/pages"}],"about":[{"href":"https:\/\/klinger.pt\/es\/wp-json\/wp\/v2\/types\/page"}],"author":[{"embeddable":true,"href":"https:\/\/klinger.pt\/es\/wp-json\/wp\/v2\/users\/1"}],"replies":[{"embeddable":true,"href":"https:\/\/klinger.pt\/es\/wp-json\/wp\/v2\/comments?post=27648"}],"version-history":[{"count":2,"href":"https:\/\/klinger.pt\/es\/wp-json\/wp\/v2\/pages\/27648\/revisions"}],"predecessor-version":[{"id":38599,"href":"https:\/\/klinger.pt\/es\/wp-json\/wp\/v2\/pages\/27648\/revisions\/38599"}],"up":[{"embeddable":true,"href":"https:\/\/klinger.pt\/es\/wp-json\/wp\/v2\/pages\/16401"}],"wp:attachment":[{"href":"https:\/\/klinger.pt\/es\/wp-json\/wp\/v2\/media?parent=27648"}],"curies":[{"name":"wp","href":"https:\/\/api.w.org\/{rel}","templated":true}]}}