{"id":27418,"date":"2022-08-31T10:36:03","date_gmt":"2022-08-31T09:36:03","guid":{"rendered":"https:\/\/m5j0n6nk9p.onrocket.site\/?page_id=27418"},"modified":"2023-02-27T08:17:33","modified_gmt":"2023-02-27T08:17:33","slug":"agitadores-submersiveis","status":"publish","type":"page","link":"https:\/\/klinger.pt\/es\/produtos\/bombas-e-agitacao\/agitacao-mistura\/agitadores-submersiveis\/","title":{"rendered":"AGITADORES SUBMERS\u00cdVEIS"},"content":{"rendered":"\n<div class=\"wp-block-columns is-layout-flex wp-container-core-columns-is-layout-9d6595d7 wp-block-columns-is-layout-flex\">\n<div class=\"wp-block-column is-layout-flow wp-block-column-is-layout-flow\" style=\"flex-basis:300px\">\n<figure class=\"wp-block-image size-full is-resized\"><img fetchpriority=\"high\" decoding=\"async\" src=\"https:\/\/klinger.pt\/wp-content\/uploads\/2022\/09\/Plano-de-Fundo-copiar-4.png\" alt=\"AGITADORES SUBMERS\u00cdVEIS\" class=\"wp-image-31911\" width=\"286\" height=\"188\" srcset=\"https:\/\/klinger.pt\/wp-content\/uploads\/2022\/09\/Plano-de-Fundo-copiar-4.png 879w, https:\/\/klinger.pt\/wp-content\/uploads\/2022\/09\/Plano-de-Fundo-copiar-4-300x197.png 300w, https:\/\/klinger.pt\/wp-content\/uploads\/2022\/09\/Plano-de-Fundo-copiar-4-768x505.png 768w\" sizes=\"(max-width: 286px) 100vw, 286px\" \/><\/figure>\n<\/div>\n\n\n\n<div class=\"wp-block-column is-layout-flow wp-block-column-is-layout-flow\" style=\"flex-basis:700px\">\n<h1 class=\"wp-block-heading\">AGITADORES SUBMERS\u00cdVEIS<\/h1>\n\n\n\n<p>Os Agitadores Submers\u00edveis Tsurumi s\u00e3o a solu\u00e7\u00e3o mais pr\u00e1tica e eficiente para misturar, agitar, homogeneizar e equalizar \u00e1guas residuais nas instala\u00e7\u00f5es de tratamento. S\u00e3o utilizadas tanto em fases aer\u00f3bicas como anaer\u00f3bicas e an\u00f3xicas do tratamento de \u00e1guas residuais processos para prevenir a sedimenta\u00e7\u00e3o e manter n\u00edveis constantes de concentra\u00e7\u00e3o nos tanques. As h\u00e9lices para misturadores s\u00e3o dimensionados, moldados e conduzidos a velocidades concebidas para corresponder aos requisitos do local.<\/p>\n\n\n\n<h5 class=\"wp-block-heading\">CARACTER\u00cdSTICAS<\/h5>\n\n\n\n<ul class=\"wp-block-list\">\n<li>MOTOR: Motor Premium IE3 de classe IE3 de funcionamento a frio para alta efici\u00eancia e utiliza\u00e7\u00e3o m\u00ednima de energia. Classe de isolamento H (180\u00b0C)<\/li>\n\n\n\n<li>PROPELLER: H\u00e9lice fundida em a\u00e7o inoxid\u00e1vel AISI 316, concebida com p\u00e1s especialmente moldadas para assegurar uma elevada efici\u00eancia hidr\u00e1ulica e evitar a sujidade com filamentos e s\u00f3lidos. Extra-grossa para robustez e fiabilidade mesmo em condi\u00e7\u00f5es de servi\u00e7o pesado.<\/li>\n\n\n\n<li>MECHANICAL SEALS: Dois selos mec\u00e2nicos de carboneto de sil\u00edcio (SiC) em grandes dimens\u00f5es, c\u00e2mara de \u00f3leo inspecion\u00e1vel. S\u00e9rie MMR 650, equipada com 3 selos mec\u00e2nicos. (2 na c\u00e2mara de \u00f3leo e 1 na caixa de velocidades)<\/li>\n\n\n\n<li>MONITORING: Sensor de \u00e1gua que deteta infiltra\u00e7\u00f5es na c\u00e2mara de \u00f3leo do selo mec\u00e2nico. O sensor de temperatura evita poss\u00edveis danos devido ao sobreaquecimento do motor. Os sensores de temperatura dos rolamentos est\u00e3o dispon\u00edveis a pedido. (outras op\u00e7\u00f5es de monitoriza\u00e7\u00e3o est\u00e3o dispon\u00edveis para a s\u00e9rie MMR 650 a pedido)<\/li>\n\n\n\n<li>CABLE GLAND: Sistema inovador de prensa-cabos com suporte de cabo. O anel de rosca universal pode ser removido para fixar uma conduta r\u00edgida ou flex\u00edvel ao prensa-cabos para proteger o cabo de tens\u00f5es f\u00edsicas e mec\u00e2nicas.<\/li>\n\n\n\n<li>BEARINGS: Rolamentos de esferas com lubrifica\u00e7\u00e3o vital\u00edcia, concebidos para garantir 100.000 horas de trabalho. Sensor de temperatura a pedido.<\/li>\n\n\n\n<li>INSTALLATION: Ampla gama de acess\u00f3rios robustos em a\u00e7o inoxid\u00e1vel para instala\u00e7\u00e3o \u00f3tima em rela\u00e7\u00e3o \u00e0 disposi\u00e7\u00e3o do sistema e ao substituir os dispositivos existentes.<\/li>\n\n\n\n<li>REDUCTION GEARBOX [MMR 650-series]: Caixa de redu\u00e7\u00e3o planet\u00e1ria robusta que proporciona alta redu\u00e7\u00e3o e transfer\u00eancia de torque e suporta cargas radiais pesadas, com tamanho compacto e peso leve.<\/li>\n<\/ul>\n\n\n\n<p><\/p>\n\n\n\n<p><\/p>\n<\/div>\n<\/div>\n\n\n\n<h5 class=\"wp-block-heading\">FICHA T\u00c9CNICA (pdf)<\/h5>\n","protected":false},"excerpt":{"rendered":"<p>AGITADORES SUBMERS\u00cdVEIS Os Agitadores Submers\u00edveis Tsurumi s\u00e3o a solu\u00e7\u00e3o mais pr\u00e1tica e eficiente para misturar, agitar, homogeneizar e equalizar \u00e1guas residuais nas instala\u00e7\u00f5es de tratamento. S\u00e3o utilizadas tanto em fases aer\u00f3bicas como anaer\u00f3bicas e an\u00f3xicas do tratamento de \u00e1guas residuais processos para prevenir a sedimenta\u00e7\u00e3o e manter n\u00edveis constantes de concentra\u00e7\u00e3o nos tanques. As h\u00e9lices [&hellip;]<\/p>\n","protected":false},"author":1,"featured_media":16265,"parent":27379,"menu_order":0,"comment_status":"closed","ping_status":"closed","template":"page-templates\/servicios.php","meta":{"_eb_attr":"","footnotes":""},"class_list":["post-27418","page","type-page","status-publish","has-post-thumbnail","hentry"],"aioseo_notices":[],"_links":{"self":[{"href":"https:\/\/klinger.pt\/es\/wp-json\/wp\/v2\/pages\/27418","targetHints":{"allow":["GET"]}}],"collection":[{"href":"https:\/\/klinger.pt\/es\/wp-json\/wp\/v2\/pages"}],"about":[{"href":"https:\/\/klinger.pt\/es\/wp-json\/wp\/v2\/types\/page"}],"author":[{"embeddable":true,"href":"https:\/\/klinger.pt\/es\/wp-json\/wp\/v2\/users\/1"}],"replies":[{"embeddable":true,"href":"https:\/\/klinger.pt\/es\/wp-json\/wp\/v2\/comments?post=27418"}],"version-history":[{"count":2,"href":"https:\/\/klinger.pt\/es\/wp-json\/wp\/v2\/pages\/27418\/revisions"}],"predecessor-version":[{"id":38160,"href":"https:\/\/klinger.pt\/es\/wp-json\/wp\/v2\/pages\/27418\/revisions\/38160"}],"up":[{"embeddable":true,"href":"https:\/\/klinger.pt\/es\/wp-json\/wp\/v2\/pages\/27379"}],"wp:featuredmedia":[{"embeddable":true,"href":"https:\/\/klinger.pt\/es\/wp-json\/wp\/v2\/media\/16265"}],"wp:attachment":[{"href":"https:\/\/klinger.pt\/es\/wp-json\/wp\/v2\/media?parent=27418"}],"curies":[{"name":"wp","href":"https:\/\/api.w.org\/{rel}","templated":true}]}}