{"id":27402,"date":"2022-08-31T10:18:52","date_gmt":"2022-08-31T09:18:52","guid":{"rendered":"https:\/\/m5j0n6nk9p.onrocket.site\/?page_id=27402"},"modified":"2023-02-27T10:00:31","modified_gmt":"2023-02-27T10:00:31","slug":"misturadores-estaticos","status":"publish","type":"page","link":"https:\/\/klinger.pt\/es\/produtos\/bombas-e-agitacao\/agitacao-mistura\/misturadores-estaticos\/","title":{"rendered":"MISTURADORES EST\u00c1TICOS"},"content":{"rendered":"\n<h1 class=\"wp-block-heading\">MISTURADORES EST\u00c1TICOS<\/h1>\n\n\n\n<div style=\"height:25px\" aria-hidden=\"true\" class=\"wp-block-spacer\"><\/div>\n\n\n\n<div class=\"wp-block-columns has-2-columns is-layout-flex wp-container-core-columns-is-layout-9d6595d7 wp-block-columns-is-layout-flex\">\n<div class=\"wp-block-column is-layout-flow wp-block-column-is-layout-flow\">\n<figure class=\"wp-block-table flecha\"><table><tbody><tr><td class=\"has-text-align-center\" data-align=\"center\"><img decoding=\"async\" width=\"170\" height=\"170\" class=\"wp-image-13117\" style=\"width: 170px;\" src=\"https:\/\/klinger.pt\/wp-content\/uploads\/2022\/03\/STYPE-Static-Mixer-Milton-Roy-copy.webp\" alt=\"Static Mixers - KLINGER Portugal\" srcset=\"https:\/\/klinger.pt\/wp-content\/uploads\/2022\/03\/STYPE-Static-Mixer-Milton-Roy-copy.webp 500w, https:\/\/klinger.pt\/wp-content\/uploads\/2022\/03\/STYPE-Static-Mixer-Milton-Roy-copy-300x300.webp 300w, https:\/\/klinger.pt\/wp-content\/uploads\/2022\/03\/STYPE-Static-Mixer-Milton-Roy-copy-150x150.webp 150w\" sizes=\"(max-width: 170px) 100vw, 170px\" \/><\/td><td><strong><a href=\"https:\/\/klinger.pt\/produtos\/bombas-e-agitacao\/agitacao-mistura\/misturadores-estaticos\/s-type-static-mixer\/\" title=\"\">TIPO S<\/a><\/strong><br><br><a href=\"https:\/\/klinger.pt\/produtos\/bombas-e-agitacao\/agitacao-mistura\/misturadores-estaticos\/s-type-static-mixer\/\" title=\"\ufffc\"><img decoding=\"async\" class=\"wp-image-2704\" style=\"width: 18px;\" src=\"https:\/\/www.klinger.es\/wp-content\/uploads\/2019\/11\/icon-arrow-blue-double.png\" alt=\"\"><\/a><\/td><\/tr><\/tbody><\/table><\/figure>\n<\/div>\n\n\n\n<div class=\"wp-block-column is-layout-flow wp-block-column-is-layout-flow\">\n<figure class=\"wp-block-table flecha\"><table><tbody><tr><td class=\"has-text-align-center\" data-align=\"center\"><img decoding=\"async\" width=\"150\" height=\"150\" class=\"wp-image-13119\" style=\"width: 150px;\" src=\"https:\/\/klinger.pt\/wp-content\/uploads\/2022\/03\/Industrial-Static-Mixer.webp\" alt=\"Industrial Static Mixer\" srcset=\"https:\/\/klinger.pt\/wp-content\/uploads\/2022\/03\/Industrial-Static-Mixer.webp 500w, https:\/\/klinger.pt\/wp-content\/uploads\/2022\/03\/Industrial-Static-Mixer-300x300.webp 300w, https:\/\/klinger.pt\/wp-content\/uploads\/2022\/03\/Industrial-Static-Mixer-150x150.webp 150w\" sizes=\"(max-width: 150px) 100vw, 150px\" \/><\/td><td><strong><a href=\"https:\/\/klinger.pt\/produtos\/bombas-e-agitacao\/agitacao-mistura\/misturadores-estaticos\/industrial-static-mixer\/\" title=\"\">INDUSTRIAL<\/a><\/strong><br><br><a href=\"https:\/\/klinger.pt\/produtos\/bombas-e-agitacao\/agitacao-mistura\/misturadores-estaticos\/industrial-static-mixer\/\" title=\"\ufffc\"><img decoding=\"async\" class=\"wp-image-2704\" style=\"width: 18px;\" src=\"https:\/\/www.klinger.es\/wp-content\/uploads\/2019\/11\/icon-arrow-blue-double.png\" alt=\"\"><\/a><\/td><\/tr><\/tbody><\/table><\/figure>\n<\/div>\n<\/div>\n\n\n\n<div class=\"wp-block-columns has-2-columns is-layout-flex wp-container-core-columns-is-layout-9d6595d7 wp-block-columns-is-layout-flex\">\n<div class=\"wp-block-column is-layout-flow wp-block-column-is-layout-flow\">\n<figure class=\"wp-block-table flecha\"><table><tbody><tr><td class=\"has-text-align-center\" data-align=\"center\"><img decoding=\"async\" width=\"150\" height=\"150\" class=\"wp-image-13113\" style=\"width: 150px;\" src=\"https:\/\/klinger.pt\/wp-content\/uploads\/2022\/03\/Hygienic-Sanitary-Series-200.webp\" alt=\"Hygienic and Sanitary Static Mixer\" srcset=\"https:\/\/klinger.pt\/wp-content\/uploads\/2022\/03\/Hygienic-Sanitary-Series-200.webp 500w, https:\/\/klinger.pt\/wp-content\/uploads\/2022\/03\/Hygienic-Sanitary-Series-200-300x300.webp 300w, https:\/\/klinger.pt\/wp-content\/uploads\/2022\/03\/Hygienic-Sanitary-Series-200-150x150.webp 150w\" sizes=\"(max-width: 150px) 100vw, 150px\" \/><\/td><td><strong><a href=\"https:\/\/klinger.pt\/produtos\/bombas-e-agitacao\/agitacao-mistura\/misturadores-estaticos\/hygienic-sanitary-static-mixer\/\" title=\"\">HIGI\u00caNICO\/SANIT\u00c1RIO<\/a><\/strong><br><br><a href=\"https:\/\/klinger.pt\/produtos\/bombas-e-agitacao\/agitacao-mistura\/misturadores-estaticos\/hygienic-sanitary-static-mixer\/\" title=\"\ufffc\"><img decoding=\"async\" class=\"wp-image-2704\" style=\"width: 18px;\" src=\"https:\/\/www.klinger.es\/wp-content\/uploads\/2019\/11\/icon-arrow-blue-double.png\" alt=\"\"><\/a><\/td><\/tr><\/tbody><\/table><\/figure>\n<\/div>\n\n\n\n<div class=\"wp-block-column is-layout-flow wp-block-column-is-layout-flow\">\n<figure class=\"wp-block-table flecha\"><table><tbody><tr><td class=\"has-text-align-center\" data-align=\"center\"><img loading=\"lazy\" decoding=\"async\" width=\"150\" height=\"150\" class=\"wp-image-13115\" style=\"width: 150px;\" src=\"https:\/\/klinger.pt\/wp-content\/uploads\/2022\/03\/PTFE-CORROSION-Series-300.webp\" alt=\"PTFE CORROSION RESISTANT STATIC MIXER\" srcset=\"https:\/\/klinger.pt\/wp-content\/uploads\/2022\/03\/PTFE-CORROSION-Series-300.webp 500w, https:\/\/klinger.pt\/wp-content\/uploads\/2022\/03\/PTFE-CORROSION-Series-300-300x300.webp 300w, https:\/\/klinger.pt\/wp-content\/uploads\/2022\/03\/PTFE-CORROSION-Series-300-150x150.webp 150w\" sizes=\"(max-width: 150px) 100vw, 150px\" \/><\/td><td><strong><a href=\"https:\/\/klinger.pt\/produtos\/bombas-e-agitacao\/agitacao-mistura\/misturadores-estaticos\/misturador-estatico-ptfe\/\" title=\"\">PTFE RESISTENTE \u00c0 CORROS\u00c3O<\/a><\/strong><br><br><a href=\"https:\/\/klinger.pt\/produtos\/bombas-e-agitacao\/agitacao-mistura\/misturadores-estaticos\/misturador-estatico-ptfe\/\" title=\"\ufffc\"><img decoding=\"async\" class=\"wp-image-2704\" style=\"width: 18px;\" src=\"https:\/\/www.klinger.es\/wp-content\/uploads\/2019\/11\/icon-arrow-blue-double.png\" alt=\"\"><\/a><\/td><\/tr><\/tbody><\/table><\/figure>\n<\/div>\n<\/div>\n\n\n\n<div class=\"wp-block-columns has-2-columns is-layout-flex wp-container-core-columns-is-layout-9d6595d7 wp-block-columns-is-layout-flex\">\n<div class=\"wp-block-column is-layout-flow wp-block-column-is-layout-flow\">\n<figure class=\"wp-block-table flecha\"><table><tbody><tr><td class=\"has-text-align-center\" data-align=\"center\"><img loading=\"lazy\" decoding=\"async\" width=\"150\" height=\"150\" class=\"wp-image-13114\" style=\"width: 150px;\" src=\"https:\/\/klinger.pt\/wp-content\/uploads\/2022\/03\/PLASTIC-Static-Mixer-Milton-Roy.webp\" alt=\"PLASTIC Static Mixer Milton Roy\" srcset=\"https:\/\/klinger.pt\/wp-content\/uploads\/2022\/03\/PLASTIC-Static-Mixer-Milton-Roy.webp 500w, https:\/\/klinger.pt\/wp-content\/uploads\/2022\/03\/PLASTIC-Static-Mixer-Milton-Roy-300x300.webp 300w, https:\/\/klinger.pt\/wp-content\/uploads\/2022\/03\/PLASTIC-Static-Mixer-Milton-Roy-150x150.webp 150w\" sizes=\"(max-width: 150px) 100vw, 150px\" \/><\/td><td><strong><a href=\"https:\/\/klinger.pt\/produtos\/bombas-e-agitacao\/agitacao-mistura\/misturadores-estaticos\/misturador-estatico-plastico\/\" title=\"\">PL\u00c1STICO<\/a><\/strong><br><br><a href=\"https:\/\/klinger.pt\/produtos\/bombas-e-agitacao\/agitacao-mistura\/misturadores-estaticos\/misturador-estatico-plastico\/\" title=\"\ufffc\"><img decoding=\"async\" class=\"wp-image-2704\" style=\"width: 18px;\" src=\"https:\/\/www.klinger.es\/wp-content\/uploads\/2019\/11\/icon-arrow-blue-double.png\" alt=\"\"><\/a><\/td><\/tr><\/tbody><\/table><\/figure>\n<\/div>\n\n\n\n<div class=\"wp-block-column is-layout-flow wp-block-column-is-layout-flow\">\n<figure class=\"wp-block-table flecha\"><table><tbody><tr><td class=\"has-text-align-center\" data-align=\"center\"><img loading=\"lazy\" decoding=\"async\" width=\"150\" height=\"150\" class=\"wp-image-13111\" style=\"width: 150px;\" src=\"https:\/\/klinger.pt\/wp-content\/uploads\/2022\/03\/GRP-FRP-STATIC-MIXER-Milton-Roy.webp\" alt=\"GRP FRP STATIC MIXER\" srcset=\"https:\/\/klinger.pt\/wp-content\/uploads\/2022\/03\/GRP-FRP-STATIC-MIXER-Milton-Roy.webp 500w, https:\/\/klinger.pt\/wp-content\/uploads\/2022\/03\/GRP-FRP-STATIC-MIXER-Milton-Roy-300x300.webp 300w, https:\/\/klinger.pt\/wp-content\/uploads\/2022\/03\/GRP-FRP-STATIC-MIXER-Milton-Roy-150x150.webp 150w\" sizes=\"(max-width: 150px) 100vw, 150px\" \/><\/td><td><strong><a href=\"https:\/\/klinger.pt\/produtos\/bombas-e-agitacao\/agitacao-mistura\/misturadores-estaticos\/misturador-estatico-grp-frp\/\" title=\"\">GRP\/FRP<\/a><\/strong><br><br><a href=\"https:\/\/klinger.pt\/produtos\/bombas-e-agitacao\/agitacao-mistura\/misturadores-estaticos\/misturador-estatico-grp-frp\/\" title=\"\ufffc\"><img decoding=\"async\" class=\"wp-image-2704\" style=\"width: 18px;\" src=\"https:\/\/www.klinger.es\/wp-content\/uploads\/2019\/11\/icon-arrow-blue-double.png\" alt=\"\"><\/a><\/td><\/tr><\/tbody><\/table><\/figure>\n<\/div>\n<\/div>\n\n\n\n<div class=\"wp-block-columns has-2-columns is-layout-flex wp-container-core-columns-is-layout-9d6595d7 wp-block-columns-is-layout-flex\">\n<div class=\"wp-block-column is-layout-flow wp-block-column-is-layout-flow\">\n<figure class=\"wp-block-table flecha\"><table><tbody><tr><td class=\"has-text-align-center\" data-align=\"center\"><img loading=\"lazy\" decoding=\"async\" width=\"150\" height=\"150\" class=\"wp-image-13118\" style=\"width: 150px;\" src=\"https:\/\/klinger.pt\/wp-content\/uploads\/2022\/03\/WATER-TREATMENT-STATIC-MIXER.webp\" alt=\"WATER TREATMENT STATIC MIXER\" srcset=\"https:\/\/klinger.pt\/wp-content\/uploads\/2022\/03\/WATER-TREATMENT-STATIC-MIXER.webp 500w, https:\/\/klinger.pt\/wp-content\/uploads\/2022\/03\/WATER-TREATMENT-STATIC-MIXER-300x300.webp 300w, https:\/\/klinger.pt\/wp-content\/uploads\/2022\/03\/WATER-TREATMENT-STATIC-MIXER-150x150.webp 150w\" sizes=\"(max-width: 150px) 100vw, 150px\" \/><\/td><td><strong><a href=\"https:\/\/klinger.pt\/produtos\/bombas-e-agitacao\/agitacao-mistura\/misturadores-estaticos\/misturador-estatico-tratamento-de-aguas\/\" title=\"\">TRATAMENTO DE \u00c1GUAS<\/a><\/strong><br><br><a href=\"https:\/\/klinger.pt\/produtos\/bombas-e-agitacao\/agitacao-mistura\/misturadores-estaticos\/misturador-estatico-tratamento-de-aguas\/\" title=\"\ufffc\"><img decoding=\"async\" class=\"wp-image-2704\" style=\"width: 18px;\" src=\"https:\/\/www.klinger.es\/wp-content\/uploads\/2019\/11\/icon-arrow-blue-double.png\" alt=\"\"><\/a><\/td><\/tr><\/tbody><\/table><\/figure>\n<\/div>\n\n\n\n<div class=\"wp-block-column is-layout-flow wp-block-column-is-layout-flow\">\n<figure class=\"wp-block-table flecha\"><table><tbody><tr><td class=\"has-text-align-center\" data-align=\"center\"><img loading=\"lazy\" decoding=\"async\" width=\"150\" height=\"150\" class=\"wp-image-13112\" style=\"width: 150px;\" src=\"https:\/\/klinger.pt\/wp-content\/uploads\/2022\/03\/HIGH-VISCOSITY-STATIC-MIXER.webp\" alt=\"HIGH VISCOSITY STATIC MIXER\" srcset=\"https:\/\/klinger.pt\/wp-content\/uploads\/2022\/03\/HIGH-VISCOSITY-STATIC-MIXER.webp 500w, https:\/\/klinger.pt\/wp-content\/uploads\/2022\/03\/HIGH-VISCOSITY-STATIC-MIXER-300x300.webp 300w, https:\/\/klinger.pt\/wp-content\/uploads\/2022\/03\/HIGH-VISCOSITY-STATIC-MIXER-150x150.webp 150w\" sizes=\"(max-width: 150px) 100vw, 150px\" \/><\/td><td><strong><a href=\"https:\/\/klinger.pt\/produtos\/bombas-e-agitacao\/agitacao-mistura\/misturadores-estaticos\/misturador-estatico-alta-viscosidade\/\" title=\"\">ALTA VISCOSIDADE<\/a><\/strong><br><br><a href=\"https:\/\/klinger.pt\/produtos\/bombas-e-agitacao\/agitacao-mistura\/misturadores-estaticos\/misturador-estatico-alta-viscosidade\/\" title=\"\ufffc\"><img decoding=\"async\" class=\"wp-image-2704\" style=\"width: 18px;\" src=\"https:\/\/www.klinger.es\/wp-content\/uploads\/2019\/11\/icon-arrow-blue-double.png\" alt=\"\"><\/a><\/td><\/tr><\/tbody><\/table><\/figure>\n<\/div>\n<\/div>\n\n\n\n<div class=\"wp-block-columns has-2-columns is-layout-flex wp-container-core-columns-is-layout-9d6595d7 wp-block-columns-is-layout-flex\">\n<div class=\"wp-block-column is-layout-flow wp-block-column-is-layout-flow\">\n<figure class=\"wp-block-table flecha\"><table><tbody><tr><td class=\"has-text-align-center\" data-align=\"center\"><img loading=\"lazy\" decoding=\"async\" width=\"150\" height=\"150\" class=\"wp-image-13116\" style=\"width: 150px;\" src=\"https:\/\/klinger.pt\/wp-content\/uploads\/2022\/03\/STEAM-HEATER-DIRECT-STEAM-INJECTION-STATIC-MIXER.webp\" alt=\"STEAM HEATER-DIRECT STEAM INJECTION STATIC MIXER\" srcset=\"https:\/\/klinger.pt\/wp-content\/uploads\/2022\/03\/STEAM-HEATER-DIRECT-STEAM-INJECTION-STATIC-MIXER.webp 500w, https:\/\/klinger.pt\/wp-content\/uploads\/2022\/03\/STEAM-HEATER-DIRECT-STEAM-INJECTION-STATIC-MIXER-300x300.webp 300w, https:\/\/klinger.pt\/wp-content\/uploads\/2022\/03\/STEAM-HEATER-DIRECT-STEAM-INJECTION-STATIC-MIXER-150x150.webp 150w\" sizes=\"(max-width: 150px) 100vw, 150px\" \/><\/td><td><strong><a href=\"https:\/\/klinger.pt\/produtos\/bombas-e-agitacao\/agitacao-mistura\/misturadores-estaticos\/misturador-estatico-aquecedor-a-vapor-e-injecao-direta-de-vapor\/\" title=\"\">AQUECEDOR DE VAPOR \/ INJEC\u00c7\u00c3O DIRETA VAPOR<\/a><\/strong><br><br><a href=\"https:\/\/klinger.pt\/produtos\/bombas-e-agitacao\/agitacao-mistura\/misturadores-estaticos\/misturador-estatico-aquecedor-a-vapor-e-injecao-direta-de-vapor\/\" title=\"\ufffc\"><img decoding=\"async\" class=\"wp-image-2704\" style=\"width: 18px;\" src=\"https:\/\/www.klinger.es\/wp-content\/uploads\/2019\/11\/icon-arrow-blue-double.png\" alt=\"\"><\/a><\/td><\/tr><\/tbody><\/table><\/figure>\n<\/div>\n\n\n\n<div class=\"wp-block-column transparente is-layout-flow wp-block-column-is-layout-flow\"><\/div>\n<\/div>\n","protected":false},"excerpt":{"rendered":"<p>MISTURADORES EST\u00c1TICOS TIPO S INDUSTRIAL HIGI\u00caNICO\/SANIT\u00c1RIO PTFE RESISTENTE \u00c0 CORROS\u00c3O PL\u00c1STICO GRP\/FRP TRATAMENTO DE \u00c1GUAS ALTA VISCOSIDADE AQUECEDOR DE VAPOR \/ INJEC\u00c7\u00c3O DIRETA VAPOR<\/p>\n","protected":false},"author":1,"featured_media":16265,"parent":27379,"menu_order":0,"comment_status":"closed","ping_status":"closed","template":"page-templates\/secciones-principales.php","meta":{"_eb_attr":"","footnotes":""},"class_list":["post-27402","page","type-page","status-publish","has-post-thumbnail","hentry"],"aioseo_notices":[],"_links":{"self":[{"href":"https:\/\/klinger.pt\/es\/wp-json\/wp\/v2\/pages\/27402","targetHints":{"allow":["GET"]}}],"collection":[{"href":"https:\/\/klinger.pt\/es\/wp-json\/wp\/v2\/pages"}],"about":[{"href":"https:\/\/klinger.pt\/es\/wp-json\/wp\/v2\/types\/page"}],"author":[{"embeddable":true,"href":"https:\/\/klinger.pt\/es\/wp-json\/wp\/v2\/users\/1"}],"replies":[{"embeddable":true,"href":"https:\/\/klinger.pt\/es\/wp-json\/wp\/v2\/comments?post=27402"}],"version-history":[{"count":22,"href":"https:\/\/klinger.pt\/es\/wp-json\/wp\/v2\/pages\/27402\/revisions"}],"predecessor-version":[{"id":38336,"href":"https:\/\/klinger.pt\/es\/wp-json\/wp\/v2\/pages\/27402\/revisions\/38336"}],"up":[{"embeddable":true,"href":"https:\/\/klinger.pt\/es\/wp-json\/wp\/v2\/pages\/27379"}],"wp:featuredmedia":[{"embeddable":true,"href":"https:\/\/klinger.pt\/es\/wp-json\/wp\/v2\/media\/16265"}],"wp:attachment":[{"href":"https:\/\/klinger.pt\/es\/wp-json\/wp\/v2\/media?parent=27402"}],"curies":[{"name":"wp","href":"https:\/\/api.w.org\/{rel}","templated":true}]}}