{"id":27382,"date":"2022-08-31T10:00:11","date_gmt":"2022-08-31T09:00:11","guid":{"rendered":"https:\/\/m5j0n6nk9p.onrocket.site\/?page_id=27382"},"modified":"2023-11-14T08:46:10","modified_gmt":"2023-11-14T08:46:10","slug":"agitadores-milton-roy","status":"publish","type":"page","link":"https:\/\/klinger.pt\/es\/produtos\/bombas-e-agitacao\/agitacao-mistura\/agitadores-milton-roy\/","title":{"rendered":"AGITADORES MILTON ROY"},"content":{"rendered":"\n<h1 class=\"wp-block-heading\">AGITADORES MILTON ROY<\/h1>\n\n\n\n<div style=\"height:25px\" aria-hidden=\"true\" class=\"wp-block-spacer\"><\/div>\n\n\n\n<h2 class=\"wp-block-heading\">AGITADORES HR MIX<\/h2>\n\n\n\n<div style=\"height:20px\" aria-hidden=\"true\" class=\"wp-block-spacer\"><\/div>\n\n\n\n<div class=\"wp-block-group\"><div class=\"wp-block-group__inner-container is-layout-constrained wp-block-group-is-layout-constrained\">\n<div class=\"wp-block-columns is-layout-flex wp-container-core-columns-is-layout-9d6595d7 wp-block-columns-is-layout-flex\">\n<div class=\"wp-block-column is-layout-flow wp-block-column-is-layout-flow\" style=\"flex-basis:300px\">\n<figure class=\"wp-block-image size-full\"><img fetchpriority=\"high\" decoding=\"async\" width=\"300\" height=\"300\" src=\"https:\/\/klinger.pt\/wp-content\/uploads\/2022\/02\/Agitador-HR1A-sdm-sistemas-72x300-1.webp\" alt=\"Milton Roy Mixer HR1A\" class=\"wp-image-12865\" srcset=\"https:\/\/klinger.pt\/wp-content\/uploads\/2022\/02\/Agitador-HR1A-sdm-sistemas-72x300-1.webp 300w, https:\/\/klinger.pt\/wp-content\/uploads\/2022\/02\/Agitador-HR1A-sdm-sistemas-72x300-1-150x150.webp 150w\" sizes=\"(max-width: 300px) 100vw, 300px\" \/><\/figure>\n<\/div>\n\n\n\n<div class=\"wp-block-column is-layout-flow wp-block-column-is-layout-flow\" style=\"flex-basis:700px\">\n<h3 class=\"wp-block-heading\">S\u00e9rie HR1A<\/h3>\n\n\n\n<p>Agitadores S\u00e9rie HR1A estandardizados de alta velocidade.<br>Aplica\u00e7\u00f5es: Homogeneiza\u00e7\u00e3o, dissolu\u00e7\u00e3o, prepara\u00e7\u00e3o de reagentes,<br>neutraliza\u00e7\u00e3o.<\/p>\n\n\n\n<ul class=\"wp-block-list\">\n<li>H\u00e9lice marinha para baixos caudais de bombagem (\u00d8 100 a 200 mm).<\/li>\n\n\n\n<li>Velocidades: 1000 RPM e 1500 RPM.<\/li>\n\n\n\n<li>Pot\u00eancia: De 0,25 a 1,5 kW.<\/li>\n\n\n\n<li>Volume do tanque: De 40 L a 3 m\u00b3.<\/li>\n\n\n\n<li>Temperatura: Ambiente.<\/li>\n\n\n\n<li>Press\u00e3o: Atmosf\u00e9rica.<\/li>\n<\/ul>\n\n\n\n<h5 class=\"wp-block-heading\"><a href=\"https:\/\/klinger.pt\/wp-content\/uploads\/2023\/03\/2280.pdf\" target=\"_blank\" rel=\"noopener\" title=\"FICHA T\u00c9CNICA 2280 (EN)\">FICHA T\u00c9CNICA AGITADOR HR1A (EN)<\/a><\/h5>\n<\/div>\n<\/div>\n<\/div><\/div>\n\n\n\n<div class=\"wp-block-group\"><div class=\"wp-block-group__inner-container is-layout-constrained wp-block-group-is-layout-constrained\">\n<div class=\"wp-block-columns is-layout-flex wp-container-core-columns-is-layout-9d6595d7 wp-block-columns-is-layout-flex\">\n<div class=\"wp-block-column is-layout-flow wp-block-column-is-layout-flow\" style=\"flex-basis:300px\">\n<figure class=\"wp-block-image size-full\"><img decoding=\"async\" width=\"300\" height=\"300\" src=\"https:\/\/klinger.pt\/wp-content\/uploads\/2022\/03\/Agitador-HR2A-sdm-sistemas-97x300-1.webp\" alt=\"Milton Roy HR2A\/B SERIE mixer\" class=\"wp-image-12874\" srcset=\"https:\/\/klinger.pt\/wp-content\/uploads\/2022\/03\/Agitador-HR2A-sdm-sistemas-97x300-1.webp 300w, https:\/\/klinger.pt\/wp-content\/uploads\/2022\/03\/Agitador-HR2A-sdm-sistemas-97x300-1-150x150.webp 150w\" sizes=\"(max-width: 300px) 100vw, 300px\" \/><\/figure>\n<\/div>\n\n\n\n<div class=\"wp-block-column is-layout-flow wp-block-column-is-layout-flow\" style=\"flex-basis:700px\">\n<h3 class=\"wp-block-heading\">S\u00e9rie HR2A\/B<\/h3>\n\n\n\n<p>Agitadores normalizados de baixa velocidade.<br>Aplica\u00e7\u00f5es: Homogeneiza\u00e7\u00e3o, dissolu\u00e7\u00e3o, prepara\u00e7\u00e3o de reagentes, neutraliza\u00e7\u00e3o.<\/p>\n\n\n\n<ul class=\"wp-block-list\">\n<li>Turbina axial de l\u00e2mina 4\u00d745\u00ba (\u00d8 350 a 800 mm).<\/li>\n\n\n\n<li>Velocidades: De 75 a 100 RPM.<\/li>\n\n\n\n<li>Pot\u00eancia: De 0,37 a 3 kW.<\/li>\n\n\n\n<li>Volume do tanque: De 200 L a 10 m\u00b3.<\/li>\n\n\n\n<li>Temperatura: Ambiente.<\/li>\n\n\n\n<li>Press\u00e3o: Atmosf\u00e9rica.<\/li>\n<\/ul>\n\n\n\n<h5 class=\"wp-block-heading\"><a href=\"https:\/\/klinger.pt\/wp-content\/uploads\/2023\/03\/2280.pdf\" target=\"_blank\" rel=\"noopener\" title=\"FICHA T\u00c9CNICA 2280 (EN)\">FICHA T\u00c9CNICA AGITADOR HR2A\/B (EN)<\/a><\/h5>\n<\/div>\n<\/div>\n<\/div><\/div>\n\n\n\n<div class=\"wp-block-group\"><div class=\"wp-block-group__inner-container is-layout-constrained wp-block-group-is-layout-constrained\">\n<div class=\"wp-block-columns is-layout-flex wp-container-core-columns-is-layout-9d6595d7 wp-block-columns-is-layout-flex\">\n<div class=\"wp-block-column is-layout-flow wp-block-column-is-layout-flow\" style=\"flex-basis:300px\">\n<figure class=\"wp-block-image size-full\"><img decoding=\"async\" width=\"300\" height=\"300\" src=\"https:\/\/klinger.pt\/wp-content\/uploads\/2022\/03\/Agitador-HR5A-sdm-sistemas-101x300-1.webp\" alt=\"Milton Roy HR5A\/B SERIE mixer\" class=\"wp-image-12893\" srcset=\"https:\/\/klinger.pt\/wp-content\/uploads\/2022\/03\/Agitador-HR5A-sdm-sistemas-101x300-1.webp 300w, https:\/\/klinger.pt\/wp-content\/uploads\/2022\/03\/Agitador-HR5A-sdm-sistemas-101x300-1-150x150.webp 150w\" sizes=\"(max-width: 300px) 100vw, 300px\" \/><\/figure>\n\n\n\n<p><\/p>\n<\/div>\n\n\n\n<div class=\"wp-block-column is-layout-flow wp-block-column-is-layout-flow\" style=\"flex-basis:700px\">\n<h3 class=\"wp-block-heading\">S\u00e9rie HR5A\/B<\/h3>\n\n\n\n<p>Agitadores padronizados de baixa velocidade.<br>Aplica\u00e7\u00f5es: Flocula\u00e7\u00e3o<\/p>\n\n\n\n<ul class=\"wp-block-list\">\n<li>Impulsor de duas p\u00e1s (\u00d8 300 a 4000 mm).<\/li>\n\n\n\n<li>Velocidades: de 7 a 96 RPM.<\/li>\n\n\n\n<li>Pot\u00eancia: De 0,37 a 3 kW.<\/li>\n\n\n\n<li>Volume do tanque: De 100 L a 750m3.<\/li>\n\n\n\n<li>Temperatura: Ambiente.<\/li>\n\n\n\n<li>Press\u00e3o: Atmosf\u00e9rica<\/li>\n<\/ul>\n\n\n\n<h5 class=\"wp-block-heading\"><a href=\"https:\/\/klinger.pt\/wp-content\/uploads\/2023\/03\/2280.pdf\" target=\"_blank\" rel=\"noopener\" title=\"FICHA T\u00c9CNICA 2280 (EN)\">FICHA T\u00c9CNICA AGITADOR HR5A\/B (EN)<\/a><\/h5>\n<\/div>\n<\/div>\n<\/div><\/div>\n\n\n\n<div class=\"wp-block-group\"><div class=\"wp-block-group__inner-container is-layout-constrained wp-block-group-is-layout-constrained\">\n<div class=\"wp-block-columns is-layout-flex wp-container-core-columns-is-layout-9d6595d7 wp-block-columns-is-layout-flex\">\n<div class=\"wp-block-column is-layout-flow wp-block-column-is-layout-flow\" style=\"flex-basis:300px\">\n<figure class=\"wp-block-image size-full\"><img loading=\"lazy\" decoding=\"async\" width=\"300\" height=\"300\" src=\"https:\/\/klinger.pt\/wp-content\/uploads\/2022\/03\/Agitador-HR6A-106x300-2.webp\" alt=\"HR6A\/B Mixer Milton Roy\" class=\"wp-image-13507\" srcset=\"https:\/\/klinger.pt\/wp-content\/uploads\/2022\/03\/Agitador-HR6A-106x300-2.webp 300w, https:\/\/klinger.pt\/wp-content\/uploads\/2022\/03\/Agitador-HR6A-106x300-2-150x150.webp 150w\" sizes=\"(max-width: 300px) 100vw, 300px\" \/><\/figure>\n<\/div>\n\n\n\n<div class=\"wp-block-column is-layout-flow wp-block-column-is-layout-flow\" style=\"flex-basis:700px\">\n<h3 class=\"wp-block-heading\">S\u00e9rie HR6A\/B<\/h3>\n\n\n\n<p>Agitadores padronizados com redutor.<\/p>\n\n\n\n<p>Aplica\u00e7\u00f5es de tratamento de \u00e1gua: Homogeneiza\u00e7\u00e3o, prepara\u00e7\u00e3o de aditivos e pol\u00edmeros, suspens\u00e3o, mistura r\u00e1pida. Aplica\u00e7\u00e3o em outras ind\u00fastrias: dissolu\u00e7\u00e3o, transfer\u00eancia de calor, armazenamento, suspens\u00e3o.<\/p>\n\n\n\n<ul class=\"wp-block-list\">\n<li>H\u00e9lices de 3 p\u00e1s de perfil fino com alta efici\u00eancia e alto fluxo (\u00d8 200 a 2000 mm).<\/li>\n\n\n\n<li>Velocidades: de 52 a 295 RPM.<\/li>\n\n\n\n<li>Pot\u00eancia: De 0,37 a 11 kW.<\/li>\n\n\n\n<li>Volume do tanque: De 200 L a 200m3.<\/li>\n\n\n\n<li>Temperatura: Ambiente.<\/li>\n\n\n\n<li>Press\u00e3o: Atmosf\u00e9rica<\/li>\n<\/ul>\n\n\n\n<h5 class=\"wp-block-heading\"><a href=\"https:\/\/klinger.pt\/wp-content\/uploads\/2023\/03\/2280.pdf\" target=\"_blank\" rel=\"noopener\" title=\"FICHA T\u00c9CNICA 2280 (EN)\">FICHA T\u00c9CNICA AGITADOR HR6A\/B (EN)<\/a><\/h5>\n<\/div>\n<\/div>\n<\/div><\/div>\n\n\n\n<h2 class=\"wp-block-heading\">AGITADORES ESPECIAIS<\/h2>\n\n\n\n<div style=\"height:20px\" aria-hidden=\"true\" class=\"wp-block-spacer\"><\/div>\n\n\n\n<div class=\"wp-block-group\"><div class=\"wp-block-group__inner-container is-layout-constrained wp-block-group-is-layout-constrained\">\n<div class=\"wp-block-columns is-layout-flex wp-container-core-columns-is-layout-9d6595d7 wp-block-columns-is-layout-flex\">\n<div class=\"wp-block-column is-layout-flow wp-block-column-is-layout-flow\" style=\"flex-basis:300px\">\n<figure class=\"wp-block-image size-full\"><img loading=\"lazy\" decoding=\"async\" width=\"360\" height=\"360\" src=\"https:\/\/klinger.pt\/wp-content\/uploads\/2022\/03\/Side-Entry-Mixer-1.webp\" alt=\"REALIABLE TANK MIXERS SIDE ENTRY\" class=\"wp-image-12933\" srcset=\"https:\/\/klinger.pt\/wp-content\/uploads\/2022\/03\/Side-Entry-Mixer-1.webp 360w, https:\/\/klinger.pt\/wp-content\/uploads\/2022\/03\/Side-Entry-Mixer-1-300x300.webp 300w, https:\/\/klinger.pt\/wp-content\/uploads\/2022\/03\/Side-Entry-Mixer-1-150x150.webp 150w\" sizes=\"(max-width: 360px) 100vw, 360px\" \/><\/figure>\n\n\n\n<figure class=\"wp-block-image size-full\"><img loading=\"lazy\" decoding=\"async\" width=\"1000\" height=\"812\" src=\"https:\/\/klinger.pt\/wp-content\/uploads\/2022\/09\/quadro-22.png\" alt=\"\" class=\"wp-image-29648\" srcset=\"https:\/\/klinger.pt\/wp-content\/uploads\/2022\/09\/quadro-22.png 1000w, https:\/\/klinger.pt\/wp-content\/uploads\/2022\/09\/quadro-22-300x244.png 300w, https:\/\/klinger.pt\/wp-content\/uploads\/2022\/09\/quadro-22-768x624.png 768w\" sizes=\"(max-width: 1000px) 100vw, 1000px\" \/><\/figure>\n<\/div>\n\n\n\n<div class=\"wp-block-column is-layout-flow wp-block-column-is-layout-flow\" style=\"flex-basis:700px\">\n<h3 class=\"wp-block-heading\">Agitador de entrada lateral tanque &#8211; S\u00e9rie Entry<\/h3>\n\n\n\n<p>Compacto. Poderoso. Resultados consistentes<br>Tecnologia de mistura para todos os seus tanques de armazenamento de petr\u00f3leo bruto e derivados Normalmente, os grandes tanques de armazenamento requerem a mistura constante do conte\u00fado, mas os agitadores montados no telhado n\u00e3o podem suportar a carga pesada. Em resposta, Milton A Roy Mixing desenvolveu uma gama espec\u00edfica de agitadores de entrada lateral para tanques de armazenamento de grandes volumes.<\/p>\n\n\n\n<p>O nosso agitador de entrada lateral \u00e9 montado r\u00e1pida e facilmente na flange do tanque e proporciona os resultados de mistura mais eficazes numa unidade extremamente eficiente. O nosso inovador impulsor SABRE\u00ae de pequeno di\u00e2metro permite a redu\u00e7\u00e3o de energia consumo e f\u00e1cil instala\u00e7\u00e3o.<\/p>\n\n\n\n<p>Al\u00e9m disso, podemos assegurar uma agita\u00e7\u00e3o adequada utilizando simula\u00e7\u00e3o num\u00e9rica de fluxos de fluidos (CFD). Isto ajuda a prever e a prever os tanques de armazenamento mistura sem zona morta, e menor consumo de energia em compara\u00e7\u00e3o com solu\u00e7\u00f5es convencionais. Podemos tamb\u00e9m fornecer um agitador ajust\u00e1vel para aumentar o recinto de alcance.<\/p>\n<\/div>\n<\/div>\n<\/div><\/div>\n","protected":false},"excerpt":{"rendered":"<p>AGITADORES MILTON ROY AGITADORES HR MIX S\u00e9rie HR1A Agitadores S\u00e9rie HR1A estandardizados de alta velocidade.Aplica\u00e7\u00f5es: Homogeneiza\u00e7\u00e3o, dissolu\u00e7\u00e3o, prepara\u00e7\u00e3o de reagentes,neutraliza\u00e7\u00e3o. FICHA T\u00c9CNICA AGITADOR HR1A (EN) S\u00e9rie HR2A\/B Agitadores normalizados de baixa velocidade.Aplica\u00e7\u00f5es: Homogeneiza\u00e7\u00e3o, dissolu\u00e7\u00e3o, prepara\u00e7\u00e3o de reagentes, neutraliza\u00e7\u00e3o. FICHA T\u00c9CNICA AGITADOR HR2A\/B (EN) S\u00e9rie HR5A\/B Agitadores padronizados de baixa velocidade.Aplica\u00e7\u00f5es: Flocula\u00e7\u00e3o FICHA T\u00c9CNICA AGITADOR HR5A\/B [&hellip;]<\/p>\n","protected":false},"author":1,"featured_media":16265,"parent":27379,"menu_order":0,"comment_status":"closed","ping_status":"closed","template":"page-templates\/servicios.php","meta":{"_eb_attr":"","footnotes":""},"class_list":["post-27382","page","type-page","status-publish","has-post-thumbnail","hentry"],"aioseo_notices":[],"_links":{"self":[{"href":"https:\/\/klinger.pt\/es\/wp-json\/wp\/v2\/pages\/27382","targetHints":{"allow":["GET"]}}],"collection":[{"href":"https:\/\/klinger.pt\/es\/wp-json\/wp\/v2\/pages"}],"about":[{"href":"https:\/\/klinger.pt\/es\/wp-json\/wp\/v2\/types\/page"}],"author":[{"embeddable":true,"href":"https:\/\/klinger.pt\/es\/wp-json\/wp\/v2\/users\/1"}],"replies":[{"embeddable":true,"href":"https:\/\/klinger.pt\/es\/wp-json\/wp\/v2\/comments?post=27382"}],"version-history":[{"count":11,"href":"https:\/\/klinger.pt\/es\/wp-json\/wp\/v2\/pages\/27382\/revisions"}],"predecessor-version":[{"id":45372,"href":"https:\/\/klinger.pt\/es\/wp-json\/wp\/v2\/pages\/27382\/revisions\/45372"}],"up":[{"embeddable":true,"href":"https:\/\/klinger.pt\/es\/wp-json\/wp\/v2\/pages\/27379"}],"wp:featuredmedia":[{"embeddable":true,"href":"https:\/\/klinger.pt\/es\/wp-json\/wp\/v2\/media\/16265"}],"wp:attachment":[{"href":"https:\/\/klinger.pt\/es\/wp-json\/wp\/v2\/media?parent=27382"}],"curies":[{"name":"wp","href":"https:\/\/api.w.org\/{rel}","templated":true}]}}