{"id":27379,"date":"2022-08-31T09:57:42","date_gmt":"2022-08-31T08:57:42","guid":{"rendered":"https:\/\/m5j0n6nk9p.onrocket.site\/?page_id=27379"},"modified":"2023-02-27T08:15:44","modified_gmt":"2023-02-27T08:15:44","slug":"agitacao-mistura","status":"publish","type":"page","link":"https:\/\/klinger.pt\/es\/produtos\/bombas-e-agitacao\/agitacao-mistura\/","title":{"rendered":"AGITA\u00c7\u00c3O &#038; MISTURA"},"content":{"rendered":"\n<h1 class=\"wp-block-heading\">AGITA\u00c7\u00c3O &amp; MISTURA<\/h1>\n\n\n\n<div style=\"height:25px\" aria-hidden=\"true\" class=\"wp-block-spacer\"><\/div>\n\n\n\n<div class=\"wp-block-columns has-2-columns is-layout-flex wp-container-core-columns-is-layout-9d6595d7 wp-block-columns-is-layout-flex\">\n<div class=\"wp-block-column is-layout-flow wp-block-column-is-layout-flow\">\n<figure class=\"wp-block-table aligncenter flecha\"><table><tbody><tr><td class=\"has-text-align-center\" data-align=\"center\"><img decoding=\"async\" width=\"170\" height=\"153\" class=\"wp-image-31897\" style=\"width: 170px;\" src=\"https:\/\/klinger.pt\/wp-content\/uploads\/2022\/09\/conj-agitadores.png\" alt=\"\" srcset=\"https:\/\/klinger.pt\/wp-content\/uploads\/2022\/09\/conj-agitadores.png 639w, https:\/\/klinger.pt\/wp-content\/uploads\/2022\/09\/conj-agitadores-300x270.png 300w\" sizes=\"(max-width: 170px) 100vw, 170px\" \/><\/td><td><strong><a href=\"https:\/\/klinger.pt\/produtos\/bombas-e-agitacao\/agitacao-mistura\/agitadores-milton-roy\/\" title=\"\">AGITADORES MILTON ROY<\/a><\/strong><br><br><a href=\"https:\/\/klinger.pt\/produtos\/bombas-e-agitacao\/agitacao-mistura\/agitadores-milton-roy\/\" title=\"\ufffc\"><img decoding=\"async\" class=\"wp-image-2704\" style=\"width: 18px;\" src=\"https:\/\/www.klinger.es\/wp-content\/uploads\/2019\/11\/icon-arrow-blue-double.png\" alt=\"\"><\/a><\/td><\/tr><\/tbody><\/table><\/figure>\n<\/div>\n\n\n\n<div class=\"wp-block-column is-layout-flow wp-block-column-is-layout-flow\">\n<figure class=\"wp-block-table flecha\"><table><tbody><tr><td class=\"has-text-align-center\" data-align=\"center\"><img decoding=\"async\" width=\"150\" height=\"150\" class=\"wp-image-13119\" style=\"width: 150px;\" src=\"https:\/\/klinger.pt\/wp-content\/uploads\/2022\/03\/Industrial-Static-Mixer.webp\" alt=\"Industrial Static Mixer\" srcset=\"https:\/\/klinger.pt\/wp-content\/uploads\/2022\/03\/Industrial-Static-Mixer.webp 500w, https:\/\/klinger.pt\/wp-content\/uploads\/2022\/03\/Industrial-Static-Mixer-300x300.webp 300w, https:\/\/klinger.pt\/wp-content\/uploads\/2022\/03\/Industrial-Static-Mixer-150x150.webp 150w\" sizes=\"(max-width: 150px) 100vw, 150px\" \/><\/td><td><a href=\"https:\/\/klinger.pt\/produtos\/bombas-e-agitacao\/agitacao-mistura\/misturadores-estaticos\/\" title=\"\"><strong>MISTURADORES EST\u00c1TICOS<\/strong><br><\/a><br><a href=\"https:\/\/klinger.pt\/produtos\/bombas-e-agitacao\/agitacao-mistura\/misturadores-estaticos\/\" title=\"\ufffc\"><img decoding=\"async\" class=\"wp-image-2704\" style=\"width: 18px;\" src=\"https:\/\/www.klinger.es\/wp-content\/uploads\/2019\/11\/icon-arrow-blue-double.png\" alt=\"\"><\/a><\/td><\/tr><\/tbody><\/table><\/figure>\n<\/div>\n<\/div>\n\n\n\n<div class=\"wp-block-columns has-2-columns is-layout-flex wp-container-core-columns-is-layout-9d6595d7 wp-block-columns-is-layout-flex\">\n<div class=\"wp-block-column is-layout-flow wp-block-column-is-layout-flow\">\n<figure class=\"wp-block-table aligncenter flecha\"><table><tbody><tr><td class=\"has-text-align-center\" data-align=\"center\"><img decoding=\"async\" class=\"wp-image-31906\" style=\"width: 250px;\" src=\"https:\/\/klinger.pt\/wp-content\/uploads\/2022\/09\/Plano-de-Fundo-copiar-3.png\" alt=\"\"><\/td><td><strong><a href=\"https:\/\/klinger.pt\/produtos\/bombas-e-agitacao\/agitacao-mistura\/agitadores-submersiveis\/\" title=\"\">AGITADORES SUBMERS\u00cdVEIS<\/a><\/strong><br><br><a href=\"https:\/\/klinger.pt\/produtos\/bombas-e-agitacao\/agitacao-mistura\/agitadores-submersiveis\/\" title=\"\ufffc\"><img decoding=\"async\" class=\"wp-image-2704\" style=\"width: 18px;\" src=\"https:\/\/www.klinger.es\/wp-content\/uploads\/2019\/11\/icon-arrow-blue-double.png\" alt=\"\"><\/a><\/td><\/tr><\/tbody><\/table><\/figure>\n<\/div>\n\n\n\n<div class=\"wp-block-column transparente is-layout-flow wp-block-column-is-layout-flow\"><\/div>\n<\/div>\n","protected":false},"excerpt":{"rendered":"<p>AGITA\u00c7\u00c3O &amp; MISTURA AGITADORES MILTON ROY MISTURADORES EST\u00c1TICOS AGITADORES SUBMERS\u00cdVEIS<\/p>\n","protected":false},"author":1,"featured_media":16265,"parent":36548,"menu_order":0,"comment_status":"closed","ping_status":"closed","template":"page-templates\/secciones-principales.php","meta":{"_eb_attr":"","footnotes":""},"class_list":["post-27379","page","type-page","status-publish","has-post-thumbnail","hentry"],"aioseo_notices":[],"_links":{"self":[{"href":"https:\/\/klinger.pt\/es\/wp-json\/wp\/v2\/pages\/27379","targetHints":{"allow":["GET"]}}],"collection":[{"href":"https:\/\/klinger.pt\/es\/wp-json\/wp\/v2\/pages"}],"about":[{"href":"https:\/\/klinger.pt\/es\/wp-json\/wp\/v2\/types\/page"}],"author":[{"embeddable":true,"href":"https:\/\/klinger.pt\/es\/wp-json\/wp\/v2\/users\/1"}],"replies":[{"embeddable":true,"href":"https:\/\/klinger.pt\/es\/wp-json\/wp\/v2\/comments?post=27379"}],"version-history":[{"count":12,"href":"https:\/\/klinger.pt\/es\/wp-json\/wp\/v2\/pages\/27379\/revisions"}],"predecessor-version":[{"id":38156,"href":"https:\/\/klinger.pt\/es\/wp-json\/wp\/v2\/pages\/27379\/revisions\/38156"}],"up":[{"embeddable":true,"href":"https:\/\/klinger.pt\/es\/wp-json\/wp\/v2\/pages\/36548"}],"wp:featuredmedia":[{"embeddable":true,"href":"https:\/\/klinger.pt\/es\/wp-json\/wp\/v2\/media\/16265"}],"wp:attachment":[{"href":"https:\/\/klinger.pt\/es\/wp-json\/wp\/v2\/media?parent=27379"}],"curies":[{"name":"wp","href":"https:\/\/api.w.org\/{rel}","templated":true}]}}