{"id":27345,"date":"2022-08-31T09:22:53","date_gmt":"2022-08-31T08:22:53","guid":{"rendered":"https:\/\/m5j0n6nk9p.onrocket.site\/?page_id=27345"},"modified":"2023-07-24T15:28:31","modified_gmt":"2023-07-24T14:28:31","slug":"meios-de-enchimento","status":"publish","type":"page","link":"https:\/\/klinger.pt\/es\/water-solutions\/tratamento-biologico\/meios-de-enchimento\/","title":{"rendered":"MEIOS DE ENCHIMENTO"},"content":{"rendered":"\n<div class=\"wp-block-columns is-layout-flex wp-container-core-columns-is-layout-9d6595d7 wp-block-columns-is-layout-flex\">\n<div class=\"wp-block-column is-layout-flow wp-block-column-is-layout-flow\" style=\"flex-basis:300px\">\n<figure class=\"wp-block-image size-full\"><img fetchpriority=\"high\" decoding=\"async\" width=\"849\" height=\"495\" src=\"https:\/\/klinger.pt\/wp-content\/uploads\/2022\/08\/MiniSystem_3_SIN_FONDO-3.png\" alt=\"Meios de Enchimento\" class=\"wp-image-27483\" srcset=\"https:\/\/klinger.pt\/wp-content\/uploads\/2022\/08\/MiniSystem_3_SIN_FONDO-3.png 849w, https:\/\/klinger.pt\/wp-content\/uploads\/2022\/08\/MiniSystem_3_SIN_FONDO-3-300x175.png 300w, https:\/\/klinger.pt\/wp-content\/uploads\/2022\/08\/MiniSystem_3_SIN_FONDO-3-768x448.png 768w\" sizes=\"(max-width: 849px) 100vw, 849px\" \/><\/figure>\n\n\n\n<figure class=\"wp-block-image size-large\"><img decoding=\"async\" width=\"1024\" height=\"451\" src=\"https:\/\/klinger.pt\/wp-content\/uploads\/2022\/09\/BioEco_5-1024x451.png\" alt=\"\" class=\"wp-image-29407\" srcset=\"https:\/\/klinger.pt\/wp-content\/uploads\/2022\/09\/BioEco_5-1024x451.png 1024w, https:\/\/klinger.pt\/wp-content\/uploads\/2022\/09\/BioEco_5-300x132.png 300w, https:\/\/klinger.pt\/wp-content\/uploads\/2022\/09\/BioEco_5-768x338.png 768w, https:\/\/klinger.pt\/wp-content\/uploads\/2022\/09\/BioEco_5-1536x677.png 1536w, https:\/\/klinger.pt\/wp-content\/uploads\/2022\/09\/BioEco_5-2048x903.png 2048w, https:\/\/klinger.pt\/wp-content\/uploads\/2022\/09\/BioEco_5-1400x617.png 1400w\" sizes=\"(max-width: 1024px) 100vw, 1024px\" \/><\/figure>\n<\/div>\n\n\n\n<div class=\"wp-block-column is-layout-flow wp-block-column-is-layout-flow\" style=\"flex-basis:700px\">\n<h1 class=\"wp-block-heading\">MEIOS DE ENCHIMENTO<\/h1>\n\n\n\n<p>Os Meios de Enchimento possuem constru\u00e7\u00e3o em PP e s\u00e3o utilizados nos leitos percoladores em Etars Municipais. Com uma superf\u00edcie espec\u00edfica 127 m2\/m3, 307 m2\/m3. Em MBBR com uma superf\u00edcie espec\u00edfica de 900 m2\/m3.<\/p>\n\n\n\n<h2 class=\"wp-block-heading\">CARACTER\u00cdSTICAS<\/h2>\n\n\n\n<ul class=\"wp-block-list\">\n<li>Diversos pesos espec\u00edficos conforme aplica\u00e7\u00e3o<\/li>\n\n\n\n<li>Densidade ajust\u00e1vel sobre pedido<\/li>\n\n\n\n<li>Diversas formas conforme aplica\u00e7\u00e3o<\/li>\n<\/ul>\n\n\n\n<h2 class=\"wp-block-heading\">VANTAGENS<\/h2>\n\n\n\n<ul class=\"wp-block-list\">\n<li>Superf\u00edcie especifica testada<\/li>\n\n\n\n<li>Materiais selecionados<\/li>\n\n\n\n<li>C\u00e1lculos t\u00e9cnicos e analises aplicacional dispon\u00edvel<\/li>\n<\/ul>\n<\/div>\n<\/div>\n\n\n\n<h5 class=\"wp-block-heading\"><a rel=\"noreferrer noopener\" href=\"https:\/\/klinger.pt\/wp-content\/uploads\/2020\/07\/catalogo-meios-enchimento-klinger.pdf\" data-type=\"URL\" data-id=\"https:\/\/klinger.pt\/wp-content\/uploads\/2020\/07\/catalogo-meios-enchimento-klinger.pdf\" target=\"_blank\">FICHA T\u00c9CNICA_EN (pdf)<\/a><\/h5>\n","protected":false},"excerpt":{"rendered":"<p>MEIOS DE ENCHIMENTO Os Meios de Enchimento possuem constru\u00e7\u00e3o em PP e s\u00e3o utilizados nos leitos percoladores em Etars Municipais. Com uma superf\u00edcie espec\u00edfica 127 m2\/m3, 307 m2\/m3. Em MBBR com uma superf\u00edcie espec\u00edfica de 900 m2\/m3. CARACTER\u00cdSTICAS VANTAGENS FICHA T\u00c9CNICA_EN (pdf)<\/p>\n","protected":false},"author":1,"featured_media":0,"parent":27338,"menu_order":0,"comment_status":"closed","ping_status":"closed","template":"page-templates\/servicios.php","meta":{"_eb_attr":"","footnotes":""},"class_list":["post-27345","page","type-page","status-publish","hentry"],"aioseo_notices":[],"_links":{"self":[{"href":"https:\/\/klinger.pt\/es\/wp-json\/wp\/v2\/pages\/27345","targetHints":{"allow":["GET"]}}],"collection":[{"href":"https:\/\/klinger.pt\/es\/wp-json\/wp\/v2\/pages"}],"about":[{"href":"https:\/\/klinger.pt\/es\/wp-json\/wp\/v2\/types\/page"}],"author":[{"embeddable":true,"href":"https:\/\/klinger.pt\/es\/wp-json\/wp\/v2\/users\/1"}],"replies":[{"embeddable":true,"href":"https:\/\/klinger.pt\/es\/wp-json\/wp\/v2\/comments?post=27345"}],"version-history":[{"count":3,"href":"https:\/\/klinger.pt\/es\/wp-json\/wp\/v2\/pages\/27345\/revisions"}],"predecessor-version":[{"id":44397,"href":"https:\/\/klinger.pt\/es\/wp-json\/wp\/v2\/pages\/27345\/revisions\/44397"}],"up":[{"embeddable":true,"href":"https:\/\/klinger.pt\/es\/wp-json\/wp\/v2\/pages\/27338"}],"wp:attachment":[{"href":"https:\/\/klinger.pt\/es\/wp-json\/wp\/v2\/media?parent=27345"}],"curies":[{"name":"wp","href":"https:\/\/api.w.org\/{rel}","templated":true}]}}