{"id":27342,"date":"2022-08-31T09:21:54","date_gmt":"2022-08-31T08:21:54","guid":{"rendered":"https:\/\/m5j0n6nk9p.onrocket.site\/?page_id=27342"},"modified":"2023-02-27T08:19:06","modified_gmt":"2023-02-27T08:19:06","slug":"grades-automaticas","status":"publish","type":"page","link":"https:\/\/klinger.pt\/es\/water-solutions\/tratamento-biologico\/grades-automaticas\/","title":{"rendered":"BIODISCOS"},"content":{"rendered":"\n<div class=\"wp-block-columns is-layout-flex wp-container-core-columns-is-layout-9d6595d7 wp-block-columns-is-layout-flex\">\n<div class=\"wp-block-column is-layout-flow wp-block-column-is-layout-flow\" style=\"flex-basis:300px\">\n<figure class=\"wp-block-image size-full\"><img fetchpriority=\"high\" decoding=\"async\" width=\"252\" height=\"252\" src=\"https:\/\/klinger.pt\/wp-content\/uploads\/2022\/08\/biodiscos-thumbnail-1.png\" alt=\"\" class=\"wp-image-27487\" srcset=\"https:\/\/klinger.pt\/wp-content\/uploads\/2022\/08\/biodiscos-thumbnail-1.png 252w, https:\/\/klinger.pt\/wp-content\/uploads\/2022\/08\/biodiscos-thumbnail-1-150x150.png 150w\" sizes=\"(max-width: 252px) 100vw, 252px\" \/><\/figure>\n<\/div>\n\n\n\n<div class=\"wp-block-column is-layout-flow wp-block-column-is-layout-flow\" style=\"flex-basis:700px\">\n<h1 class=\"wp-block-heading\">BIODISCOS<\/h1>\n\n\n\n<h4 class=\"wp-block-heading\">Tratamento Biol\u00f3gico<\/h4>\n\n\n\n<p>Equipamento Modular, que permite dimensionar a solu\u00e7\u00e3o conforme as necessidades do cliente, garantindo facilidade na manuten\u00e7\u00e3o.<\/p>\n\n\n\n<h5 class=\"wp-block-heading\">CARACTER\u00cdSTICAS<\/h5>\n\n\n\n<ul class=\"wp-block-list\">\n<li>Constru\u00e7\u00e3o por m\u00f3dulos de minidiscos<\/li>\n\n\n\n<li>Separadores entre m\u00f3dulos, garantindo distancia m\u00ednima<\/li>\n\n\n\n<li>Configur\u00e1vel em 1, 2, 3, ou 4 etapas<\/li>\n<\/ul>\n\n\n\n<h5 class=\"wp-block-heading\">VANTAGENS<\/h5>\n\n\n\n<ul class=\"wp-block-list\">\n<li>Poupan\u00e7a energ\u00e9tica<\/li>\n\n\n\n<li>Alta efic\u00e1cia no rendimento da depura\u00e7\u00e3o<\/li>\n\n\n\n<li>Equipamento compacto, pouco espa\u00e7o necess\u00e1rio para instala\u00e7\u00e3o<\/li>\n\n\n\n<li>Aus\u00eancia de contamina\u00e7\u00e3o ac\u00fastica<\/li>\n\n\n\n<li>Moderado impacto ambiental<\/li>\n<\/ul>\n<\/div>\n<\/div>\n\n\n\n<h5 class=\"wp-block-heading\"><a rel=\"noreferrer noopener\" href=\"https:\/\/klinger.pt\/wp-content\/uploads\/2020\/07\/catalogo-biodisco-klinger.pdf\" data-type=\"URL\" data-id=\"https:\/\/klinger.pt\/wp-content\/uploads\/2020\/07\/catalogo-biodisco-klinger.pdf\" target=\"_blank\">FICHA T\u00c9CNICA_EN (pdf)<\/a><\/h5>\n\n\n\n<h5 class=\"wp-block-heading\">FICHA T\u00c9CNICA_PT (pdf)<\/h5>\n","protected":false},"excerpt":{"rendered":"<p>BIODISCOS Tratamento Biol\u00f3gico Equipamento Modular, que permite dimensionar a solu\u00e7\u00e3o conforme as necessidades do cliente, garantindo facilidade na manuten\u00e7\u00e3o. CARACTER\u00cdSTICAS VANTAGENS FICHA T\u00c9CNICA_EN (pdf) FICHA T\u00c9CNICA_PT (pdf)<\/p>\n","protected":false},"author":1,"featured_media":0,"parent":27338,"menu_order":0,"comment_status":"closed","ping_status":"closed","template":"page-templates\/servicios.php","meta":{"_eb_attr":"","footnotes":""},"class_list":["post-27342","page","type-page","status-publish","hentry"],"aioseo_notices":[],"_links":{"self":[{"href":"https:\/\/klinger.pt\/es\/wp-json\/wp\/v2\/pages\/27342","targetHints":{"allow":["GET"]}}],"collection":[{"href":"https:\/\/klinger.pt\/es\/wp-json\/wp\/v2\/pages"}],"about":[{"href":"https:\/\/klinger.pt\/es\/wp-json\/wp\/v2\/types\/page"}],"author":[{"embeddable":true,"href":"https:\/\/klinger.pt\/es\/wp-json\/wp\/v2\/users\/1"}],"replies":[{"embeddable":true,"href":"https:\/\/klinger.pt\/es\/wp-json\/wp\/v2\/comments?post=27342"}],"version-history":[{"count":1,"href":"https:\/\/klinger.pt\/es\/wp-json\/wp\/v2\/pages\/27342\/revisions"}],"predecessor-version":[{"id":38168,"href":"https:\/\/klinger.pt\/es\/wp-json\/wp\/v2\/pages\/27342\/revisions\/38168"}],"up":[{"embeddable":true,"href":"https:\/\/klinger.pt\/es\/wp-json\/wp\/v2\/pages\/27338"}],"wp:attachment":[{"href":"https:\/\/klinger.pt\/es\/wp-json\/wp\/v2\/media?parent=27342"}],"curies":[{"name":"wp","href":"https:\/\/api.w.org\/{rel}","templated":true}]}}