{"id":26327,"date":"2022-08-29T09:49:54","date_gmt":"2022-08-29T08:49:54","guid":{"rendered":"https:\/\/m5j0n6nk9p.onrocket.site\/?page_id=26327"},"modified":"2023-06-21T16:02:51","modified_gmt":"2023-06-21T15:02:51","slug":"bombas-peristalticas","status":"publish","type":"page","link":"https:\/\/klinger.pt\/es\/produtos\/bombas-e-agitacao\/bombas\/bombas-peristalticas\/","title":{"rendered":"BOMBAS PERIST\u00c1LTICAS"},"content":{"rendered":"\n<h1 class=\"wp-block-heading\">BOMBAS PERIST\u00c1LTICAS<\/h1>\n\n\n\n<p>&nbsp;A bomba perist\u00e1ltica de rolos grandes foi desenhada para responder a uma grande variedade de aplica\u00e7\u00f5es no tratamento de \u00e1guas e nas mais diversas ind\u00fastrias. Qu\u00edmica, alimentar, bebidas, papel, cer\u00e2mica e mineira, entre outras. Alguns exemplos destas aplica\u00e7\u00f5es s\u00e3o:<\/p>\n\n\n\n<div class=\"wp-block-columns is-layout-flex wp-container-core-columns-is-layout-9d6595d7 wp-block-columns-is-layout-flex\">\n<div class=\"wp-block-column is-layout-flow wp-block-column-is-layout-flow\">\n<h4 class=\"wp-block-heading\"><strong>No tratamento de \u00e1guas:<\/strong><\/h4>\n\n\n\n<p><strong>Doseamento:<\/strong><br>\u00bb Leite de cal<br>\u00bb Carv\u00e3o ativado<br>\u00bb Hipoclorito de s\u00f3dio<br>\u00bb Cloreto f\u00e9rrico<br>\u00bb Pol\u00edmeros<br>\u00bb Amostragens<\/p>\n\n\n\n<p><strong>Trasfega:<\/strong><br>\u00bb Lamas<br>\u00bb Pastas<br>\u00bb Leite de cal<\/p>\n<\/div>\n\n\n\n<div class=\"wp-block-column is-layout-flow wp-block-column-is-layout-flow\">\n<h4 class=\"wp-block-heading\"><strong>Nas minas:<\/strong><\/h4>\n\n\n\n<p><strong>Doseamento:<\/strong><br>\u00bb Cianeto<br>\u00bb Xantato<br>\u00bb Reagentes<br>\u00bb Pol\u00edmeros<\/p>\n\n\n\n<p><strong>Trasfega:<\/strong><br>\u00bb Polpa mineral<br>\u00bb Lamas<br>\u00bb Pastas<br>\u00bb Pol\u00edmeros<\/p>\n<\/div>\n<\/div>\n\n\n\n<div class=\"wp-block-columns is-layout-flex wp-container-core-columns-is-layout-9d6595d7 wp-block-columns-is-layout-flex\">\n<div class=\"wp-block-column is-layout-flow wp-block-column-is-layout-flow\">\n<h4 class=\"wp-block-heading\"><strong><strong>Na ind\u00fastria qu\u00edmica:<\/strong><\/strong><\/h4>\n\n\n\n<p><strong>Doseamento:<\/strong><br>\u00bb Pigmentos<br>\u00bb Tintas aquosas<br>\u00bb Resinas<br>\u00bb Detergentes<br>\u00bb Colas aquosas<br>\u00bb \u00c1cidos<\/p>\n\n\n\n<p><strong>Trasfega:<\/strong><br>\u00bb Produtos abrasivos tais como Di\u00f3xido Tit\u00e2nio<br>\u00bb Tintas aquosas<br>\u00bb Produtos dif\u00edceis tais como Latex<\/p>\n<\/div>\n\n\n\n<div class=\"wp-block-column is-layout-flow wp-block-column-is-layout-flow\">\n<h4 class=\"wp-block-heading\"><strong>Nas ind\u00fastrias do papel e celulose<\/strong>:<\/h4>\n\n\n\n<p><strong>Doseamento:<\/strong><br>\u00bb Qu\u00edmicos<br>\u00bb Leite de cal<br>\u00bb Aditivos e corantes<br>\u00bb Colas<\/p>\n\n\n\n<p><strong>Trasfega:<\/strong><br>\u00bb Pasta papel<br>\u00bb Cola<\/p>\n<\/div>\n<\/div>\n\n\n\n<p>O revolucion\u00e1rio sistema de rolos XXL e as mangueiras de \u00faltima gera\u00e7\u00e3o, oferecem grandes vantagens em compara\u00e7\u00e3o com outras tecnologias de bombeamento e outras bombas perist\u00e1lticas no mercado, por permitirem uma manuten\u00e7\u00e3o f\u00e1cil, em menos tempo e com maiores intervalos de tempo entre manuten\u00e7\u00f5es, reduzindo tempos de paragem e custos de opera\u00e7\u00e3o. Apresentam muitas vantagens adicionais, como:<\/p>\n\n\n\n<ul class=\"wp-block-list\">\n<li>Montagem e comissionamento extremamente r\u00e1pidos e f\u00e1ceis.<\/li>\n\n\n\n<li>Requerem muito pouco lubrificante, resultando numa redu\u00e7\u00e3o at\u00e9 90% na quantidade necess\u00e1ria, quando comparada com bombas perist\u00e1lticas de sapatas<\/li>\n\n\n\n<li>Mangueira perist\u00e1ltica, com estrutura interna especial permitindo uma durabilidade muito elevada e desempenho operacional excecional.<\/li>\n\n\n\n<li>Resist\u00eancia \u00e0 abras\u00e3o. Quanto mais abrasivo for o fluido, melhor ser\u00e1 comparativamente com outras, o desempenho da bomba. N\u00e3o h\u00e1 pe\u00e7as rotativas em contacto com o fluido. A vida \u00fatil da mangueira n\u00e3o \u00e9 afetada pela abras\u00e3o.<\/li>\n\n\n\n<li>Capacidade de su\u00e7\u00e3o. As aplica\u00e7\u00f5es com necessidade de aspira\u00e7\u00e3o negativa, s\u00e3o perfeitas para a bomba. N\u00e3o precisa de v\u00e1lvulas de p\u00e9, sistemas de inunda\u00e7\u00e3o, etc. A bomba pode bombear o ar da tubagem de aspira\u00e7\u00e3o.<\/li>\n\n\n\n<li>Trabalho a seco. A bomba pode trabalhar a seco indefinidamente sem se danificar. O fluido n\u00e3o lubrifica nenhuma parte rotativa.<\/li>\n\n\n\n<li>Sem v\u00e1lvula. Devido ao princ\u00edpio de funcionamento, n\u00e3o \u00e9 preciso usar nenhuma v\u00e1lvula.<\/li>\n\n\n\n<li>Sem veda\u00e7\u00e3o. A mangueira \u00e9 fechada de forma est\u00e1tica. Como n\u00e3o temos nenhuma pe\u00e7a rotativa em contacto com o fluido n\u00e3o precisamos de usar nenhum sistema de veda\u00e7\u00e3o, como empanques mec\u00e2nicos.<\/li>\n\n\n\n<li>Bombeamento suave. Nenhuma parte rotativa em contacto com o fluido. Apenas borracha contra borracha a baixa velocidade. N\u00e3o provoca danos em fluidos sens\u00edveis a cisalhamento.<\/li>\n\n\n\n<li>Bombeamento revers\u00edvel. A bomba pode rodar em ambas as dire\u00e7\u00f5es apenas mudando a rota\u00e7\u00e3o do motor. Os tubos podem ser esvaziados ap\u00f3s a utiliza\u00e7\u00e3o apenas mudando o sentido de rota\u00e7\u00e3o.<\/li>\n\n\n\n<li>Capacidade volum\u00e9trica. A capacidade \u00e9 constante e n\u00e3o \u00e9 afetada pela press\u00e3o de trabalho. A bomba pode dosear a uma press\u00e3o vari\u00e1vel com grande precis\u00e3o.<\/li>\n<\/ul>\n\n\n\n<div style=\"height:10px\" aria-hidden=\"true\" class=\"wp-block-spacer\"><\/div>\n\n\n\n<h2 class=\"wp-block-heading\">VERS\u00c3O INDUSTRIAL<\/h2>\n\n\n\n<div style=\"height:30px\" aria-hidden=\"true\" class=\"wp-block-spacer\"><\/div>\n\n\n\n<div class=\"wp-block-columns is-layout-flex wp-container-core-columns-is-layout-9d6595d7 wp-block-columns-is-layout-flex\">\n<div class=\"wp-block-column is-layout-flow wp-block-column-is-layout-flow\" style=\"flex-basis:33.33%\">\n<figure class=\"wp-block-image size-full\"><img fetchpriority=\"high\" decoding=\"async\" width=\"350\" height=\"337\" src=\"https:\/\/klinger.pt\/wp-content\/uploads\/2023\/06\/Model-I12-copiar.webp\" alt=\"\" class=\"wp-image-43175\" srcset=\"https:\/\/klinger.pt\/wp-content\/uploads\/2023\/06\/Model-I12-copiar.webp 350w, https:\/\/klinger.pt\/wp-content\/uploads\/2023\/06\/Model-I12-copiar-300x289.webp 300w\" sizes=\"(max-width: 350px) 100vw, 350px\" \/><\/figure>\n<\/div>\n\n\n\n<div class=\"wp-block-column is-layout-flow wp-block-column-is-layout-flow\" style=\"flex-basis:66.66%\">\n<h3 class=\"wp-block-heading\">Modelos I<\/h3>\n\n\n\n<p>Dispon\u00edveis em diversos tamanhos desde a I12 at\u00e9 \u00e0 I55, cobrem um range de caudais entre os 5 000 l\/h e os 34&nbsp;000 l\/h.<\/p>\n\n\n\n<p>Os modelos I, caracterizam-se por:<\/p>\n\n\n\n<ul class=\"wp-block-list\">\n<li>Possuir um baixo bin\u00e1rio de arranque<\/li>\n\n\n\n<li>Baixo consumo energ\u00e9tico<\/li>\n\n\n\n<li>Permitem a f\u00e1cil e r\u00e1pida substitui\u00e7\u00e3o da mangueira<\/li>\n\n\n\n<li>Ampla superf\u00edcie de compress\u00e3o entre os rolos XXL e a mangueira, permitindo trabalhar com press\u00f5es at\u00e9 10bar.<\/li>\n\n\n\n<li>Os rolos XXL, s\u00e3o feitos de alum\u00ednio duro anodizado. Permitem uma vida \u00fatil muito longa, baixo peso e s\u00e3o f\u00e1ceis de montar.<\/li>\n\n\n\n<li>Mangueiras extrudidas internamente e retificadas, para uma compress\u00e3o perfeita.<\/li>\n\n\n\n<li>Redutores isentos de cargas axiais<\/li>\n<\/ul>\n\n\n\n<h5 class=\"wp-block-heading\"><a href=\"https:\/\/klinger.pt\/wp-content\/uploads\/2023\/06\/Peribest-I12_PT_compressed.pdf\" target=\"_blank\" rel=\"noopener\" title=\"FICHA T\u00c9CNICA I12 (PT)\">FICHA T\u00c9CNICA I12 (PT)<\/a><\/h5>\n\n\n\n<h5 class=\"wp-block-heading\"><a href=\"https:\/\/klinger.pt\/wp-content\/uploads\/2023\/06\/Peribest-I17_PT_compressed.pdf\" target=\"_blank\" rel=\"noopener\" title=\"FICHA T\u00c9CNICA I17 (PT)\">FICHA T\u00c9CNICA I17 (PT)<\/a><\/h5>\n\n\n\n<h5 class=\"wp-block-heading\"><a href=\"https:\/\/klinger.pt\/wp-content\/uploads\/2023\/06\/Peribest-I21_PT_compressed.pdf\" target=\"_blank\" rel=\"noopener\" title=\"FICHA T\u00c9CNICA I21 (PT)\">FICHA T\u00c9CNICA I21 (PT)<\/a><\/h5>\n\n\n\n<h5 class=\"wp-block-heading\"><a href=\"https:\/\/klinger.pt\/wp-content\/uploads\/2023\/06\/Peribest-I28_PT_compressed.pdf\" target=\"_blank\" rel=\"noopener\" title=\"FICHA T\u00c9CNICA I28 (PT)\">FICHA T\u00c9CNICA I28 (PT)<\/a><\/h5>\n\n\n\n<h5 class=\"wp-block-heading\"><a href=\"https:\/\/klinger.pt\/wp-content\/uploads\/2023\/06\/Peribest-I35_PT_compressed.pdf\" target=\"_blank\" rel=\"noopener\" title=\"FICHA T\u00c9CNICA I35 (PT)\">FICHA T\u00c9CNICA I35 (PT)<\/a><\/h5>\n\n\n\n<h5 class=\"wp-block-heading\"><a href=\"https:\/\/klinger.pt\/wp-content\/uploads\/2023\/06\/Peribest-I43_PT_compressed.pdf\" target=\"_blank\" rel=\"noopener\" title=\"FICHA T\u00c9CNICA I43 (PT)\">FICHA T\u00c9CNICA I43 (PT)<\/a><\/h5>\n\n\n\n<h5 class=\"wp-block-heading\"><a href=\"https:\/\/klinger.pt\/wp-content\/uploads\/2023\/06\/Peribest-I55_PT_compressed.pdf\" target=\"_blank\" rel=\"noopener\" title=\"FICHA T\u00c9CNICA I55 (PT)\">FICHA T\u00c9CNICA I55 (PT)<\/a><\/h5>\n<\/div>\n<\/div>\n\n\n\n<div style=\"height:30px\" aria-hidden=\"true\" class=\"wp-block-spacer\"><\/div>\n\n\n\n<div class=\"wp-block-columns is-layout-flex wp-container-core-columns-is-layout-9d6595d7 wp-block-columns-is-layout-flex\">\n<div class=\"wp-block-column is-layout-flow wp-block-column-is-layout-flow\" style=\"flex-basis:33.33%\">\n<figure class=\"wp-block-image size-full\"><img decoding=\"async\" width=\"378\" height=\"411\" src=\"https:\/\/klinger.pt\/wp-content\/uploads\/2023\/06\/Datasheet-T05.webp\" alt=\"\" class=\"wp-image-43204\" srcset=\"https:\/\/klinger.pt\/wp-content\/uploads\/2023\/06\/Datasheet-T05.webp 378w, https:\/\/klinger.pt\/wp-content\/uploads\/2023\/06\/Datasheet-T05-276x300.webp 276w\" sizes=\"(max-width: 378px) 100vw, 378px\" \/><\/figure>\n<\/div>\n\n\n\n<div class=\"wp-block-column is-layout-flow wp-block-column-is-layout-flow\" style=\"flex-basis:66.66%\">\n<h3 class=\"wp-block-heading\">Modelo T05 &#8211; Vers\u00e3o de Tubo<\/h3>\n\n\n\n<p>A bomba de tubagem industrial T05 foi concebida para tarefas exigentes com press\u00f5es at\u00e9 4 bar e caudais at\u00e9 26L\/h.<\/p>\n\n\n\n<p>Gra\u00e7as a um design muito resistente que inclui rolos grandes e moto-redutor industrial para trabalhar 24h\/7dias, a bomba T05 oferece uma excelente durabilidade.<\/p>\n\n\n\n<p>O corpo da bomba \u00e9 fabricado em polietileno de alta densidade e \u00e9 completamente herm\u00e9tico. Possui um sensor de rutura do tubo, inclu\u00eddo na vers\u00e3o standard. Tudo isto resulta num design perfeito para bombear produtos altamente corrosivos em condi\u00e7\u00f5es seguras, evitando perdas dispendiosas que ocorrem habitualmente com a maioria das bombas de tubos perist\u00e1lticos no mercado.<\/p>\n\n\n\n<p>Os rolos e guias garantem uma excelente compress\u00e3o da mangueira. As opera\u00e7\u00f5es de manuten\u00e7\u00e3o s\u00e3o f\u00e1ceis, reduzindo-se o tempo de inatividade. A T05 \u00e9 uma unidade muito competitiva, ideal para clientes que procuram uma solu\u00e7\u00e3o robusta com uma eletr\u00f3nica simples e barata.<\/p>\n\n\n\n<h5 class=\"wp-block-heading\"><a href=\"https:\/\/klinger.pt\/wp-content\/uploads\/2023\/06\/Peribest-T05_PT_compressed-1.pdf\" target=\"_blank\" rel=\"noopener\" title=\"FICHA T\u00c9CNICA T05 (PT)\">FICHA T\u00c9CNICA T05 (PT)<\/a><\/h5>\n<\/div>\n<\/div>\n\n\n\n<div style=\"height:50px\" aria-hidden=\"true\" class=\"wp-block-spacer\"><\/div>\n\n\n\n<h2 class=\"wp-block-heading\">VERS\u00c3O QU\u00cdMICA<\/h2>\n\n\n\n<div style=\"height:30px\" aria-hidden=\"true\" class=\"wp-block-spacer\"><\/div>\n\n\n\n<div class=\"wp-block-columns is-layout-flex wp-container-core-columns-is-layout-9d6595d7 wp-block-columns-is-layout-flex\">\n<div class=\"wp-block-column is-layout-flow wp-block-column-is-layout-flow\" style=\"flex-basis:33.33%\">\n<figure class=\"wp-block-image size-full\"><img decoding=\"async\" width=\"350\" height=\"337\" src=\"https:\/\/klinger.pt\/wp-content\/uploads\/2023\/06\/Model-C17.webp\" alt=\"\" class=\"wp-image-43196\" srcset=\"https:\/\/klinger.pt\/wp-content\/uploads\/2023\/06\/Model-C17.webp 350w, https:\/\/klinger.pt\/wp-content\/uploads\/2023\/06\/Model-C17-300x289.webp 300w\" sizes=\"(max-width: 350px) 100vw, 350px\" \/><\/figure>\n<\/div>\n\n\n\n<div class=\"wp-block-column is-layout-flow wp-block-column-is-layout-flow\" style=\"flex-basis:66.66%\">\n<h3 class=\"wp-block-heading\">Modelos C<\/h3>\n\n\n\n<p>Os modelos C, da vers\u00e3o qu\u00edmica, est\u00e3o dispon\u00edveis em sete tamanhos, entre o C12 e o C55, para caudais compreendidos entre os 5 000 l\/h e os 34&nbsp;000 l\/h. Possuem as caracter\u00edsticas e vantagens do modelo I (industrial), complementadas pelas seguintes particularidades de s\u00e9rie:<\/p>\n\n\n\n<ul class=\"wp-block-list\">\n<li>Carca\u00e7a e tampa frontal revestidas a Tefzel: anticorrosiva, similar ao PTFE<\/li>\n\n\n\n<li>Sensor de fugas da mangueira inclu\u00eddo de s\u00e9rie: Sensor flutuante\/ Contacto livre de potencial \/ Facilidade de liga\u00e7\u00e3o e instala\u00e7\u00e3o (ligador M12)<\/li>\n\n\n\n<li>Sistema de drenagem: evita acumula\u00e7\u00e3o de l\u00edquido dentro do corpo da bomba<\/li>\n<\/ul>\n\n\n\n<h5 class=\"wp-block-heading\"><a href=\"https:\/\/klinger.pt\/wp-content\/uploads\/2023\/06\/Peribest-C12_PT_compressed.pdf\" target=\"_blank\" rel=\"noopener\" title=\"FICHA T\u00c9CNICA C12 (PT)\">FICHA T\u00c9CNICA C12 (PT)<\/a><\/h5>\n\n\n\n<h5 class=\"wp-block-heading\"><a href=\"https:\/\/klinger.pt\/wp-content\/uploads\/2023\/06\/Peribest-C17_PT_compressed.pdf\" target=\"_blank\" rel=\"noopener\" title=\"FICHA T\u00c9CNICA C17 (PT)\">FICHA T\u00c9CNICA C17 (PT)<\/a><\/h5>\n\n\n\n<h5 class=\"wp-block-heading\"><a href=\"https:\/\/klinger.pt\/wp-content\/uploads\/2023\/06\/Peribest-C21_PT_compressed.pdf\" target=\"_blank\" rel=\"noopener\" title=\"FICHA T\u00c9CNICA C21 (PT)\">FICHA T\u00c9CNICA C21 (PT)<\/a><\/h5>\n\n\n\n<h5 class=\"wp-block-heading\"><a href=\"https:\/\/klinger.pt\/wp-content\/uploads\/2023\/06\/Peribest-C28_PT_compressed.pdf\" target=\"_blank\" rel=\"noopener\" title=\"FICHA T\u00c9CNICA C28 (PT)\">FICHA T\u00c9CNICA C28 (PT)<\/a><\/h5>\n\n\n\n<h5 class=\"wp-block-heading\"><a href=\"https:\/\/klinger.pt\/wp-content\/uploads\/2023\/06\/Peribest-C35_PT_compressed.pdf\" target=\"_blank\" rel=\"noopener\" title=\"FICHA T\u00c9CNICA C35 (PT)\">FICHA T\u00c9CNICA C35 (PT)<\/a><\/h5>\n\n\n\n<h5 class=\"wp-block-heading\"><a href=\"https:\/\/klinger.pt\/wp-content\/uploads\/2023\/06\/Peribest-C43_PT_compressed.pdf\" target=\"_blank\" rel=\"noopener\" title=\"FICHA T\u00c9CNICA C43 (PT)\">FICHA T\u00c9CNICA C43 (PT)<\/a><\/h5>\n\n\n\n<h5 class=\"wp-block-heading\"><a href=\"https:\/\/klinger.pt\/wp-content\/uploads\/2023\/06\/Peribest-C55_PT_compressed.pdf\" target=\"_blank\" rel=\"noopener\" title=\"FICHA T\u00c9CNICA C55 (PT)\">FICHA T\u00c9CNICA C55 (PT)<\/a><\/h5>\n<\/div>\n<\/div>\n\n\n\n<div style=\"height:30px\" aria-hidden=\"true\" class=\"wp-block-spacer\"><\/div>\n\n\n\n<h2 class=\"wp-block-heading\">VERS\u00c3O ALIMENTAR<\/h2>\n\n\n\n<div class=\"wp-block-columns is-layout-flex wp-container-core-columns-is-layout-9d6595d7 wp-block-columns-is-layout-flex\">\n<div class=\"wp-block-column is-layout-flow wp-block-column-is-layout-flow\" style=\"flex-basis:33.33%\">\n<figure class=\"wp-block-image size-full\"><img decoding=\"async\" src=\"https:\/\/klinger.pt\/wp-content\/uploads\/2023\/06\/Bomba-Peristaltica-Alimentar-site.webp\" alt=\"\" class=\"wp-image-43564\"\/><\/figure>\n<\/div>\n\n\n\n<div class=\"wp-block-column is-layout-flow wp-block-column-is-layout-flow\" style=\"flex-basis:66.66%\">\n<h3 class=\"wp-block-heading\">Modelos F<\/h3>\n\n\n\n<p>A vers\u00e3o alimentar, dispon\u00edvel em sete modelos desde o F12 ao F55, acrescenta \u00e0s caracter\u00edsticas e vantagens base das bombas de rolos grandes, caracter\u00edsticas pr\u00f3prias para a ind\u00fastria alimentar:<\/p>\n\n\n\n<ul class=\"wp-block-list\">\n<li>Mangueira de qualidade alimentar: Certificado FDA \/ Extrus\u00e3o interna (reduz risco de contamina\u00e7\u00e3o do fluido)<\/li>\n\n\n\n<li>Conectores sanit\u00e1rios: DIN 11851 ou liga\u00e7\u00f5es TRI-CLAMP<\/li>\n\n\n\n<li>Base e tampa frontal em a\u00e7o inoxid\u00e1vel<\/li>\n\n\n\n<li>Facilidade de limpeza CIP: F\u00e1cil remo\u00e7\u00e3o do rolo \/ Tampa frontal de abertura f\u00e1cil e r\u00e1pida<\/li>\n<\/ul>\n\n\n\n<h5 class=\"wp-block-heading\"><a href=\"https:\/\/klinger.pt\/wp-content\/uploads\/2023\/06\/Peribest-F21_PT_compressed.pdf\" target=\"_blank\" rel=\"noopener\" title=\"FICHA T\u00c9CNICA F12 (PT)\">FICHA T\u00c9CNICA F12 (PT)<\/a><\/h5>\n\n\n\n<h5 class=\"wp-block-heading\"><a href=\"https:\/\/klinger.pt\/wp-content\/uploads\/2023\/06\/Peribest-F17_PT_compressed.pdf\" target=\"_blank\" rel=\"noopener\" title=\"FICHA T\u00c9CNICA F17 (PT)\">FICHA T\u00c9CNICA F17 (PT)<\/a><\/h5>\n\n\n\n<h5 class=\"wp-block-heading\"><a href=\"https:\/\/klinger.pt\/wp-content\/uploads\/2023\/06\/Peribest-F21_PT_compressed.pdf\" target=\"_blank\" rel=\"noopener\" title=\"FICHA T\u00c9CNICA F21 (PT)\">FICHA T\u00c9CNICA F21 (PT)<\/a><\/h5>\n\n\n\n<h5 class=\"wp-block-heading\"><a href=\"https:\/\/klinger.pt\/wp-content\/uploads\/2023\/06\/Peribest-F28_PT_compressed.pdf\" target=\"_blank\" rel=\"noopener\" title=\"FICHA T\u00c9CNICA F28 (PT)\">FICHA T\u00c9CNICA F28 (PT)<\/a><\/h5>\n\n\n\n<h5 class=\"wp-block-heading\"><a href=\"https:\/\/klinger.pt\/wp-content\/uploads\/2023\/06\/Peribest-F35_PT_compressed.pdf\" target=\"_blank\" rel=\"noopener\" title=\"FICHA T\u00c9CNICA F35 (PT)\">FICHA T\u00c9CNICA F35 (PT)<\/a><\/h5>\n\n\n\n<h5 class=\"wp-block-heading\"><a href=\"https:\/\/klinger.pt\/wp-content\/uploads\/2023\/06\/Peribest-F43_PT_compressed.pdf\" target=\"_blank\" rel=\"noopener\" title=\"FICHA T\u00c9CNICA F43 (PT)\">FICHA T\u00c9CNICA F43 (PT)<\/a><\/h5>\n\n\n\n<h5 class=\"wp-block-heading\"><a href=\"https:\/\/klinger.pt\/wp-content\/uploads\/2023\/06\/Peribest-F55_PT_compressed.pdf\" target=\"_blank\" rel=\"noopener\" title=\"FICHA T\u00c9CNICA F55 (PT)\">FICHA T\u00c9CNICA F55 (PT)<\/a><\/h5>\n<\/div>\n<\/div>\n","protected":false},"excerpt":{"rendered":"<p>BOMBAS PERIST\u00c1LTICAS &nbsp;A bomba perist\u00e1ltica de rolos grandes foi desenhada para responder a uma grande variedade de aplica\u00e7\u00f5es no tratamento de \u00e1guas e nas mais diversas ind\u00fastrias. Qu\u00edmica, alimentar, bebidas, papel, cer\u00e2mica e mineira, entre outras. Alguns exemplos destas aplica\u00e7\u00f5es s\u00e3o: No tratamento de \u00e1guas: Doseamento:\u00bb Leite de cal\u00bb Carv\u00e3o ativado\u00bb Hipoclorito de s\u00f3dio\u00bb Cloreto [&hellip;]<\/p>\n","protected":false},"author":1,"featured_media":16265,"parent":24675,"menu_order":0,"comment_status":"closed","ping_status":"closed","template":"page-templates\/servicios.php","meta":{"_eb_attr":"","footnotes":""},"class_list":["post-26327","page","type-page","status-publish","has-post-thumbnail","hentry"],"aioseo_notices":[],"_links":{"self":[{"href":"https:\/\/klinger.pt\/es\/wp-json\/wp\/v2\/pages\/26327","targetHints":{"allow":["GET"]}}],"collection":[{"href":"https:\/\/klinger.pt\/es\/wp-json\/wp\/v2\/pages"}],"about":[{"href":"https:\/\/klinger.pt\/es\/wp-json\/wp\/v2\/types\/page"}],"author":[{"embeddable":true,"href":"https:\/\/klinger.pt\/es\/wp-json\/wp\/v2\/users\/1"}],"replies":[{"embeddable":true,"href":"https:\/\/klinger.pt\/es\/wp-json\/wp\/v2\/comments?post=26327"}],"version-history":[{"count":54,"href":"https:\/\/klinger.pt\/es\/wp-json\/wp\/v2\/pages\/26327\/revisions"}],"predecessor-version":[{"id":43637,"href":"https:\/\/klinger.pt\/es\/wp-json\/wp\/v2\/pages\/26327\/revisions\/43637"}],"up":[{"embeddable":true,"href":"https:\/\/klinger.pt\/es\/wp-json\/wp\/v2\/pages\/24675"}],"wp:featuredmedia":[{"embeddable":true,"href":"https:\/\/klinger.pt\/es\/wp-json\/wp\/v2\/media\/16265"}],"wp:attachment":[{"href":"https:\/\/klinger.pt\/es\/wp-json\/wp\/v2\/media?parent=26327"}],"curies":[{"name":"wp","href":"https:\/\/api.w.org\/{rel}","templated":true}]}}