{"id":25724,"date":"2022-08-25T11:01:22","date_gmt":"2022-08-25T10:01:22","guid":{"rendered":"https:\/\/m5j0n6nk9p.onrocket.site\/?page_id=25724"},"modified":"2023-06-16T11:42:46","modified_gmt":"2023-06-16T10:42:46","slug":"aplicacoes-aguas-residuais","status":"publish","type":"page","link":"https:\/\/klinger.pt\/es\/produtos\/bombas-e-agitacao\/bombas\/bombas-tsurumi\/aplicacoes-aguas-residuais\/","title":{"rendered":"APLICA\u00c7\u00d5ES \u00c1GUAS RESIDUAIS"},"content":{"rendered":"\n<h1 class=\"wp-block-heading\">BOMBAS TSURUMI &#8211; APLICA\u00c7\u00d5ES EM \u00c1GUAS RESIDUAIS<\/h1>\n\n\n\n<p>A nova gera\u00e7\u00e3o de bombas submers\u00edveis para esgotos e \u00e1guas residuais da Tsurumi abrange agora aplica\u00e7\u00f5es para \u00e1guas residuais municipais, dom\u00e9sticas e industriais, proporcionando uma \u00f3ptima efici\u00eancia.<\/p>\n\n\n\n<div style=\"height:30px\" aria-hidden=\"true\" class=\"wp-block-spacer\"><\/div>\n\n\n\n<h2 class=\"wp-block-heading\">MONOF\u00c1SICAS &#8211; IMPULSOR VORTEX<\/h2>\n\n\n\n<div class=\"wp-block-columns is-layout-flex wp-container-core-columns-is-layout-9d6595d7 wp-block-columns-is-layout-flex\">\n<div class=\"wp-block-column is-layout-flow wp-block-column-is-layout-flow\" style=\"font-size:14px\"><div class=\"wp-block-image\">\n<figure class=\"alignleft size-full\"><img fetchpriority=\"high\" decoding=\"async\" width=\"200\" height=\"300\" src=\"https:\/\/klinger.pt\/wp-content\/uploads\/2023\/06\/POMA.webp\" alt=\"\" class=\"wp-image-43048\"\/><\/figure>\n<\/div>\n\n\n<h3 class=\"wp-block-heading\">BOMBA TSURUMI POMA<\/h3>\n\n\n\n<p>Com cobertura superior e carca\u00e7a leve em fibra pl\u00e1stica refor\u00e7ada, bomba resistente \u00e1 abras\u00e3o e corros\u00e3o, manuten\u00e7\u00e3o minimizada.<\/p>\n\n\n\n<ul class=\"wp-block-list\">\n<li>\u00f8 Di\u00e2metro sa\u00edda : 50<\/li>\n\n\n\n<li>Pot\u00eancia de sa\u00edda kW : 0,15<\/li>\n\n\n\n<li>Polos : 2<\/li>\n\n\n\n<li>Impulsor : Vortex<\/li>\n\n\n\n<li>Sensor de nivel<\/li>\n\n\n\n<li>Protector do motor (integrado)<\/li>\n<\/ul>\n\n\n\n<div class=\"wp-block-buttons has-custom-font-size has-small-font-size is-content-justification-left is-layout-flex wp-container-core-buttons-is-layout-fdcfc74e wp-block-buttons-is-layout-flex\">\n<div class=\"wp-block-button has-custom-width wp-block-button__width-25 is-style-fill\"><a class=\"wp-block-button__link has-white-color has-text-color has-background wp-element-button\" href=\"https:\/\/klinger.pt\/wp-content\/uploads\/2023\/06\/sew-POMA-EN_compressed.pdf\" style=\"border-radius:0px;background-color:#003a68\" target=\"_blank\" rel=\"noreferrer noopener\">\u00bb Cat\u00e1logo (EN)<\/a><\/div>\n<\/div>\n<\/div>\n\n\n\n<div class=\"wp-block-column is-layout-flow wp-block-column-is-layout-flow\" style=\"font-size:14px\"><div class=\"wp-block-image\">\n<figure class=\"alignleft size-full\"><img decoding=\"async\" width=\"201\" height=\"300\" src=\"https:\/\/klinger.pt\/wp-content\/uploads\/2023\/06\/OM-1-201x300.png.webp\" alt=\"\" class=\"wp-image-43050\"\/><\/figure>\n<\/div>\n\n\n<h3 class=\"wp-block-heading\">BOMBA TSURUMI OM<\/h3>\n\n\n\n<p>Com carca\u00e7a e cobertura do motor em fibra de pl\u00e1stico refor\u00e7ada, a bomba \u00e9 resistente \u00e1 abras\u00e3o e corros\u00e3o, manuten\u00e7\u00e3o minimizada.<\/p>\n\n\n\n<ul class=\"wp-block-list\">\n<li>\u00f8 Di\u00e2metro sa\u00edda : 32<\/li>\n\n\n\n<li>Pot\u00eancia de sa\u00edda kW : 0,15<\/li>\n\n\n\n<li>Polos : 2<\/li>\n\n\n\n<li>Impulsor : Vortex<\/li>\n\n\n\n<li>Sensor de nivel<\/li>\n\n\n\n<li>Protector do motor (integrado)<\/li>\n<\/ul>\n\n\n\n<div class=\"wp-block-buttons has-custom-font-size has-small-font-size is-content-justification-left is-layout-flex wp-container-core-buttons-is-layout-fdcfc74e wp-block-buttons-is-layout-flex\">\n<div class=\"wp-block-button has-custom-width wp-block-button__width-25 is-style-fill\"><a class=\"wp-block-button__link has-white-color has-text-color has-background wp-element-button\" href=\"https:\/\/klinger.pt\/wp-content\/uploads\/2023\/06\/sew-OM-EN_compressed.pdf\" style=\"border-radius:0px;background-color:#003a68\" target=\"_blank\" rel=\"noreferrer noopener\">\u00bb Cat\u00e1logo (EN)<\/a><\/div>\n<\/div>\n<\/div>\n<\/div>\n\n\n\n<div class=\"wp-block-columns is-layout-flex wp-container-core-columns-is-layout-9d6595d7 wp-block-columns-is-layout-flex\">\n<div class=\"wp-block-column is-layout-flow wp-block-column-is-layout-flow\" style=\"font-size:14px\"><div class=\"wp-block-image\">\n<figure class=\"alignleft size-full\"><img decoding=\"async\" width=\"221\" height=\"300\" src=\"https:\/\/klinger.pt\/wp-content\/uploads\/2023\/06\/PNI-221x300.png.webp\" alt=\"\" class=\"wp-image-43046\"\/><\/figure>\n<\/div>\n\n\n<h3 class=\"wp-block-heading\">BOMBA TSURUMI PNI<\/h3>\n\n\n\n<p>As bombas de m\u00faltiplas aplica\u00e7\u00f5es PNI adoptaram o a\u00e7o inoxid\u00e1vel onde o metal deve ser usado, enquanto outros componentes estrat\u00e9gicos s\u00e3o moldados com resinas de alta tecnologia. Dur\u00e1veis, est\u00e1veis em funcionamento e compactas, As bombas PNI s\u00e3o ideais para esgoto e muitas outras aplica\u00e7\u00f5es em trabalhos de drenagem.<\/p>\n\n\n\n<ul class=\"wp-block-list\">\n<li>\u00f8 Di\u00e2metro sa\u00edda : 50<\/li>\n\n\n\n<li>Pot\u00eancia output kW : 0,75 \u2022 0,4<\/li>\n\n\n\n<li>Polos : 2<\/li>\n\n\n\n<li>Impulsor : Vortex<\/li>\n\n\n\n<li>Sensor de nivel<\/li>\n\n\n\n<li>Protector do motor (integrado)<\/li>\n<\/ul>\n\n\n\n<div class=\"wp-block-buttons has-custom-font-size has-small-font-size is-content-justification-left is-layout-flex wp-container-core-buttons-is-layout-fdcfc74e wp-block-buttons-is-layout-flex\">\n<div class=\"wp-block-button has-custom-width wp-block-button__width-25 is-style-fill\"><a class=\"wp-block-button__link has-white-color has-text-color has-background wp-element-button\" href=\"https:\/\/klinger.pt\/wp-content\/uploads\/2023\/06\/sew-PNI-EN_compressed.pdf\" style=\"border-radius:0px;background-color:#003a68\" target=\"_blank\" rel=\"noreferrer noopener\">\u00bb Cat\u00e1logo (EN)<\/a><\/div>\n<\/div>\n<\/div>\n\n\n\n<div class=\"wp-block-column is-layout-flow wp-block-column-is-layout-flow\" style=\"font-size:14px\"><\/div>\n<\/div>\n\n\n\n<div style=\"height:30px\" aria-hidden=\"true\" class=\"wp-block-spacer\"><\/div>\n\n\n\n<h2 class=\"wp-block-heading\">MONOF\u00c1SICAS\/TRIF\u00c1SICAS- IMPULSOR VORTEX<\/h2>\n\n\n\n<div class=\"wp-block-columns is-layout-flex wp-container-core-columns-is-layout-9d6595d7 wp-block-columns-is-layout-flex\">\n<div class=\"wp-block-column is-layout-flow wp-block-column-is-layout-flow\" style=\"font-size:14px\"><div class=\"wp-block-image\">\n<figure class=\"alignleft size-full\"><img loading=\"lazy\" decoding=\"async\" width=\"166\" height=\"300\" src=\"https:\/\/klinger.pt\/wp-content\/uploads\/2023\/06\/PU-166x300.png.webp\" alt=\"\" class=\"wp-image-43065\"\/><\/figure>\n<\/div>\n\n\n<h3 class=\"wp-block-heading\">BOMBA TSURUMI PU<\/h3>\n\n\n\n<p>As bombas de m\u00faltiplas aplica\u00e7\u00f5es PU adoptaram o a\u00e7o inoxid\u00e1vel onde o metal deve ser usado, enquanto outros componentes estrat\u00e9gicos s\u00e3o moldados com resinas de alta tecnologia. Dur\u00e1veis, est\u00e1veis em funcionamento e compactas. As bombas PU s\u00e3o ideais para esgoto e muitas outras aplica\u00e7\u00f5es em trabalhos de drenagem.<\/p>\n\n\n\n<ul class=\"wp-block-list\">\n<li>\u00f8 Di\u00e2metro sa\u00edda : 50<\/li>\n\n\n\n<li>Pot\u00eancia output kW : 0,25 &#8211; 1,5<\/li>\n\n\n\n<li>Polos : 2<\/li>\n\n\n\n<li>Impulsor : Vortex<\/li>\n\n\n\n<li>Sensor de n\u00edvel<\/li>\n\n\n\n<li>Protector do motor (integrado)&nbsp;<\/li>\n\n\n\n<li>Possibilidade de instala\u00e7\u00e3o fixa (em tubos guia)<\/li>\n<\/ul>\n\n\n\n<div class=\"wp-block-buttons has-custom-font-size has-small-font-size is-content-justification-left is-layout-flex wp-container-core-buttons-is-layout-fdcfc74e wp-block-buttons-is-layout-flex\">\n<div class=\"wp-block-button has-custom-width wp-block-button__width-25 is-style-fill\"><a class=\"wp-block-button__link has-white-color has-text-color has-background wp-element-button\" href=\"https:\/\/klinger.pt\/wp-content\/uploads\/2023\/06\/sew-PU-EN_compressed.pdf\" style=\"border-radius:0px;background-color:#003a68\" target=\"_blank\" rel=\"noreferrer noopener\">\u00bb Cat\u00e1logo (EN)<\/a><\/div>\n<\/div>\n<\/div>\n\n\n\n<div class=\"wp-block-column is-layout-flow wp-block-column-is-layout-flow\" style=\"font-size:14px\"><div class=\"wp-block-image\">\n<figure class=\"alignleft size-full\"><img loading=\"lazy\" decoding=\"async\" width=\"221\" height=\"300\" src=\"https:\/\/klinger.pt\/wp-content\/uploads\/2023\/06\/SQ.webp\" alt=\"\" class=\"wp-image-43061\"\/><\/figure>\n<\/div>\n\n\n<h3 class=\"wp-block-heading\">BOMBA TSURUMI SQ<\/h3>\n\n\n\n<p>Esta bomba submers\u00edvel compacta \u00e9 usada em l\u00edquidos ligeiramente corrosivos e utiliza parafina l\u00edquida inofensiva como \u00f3leo de lubrifica\u00e7\u00e3o.<\/p>\n\n\n\n<ul class=\"wp-block-list\">\n<li>\u00f8 Di\u00e2metro sa\u00edda : 50<\/li>\n\n\n\n<li>Pot\u00eancia de sa\u00edda kW : 0.4 \u2022 0,75<\/li>\n\n\n\n<li>Polos : 2<\/li>\n\n\n\n<li>Impulsor : Vortex<\/li>\n\n\n\n<li>Protector do motor (integrado)<\/li>\n<\/ul>\n\n\n\n<div class=\"wp-block-buttons has-custom-font-size has-small-font-size is-content-justification-left is-layout-flex wp-container-core-buttons-is-layout-fdcfc74e wp-block-buttons-is-layout-flex\">\n<div class=\"wp-block-button has-custom-width wp-block-button__width-25 is-style-fill\"><a class=\"wp-block-button__link has-white-color has-text-color has-background wp-element-button\" href=\"https:\/\/klinger.pt\/wp-content\/uploads\/2023\/06\/sew-SQ-EN_compressed.pdf\" style=\"border-radius:0px;background-color:#003a68\" target=\"_blank\" rel=\"noreferrer noopener\">\u00bb Cat\u00e1logo (EN)<\/a><\/div>\n<\/div>\n<\/div>\n<\/div>\n\n\n\n<div class=\"wp-block-columns is-layout-flex wp-container-core-columns-is-layout-9d6595d7 wp-block-columns-is-layout-flex\">\n<div class=\"wp-block-column is-layout-flow wp-block-column-is-layout-flow\" style=\"font-size:14px\"><div class=\"wp-block-image\">\n<figure class=\"alignleft size-full\"><img loading=\"lazy\" decoding=\"async\" width=\"221\" height=\"300\" src=\"https:\/\/klinger.pt\/wp-content\/uploads\/2023\/06\/TM.webp\" alt=\"\" class=\"wp-image-43063\"\/><\/figure>\n<\/div>\n\n\n<h3 class=\"wp-block-heading\">BOMBA TSURUMI TM<\/h3>\n\n\n\n<p>O Tit\u00e2nio \u00e9 utilizado em todas as partes met\u00e1licas em contacto com o l\u00edquido nas bombas de TM. Tit\u00e2nio tem uma pel\u00edcula de \u00f3xido muito mais forte na sua superf\u00edcie do que o a\u00e7o inoxid\u00e1vel. Isto protege as bombas \u00e0 corros\u00e3o pela \u00e1gua do mar, que tem uma concentra\u00e7\u00e3o muito elevada de i\u00f5es de cloro.<\/p>\n\n\n\n<ul class=\"wp-block-list\">\n<li>\u00f8 Di\u00e2metro sa\u00edda : 50<\/li>\n\n\n\n<li>Pot\u00eancia de sa\u00edda kW : 0.4 \u2022 0.75<\/li>\n\n\n\n<li>Polos : 2<\/li>\n\n\n\n<li>Impulsor : Vortex<\/li>\n\n\n\n<li>Sensor de n\u00edvel<\/li>\n\n\n\n<li>Protector do motor (integrado)<\/li>\n<\/ul>\n\n\n\n<div class=\"wp-block-buttons has-custom-font-size has-small-font-size is-content-justification-left is-layout-flex wp-container-core-buttons-is-layout-fdcfc74e wp-block-buttons-is-layout-flex\">\n<div class=\"wp-block-button has-custom-width wp-block-button__width-25 is-style-fill\"><a class=\"wp-block-button__link has-white-color has-text-color has-background wp-element-button\" href=\"https:\/\/klinger.pt\/wp-content\/uploads\/2023\/06\/sew-TM-EN_compressed.pdf\" style=\"border-radius:0px;background-color:#003a68\" target=\"_blank\" rel=\"noreferrer noopener\">\u00bb Cat\u00e1logo (EN)<\/a><\/div>\n<\/div>\n<\/div>\n\n\n\n<div class=\"wp-block-column is-layout-flow wp-block-column-is-layout-flow\" style=\"font-size:14px\"><\/div>\n<\/div>\n\n\n\n<div style=\"height:30px\" aria-hidden=\"true\" class=\"wp-block-spacer\"><\/div>\n\n\n\n<h2 class=\"wp-block-heading\">TRIF\u00c1SICAS- IMPULSOR VORTEX<\/h2>\n\n\n\n<div class=\"wp-block-columns is-layout-flex wp-container-core-columns-is-layout-9d6595d7 wp-block-columns-is-layout-flex\">\n<div class=\"wp-block-column is-layout-flow wp-block-column-is-layout-flow\" style=\"font-size:14px\"><div class=\"wp-block-image\">\n<figure class=\"alignleft size-full\"><img loading=\"lazy\" decoding=\"async\" width=\"201\" height=\"300\" src=\"https:\/\/klinger.pt\/wp-content\/uploads\/2023\/06\/U-201x300.png.webp\" alt=\"\" class=\"wp-image-43079\"\/><\/figure>\n<\/div>\n\n\n<h3 class=\"wp-block-heading\">BOMBA TSURUMI U<\/h3>\n\n\n\n<p>A bomba U tem uma estrutura Vortex (fluxo Eddy) e larga carca\u00e7a interior, evitando entupimento por s\u00f3lidos.<\/p>\n\n\n\n<ul class=\"wp-block-list\">\n<li>\u00f8 Di\u00e2metro sa\u00edda : 40 &#8211; 80<\/li>\n\n\n\n<li>Pot\u00eancia de sa\u00edda kW : 0,25 &#8211; 3,7<\/li>\n\n\n\n<li>Polos : 2<\/li>\n\n\n\n<li>Impulsor : Vortex<\/li>\n\n\n\n<li>Sensor de n\u00edvel<\/li>\n\n\n\n<li>Protector do motor (integrado)<\/li>\n\n\n\n<li>Possibilidade de instala\u00e7\u00e3o fixa (em tubos guia)<\/li>\n<\/ul>\n\n\n\n<div class=\"wp-block-buttons has-custom-font-size has-small-font-size is-content-justification-left is-layout-flex wp-container-core-buttons-is-layout-fdcfc74e wp-block-buttons-is-layout-flex\">\n<div class=\"wp-block-button has-custom-width wp-block-button__width-25 is-style-fill\"><a class=\"wp-block-button__link has-white-color has-text-color has-background wp-element-button\" href=\"https:\/\/klinger.pt\/wp-content\/uploads\/2023\/06\/sew-U-EN_compressed.pdf\" style=\"border-radius:0px;background-color:#003a68\" target=\"_blank\" rel=\"noreferrer noopener\">\u00bb Cat\u00e1logo (EN)<\/a><\/div>\n<\/div>\n<\/div>\n\n\n\n<div class=\"wp-block-column is-layout-flow wp-block-column-is-layout-flow\" style=\"font-size:14px\"><div class=\"wp-block-image\">\n<figure class=\"alignleft size-full\"><img loading=\"lazy\" decoding=\"async\" width=\"170\" height=\"300\" src=\"https:\/\/klinger.pt\/wp-content\/uploads\/2023\/06\/SFQ-170x300.png.webp\" alt=\"\" class=\"wp-image-43077\"\/><\/figure>\n<\/div>\n\n\n<h3 class=\"wp-block-heading\">BOMBA TSURUMI SFQ<\/h3>\n\n\n\n<p>A bomba SFQ foi desenvolvida exclusivamente para l\u00edquidos corrosivos. Aplicando a\u00e7o austen\u00edtico em todas as pe\u00e7as em contacto com o l\u00edquido, a bomba SFQ \u00e9 uma bomba altamente especializada em termos de design e materiais.<\/p>\n\n\n\n<ul class=\"wp-block-list\">\n<li>\u00f8 Di\u00e2metro sa\u00edda : 80<\/li>\n\n\n\n<li>Potencia de sa\u00edda kW : 1,5 &#8211; 11<\/li>\n\n\n\n<li>Polos : 2<\/li>\n\n\n\n<li>Impulsor : Vortex<\/li>\n\n\n\n<li>Protector do motor (integrado)<\/li>\n\n\n\n<li>Possibilidade de instala\u00e7\u00e3o fixa (em tubos guia)<\/li>\n<\/ul>\n\n\n\n<div class=\"wp-block-buttons has-custom-font-size has-small-font-size is-content-justification-left is-layout-flex wp-container-core-buttons-is-layout-fdcfc74e wp-block-buttons-is-layout-flex\">\n<div class=\"wp-block-button has-custom-width wp-block-button__width-25 is-style-fill\"><a class=\"wp-block-button__link has-white-color has-text-color has-background wp-element-button\" href=\"https:\/\/klinger.pt\/wp-content\/uploads\/2023\/06\/sew-SFQ-EN_compressed.pdf\" style=\"border-radius:0px;background-color:#003a68\" target=\"_blank\" rel=\"noreferrer noopener\">\u00bb Cat\u00e1logo (EN)<\/a><\/div>\n<\/div>\n<\/div>\n<\/div>\n\n\n\n<div class=\"wp-block-columns is-layout-flex wp-container-core-columns-is-layout-9d6595d7 wp-block-columns-is-layout-flex\">\n<div class=\"wp-block-column is-layout-flow wp-block-column-is-layout-flow\" style=\"font-size:14px\"><div class=\"wp-block-image\">\n<figure class=\"alignleft size-full\"><img loading=\"lazy\" decoding=\"async\" width=\"221\" height=\"300\" src=\"https:\/\/klinger.pt\/wp-content\/uploads\/2023\/06\/UZ-221x300.png.webp\" alt=\"\" class=\"wp-image-43081\"\/><\/figure>\n<\/div>\n\n\n<h3 class=\"wp-block-heading\">BOMBA TSURUMI UZ<\/h3>\n\n\n\n<p>A bomba UZ tem uma estrutura Vortex (fluxo de Eddy) carca\u00e7a interior larga, evitando entupimento por s\u00f3lidos.<\/p>\n\n\n\n<ul class=\"wp-block-list\">\n<li>\u00f8 Di\u00e2metro sa\u00edda : 50 &#8211; 100<\/li>\n\n\n\n<li>Pot\u00eancia output kW : 1,5 &#8211; 11<\/li>\n\n\n\n<li>Polos : 4<\/li>\n\n\n\n<li>Impulsor : Vortex<\/li>\n\n\n\n<li>Protector do motor (integrado)<\/li>\n\n\n\n<li>Possibilidade de instala\u00e7\u00e3o fixa (em tubos guia)<\/li>\n<\/ul>\n\n\n\n<div class=\"wp-block-buttons has-custom-font-size has-small-font-size is-content-justification-left is-layout-flex wp-container-core-buttons-is-layout-fdcfc74e wp-block-buttons-is-layout-flex\">\n<div class=\"wp-block-button has-custom-width wp-block-button__width-25 is-style-fill\"><a class=\"wp-block-button__link has-white-color has-text-color has-background wp-element-button\" href=\"https:\/\/klinger.pt\/wp-content\/uploads\/2023\/06\/sew-UZ-EN_compressed.pdf\" style=\"border-radius:0px;background-color:#003a68\" target=\"_blank\" rel=\"noreferrer noopener\">\u00bb Cat\u00e1logo (EN)<\/a><\/div>\n<\/div>\n<\/div>\n\n\n\n<div class=\"wp-block-column is-layout-flow wp-block-column-is-layout-flow\" style=\"font-size:14px\"><\/div>\n<\/div>\n\n\n\n<div style=\"height:30px\" aria-hidden=\"true\" class=\"wp-block-spacer\"><\/div>\n\n\n\n<h2 class=\"wp-block-heading\">TRIF\u00c1SICAS- IMPULSOR DE CANAL<\/h2>\n\n\n\n<div class=\"wp-block-columns is-layout-flex wp-container-core-columns-is-layout-9d6595d7 wp-block-columns-is-layout-flex\">\n<div class=\"wp-block-column is-layout-flow wp-block-column-is-layout-flow\" style=\"font-size:14px\"><div class=\"wp-block-image\">\n<figure class=\"alignleft size-full\"><img loading=\"lazy\" decoding=\"async\" width=\"221\" height=\"300\" src=\"https:\/\/klinger.pt\/wp-content\/uploads\/2023\/06\/B-221x300.png.webp\" alt=\"\" class=\"wp-image-43092\"\/><\/figure>\n<\/div>\n\n\n<h3 class=\"wp-block-heading\">BOMBA TSURUMI B<\/h3>\n\n\n\n<p>O Impulsor especial com mecanismo de corte (entalhe especial) assegura que a \u00e1gua residual e o esgoto sejam transferidos eficientemente.<\/p>\n\n\n\n<ul class=\"wp-block-list\">\n<li>\u00f8 Di\u00e2metro sa\u00edda : 50 &#8211; 150<\/li>\n\n\n\n<li>Pot\u00eancia de sa\u00edda kW : 0,4 &#8211; 15<\/li>\n\n\n\n<li>Polos : 2 \u2022 4<\/li>\n\n\n\n<li>Impulsor : Canal<\/li>\n\n\n\n<li>Protector do motor (integrado)<\/li>\n\n\n\n<li>Possibilidade de instala\u00e7\u00e3o fixa (em tubos guia)<\/li>\n<\/ul>\n\n\n\n<div class=\"wp-block-buttons has-custom-font-size has-small-font-size is-content-justification-left is-layout-flex wp-container-core-buttons-is-layout-fdcfc74e wp-block-buttons-is-layout-flex\">\n<div class=\"wp-block-button has-custom-width wp-block-button__width-25 is-style-fill\"><a class=\"wp-block-button__link has-white-color has-text-color has-background wp-element-button\" href=\"https:\/\/klinger.pt\/wp-content\/uploads\/2023\/06\/sew-B-EN_compressed.pdf\" style=\"border-radius:0px;background-color:#003a68\" target=\"_blank\" rel=\"noreferrer noopener\">\u00bb Cat\u00e1logo (EN)<\/a><\/div>\n<\/div>\n<\/div>\n\n\n\n<div class=\"wp-block-column is-layout-flow wp-block-column-is-layout-flow\" style=\"font-size:14px\"><div class=\"wp-block-image\">\n<figure class=\"alignleft size-full\"><img loading=\"lazy\" decoding=\"async\" width=\"221\" height=\"300\" src=\"https:\/\/klinger.pt\/wp-content\/uploads\/2023\/06\/C-221x300.png.webp\" alt=\"\" class=\"wp-image-43096\"\/><\/figure>\n<\/div>\n\n\n<h3 class=\"wp-block-heading\">BOMBA TSURUMI C<\/h3>\n\n\n\n<p>S\u00e3o usadas l\u00e2minas fixas em forma de serra em combina\u00e7\u00e3o com l\u00e2minas de carbono integradas na estrutura do impulsor. Esta constru\u00e7\u00e3o assegura que as mat\u00e9rias fibrosas presentes no esgoto sejam cortadas, permitindo a drenagem sem entupimento.<\/p>\n\n\n\n<ul class=\"wp-block-list\">\n<li>\u00f8 Di\u00e2metro sa\u00edda : 50 &#8211; 100<\/li>\n\n\n\n<li>Potencia de sa\u00edda kW : 0,75 &#8211; 11<\/li>\n\n\n\n<li>Polos : 2 \u2022 4<\/li>\n\n\n\n<li>Impulsor : Canal<\/li>\n\n\n\n<li>Protector do motor (integrado)<\/li>\n\n\n\n<li>Possibilidade de instala\u00e7\u00e3o fixa (em tubos guia)<\/li>\n<\/ul>\n\n\n\n<div class=\"wp-block-buttons has-custom-font-size has-small-font-size is-content-justification-left is-layout-flex wp-container-core-buttons-is-layout-fdcfc74e wp-block-buttons-is-layout-flex\">\n<div class=\"wp-block-button has-custom-width wp-block-button__width-25 is-style-fill\"><a class=\"wp-block-button__link has-white-color has-text-color has-background wp-element-button\" href=\"https:\/\/klinger.pt\/wp-content\/uploads\/2023\/06\/sew-C-EN_compressed.pdf\" style=\"border-radius:0px;background-color:#003a68\" target=\"_blank\" rel=\"noreferrer noopener\">\u00bb Cat\u00e1logo (EN)<\/a><\/div>\n<\/div>\n<\/div>\n<\/div>\n\n\n\n<div class=\"wp-block-columns is-layout-flex wp-container-core-columns-is-layout-9d6595d7 wp-block-columns-is-layout-flex\">\n<div class=\"wp-block-column is-layout-flow wp-block-column-is-layout-flow\" style=\"font-size:14px\"><div class=\"wp-block-image\">\n<figure class=\"alignleft size-full\"><img loading=\"lazy\" decoding=\"async\" width=\"221\" height=\"300\" src=\"https:\/\/klinger.pt\/wp-content\/uploads\/2023\/06\/BZ.webp\" alt=\"\" class=\"wp-image-43094\"\/><\/figure>\n<\/div>\n\n\n<h3 class=\"wp-block-heading\">BOMBA TSURUMI BZ<\/h3>\n\n\n\n<p>Impulsor anti entupimento permite a passagem de s\u00f3lidos de grande di\u00e2metro em rela\u00e7\u00e3o \u00e0 sua sa\u00edda de descarga. Assegura que a \u00e1gua residual e o esgoto sejam transferidos eficientemente. O impulsor sai junto com o motor, quando o motor \u00e9 retirado da carca\u00e7a da bomba (design back-pull-out, at\u00e9 3,7kW).<\/p>\n\n\n\n<ul class=\"wp-block-list\">\n<li>\u00f8 Di\u00e2metro sa\u00edda : 80 \u2022 100<\/li>\n\n\n\n<li>Pot\u00eancia de sa\u00edda kW : 1,5 &#8211; 11<\/li>\n\n\n\n<li>Polos : 4<\/li>\n\n\n\n<li>Impulsor : Canal<\/li>\n\n\n\n<li>Protector do motor (integrado)<\/li>\n\n\n\n<li>Possibilidade de instala\u00e7\u00e3o fixa (em tubos guia)<\/li>\n<\/ul>\n\n\n\n<div class=\"wp-block-buttons has-custom-font-size has-small-font-size is-content-justification-left is-layout-flex wp-container-core-buttons-is-layout-fdcfc74e wp-block-buttons-is-layout-flex\">\n<div class=\"wp-block-button has-custom-width wp-block-button__width-25 is-style-fill\"><a class=\"wp-block-button__link has-white-color has-text-color has-background wp-element-button\" href=\"https:\/\/klinger.pt\/wp-content\/uploads\/2023\/06\/sew-BZ-EN_compressed.pdf\" style=\"border-radius:0px;background-color:#003a68\" target=\"_blank\" rel=\"noreferrer noopener\">\u00bb Cat\u00e1logo (EN)<\/a><\/div>\n<\/div>\n<\/div>\n\n\n\n<div class=\"wp-block-column is-layout-flow wp-block-column-is-layout-flow\" style=\"font-size:14px\"><div class=\"wp-block-image\">\n<figure class=\"alignleft size-full\"><img loading=\"lazy\" decoding=\"async\" width=\"300\" height=\"290\" src=\"https:\/\/klinger.pt\/wp-content\/uploads\/2023\/06\/FSP-300x290.png.webp\" alt=\"\" class=\"wp-image-43090\"\/><\/figure>\n<\/div>\n\n\n<h3 class=\"wp-block-heading\">BOMBA TSURUMI FSP<\/h3>\n\n\n\n<p>Um bypass ligado \u00e0 abertura de descarga recicla parte da \u00e1gua bombeada para a entrada, gerando um fluxo de jacto. Um efeito de eje\u00e7\u00e3o produzido pelo fluxo do jacto gera poder de suc\u00e7\u00e3o no cone de suc\u00e7\u00e3o (entrada). Isto garante um processo de suc\u00e7\u00e3o est\u00e1vel, mesmo que a \u00e1gua, o ar e a mat\u00e9ria em suspens\u00e3o sejam aspirados da superf\u00edcie da \u00e1gua em simult\u00e2neo.<\/p>\n\n\n\n<ul class=\"wp-block-list\">\n<li>\u00f8 Di\u00e2metro sa\u00edda : 50<\/li>\n\n\n\n<li>Potencia de sa\u00edda kW : 0,4 \u2022 0,75<\/li>\n\n\n\n<li>Polos : 2<\/li>\n\n\n\n<li>Impulsor : Canal<\/li>\n\n\n\n<li>Protector do motor (integrado)<\/li>\n<\/ul>\n\n\n\n<div class=\"wp-block-buttons has-custom-font-size has-small-font-size is-content-justification-left is-layout-flex wp-container-core-buttons-is-layout-fdcfc74e wp-block-buttons-is-layout-flex\">\n<div class=\"wp-block-button has-custom-width wp-block-button__width-25 is-style-fill\"><a class=\"wp-block-button__link has-white-color has-text-color has-background wp-element-button\" href=\"https:\/\/klinger.pt\/wp-content\/uploads\/2023\/06\/sew-FSP-EN_compressed.pdf\" style=\"border-radius:0px;background-color:#003a68\" target=\"_blank\" rel=\"noreferrer noopener\">\u00bb Cat\u00e1logo (EN)<\/a><\/div>\n<\/div>\n<\/div>\n<\/div>\n\n\n\n<div style=\"height:30px\" aria-hidden=\"true\" class=\"wp-block-spacer\"><\/div>\n","protected":false},"excerpt":{"rendered":"<p>BOMBAS TSURUMI &#8211; APLICA\u00c7\u00d5ES EM \u00c1GUAS RESIDUAIS A nova gera\u00e7\u00e3o de bombas submers\u00edveis para esgotos e \u00e1guas residuais da Tsurumi abrange agora aplica\u00e7\u00f5es para \u00e1guas residuais municipais, dom\u00e9sticas e industriais, proporcionando uma \u00f3ptima efici\u00eancia. MONOF\u00c1SICAS &#8211; IMPULSOR VORTEX BOMBA TSURUMI POMA Com cobertura superior e carca\u00e7a leve em fibra pl\u00e1stica refor\u00e7ada, bomba resistente \u00e1 abras\u00e3o [&hellip;]<\/p>\n","protected":false},"author":1,"featured_media":16265,"parent":26283,"menu_order":0,"comment_status":"closed","ping_status":"closed","template":"page-templates\/servicios.php","meta":{"_eb_attr":"","footnotes":""},"class_list":["post-25724","page","type-page","status-publish","has-post-thumbnail","hentry"],"aioseo_notices":[],"_links":{"self":[{"href":"https:\/\/klinger.pt\/es\/wp-json\/wp\/v2\/pages\/25724","targetHints":{"allow":["GET"]}}],"collection":[{"href":"https:\/\/klinger.pt\/es\/wp-json\/wp\/v2\/pages"}],"about":[{"href":"https:\/\/klinger.pt\/es\/wp-json\/wp\/v2\/types\/page"}],"author":[{"embeddable":true,"href":"https:\/\/klinger.pt\/es\/wp-json\/wp\/v2\/users\/1"}],"replies":[{"embeddable":true,"href":"https:\/\/klinger.pt\/es\/wp-json\/wp\/v2\/comments?post=25724"}],"version-history":[{"count":26,"href":"https:\/\/klinger.pt\/es\/wp-json\/wp\/v2\/pages\/25724\/revisions"}],"predecessor-version":[{"id":43485,"href":"https:\/\/klinger.pt\/es\/wp-json\/wp\/v2\/pages\/25724\/revisions\/43485"}],"up":[{"embeddable":true,"href":"https:\/\/klinger.pt\/es\/wp-json\/wp\/v2\/pages\/26283"}],"wp:featuredmedia":[{"embeddable":true,"href":"https:\/\/klinger.pt\/es\/wp-json\/wp\/v2\/media\/16265"}],"wp:attachment":[{"href":"https:\/\/klinger.pt\/es\/wp-json\/wp\/v2\/media?parent=25724"}],"curies":[{"name":"wp","href":"https:\/\/api.w.org\/{rel}","templated":true}]}}