{"id":24811,"date":"2022-08-23T07:40:46","date_gmt":"2022-08-23T06:40:46","guid":{"rendered":"https:\/\/m5j0n6nk9p.onrocket.site\/?page_id=24811"},"modified":"2023-04-28T10:38:54","modified_gmt":"2023-04-28T09:38:54","slug":"serie-intec","status":"publish","type":"page","link":"https:\/\/klinger.pt\/es\/produtos\/valvulas\/valvulas-de-esfera\/serie-intec\/","title":{"rendered":"S\u00c9RIE INTEC"},"content":{"rendered":"\n<div class=\"wp-block-columns is-layout-flex wp-container-core-columns-is-layout-9d6595d7 wp-block-columns-is-layout-flex\">\n<div class=\"wp-block-column is-layout-flow wp-block-column-is-layout-flow\" style=\"flex-basis:300px\">\n<figure class=\"wp-block-image size-full\"><img fetchpriority=\"high\" decoding=\"async\" width=\"555\" height=\"483\" src=\"https:\/\/klinger.pt\/wp-content\/uploads\/2023\/04\/K200soft-pag.webp\" alt=\"S\u00c9RIE INTEC\" class=\"wp-image-41825\" srcset=\"https:\/\/klinger.pt\/wp-content\/uploads\/2023\/04\/K200soft-pag.webp 555w, https:\/\/klinger.pt\/wp-content\/uploads\/2023\/04\/K200soft-pag-300x261.webp 300w\" sizes=\"(max-width: 555px) 100vw, 555px\" \/><\/figure>\n\n\n\n<div style=\"height:50px\" aria-hidden=\"true\" class=\"wp-block-spacer\"><\/div>\n\n\n\n<figure class=\"wp-block-image size-large\"><img decoding=\"async\" width=\"1024\" height=\"345\" src=\"https:\/\/klinger.pt\/wp-content\/uploads\/2023\/04\/Quadro-flangeadas-Intec-1024x345.webp\" alt=\"S\u00c9RIE INTEC\" class=\"wp-image-41827\" srcset=\"https:\/\/klinger.pt\/wp-content\/uploads\/2023\/04\/Quadro-flangeadas-Intec-1024x345.webp 1024w, https:\/\/klinger.pt\/wp-content\/uploads\/2023\/04\/Quadro-flangeadas-Intec-300x101.webp 300w, https:\/\/klinger.pt\/wp-content\/uploads\/2023\/04\/Quadro-flangeadas-Intec-768x259.webp 768w, https:\/\/klinger.pt\/wp-content\/uploads\/2023\/04\/Quadro-flangeadas-Intec.webp 1247w\" sizes=\"(max-width: 1024px) 100vw, 1024px\" \/><\/figure>\n<\/div>\n\n\n\n<div class=\"wp-block-column is-layout-flow wp-block-column-is-layout-flow\" style=\"flex-basis:700px\">\n<h1 class=\"wp-block-heading\">V\u00c1LVULAS ESFERA FLANGEADAS &#8211; S\u00c9RIE INTEC<\/h1>\n\n\n\n<p>V\u00e1lvulas de esfera topo de gama s\u00e9rie INTEC para a ind\u00fastria qu\u00edmica. Design comprovado com funcionalidade t\u00e9cnica perfeita. As v\u00e1lvulas de esfera est\u00e3o dispon\u00edveis em v\u00e1rias combina\u00e7\u00f5es de materiais e com diferentes caracter\u00edsticas.<\/p>\n\n\n\n<h2 class=\"wp-block-heading\">Conceito de tecnologia de sistemas INTEC<\/h2>\n\n\n\n<ul class=\"wp-block-list\">\n<li>Aprova\u00e7\u00f5es de acordo com praticamente regulamentos<\/li>\n\n\n\n<li>Unidade de constru\u00e7\u00e3o do sistema de todos os componentes para redu\u00e7\u00e3o dos custos de armazenamento<\/li>\n\n\n\n<li>Sem o-rings \u2013 universal aplic\u00e1vel<\/li>\n\n\n\n<li>Sistema de caixa de empacotamento absolutamente resistente ao envelhecimento<\/li>\n\n\n\n<li>Conce\u00e7\u00e3o do sistema num princ\u00edpio de anel de cone de grafite\/KF<\/li>\n\n\n\n<li>Veda\u00e7\u00e3o prim\u00e1ria real, sem arruela de fric\u00e7\u00e3o ou anel de rolamento utilizando o princ\u00edpio do anel de veda\u00e7\u00e3o flutuante (anel de cone de grafite em perfil KFGN)<\/li>\n\n\n\n<li>Material da haste Duplex (1.4462), utilizando os melhores conhecimentos da tecnologia da bomba<\/li>\n\n\n\n<li>Desenho de haste refor\u00e7ada para maior seguran\u00e7a na automatiza\u00e7\u00e3o<\/li>\n\n\n\n<li>Conformidade com a FDA para aplica\u00e7\u00e3o farmac\u00eautica<\/li>\n\n\n\n<li>Conformidade BAM para oxig\u00e9nio (opcional)<\/li>\n<\/ul>\n\n\n\n<h2 class=\"wp-block-heading\">Acess\u00f3rios<\/h2>\n\n\n\n<ul class=\"wp-block-list\">\n<li>Casaco de aquecimento<\/li>\n\n\n\n<li>Extens\u00e3o da alavanca de m\u00e3o<\/li>\n\n\n\n<li>Extens\u00e3o do caule<\/li>\n\n\n\n<li>Unidade de bloco \u2013 unidade de cadeado<\/li>\n\n\n\n<li>Unidade de grelha<\/li>\n\n\n\n<li>Alavanca de m\u00e3o com fecho de baioneta<\/li>\n\n\n\n<li>Unidade de fecho por mola \u2013 punho de retorno autom\u00e1tico (\u201cpunho de homem morto\u201d)<\/li>\n\n\n\n<li>Equipamento (operado manualmente)<\/li>\n<\/ul>\n\n\n\n<h2 class=\"wp-block-heading\">Desenhos especiais:<\/h2>\n\n\n\n<ul class=\"wp-block-list\">\n<li>Desenhos especiais como Duplex, Super Duplex, Hastelloy B2\/C4\/C276, Tit\u00e2nio, Zirc\u00f3nio, Monell, Nickel, etc.<\/li>\n<\/ul>\n\n\n\n<h2 class=\"wp-block-heading\">Certificados e aprova\u00e7\u00f5es<\/h2>\n\n\n\n<ul class=\"wp-block-list\">\n<li>Certificado de acordo com a lei alem\u00e3 de ar limpo VDI 2440, 100.000 ciclos -40\u00b0C at\u00e9 +220\u00b0C<\/li>\n\n\n\n<li>Fire-Safe de acordo com API 607 e DIN EN ISO 10497<\/li>\n\n\n\n<li>Classifica\u00e7\u00e3o segundo a SIL 2<\/li>\n\n\n\n<li>ATEX 2014\/34\/EU<\/li>\n\n\n\n<li>Certificado de teste de tipo TTC (opcional)<\/li>\n\n\n\n<li>Certificado de acordo com API 6D (opcional)<\/li>\n<\/ul>\n<\/div>\n<\/div>\n\n\n\n<h5 class=\"wp-block-heading\"><a href=\"https:\/\/klinger.pt\/wp-content\/uploads\/2023\/04\/K200-K224-soft-seat.zip\" target=\"_blank\" rel=\"noopener\" title=\"\">FICHA T\u00c9CNICA V\u00c1LVULA ESFERA FLANGEADA K200 SOFT (EN)<\/a><\/h5>\n\n\n\n<h5 class=\"wp-block-heading\"><a href=\"https:\/\/klinger.pt\/wp-content\/uploads\/2023\/04\/K211-K221-metal-seated.zip\" target=\"_blank\" rel=\"noopener\" title=\"FICHA T\u00c9CNICA V\u00c1LVULA ESFERA FLANGEADA K200 METAL SEAT (EN)\">FICHA T\u00c9CNICA V\u00c1LVULA ESFERA FLANGEADA K200 METAL SEAT (EN)<\/a><\/h5>\n\n\n\n<h5 class=\"wp-block-heading\"><a href=\"https:\/\/klinger.pt\/wp-content\/uploads\/2023\/04\/K230-K234-free-outlet.zip\" target=\"_blank\" rel=\"noopener\" title=\"FICHA T\u00c9CNICA V\u00c1LVULA ESFERA FLANGEADA K200 FREE OUTLET (EN)\">FICHA T\u00c9CNICA V\u00c1LVULA ESFERA FLANGEADA K200 FREE OUTLET (EN)<\/a><\/h5>\n\n\n\n<h5 class=\"wp-block-heading\"><a href=\"https:\/\/klinger.pt\/wp-content\/uploads\/2023\/04\/INTEC-K811-eng.pdf\" target=\"_blank\" rel=\"noopener\" title=\"FICHA T\u00c9CNICA V\u00c1LVULA ESFERA FLANGEADA K811 (EN)\">FICHA T\u00c9CNICA V\u00c1LVULA ESFERA FLANGEADA K811 (EN)<\/a><\/h5>\n","protected":false},"excerpt":{"rendered":"<p>V\u00c1LVULAS ESFERA FLANGEADAS &#8211; S\u00c9RIE INTEC V\u00e1lvulas de esfera topo de gama s\u00e9rie INTEC para a ind\u00fastria qu\u00edmica. Design comprovado com funcionalidade t\u00e9cnica perfeita. As v\u00e1lvulas de esfera est\u00e3o dispon\u00edveis em v\u00e1rias combina\u00e7\u00f5es de materiais e com diferentes caracter\u00edsticas. Conceito de tecnologia de sistemas INTEC Acess\u00f3rios Desenhos especiais: Certificados e aprova\u00e7\u00f5es FICHA T\u00c9CNICA V\u00c1LVULA ESFERA [&hellip;]<\/p>\n","protected":false},"author":1,"featured_media":41844,"parent":22634,"menu_order":0,"comment_status":"closed","ping_status":"closed","template":"page-templates\/servicios.php","meta":{"_eb_attr":"","footnotes":""},"class_list":["post-24811","page","type-page","status-publish","has-post-thumbnail","hentry"],"aioseo_notices":[],"_links":{"self":[{"href":"https:\/\/klinger.pt\/es\/wp-json\/wp\/v2\/pages\/24811","targetHints":{"allow":["GET"]}}],"collection":[{"href":"https:\/\/klinger.pt\/es\/wp-json\/wp\/v2\/pages"}],"about":[{"href":"https:\/\/klinger.pt\/es\/wp-json\/wp\/v2\/types\/page"}],"author":[{"embeddable":true,"href":"https:\/\/klinger.pt\/es\/wp-json\/wp\/v2\/users\/1"}],"replies":[{"embeddable":true,"href":"https:\/\/klinger.pt\/es\/wp-json\/wp\/v2\/comments?post=24811"}],"version-history":[{"count":10,"href":"https:\/\/klinger.pt\/es\/wp-json\/wp\/v2\/pages\/24811\/revisions"}],"predecessor-version":[{"id":41843,"href":"https:\/\/klinger.pt\/es\/wp-json\/wp\/v2\/pages\/24811\/revisions\/41843"}],"up":[{"embeddable":true,"href":"https:\/\/klinger.pt\/es\/wp-json\/wp\/v2\/pages\/22634"}],"wp:featuredmedia":[{"embeddable":true,"href":"https:\/\/klinger.pt\/es\/wp-json\/wp\/v2\/media\/41844"}],"wp:attachment":[{"href":"https:\/\/klinger.pt\/es\/wp-json\/wp\/v2\/media?parent=24811"}],"curies":[{"name":"wp","href":"https:\/\/api.w.org\/{rel}","templated":true}]}}