{"id":24675,"date":"2022-08-22T13:45:48","date_gmt":"2022-08-22T12:45:48","guid":{"rendered":"https:\/\/m5j0n6nk9p.onrocket.site\/?page_id=24675"},"modified":"2023-06-02T16:01:03","modified_gmt":"2023-06-02T15:01:03","slug":"bombas","status":"publish","type":"page","link":"https:\/\/klinger.pt\/es\/produtos\/bombas-e-agitacao\/bombas\/","title":{"rendered":"BOMBAS"},"content":{"rendered":"\n<h1 class=\"wp-block-heading\">BOMBAS<\/h1>\n\n\n\n<div style=\"height:25px\" aria-hidden=\"true\" class=\"wp-block-spacer\"><\/div>\n\n\n\n<div class=\"wp-block-columns is-layout-flex wp-container-core-columns-is-layout-9d6595d7 wp-block-columns-is-layout-flex\">\n<div class=\"wp-block-column is-vertically-aligned-center is-layout-flow wp-block-column-is-layout-flow\">\n<figure class=\"wp-block-table\"><table><tbody><tr><td>  <img decoding=\"async\" width=\"220\" height=\"217\" class=\"wp-image-27049\" style=\"width: 220px;\" src=\"https:\/\/klinger.pt\/wp-content\/uploads\/2022\/08\/categoria-tsurumi-pumps-1.png\" alt=\"\" srcset=\"https:\/\/klinger.pt\/wp-content\/uploads\/2022\/08\/categoria-tsurumi-pumps-1.png 1099w, https:\/\/klinger.pt\/wp-content\/uploads\/2022\/08\/categoria-tsurumi-pumps-1-300x296.png 300w, https:\/\/klinger.pt\/wp-content\/uploads\/2022\/08\/categoria-tsurumi-pumps-1-1024x1011.png 1024w, https:\/\/klinger.pt\/wp-content\/uploads\/2022\/08\/categoria-tsurumi-pumps-1-768x758.png 768w\" sizes=\"(max-width: 220px) 100vw, 220px\" \/><\/td><td><strong><a href=\"https:\/\/klinger.pt\/produtos\/bombas-e-agitacao\/bombas\/bombas-tsurumi\/\" title=\"BOMBAS TSURUMI\">BOMBAS TSURUMI<\/a><\/strong><br><br><a href=\"https:\/\/klinger.pt\/produtos\/bombas-e-agitacao\/bombas\/bombas-tsurumi\/\" title=\"\ufffc\"><img decoding=\"async\" width=\"18\" height=\"18\" class=\"wp-image-16262\" style=\"width: 18px;\" src=\"https:\/\/klinger.pt\/wp-content\/uploads\/2022\/06\/icon-arrow-blue-double.png\" alt=\"\"><\/a><\/td><\/tr><\/tbody><\/table><\/figure>\n<\/div>\n\n\n\n<div class=\"wp-block-column is-vertically-aligned-center is-layout-flow wp-block-column-is-layout-flow\">\n<figure class=\"wp-block-table\"><table><tbody><tr><td><img fetchpriority=\"high\" decoding=\"async\" width=\"235\" height=\"232\" class=\"wp-image-27030\" style=\"width: 235px;\" src=\"https:\/\/klinger.pt\/wp-content\/uploads\/2022\/08\/categoria-Milton-Roy-pumps.png\" alt=\"\" srcset=\"https:\/\/klinger.pt\/wp-content\/uploads\/2022\/08\/categoria-Milton-Roy-pumps.png 1099w, https:\/\/klinger.pt\/wp-content\/uploads\/2022\/08\/categoria-Milton-Roy-pumps-300x296.png 300w, https:\/\/klinger.pt\/wp-content\/uploads\/2022\/08\/categoria-Milton-Roy-pumps-1024x1011.png 1024w, https:\/\/klinger.pt\/wp-content\/uploads\/2022\/08\/categoria-Milton-Roy-pumps-768x758.png 768w\" sizes=\"(max-width: 235px) 100vw, 235px\" \/><\/td><td><strong><a href=\"https:\/\/klinger.pt\/produtos\/bombas-e-agitacao\/bombas\/bombas-de-dosagem-milton-roy\/\" title=\"\">BOMBAS DOSEADORAS MILTON ROY<\/a><\/strong><br><br><a href=\"https:\/\/klinger.pt\/produtos\/bombas-e-agitacao\/bombas\/bombas-de-dosagem-milton-roy\/\" title=\"\ufffc\"><img decoding=\"async\" width=\"18\" height=\"18\" class=\"wp-image-16262\" style=\"width: 18px;\" src=\"https:\/\/klinger.pt\/wp-content\/uploads\/2022\/06\/icon-arrow-blue-double.png\" alt=\"\"><\/a><\/td><\/tr><\/tbody><\/table><\/figure>\n<\/div>\n<\/div>\n\n\n\n<div class=\"wp-block-columns is-layout-flex wp-container-core-columns-is-layout-9d6595d7 wp-block-columns-is-layout-flex\">\n<div class=\"wp-block-column is-vertically-aligned-center is-layout-flow wp-block-column-is-layout-flow\">\n<figure class=\"wp-block-table aligncenter\"><table><tbody><tr><td><img loading=\"lazy\" decoding=\"async\" width=\"220\" height=\"217\" class=\"wp-image-27033\" style=\"width: 220px;\" src=\"https:\/\/klinger.pt\/wp-content\/uploads\/2022\/08\/categoria-Peristaltic-pumps.png\" alt=\"\" srcset=\"https:\/\/klinger.pt\/wp-content\/uploads\/2022\/08\/categoria-Peristaltic-pumps.png 1099w, https:\/\/klinger.pt\/wp-content\/uploads\/2022\/08\/categoria-Peristaltic-pumps-300x296.png 300w, https:\/\/klinger.pt\/wp-content\/uploads\/2022\/08\/categoria-Peristaltic-pumps-1024x1011.png 1024w, https:\/\/klinger.pt\/wp-content\/uploads\/2022\/08\/categoria-Peristaltic-pumps-768x758.png 768w\" sizes=\"(max-width: 220px) 100vw, 220px\" \/><\/td><td><strong><a href=\"https:\/\/klinger.pt\/produtos\/bombas-e-agitacao\/bombas\/bombas-peristalticas\/\" title=\"\">BOMBAS PERIST\u00c1LTICAS<\/a><\/strong><br><br><a href=\"https:\/\/klinger.pt\/produtos\/bombas-e-agitacao\/bombas\/bombas-peristalticas\/\" title=\"\ufffc\"><img decoding=\"async\" width=\"18\" height=\"18\" class=\"wp-image-16262\" style=\"width: 18px;\" src=\"https:\/\/klinger.pt\/wp-content\/uploads\/2022\/06\/icon-arrow-blue-double.png\" alt=\"\"><\/a><\/td><\/tr><\/tbody><\/table><\/figure>\n<\/div>\n\n\n\n<div class=\"wp-block-column is-layout-flow wp-block-column-is-layout-flow\">\n<figure class=\"wp-block-table\"><table><tbody><tr><td><img loading=\"lazy\" decoding=\"async\" width=\"250\" height=\"247\" class=\"wp-image-27035\" style=\"width: 250px;\" src=\"https:\/\/klinger.pt\/wp-content\/uploads\/2022\/08\/categoria-Progressive-Cavity-pumps.png\" alt=\"\" srcset=\"https:\/\/klinger.pt\/wp-content\/uploads\/2022\/08\/categoria-Progressive-Cavity-pumps.png 1099w, https:\/\/klinger.pt\/wp-content\/uploads\/2022\/08\/categoria-Progressive-Cavity-pumps-300x296.png 300w, https:\/\/klinger.pt\/wp-content\/uploads\/2022\/08\/categoria-Progressive-Cavity-pumps-1024x1011.png 1024w, https:\/\/klinger.pt\/wp-content\/uploads\/2022\/08\/categoria-Progressive-Cavity-pumps-768x758.png 768w\" sizes=\"(max-width: 250px) 100vw, 250px\" \/><\/td><td><strong><a href=\"https:\/\/klinger.pt\/produtos\/bombas-e-agitacao\/bombas\/bombas-de-cavidade-progressiva\/\" title=\"\">BOMBAS DE CAVIDADE PROGRESSIVA<\/a><\/strong><br><br><a href=\"https:\/\/klinger.pt\/produtos\/bombas-e-agitacao\/bombas\/bombas-de-cavidade-progressiva\/\" title=\"\ufffc\"><img decoding=\"async\" width=\"18\" height=\"18\" class=\"wp-image-16262\" style=\"width: 18px;\" src=\"https:\/\/klinger.pt\/wp-content\/uploads\/2022\/06\/icon-arrow-blue-double.png\" alt=\"\"><\/a><\/td><\/tr><\/tbody><\/table><\/figure>\n<\/div>\n<\/div>\n\n\n\n<div class=\"wp-block-columns is-layout-flex wp-container-core-columns-is-layout-9d6595d7 wp-block-columns-is-layout-flex\">\n<div class=\"wp-block-column is-layout-flow wp-block-column-is-layout-flow\">\n<figure class=\"wp-block-table\"><table><tbody><tr><td><img loading=\"lazy\" decoding=\"async\" width=\"250\" height=\"247\" class=\"wp-image-27080\" style=\"width: 250px;\" src=\"https:\/\/klinger.pt\/wp-content\/uploads\/2022\/08\/Pneumatic-Pumps-2.png\" alt=\"\" srcset=\"https:\/\/klinger.pt\/wp-content\/uploads\/2022\/08\/Pneumatic-Pumps-2.png 1099w, https:\/\/klinger.pt\/wp-content\/uploads\/2022\/08\/Pneumatic-Pumps-2-300x296.png 300w, https:\/\/klinger.pt\/wp-content\/uploads\/2022\/08\/Pneumatic-Pumps-2-1024x1011.png 1024w, https:\/\/klinger.pt\/wp-content\/uploads\/2022\/08\/Pneumatic-Pumps-2-768x758.png 768w\" sizes=\"(max-width: 250px) 100vw, 250px\" \/><\/td><td><strong><a href=\"https:\/\/klinger.pt\/produtos\/bombas-e-agitacao\/bombas\/bombas-pneumaticas\/\" title=\"\">BOMBAS PNEUM\u00c1TICAS<\/a><\/strong><br><br><a href=\"https:\/\/klinger.pt\/produtos\/bombas-e-agitacao\/bombas\/bombas-pneumaticas\/\" title=\"\ufffc\"><img decoding=\"async\" width=\"18\" height=\"18\" class=\"wp-image-16262\" style=\"width: 18px;\" src=\"https:\/\/klinger.pt\/wp-content\/uploads\/2022\/06\/icon-arrow-blue-double.png\" alt=\"\"><\/a><\/td><\/tr><\/tbody><\/table><\/figure>\n<\/div>\n\n\n\n<div class=\"wp-block-column is-layout-flow wp-block-column-is-layout-flow\">\n<figure class=\"wp-block-table\"><table><tbody><tr><td><img loading=\"lazy\" decoding=\"async\" width=\"270\" height=\"175\" class=\"wp-image-27592\" style=\"width: 270px;\" src=\"https:\/\/klinger.pt\/wp-content\/uploads\/2022\/08\/Gear-pumps-1.png\" alt=\"\" srcset=\"https:\/\/klinger.pt\/wp-content\/uploads\/2022\/08\/Gear-pumps-1.png 885w, https:\/\/klinger.pt\/wp-content\/uploads\/2022\/08\/Gear-pumps-1-300x195.png 300w, https:\/\/klinger.pt\/wp-content\/uploads\/2022\/08\/Gear-pumps-1-768x499.png 768w\" sizes=\"(max-width: 270px) 100vw, 270px\" \/><\/td><td><strong><a href=\"https:\/\/klinger.pt\/produtos\/bombas-e-agitacao\/bombas\/bombas-carreto\/\" title=\"\">BOMBAS DE CARRETOS<\/a><\/strong><br><br><a href=\"https:\/\/klinger.pt\/produtos\/bombas-e-agitacao\/bombas\/bombas-carreto\/\" title=\"\ufffc\"><img decoding=\"async\" width=\"18\" height=\"18\" class=\"wp-image-16262\" style=\"width: 18px;\" src=\"https:\/\/klinger.pt\/wp-content\/uploads\/2022\/06\/icon-arrow-blue-double.png\" alt=\"\"><\/a><\/td><\/tr><\/tbody><\/table><\/figure>\n<\/div>\n<\/div>\n\n\n\n<div class=\"wp-block-columns is-layout-flex wp-container-core-columns-is-layout-9d6595d7 wp-block-columns-is-layout-flex\">\n<div class=\"wp-block-column is-layout-flow wp-block-column-is-layout-flow\">\n<figure class=\"wp-block-table\"><table><tbody><tr><td><img loading=\"lazy\" decoding=\"async\" width=\"200\" height=\"197\" class=\"wp-image-27084\" style=\"width: 200px;\" src=\"https:\/\/klinger.pt\/wp-content\/uploads\/2022\/08\/Affeti-_-Bomba-Termoplasticas-2-1.png\" alt=\"\" srcset=\"https:\/\/klinger.pt\/wp-content\/uploads\/2022\/08\/Affeti-_-Bomba-Termoplasticas-2-1.png 1099w, https:\/\/klinger.pt\/wp-content\/uploads\/2022\/08\/Affeti-_-Bomba-Termoplasticas-2-1-300x296.png 300w, https:\/\/klinger.pt\/wp-content\/uploads\/2022\/08\/Affeti-_-Bomba-Termoplasticas-2-1-1024x1011.png 1024w, https:\/\/klinger.pt\/wp-content\/uploads\/2022\/08\/Affeti-_-Bomba-Termoplasticas-2-1-768x758.png 768w\" sizes=\"(max-width: 200px) 100vw, 200px\" \/><\/td><td><strong><a href=\"https:\/\/klinger.pt\/produtos\/bombas-e-agitacao\/bombas\/bombas-termoplasticas\/\" title=\"\">BOMBAS TERMOPL\u00c1STICAS<\/a><\/strong><br><br><a href=\"https:\/\/klinger.pt\/produtos\/bombas-e-agitacao\/bombas\/bombas-termoplasticas\/\" title=\"\ufffc\"><img decoding=\"async\" width=\"18\" height=\"18\" class=\"wp-image-16262\" style=\"width: 18px;\" src=\"https:\/\/klinger.pt\/wp-content\/uploads\/2022\/06\/icon-arrow-blue-double.png\" alt=\"\"><\/a><\/td><\/tr><\/tbody><\/table><\/figure>\n<\/div>\n\n\n\n<div class=\"wp-block-column is-layout-flow wp-block-column-is-layout-flow\">\n<figure class=\"wp-block-table\"><table><tbody><tr><td><img loading=\"lazy\" decoding=\"async\" width=\"200\" height=\"200\" class=\"wp-image-27072\" style=\"width: 200px;\" src=\"https:\/\/klinger.pt\/wp-content\/uploads\/2022\/08\/lined-pumps-klinger-2.png\" alt=\"\" srcset=\"https:\/\/klinger.pt\/wp-content\/uploads\/2022\/08\/lined-pumps-klinger-2.png 252w, https:\/\/klinger.pt\/wp-content\/uploads\/2022\/08\/lined-pumps-klinger-2-150x150.png 150w\" sizes=\"(max-width: 200px) 100vw, 200px\" \/><\/td><td><strong><a href=\"https:\/\/klinger.pt\/produtos\/bombas-e-agitacao\/bombas\/bombas-revestidas\/\" title=\"\">BOMBAS REVESTIDAS<\/a><\/strong><br><br><a href=\"https:\/\/klinger.pt\/produtos\/bombas-e-agitacao\/bombas\/bombas-revestidas\/\" title=\"\ufffc\"><img decoding=\"async\" width=\"18\" height=\"18\" class=\"wp-image-16262\" style=\"width: 18px;\" src=\"https:\/\/klinger.pt\/wp-content\/uploads\/2022\/06\/icon-arrow-blue-double.png\" alt=\"\"><\/a><\/td><\/tr><\/tbody><\/table><\/figure>\n<\/div>\n<\/div>\n\n\n\n<div class=\"wp-block-columns is-layout-flex wp-container-core-columns-is-layout-9d6595d7 wp-block-columns-is-layout-flex\">\n<div class=\"wp-block-column is-layout-flow wp-block-column-is-layout-flow\">\n<figure class=\"wp-block-table\"><table><tbody><tr><td><img loading=\"lazy\" decoding=\"async\" width=\"300\" height=\"195\" class=\"wp-image-27075\" style=\"width: 300px;\" src=\"https:\/\/klinger.pt\/wp-content\/uploads\/2022\/08\/Bomba-de-Processo-1.png\" alt=\"\" srcset=\"https:\/\/klinger.pt\/wp-content\/uploads\/2022\/08\/Bomba-de-Processo-1.png 885w, https:\/\/klinger.pt\/wp-content\/uploads\/2022\/08\/Bomba-de-Processo-1-300x195.png 300w, https:\/\/klinger.pt\/wp-content\/uploads\/2022\/08\/Bomba-de-Processo-1-768x499.png 768w\" sizes=\"(max-width: 300px) 100vw, 300px\" \/><\/td><td><strong><a href=\"https:\/\/klinger.pt\/produtos\/bombas-e-agitacao\/bombas\/bomba-processo\/\" title=\"\">BOMBAS DE PROCESSO<\/a><\/strong><br><br><a href=\"https:\/\/klinger.pt\/produtos\/bombas-e-agitacao\/bombas\/bomba-processo\/\" title=\"\ufffc\"><img decoding=\"async\" width=\"18\" height=\"18\" class=\"wp-image-16262\" style=\"width: 18px;\" src=\"https:\/\/klinger.pt\/wp-content\/uploads\/2022\/06\/icon-arrow-blue-double.png\" alt=\"\"><\/a><\/td><\/tr><\/tbody><\/table><\/figure>\n<\/div>\n\n\n\n<div class=\"wp-block-column transparente is-layout-flow wp-block-column-is-layout-flow\"><\/div>\n<\/div>\n","protected":false},"excerpt":{"rendered":"<p>BOMBAS BOMBAS TSURUMI BOMBAS DOSEADORAS MILTON ROY BOMBAS PERIST\u00c1LTICAS BOMBAS DE CAVIDADE PROGRESSIVA BOMBAS PNEUM\u00c1TICAS BOMBAS DE CARRETOS BOMBAS TERMOPL\u00c1STICAS BOMBAS REVESTIDAS BOMBAS DE PROCESSO<\/p>\n","protected":false},"author":1,"featured_media":16265,"parent":36548,"menu_order":0,"comment_status":"closed","ping_status":"closed","template":"page-templates\/secciones-principales.php","meta":{"_eb_attr":"","footnotes":""},"class_list":["post-24675","page","type-page","status-publish","has-post-thumbnail","hentry"],"aioseo_notices":[],"_links":{"self":[{"href":"https:\/\/klinger.pt\/es\/wp-json\/wp\/v2\/pages\/24675","targetHints":{"allow":["GET"]}}],"collection":[{"href":"https:\/\/klinger.pt\/es\/wp-json\/wp\/v2\/pages"}],"about":[{"href":"https:\/\/klinger.pt\/es\/wp-json\/wp\/v2\/types\/page"}],"author":[{"embeddable":true,"href":"https:\/\/klinger.pt\/es\/wp-json\/wp\/v2\/users\/1"}],"replies":[{"embeddable":true,"href":"https:\/\/klinger.pt\/es\/wp-json\/wp\/v2\/comments?post=24675"}],"version-history":[{"count":20,"href":"https:\/\/klinger.pt\/es\/wp-json\/wp\/v2\/pages\/24675\/revisions"}],"predecessor-version":[{"id":43113,"href":"https:\/\/klinger.pt\/es\/wp-json\/wp\/v2\/pages\/24675\/revisions\/43113"}],"up":[{"embeddable":true,"href":"https:\/\/klinger.pt\/es\/wp-json\/wp\/v2\/pages\/36548"}],"wp:featuredmedia":[{"embeddable":true,"href":"https:\/\/klinger.pt\/es\/wp-json\/wp\/v2\/media\/16265"}],"wp:attachment":[{"href":"https:\/\/klinger.pt\/es\/wp-json\/wp\/v2\/media?parent=24675"}],"curies":[{"name":"wp","href":"https:\/\/api.w.org\/{rel}","templated":true}]}}