{"id":24522,"date":"2022-08-22T11:42:32","date_gmt":"2022-08-22T10:42:32","guid":{"rendered":"https:\/\/m5j0n6nk9p.onrocket.site\/?page_id=24522"},"modified":"2023-05-05T09:58:05","modified_gmt":"2023-05-05T08:58:05","slug":"dampers","status":"publish","type":"page","link":"https:\/\/klinger.pt\/es\/produtos\/valvulas\/dampers\/","title":{"rendered":"DAMPER"},"content":{"rendered":"\n<h1 class=\"wp-block-heading\">DAMPER<\/h1>\n\n\n\n<p>Damper de constru\u00e7\u00e3o leve para desvio, isolamento ou regula\u00e7\u00e3o de caudal de g\u00e1s\/ar a baixa press\u00e3o e alta temperatura. Grande variedade de modelos: damper de borboleta , damper de veneziana , damper ocular, damper de guilhotina , damper de obturador bipartido , etc. Com v\u00e1rios materiais de constru\u00e7\u00e3o e para diversas aplica\u00e7\u00f5es, tais como sistemas de produ\u00e7\u00e3o de energia, sistemas de limpeza a g\u00e1s, f\u00e1bricas de cimento, isolamento, etc.<\/p>\n\n\n\n<div style=\"height:30px\" aria-hidden=\"true\" class=\"wp-block-spacer\"><\/div>\n\n\n\n<div class=\"wp-block-group\"><div class=\"wp-block-group__inner-container is-layout-constrained wp-block-group-is-layout-constrained\">\n<div class=\"wp-block-columns is-layout-flex wp-container-core-columns-is-layout-9d6595d7 wp-block-columns-is-layout-flex\">\n<div class=\"wp-block-column is-layout-flow wp-block-column-is-layout-flow\" style=\"flex-basis:300px\"><div class=\"wp-block-image\">\n<figure class=\"aligncenter size-full\"><img fetchpriority=\"high\" decoding=\"async\" width=\"300\" height=\"300\" src=\"https:\/\/klinger.pt\/wp-content\/uploads\/2023\/05\/Damper-borboleta-pag.webp\" alt=\"DAMPER BORBOLETA\" class=\"wp-image-42148\" srcset=\"https:\/\/klinger.pt\/wp-content\/uploads\/2023\/05\/Damper-borboleta-pag.webp 300w, https:\/\/klinger.pt\/wp-content\/uploads\/2023\/05\/Damper-borboleta-pag-150x150.webp 150w\" sizes=\"(max-width: 300px) 100vw, 300px\" \/><\/figure>\n<\/div>\n\n<div class=\"wp-block-image\">\n<figure class=\"aligncenter size-full\"><img decoding=\"async\" width=\"1000\" height=\"340\" src=\"https:\/\/klinger.pt\/wp-content\/uploads\/2023\/05\/Damper-borboleta-quadro.webp\" alt=\"DAMPER BORBOLETA\" class=\"wp-image-42220\" srcset=\"https:\/\/klinger.pt\/wp-content\/uploads\/2023\/05\/Damper-borboleta-quadro.webp 1000w, https:\/\/klinger.pt\/wp-content\/uploads\/2023\/05\/Damper-borboleta-quadro-300x102.webp 300w, https:\/\/klinger.pt\/wp-content\/uploads\/2023\/05\/Damper-borboleta-quadro-768x261.webp 768w\" sizes=\"(max-width: 1000px) 100vw, 1000px\" \/><\/figure>\n<\/div><\/div>\n\n\n\n<div class=\"wp-block-column is-layout-flow wp-block-column-is-layout-flow\" style=\"flex-basis:700px\">\n<h2 class=\"wp-block-heading\">DAMPER BORBOLETA<\/h2>\n\n\n\n<p class=\"intro-text\">Damper borboleta para montagem entre flanges de regulagem\/controle e isolamento de gases<\/p>\n\n\n\n<p>Damper de regulagem ou isolamento de se\u00e7\u00e3o circular. Normalmente de uma \u00fanica p\u00e1 com eixo central e possibilidade de m\u00faltiplas p\u00e1s interligadas.<br>Acionamentos pneum\u00e1tico, el\u00e9trico, hidr\u00e1ulico ou manual.<br>Dependendo do fechamento pode-se obter diferentes n\u00edveis de estanqueidade (95% -100 %).<br>Utiliza\u00e7\u00e3o com gases de combust\u00e3o de baixas press\u00f5es e altas temperaturas (600\u00baC).<br>Aplica\u00e7\u00f5es em plantas de co-gera\u00e7\u00e3o, centrais t\u00e9rmicas, sistemas de recupera\u00e7\u00e3o de calor.<\/p>\n\n\n\n<p>Tamanho: at\u00e9 DN 2500<\/p>\n\n\n\n<h5 class=\"wp-block-heading\"><a href=\"https:\/\/klinger.pt\/wp-content\/uploads\/2023\/05\/Butterfly-Dampler-datasheet-EN.pdf\" target=\"_blank\" rel=\"noreferrer noopener\">FICHA T\u00c9CNICA DAMPER BORBOLETA (EN)<\/a><\/h5>\n<\/div>\n<\/div>\n\n\n\n<div style=\"height:30px\" aria-hidden=\"true\" class=\"wp-block-spacer\"><\/div>\n\n\n\n<div class=\"wp-block-columns is-layout-flex wp-container-core-columns-is-layout-9d6595d7 wp-block-columns-is-layout-flex\">\n<div class=\"wp-block-column is-layout-flow wp-block-column-is-layout-flow\" style=\"flex-basis:300px\"><div class=\"wp-block-image\">\n<figure class=\"aligncenter size-full\"><img decoding=\"async\" width=\"520\" height=\"483\" src=\"https:\/\/klinger.pt\/wp-content\/uploads\/2023\/05\/Damper-distribuidor-de-gases-pag2.webp\" alt=\"\" class=\"wp-image-42270\" srcset=\"https:\/\/klinger.pt\/wp-content\/uploads\/2023\/05\/Damper-distribuidor-de-gases-pag2.webp 520w, https:\/\/klinger.pt\/wp-content\/uploads\/2023\/05\/Damper-distribuidor-de-gases-pag2-300x279.webp 300w\" sizes=\"(max-width: 520px) 100vw, 520px\" \/><\/figure>\n<\/div>\n\n<div class=\"wp-block-image\">\n<figure class=\"aligncenter size-full\"><img loading=\"lazy\" decoding=\"async\" width=\"1000\" height=\"340\" src=\"https:\/\/klinger.pt\/wp-content\/uploads\/2023\/05\/Damper-distribuidor-de-gases-quadro.webp\" alt=\"DAMPER DISTRIBUIDOR TR\u00caS VIAS\" class=\"wp-image-42216\" srcset=\"https:\/\/klinger.pt\/wp-content\/uploads\/2023\/05\/Damper-distribuidor-de-gases-quadro.webp 1000w, https:\/\/klinger.pt\/wp-content\/uploads\/2023\/05\/Damper-distribuidor-de-gases-quadro-300x102.webp 300w, https:\/\/klinger.pt\/wp-content\/uploads\/2023\/05\/Damper-distribuidor-de-gases-quadro-768x261.webp 768w\" sizes=\"(max-width: 1000px) 100vw, 1000px\" \/><\/figure>\n<\/div><\/div>\n\n\n\n<div class=\"wp-block-column is-layout-flow wp-block-column-is-layout-flow\" style=\"flex-basis:700px\">\n<h2 class=\"wp-block-heading\">DAMPER DISTRIBUIDOR TR\u00caS VIAS<\/h2>\n\n\n\n<p class=\"intro-text\">Damper distribuidor tr\u00eas vias em forma de de se\u00e7\u00e3o redonda ou quadrada para montagem entre flanges de regulagem\/controle, distribui\u00e7\u00e3o e isolamento de gases<\/p>\n\n\n\n<p>Damper Distribuidor de tr\u00eas vias com uma entrada e duas sa\u00eddas. Em cada uma das sa\u00eddas disp\u00f5e-se um damper borboleta ou veneziana, normalmente interligadas mecanicamente, abrindo uma sa\u00edda enquanto a outra se fecha.<br>O distribuidor de gases pode regular, distribuir ou isolar os gases.<br>Acionamentos pneum\u00e1tico, el\u00e9trico, hidr\u00e1ulico ou manual.<br>Dependendo do fechamento pode-se obter diferentes n\u00edveis de estanqueidade (95% -100 %).<br>Utiliza\u00e7\u00e3o com gases de combust\u00e3o de baixas press\u00f5es e altas temperaturas (600\u00baC).<br>Aplica\u00e7\u00f5es em plantas de cogera\u00e7\u00e3o, sistemas de recupera\u00e7\u00e3o de calor.<\/p>\n\n\n\n<p>Tamanhos: at\u00e9 DN 2000<\/p>\n\n\n\n<h5 class=\"wp-block-heading\"><a href=\"https:\/\/klinger.pt\/wp-content\/uploads\/2023\/05\/Three-lever-valve-datasheet-EN-.pdf\" target=\"_blank\" rel=\"noopener\" title=\"FICHA T\u00c9CNICA DAMPER DISTRIBUIDOR TR\u00caS VIAS (EN)\">FICHA T\u00c9CNICA DAMPER DISTRIBUIDOR TR\u00caS VIAS (EN)<\/a><\/h5>\n<\/div>\n<\/div>\n\n\n\n<div style=\"height:30px\" aria-hidden=\"true\" class=\"wp-block-spacer\"><\/div>\n\n\n\n<div class=\"wp-block-columns is-layout-flex wp-container-core-columns-is-layout-9d6595d7 wp-block-columns-is-layout-flex\">\n<div class=\"wp-block-column is-layout-flow wp-block-column-is-layout-flow\" style=\"flex-basis:300px\"><div class=\"wp-block-image\">\n<figure class=\"aligncenter size-full\"><img loading=\"lazy\" decoding=\"async\" width=\"375\" height=\"375\" src=\"https:\/\/klinger.pt\/wp-content\/uploads\/2023\/05\/Damper-veneziana-pag.webp\" alt=\"DAMPER VENEZIANA\" class=\"wp-image-42161\" srcset=\"https:\/\/klinger.pt\/wp-content\/uploads\/2023\/05\/Damper-veneziana-pag.webp 375w, https:\/\/klinger.pt\/wp-content\/uploads\/2023\/05\/Damper-veneziana-pag-300x300.webp 300w, https:\/\/klinger.pt\/wp-content\/uploads\/2023\/05\/Damper-veneziana-pag-150x150.webp 150w\" sizes=\"(max-width: 375px) 100vw, 375px\" \/><\/figure>\n<\/div>\n\n<div class=\"wp-block-image\">\n<figure class=\"aligncenter size-full\"><img loading=\"lazy\" decoding=\"async\" width=\"1000\" height=\"340\" src=\"https:\/\/klinger.pt\/wp-content\/uploads\/2023\/05\/Damper-veneziana-quadro.webp\" alt=\"DAMPER VENEZIANA\" class=\"wp-image-42226\" srcset=\"https:\/\/klinger.pt\/wp-content\/uploads\/2023\/05\/Damper-veneziana-quadro.webp 1000w, https:\/\/klinger.pt\/wp-content\/uploads\/2023\/05\/Damper-veneziana-quadro-300x102.webp 300w, https:\/\/klinger.pt\/wp-content\/uploads\/2023\/05\/Damper-veneziana-quadro-768x261.webp 768w\" sizes=\"(max-width: 1000px) 100vw, 1000px\" \/><\/figure>\n<\/div><\/div>\n\n\n\n<div class=\"wp-block-column is-layout-flow wp-block-column-is-layout-flow\" style=\"flex-basis:700px\">\n<h2 class=\"wp-block-heading\">DAMPER VENEZIANA<\/h2>\n\n\n\n<p class=\"intro-text\">Damper veneziana de uma ou v\u00e1rias p\u00e1s de se\u00e7\u00e3o retangular para montagem entre flanges de regulagem\/controle e isolamento de gases<\/p>\n\n\n\n<p>Damper de regulagem ou isolamento de se\u00e7\u00e3o retangular. Possibilidade de uma \u00fanica p\u00e1 com eixo central ou de m\u00faltiplas p\u00e1s interligadas dependendo do tamanho do damper.<br>Acionamentos pneum\u00e1tico, el\u00e9trico, hidr\u00e1ulico ou manual.<br>Dependendo do fechamento pode-se obter diferentes n\u00edveis de estanqueidade (95% -100 %).<br>Utiliza\u00e7\u00e3o com gases de combust\u00e3o de baixas press\u00f5es e altas temperaturas (600\u00baC).<br>Aplica\u00e7\u00f5es em centrais t\u00e9rmicas, plantas de cogera\u00e7\u00e3o, sistemas de recupera\u00e7\u00e3o de calor.<\/p>\n\n\n\n<p>Tamanhos: at\u00e9 2500 mm x 2500 mm.<\/p>\n\n\n\n<h5 class=\"wp-block-heading\"><a href=\"https:\/\/klinger.pt\/wp-content\/uploads\/2023\/05\/Louver-damper-datasheet-EN.pdf\" target=\"_blank\" rel=\"noopener\" title=\"FICHA T\u00c9CNICA DAMPER VENEZIANA (EN)\">FICHA T\u00c9CNICA DAMPER VENEZIANA (EN)<\/a><\/h5>\n<\/div>\n<\/div>\n\n\n\n<div style=\"height:30px\" aria-hidden=\"true\" class=\"wp-block-spacer\"><\/div>\n\n\n\n<div class=\"wp-block-columns is-layout-flex wp-container-core-columns-is-layout-9d6595d7 wp-block-columns-is-layout-flex\">\n<div class=\"wp-block-column is-layout-flow wp-block-column-is-layout-flow\" style=\"flex-basis:300px\"><div class=\"wp-block-image\">\n<figure class=\"aligncenter size-full\"><img loading=\"lazy\" decoding=\"async\" width=\"200\" height=\"375\" src=\"https:\/\/klinger.pt\/wp-content\/uploads\/2023\/05\/Damper-guilhotina-pag.webp\" alt=\"DAMPER GUILHOTINA\" class=\"wp-image-42169\" srcset=\"https:\/\/klinger.pt\/wp-content\/uploads\/2023\/05\/Damper-guilhotina-pag.webp 200w, https:\/\/klinger.pt\/wp-content\/uploads\/2023\/05\/Damper-guilhotina-pag-160x300.webp 160w\" sizes=\"(max-width: 200px) 100vw, 200px\" \/><\/figure>\n<\/div>\n\n<div class=\"wp-block-image\">\n<figure class=\"aligncenter size-full\"><img loading=\"lazy\" decoding=\"async\" width=\"1000\" height=\"340\" src=\"https:\/\/klinger.pt\/wp-content\/uploads\/2023\/05\/Damper-guilhotina-quadro.webp\" alt=\"DAMPER GUILHOTINA\" class=\"wp-image-42238\" srcset=\"https:\/\/klinger.pt\/wp-content\/uploads\/2023\/05\/Damper-guilhotina-quadro.webp 1000w, https:\/\/klinger.pt\/wp-content\/uploads\/2023\/05\/Damper-guilhotina-quadro-300x102.webp 300w, https:\/\/klinger.pt\/wp-content\/uploads\/2023\/05\/Damper-guilhotina-quadro-768x261.webp 768w\" sizes=\"(max-width: 1000px) 100vw, 1000px\" \/><\/figure>\n<\/div><\/div>\n\n\n\n<div class=\"wp-block-column is-layout-flow wp-block-column-is-layout-flow\" style=\"flex-basis:700px\">\n<h2 class=\"wp-block-heading\">DAMPER GUILHOTINA<\/h2>\n\n\n\n<p class=\"intro-text\">Damper guilhotina de se\u00e7\u00e3o redonda ou quadrada\/retangular para montagem entre flanges de corte e isolamento de gases<\/p>\n\n\n\n<p>Damper de isolamento de se\u00e7\u00e3o circular ou retangular, sistema de fechamento mediante uma faca deslizante.<br>Acionamentos pneum\u00e1tico, el\u00e9trico, hidr\u00e1ulico ou manual.<br>Dependendo do fechamento pode-se obter diferentes n\u00edveis de estanqueidade (95% -100 %).<br>Utiliza\u00e7\u00e3o com gases de combust\u00e3o de baixas press\u00f5es e altas temperaturas (600\u00baC).<br>Aplica\u00e7\u00f5es em centrais t\u00e9rmicas, plantas de cogera\u00e7\u00e3o, sistemas de recupera\u00e7\u00e3o de calor.<\/p>\n\n\n\n<p>Tamanhos: at\u00e9 DN 2500<\/p>\n\n\n\n<h5 class=\"wp-block-heading\"><a href=\"https:\/\/klinger.pt\/wp-content\/uploads\/2023\/05\/Guillotine-damper-datasheet-EN.pdf\" target=\"_blank\" rel=\"noopener\" title=\"FICHA T\u00c9CNICA DAMPER GUILHOTINA (EN)\">FICHA T\u00c9CNICA DAMPER GUILHOTINA (EN)<\/a><\/h5>\n<\/div>\n<\/div>\n\n\n\n<div style=\"height:30px\" aria-hidden=\"true\" class=\"wp-block-spacer\"><\/div>\n\n\n\n<div class=\"wp-block-columns is-layout-flex wp-container-core-columns-is-layout-9d6595d7 wp-block-columns-is-layout-flex\">\n<div class=\"wp-block-column is-layout-flow wp-block-column-is-layout-flow\" style=\"flex-basis:300px\">\n<figure class=\"wp-block-image size-full\"><img loading=\"lazy\" decoding=\"async\" width=\"1000\" height=\"900\" src=\"https:\/\/klinger.pt\/wp-content\/uploads\/2023\/05\/Damper-desviador-pag2.webp\" alt=\"\" class=\"wp-image-42296\" srcset=\"https:\/\/klinger.pt\/wp-content\/uploads\/2023\/05\/Damper-desviador-pag2.webp 1000w, https:\/\/klinger.pt\/wp-content\/uploads\/2023\/05\/Damper-desviador-pag2-300x270.webp 300w, https:\/\/klinger.pt\/wp-content\/uploads\/2023\/05\/Damper-desviador-pag2-768x691.webp 768w\" sizes=\"(max-width: 1000px) 100vw, 1000px\" \/><\/figure>\n<\/div>\n\n\n\n<div class=\"wp-block-column is-layout-flow wp-block-column-is-layout-flow\" style=\"flex-basis:700px\">\n<h2 class=\"wp-block-heading\">DAMPER DIVERTER<\/h2>\n\n\n\n<p class=\"intro-text\">Damper diverter de 3 vias de se\u00e7\u00e3o quadrada\/retangular para montagem entre flanges de regulagem\/controle, distribui\u00e7\u00e3o e isolamento de gases<\/p>\n\n\n\n<p>Damper de 3 vias com uma entrada e duas sa\u00eddas. A distribui\u00e7\u00e3o do g\u00e1s pelas sa\u00eddas \u00e9 realizada com uma \u00fanica v\u00e1lvula que gira sobre um eixo alojado na parte interna.<br>O distribuidor de gases pode regular, distribuir ou isolar os gases.<br>Acionamentos pneum\u00e1tico, el\u00e9trico, hidr\u00e1ulico ou manual.<br>Dependendo do fechamento pode-se obter diferentes n\u00edveis de estanqueidade (95% -100 %).<br>Utiliza\u00e7\u00e3o com gases de combust\u00e3o de baixas press\u00f5es e altas temperaturas (at\u00e9 750\u00baC).<br>Aplica\u00e7\u00f5es em plantas de cogera\u00e7\u00e3o, sistemas de recupera\u00e7\u00e3o de calor.<\/p>\n\n\n\n<p>Tamanhos: at\u00e9 DN 2500<\/p>\n<\/div>\n<\/div>\n\n\n\n<div style=\"height:30px\" aria-hidden=\"true\" class=\"wp-block-spacer\"><\/div>\n\n\n\n<div class=\"wp-block-columns is-layout-flex wp-container-core-columns-is-layout-9d6595d7 wp-block-columns-is-layout-flex\">\n<div class=\"wp-block-column is-layout-flow wp-block-column-is-layout-flow\" style=\"flex-basis:300px\">\n<figure class=\"wp-block-image size-full\"><img loading=\"lazy\" decoding=\"async\" width=\"375\" height=\"375\" src=\"https:\/\/klinger.pt\/wp-content\/uploads\/2023\/05\/Damper-obturador-bipartido-pag.webp\" alt=\"DAMPER OBTURADOR BIPARTIDO\" class=\"wp-image-42177\" srcset=\"https:\/\/klinger.pt\/wp-content\/uploads\/2023\/05\/Damper-obturador-bipartido-pag.webp 375w, https:\/\/klinger.pt\/wp-content\/uploads\/2023\/05\/Damper-obturador-bipartido-pag-300x300.webp 300w, https:\/\/klinger.pt\/wp-content\/uploads\/2023\/05\/Damper-obturador-bipartido-pag-150x150.webp 150w\" sizes=\"(max-width: 375px) 100vw, 375px\" \/><\/figure>\n<\/div>\n\n\n\n<div class=\"wp-block-column is-layout-flow wp-block-column-is-layout-flow\" style=\"flex-basis:700px\">\n<h2 class=\"wp-block-heading\">DAMPER OBTURADOR BIPARTIDO<\/h2>\n\n\n\n<p class=\"intro-text\">Damper obturador bipartido de uma ou mais p\u00e1s de fechamento para montagem entre flanges de isolamento da chamin\u00e9<\/p>\n\n\n\n<p>Dampers de obturador bipartido para minimizar a perda de calor da caldeira e evitar que a chuva entre na mesma. A faixa de fornecimento cobre chamin\u00e9s a partir de 300 mm at\u00e9 7 m de di\u00e2metro (maiores sob consulta).<br>O Damper de Chamin\u00e9 pode ser do tipo borboleta, p\u00e1 dupla, de v\u00e1rias p\u00e1s ou de v\u00e1lvula dupla podendo incorporar um sistema de libera\u00e7\u00e3o da press\u00e3o autom\u00e1tica para evitar a sobrepressuriza\u00e7\u00e3o e danos na turbina ou caldeira.<\/p>\n<\/div>\n<\/div>\n\n\n\n<div style=\"height:30px\" aria-hidden=\"true\" class=\"wp-block-spacer\"><\/div>\n\n\n\n<div class=\"wp-block-columns is-layout-flex wp-container-core-columns-is-layout-9d6595d7 wp-block-columns-is-layout-flex\">\n<div class=\"wp-block-column is-layout-flow wp-block-column-is-layout-flow\" style=\"flex-basis:300px\"><div class=\"wp-block-image\">\n<figure class=\"aligncenter size-full\"><img loading=\"lazy\" decoding=\"async\" width=\"320\" height=\"320\" src=\"https:\/\/klinger.pt\/wp-content\/uploads\/2023\/05\/Damper-borboleta-tripla-alavanca-pag.webp\" alt=\"DAMPER BORBOLETA TRIPLA ALAVANCA\" class=\"wp-image-42179\" srcset=\"https:\/\/klinger.pt\/wp-content\/uploads\/2023\/05\/Damper-borboleta-tripla-alavanca-pag.webp 320w, https:\/\/klinger.pt\/wp-content\/uploads\/2023\/05\/Damper-borboleta-tripla-alavanca-pag-300x300.webp 300w, https:\/\/klinger.pt\/wp-content\/uploads\/2023\/05\/Damper-borboleta-tripla-alavanca-pag-150x150.webp 150w\" sizes=\"(max-width: 320px) 100vw, 320px\" \/><\/figure>\n<\/div>\n\n<div class=\"wp-block-image\">\n<figure class=\"aligncenter size-full\"><img loading=\"lazy\" decoding=\"async\" width=\"1000\" height=\"340\" src=\"https:\/\/klinger.pt\/wp-content\/uploads\/2023\/05\/Damper-borboleta-tripla-alavanca-quadro.webp\" alt=\"DAMPER BORBOLETA TRIPLA ALAVANCA\" class=\"wp-image-42254\" srcset=\"https:\/\/klinger.pt\/wp-content\/uploads\/2023\/05\/Damper-borboleta-tripla-alavanca-quadro.webp 1000w, https:\/\/klinger.pt\/wp-content\/uploads\/2023\/05\/Damper-borboleta-tripla-alavanca-quadro-300x102.webp 300w, https:\/\/klinger.pt\/wp-content\/uploads\/2023\/05\/Damper-borboleta-tripla-alavanca-quadro-768x261.webp 768w\" sizes=\"(max-width: 1000px) 100vw, 1000px\" \/><\/figure>\n<\/div><\/div>\n\n\n\n<div class=\"wp-block-column is-layout-flow wp-block-column-is-layout-flow\" style=\"flex-basis:700px\">\n<h2 class=\"wp-block-heading\">DAMPER BORBOLETA TRIPLA ALAVANCA<\/h2>\n\n\n\n<p class=\"intro-text\">Damper Borboleta Tripla Alavanca de fechamento frontal para montagem entre flanges de isolamento de gases<\/p>\n\n\n\n<p>V\u00e1lvula de isolamento de duto circular com sistema de fechamento de alavanca tripla que faz girar o disco 90\u00ba.<br>Fabrica\u00e7\u00e3o mecanosoldada robusta para suportar press\u00f5es, conforme as dimens\u00f5es, de at\u00e9 40 bar e temperaturas at\u00e9 300\u00baC. Com diversos sistemas de veda\u00e7\u00e3o, sua estanqueidade pode chegar a 100%.<br>Acionamento pneum\u00e1tico, hidr\u00e1ulico ou el\u00e9trico.<br>Aplica\u00e7\u00f5es em gera\u00e7\u00e3o de energia, ind\u00fastrias qu\u00edmicas e siderurgias.<\/p>\n\n\n\n<p>Tamanhos: at\u00e9 DN 2500<\/p>\n<\/div>\n<\/div>\n\n\n\n<div style=\"height:30px\" aria-hidden=\"true\" class=\"wp-block-spacer\"><\/div>\n\n\n\n<div class=\"wp-block-columns is-layout-flex wp-container-core-columns-is-layout-9d6595d7 wp-block-columns-is-layout-flex\">\n<div class=\"wp-block-column is-layout-flow wp-block-column-is-layout-flow\" style=\"flex-basis:300px\">\n<figure class=\"wp-block-image size-full\"><img loading=\"lazy\" decoding=\"async\" width=\"375\" height=\"375\" src=\"https:\/\/klinger.pt\/wp-content\/uploads\/2023\/05\/Damper-ocular-pag.webp\" alt=\"DAMPER OCULAR\" class=\"wp-image-42185\" srcset=\"https:\/\/klinger.pt\/wp-content\/uploads\/2023\/05\/Damper-ocular-pag.webp 375w, https:\/\/klinger.pt\/wp-content\/uploads\/2023\/05\/Damper-ocular-pag-300x300.webp 300w, https:\/\/klinger.pt\/wp-content\/uploads\/2023\/05\/Damper-ocular-pag-150x150.webp 150w\" sizes=\"(max-width: 375px) 100vw, 375px\" \/><\/figure>\n<\/div>\n\n\n\n<div class=\"wp-block-column is-layout-flow wp-block-column-is-layout-flow\" style=\"flex-basis:700px\">\n<h2 class=\"wp-block-heading\">DAMPER OCULAR<\/h2>\n\n\n\n<p class=\"intro-text\">Damper ocular de desenho especial de guilhotina. Se\u00e7\u00e3o circular com fechamento estanque para isolamento e manuten\u00e7\u00e3o<\/p>\n\n\n\n<p>O Damper ocular foi desenvolvido como um elemento de seguran\u00e7a na manuten\u00e7\u00e3o de instala\u00e7\u00f5es de transporte de gases gra\u00e7as ao seu fechamento completamente herm\u00e9tico.<br>Permite a manipula\u00e7\u00e3o de gases com press\u00f5es diferenciais de at\u00e9 200 mbar, temperaturas de 200\u00baC e conte\u00fados de p\u00f3 de at\u00e9 1000mg\/Nm3.<br>\u00c9 uma comporta desenvolvida especialmente com um assento retr\u00e1til, gra\u00e7as \u00e0 incorpora\u00e7\u00e3o de dois foles met\u00e1licos nos discos, que permite um posterior deslocamento axial da comporta para as posi\u00e7\u00f5es de aberto e fechado. Todo o sistema de acionamento \u00e9 hidr\u00e1ulico.<br>Os dampers diafragma podem incorporar bonetes, de forma que seja garantida zero emiss\u00e3o de gases na atmosfera, nas manobras de abertura\/fechamento.<br>Estes dampers disp\u00f5em de certifica\u00e7\u00e3o ATEX.<\/p>\n\n\n\n<h5 class=\"wp-block-heading\"><a href=\"https:\/\/klinger.pt\/wp-content\/uploads\/2023\/05\/Goggle-Damper-datasheet-EN.pdf\" target=\"_blank\" rel=\"noopener\" title=\"FICHA T\u00c9CNICA DAMPER OCULAR (EN)\">FICHA T\u00c9CNICA DAMPER OCULAR (EN)<\/a><\/h5>\n<\/div>\n<\/div>\n<\/div><\/div>\n","protected":false},"excerpt":{"rendered":"<p>DAMPER Damper de constru\u00e7\u00e3o leve para desvio, isolamento ou regula\u00e7\u00e3o de caudal de g\u00e1s\/ar a baixa press\u00e3o e alta temperatura. Grande variedade de modelos: damper de borboleta , damper de veneziana , damper ocular, damper de guilhotina , damper de obturador bipartido , etc. Com v\u00e1rios materiais de constru\u00e7\u00e3o e para diversas aplica\u00e7\u00f5es, tais como [&hellip;]<\/p>\n","protected":false},"author":1,"featured_media":16265,"parent":22559,"menu_order":0,"comment_status":"closed","ping_status":"closed","template":"page-templates\/servicios.php","meta":{"_eb_attr":"","footnotes":""},"class_list":["post-24522","page","type-page","status-publish","has-post-thumbnail","hentry"],"aioseo_notices":[],"_links":{"self":[{"href":"https:\/\/klinger.pt\/es\/wp-json\/wp\/v2\/pages\/24522","targetHints":{"allow":["GET"]}}],"collection":[{"href":"https:\/\/klinger.pt\/es\/wp-json\/wp\/v2\/pages"}],"about":[{"href":"https:\/\/klinger.pt\/es\/wp-json\/wp\/v2\/types\/page"}],"author":[{"embeddable":true,"href":"https:\/\/klinger.pt\/es\/wp-json\/wp\/v2\/users\/1"}],"replies":[{"embeddable":true,"href":"https:\/\/klinger.pt\/es\/wp-json\/wp\/v2\/comments?post=24522"}],"version-history":[{"count":15,"href":"https:\/\/klinger.pt\/es\/wp-json\/wp\/v2\/pages\/24522\/revisions"}],"predecessor-version":[{"id":42306,"href":"https:\/\/klinger.pt\/es\/wp-json\/wp\/v2\/pages\/24522\/revisions\/42306"}],"up":[{"embeddable":true,"href":"https:\/\/klinger.pt\/es\/wp-json\/wp\/v2\/pages\/22559"}],"wp:featuredmedia":[{"embeddable":true,"href":"https:\/\/klinger.pt\/es\/wp-json\/wp\/v2\/media\/16265"}],"wp:attachment":[{"href":"https:\/\/klinger.pt\/es\/wp-json\/wp\/v2\/media?parent=24522"}],"curies":[{"name":"wp","href":"https:\/\/api.w.org\/{rel}","templated":true}]}}