{"id":24510,"date":"2022-08-22T11:36:45","date_gmt":"2022-08-22T10:36:45","guid":{"rendered":"https:\/\/m5j0n6nk9p.onrocket.site\/?page_id=24510"},"modified":"2023-04-27T16:42:34","modified_gmt":"2023-04-27T15:42:34","slug":"valvulas-de-macho-conico","status":"publish","type":"page","link":"https:\/\/klinger.pt\/es\/produtos\/valvulas\/valvulas-de-macho-conico\/","title":{"rendered":"V\u00c1LVULA MACHO C\u00d3NICO"},"content":{"rendered":"\n<div class=\"wp-block-columns is-layout-flex wp-container-core-columns-is-layout-9d6595d7 wp-block-columns-is-layout-flex\">\n<div class=\"wp-block-column is-layout-flow wp-block-column-is-layout-flow\" style=\"flex-basis:400px\">\n<figure class=\"wp-block-image size-full is-resized\"><img fetchpriority=\"high\" decoding=\"async\" src=\"https:\/\/klinger.pt\/wp-content\/uploads\/2023\/02\/Valvulas-Revestidas-Macho-Conico-KPD-PVF.webp\" alt=\"V\u00c1LVULA MACHO C\u00d3NICO\" class=\"wp-image-37171\" width=\"437\" height=\"301\" srcset=\"https:\/\/klinger.pt\/wp-content\/uploads\/2023\/02\/Valvulas-Revestidas-Macho-Conico-KPD-PVF.webp 700w, https:\/\/klinger.pt\/wp-content\/uploads\/2023\/02\/Valvulas-Revestidas-Macho-Conico-KPD-PVF-300x207.webp 300w\" sizes=\"(max-width: 437px) 100vw, 437px\" \/><\/figure>\n<\/div>\n\n\n\n<div class=\"wp-block-column is-layout-flow wp-block-column-is-layout-flow\" style=\"flex-basis:700px\">\n<h1 class=\"wp-block-heading\">V\u00c1LVULA MACHO C\u00d3NICO KPD PVF<\/h1>\n\n\n\n<p class=\"intro-text\">A V\u00e1lvula Macho C\u00f3nico KPD PVF autolubrificante e isenta de manuten\u00e7\u00e3o \u00e9 perfeita para as ind\u00fastrias qu\u00edmica, de refina\u00e7\u00e3o e de dessaliniza\u00e7\u00e3o, entre outras.<\/p>\n\n\n\n<p>Uma v\u00e1lvula macho c\u00f3nico com manga \u00e9 uma v\u00e1lvula n\u00e3o lubrificada que obt\u00e9m a veda\u00e7\u00e3o atrav\u00e9s da utiliza\u00e7\u00e3o de uma manga compress\u00edvel como membro de veda\u00e7\u00e3o. A manga de PTFE inerte envolve completamente o obturador e proporciona uma grande superf\u00edcie de veda\u00e7\u00e3o circunferencial de orif\u00edcio a orif\u00edcio. N\u00e3o existe qualquer superf\u00edcie de contacto, pelo que o fluido n\u00e3o pode causar danos. O PTFE tem um efeito auto-lubrificante e, por isso, n\u00e3o necessita de manuten\u00e7\u00e3o. As v\u00e1lvulas macho c\u00f3nico com manga s\u00e3o utilizadas para o servi\u00e7o on\/off e de estrangulamento em aplica\u00e7\u00f5es de processo exigentes.<\/p>\n\n\n\n<h2 class=\"wp-block-heading\">Caracter\u00edsticas:<\/h2>\n\n\n\n<ul class=\"wp-block-list\">\n<li>Veda\u00e7\u00e3o bidireccional estanque a bolhas, independentemente da press\u00e3o da linha<\/li>\n\n\n\n<li>Autolubrifica\u00e7\u00e3o com pouca ou nenhuma manuten\u00e7\u00e3o<\/li>\n\n\n\n<li>Manga em PTFE retida por um l\u00e1bio met\u00e1lico especial 3600 \u00e0 volta dos orif\u00edcios<\/li>\n\n\n\n<li>Sem cavidade para reter o fluido<\/li>\n\n\n\n<li>Vedante em linha ajust\u00e1vel independentemente do vedante do veio, mesmo quando montado com actuador<\/li>\n\n\n\n<li>Adequado para utiliza\u00e7\u00e3o nas ind\u00fastrias petroqu\u00edmica, qu\u00edmica e mineira<\/li>\n\n\n\n<li>Funcionamento manual de s\u00e9rie, com suporte ISO 5211 para montagem do actuador<\/li>\n\n\n\n<li>Dispon\u00edvel em liga\u00e7\u00f5es flangeadas, de soldadura topo a topo e de soldadura de encaixe<\/li>\n\n\n\n<li>Gama de tamanhos de DN 15~DN600<\/li>\n<\/ul>\n\n\n\n<h2 class=\"wp-block-heading\">Padr\u00f5es:<\/h2>\n\n\n\n<ul class=\"wp-block-list\">\n<li>Concep\u00e7\u00e3o b\u00e1sica e fabrico segundo API 599<\/li>\n\n\n\n<li>Face a face de acordo com a norma EN 558<\/li>\n\n\n\n<li>Dimens\u00e3o da extremidade da flange segundo EN 1092-1<\/li>\n\n\n\n<li>Ensaio de press\u00e3o segundo a norma EN 12266-1<\/li>\n\n\n\n<li>Conformidade com a Directiva 2014\/68\/UE<\/li>\n<\/ul>\n\n\n\n<h2 class=\"wp-block-heading\">Tamb\u00e9m dispon\u00edvel:<\/h2>\n\n\n\n<ul class=\"wp-block-list\">\n<li>V\u00e1lvula de macho lubrificada invertida<\/li>\n\n\n\n<li>V\u00e1lvula de macho com manga revestida<\/li>\n<\/ul>\n\n\n\n<h2 class=\"wp-block-heading\">Temperatura:<\/h2>\n\n\n\n<ul class=\"wp-block-list\">\n<li>-10\u00b0C at\u00e9 180\u00b0C (-14\u00b0F at\u00e9 350\u00b0F)<\/li>\n<\/ul>\n\n\n\n<h2 class=\"wp-block-heading\">DIN:<\/h2>\n\n\n\n<p class=\"has-text-color\" style=\"color:#0068b4;font-style:normal;font-weight:500\">DIN 16, \u00bd\u00bb &#8211; 4&#8243; (DN15 ~ DN100)<br>DIN 16, 5&#8243; &#8211; 16&#8243; (DN125 ~ DN400)<br>DIN 16, 18&#8243; (DN450)<br>DIN 16, 20&#8243; &#8211; 124&#8243; (DN500 ~ DN600)<br>DIN 40, \u00bd\u00bb &#8211; 4&#8243; (DN15 ~ DN100)<br>DIN 40, 5&#8243; &#8211; 16&#8243; (DN125 ~ DN400)<br>DIN 40, 18&#8243; (DN450)<br>DIN 40, 20&#8243; &#8211; 124&#8243; (DN500 ~ DN600)<\/p>\n<\/div>\n<\/div>\n\n\n\n<h5 class=\"wp-block-heading\"><a href=\"https:\/\/klinger.pt\/wp-content\/uploads\/2023\/04\/KPD-PVF_compressed_compressed-1.pdf\" target=\"_blank\" rel=\"noopener\" title=\"DATA SHEET (EN)\">FICHA T\u00c9CNICA V\u00c1LVULA MACHO C\u00d3NICO KPD-PVF (EN)<\/a><\/h5>\n","protected":false},"excerpt":{"rendered":"<p>V\u00c1LVULA MACHO C\u00d3NICO KPD PVF A V\u00e1lvula Macho C\u00f3nico KPD PVF autolubrificante e isenta de manuten\u00e7\u00e3o \u00e9 perfeita para as ind\u00fastrias qu\u00edmica, de refina\u00e7\u00e3o e de dessaliniza\u00e7\u00e3o, entre outras. Uma v\u00e1lvula macho c\u00f3nico com manga \u00e9 uma v\u00e1lvula n\u00e3o lubrificada que obt\u00e9m a veda\u00e7\u00e3o atrav\u00e9s da utiliza\u00e7\u00e3o de uma manga compress\u00edvel como membro de veda\u00e7\u00e3o. [&hellip;]<\/p>\n","protected":false},"author":1,"featured_media":41788,"parent":22559,"menu_order":0,"comment_status":"closed","ping_status":"closed","template":"page-templates\/servicios.php","meta":{"_eb_attr":"","footnotes":""},"class_list":["post-24510","page","type-page","status-publish","has-post-thumbnail","hentry"],"aioseo_notices":[],"_links":{"self":[{"href":"https:\/\/klinger.pt\/es\/wp-json\/wp\/v2\/pages\/24510","targetHints":{"allow":["GET"]}}],"collection":[{"href":"https:\/\/klinger.pt\/es\/wp-json\/wp\/v2\/pages"}],"about":[{"href":"https:\/\/klinger.pt\/es\/wp-json\/wp\/v2\/types\/page"}],"author":[{"embeddable":true,"href":"https:\/\/klinger.pt\/es\/wp-json\/wp\/v2\/users\/1"}],"replies":[{"embeddable":true,"href":"https:\/\/klinger.pt\/es\/wp-json\/wp\/v2\/comments?post=24510"}],"version-history":[{"count":5,"href":"https:\/\/klinger.pt\/es\/wp-json\/wp\/v2\/pages\/24510\/revisions"}],"predecessor-version":[{"id":41787,"href":"https:\/\/klinger.pt\/es\/wp-json\/wp\/v2\/pages\/24510\/revisions\/41787"}],"up":[{"embeddable":true,"href":"https:\/\/klinger.pt\/es\/wp-json\/wp\/v2\/pages\/22559"}],"wp:featuredmedia":[{"embeddable":true,"href":"https:\/\/klinger.pt\/es\/wp-json\/wp\/v2\/media\/41788"}],"wp:attachment":[{"href":"https:\/\/klinger.pt\/es\/wp-json\/wp\/v2\/media?parent=24510"}],"curies":[{"name":"wp","href":"https:\/\/api.w.org\/{rel}","templated":true}]}}