{"id":24489,"date":"2022-08-22T11:24:00","date_gmt":"2022-08-22T10:24:00","guid":{"rendered":"https:\/\/m5j0n6nk9p.onrocket.site\/?page_id=24489"},"modified":"2023-05-09T16:38:31","modified_gmt":"2023-05-09T15:38:31","slug":"valvulas-de-seguranca","status":"publish","type":"page","link":"https:\/\/klinger.pt\/es\/produtos\/valvulas\/valvulas-de-seguranca\/","title":{"rendered":"V\u00c1LVULAS DE SEGURAN\u00c7A"},"content":{"rendered":"\n<h1 class=\"wp-block-heading\">V\u00c1LVULAS DE SEGURAN\u00c7A<\/h1>\n\n\n\n<p>V\u00e1lvulas de seguran\u00e7a s\u00e3o dispositivos de prote\u00e7\u00e3o projetados para controlar a press\u00e3o em um sistema e evitar que ela exceda um valor m\u00e1ximo de opera\u00e7\u00e3o. Elas s\u00e3o usadas em uma variedade de aplica\u00e7\u00f5es, incluindo em sistemas de vapor, ar comprimido, g\u00e1s e l\u00edquidos.<\/p>\n\n\n\n<p>Essas v\u00e1lvulas funcionam abrindo automaticamente para permitir que o excesso de press\u00e3o seja liberado do sistema, evitando que os equipamentos ou tubula\u00e7\u00f5es sejam danificados e reduzindo o risco de acidentes. Quando a press\u00e3o dentro do sistema atinge um n\u00edvel pr\u00e9-determinado, a v\u00e1lvula de seguran\u00e7a se abre, permitindo que o excesso de press\u00e3o seja liberado at\u00e9 que a press\u00e3o volte a um n\u00edvel seguro.<\/p>\n\n\n\n<div class=\"wp-block-columns is-layout-flex wp-container-core-columns-is-layout-9d6595d7 wp-block-columns-is-layout-flex\">\n<div class=\"wp-block-column is-layout-flow wp-block-column-is-layout-flow\" style=\"flex-basis:400px\"><div class=\"wp-block-image\">\n<figure class=\"aligncenter size-full is-resized\"><img fetchpriority=\"high\" decoding=\"async\" src=\"https:\/\/klinger.pt\/wp-content\/uploads\/2022\/08\/safety-valve-1.png\" alt=\"V\u00c1LVULAS DE SEGURAN\u00c7A LIGA\u00c7\u00d5ES FLANGEADAS\" class=\"wp-image-25929\" width=\"241\" height=\"299\" srcset=\"https:\/\/klinger.pt\/wp-content\/uploads\/2022\/08\/safety-valve-1.png 389w, https:\/\/klinger.pt\/wp-content\/uploads\/2022\/08\/safety-valve-1-241x300.png 241w\" sizes=\"(max-width: 241px) 100vw, 241px\" \/><\/figure>\n<\/div>\n\n<div class=\"wp-block-image\">\n<figure class=\"aligncenter size-full is-resized\"><img decoding=\"async\" src=\"https:\/\/klinger.pt\/wp-content\/uploads\/2022\/09\/quadro-19.png\" alt=\"V\u00c1LVULAS DE SEGURAN\u00c7A LIGA\u00c7\u00d5ES FLANGEADAS\" class=\"wp-image-29491\" width=\"403\" height=\"327\" srcset=\"https:\/\/klinger.pt\/wp-content\/uploads\/2022\/09\/quadro-19.png 1000w, https:\/\/klinger.pt\/wp-content\/uploads\/2022\/09\/quadro-19-300x244.png 300w, https:\/\/klinger.pt\/wp-content\/uploads\/2022\/09\/quadro-19-768x624.png 768w\" sizes=\"(max-width: 403px) 100vw, 403px\" \/><\/figure>\n<\/div><\/div>\n\n\n\n<div class=\"wp-block-column is-layout-flow wp-block-column-is-layout-flow\" style=\"flex-basis:700px\">\n<h2 class=\"wp-block-heading\">TIPO S &#8211;  LIGA\u00c7\u00d5ES FLANGEADAS<\/h2>\n\n\n\n<ul class=\"wp-block-list\">\n<li>Aplica\u00e7\u00e3o: Principalmente vapor e gases n\u00e3o agressivos<\/li>\n\n\n\n<li>Tipo de alta capacidade de vida com grande capacidade<\/li>\n\n\n\n<li>Conce\u00e7\u00e3o\/dimens\u00e3o EN12516-1, EN4126-1\/7<\/li>\n\n\n\n<li>Inspe\u00e7\u00e3o: EN4126-1\/7, API 527, MSS SP-55<\/li>\n\n\n\n<li>Toler\u00e2ncias: EN4126-1 e ASME UG-126<\/li>\n<\/ul>\n\n\n\n<h3 class=\"wp-block-heading\">DADOS GERAIS<\/h3>\n\n\n\n<ul class=\"wp-block-list\">\n<li>Material: A\u00e7o A106GrB (DN15-50) 1.0619 (DN65-300)<\/li>\n\n\n\n<li>Classe de press\u00e3o: PN 40<\/li>\n\n\n\n<li>Caixa de mola: A\u00e7o A106GrB (DN15-50) 1.0619 (DN65-300)<\/li>\n\n\n\n<li>Sede: CS + 308L SS<\/li>\n\n\n\n<li>Haste: A\u00e7o inox AISI420<\/li>\n\n\n\n<li>Primavera: A\u00e7o (120\u00b0C); Cr\u00f3mio-van\u00e1dio (219\u00b0C); AISI302 (260\u00baC); Inconel X750 (500\u00b0C)<\/li>\n\n\n\n<li>Tampa: A\u00e7o inox A351 CF8<\/li>\n\n\n\n<li>Dispositivo de eleva\u00e7\u00e3o: A\u00e7o inox A351 CF8<\/li>\n\n\n\n<li>Liga\u00e7\u00e3o: Entrada: Flanges EN1092 PN40 ; Sa\u00edda: Flanges EN1092 PN16<\/li>\n\n\n\n<li>Temperatura: Temperatura m\u00e1xima 350\u00baC<\/li>\n\n\n\n<li>Ao fazer a encomenda: Informar: Meios, press\u00e3o de regula\u00e7\u00e3o, temperatura e capacidade desejada<\/li>\n\n\n\n<li>Op\u00e7\u00f5es: PN 16 ou PN 63; ANSI 150, 300, 600 ou 900lbs (tipo 1415); vers\u00f5es BW; Vers\u00f5es em a\u00e7o inoxid\u00e1vel AISI 316L; assento Stellite, guarni\u00e7\u00e3o Hastelloy, fole, seda softsealing; inv\u00f3lucro \u00e0 prova de g\u00e1s ou sem dispositivo de eleva\u00e7\u00e3o; sensor indutivo, camisa de aquecimento, morda\u00e7a de teste, anel de bocal de sopro<\/li>\n<\/ul>\n<\/div>\n<\/div>\n\n\n\n<div class=\"wp-block-columns is-layout-flex wp-container-core-columns-is-layout-9d6595d7 wp-block-columns-is-layout-flex\">\n<div class=\"wp-block-column is-layout-flow wp-block-column-is-layout-flow\" style=\"flex-basis:400px\"><div class=\"wp-block-image\">\n<figure class=\"aligncenter size-full is-resized\"><img decoding=\"async\" src=\"https:\/\/klinger.pt\/wp-content\/uploads\/2022\/08\/531716_2_20200516104231661.png\" alt=\"V\u00c1LVULAS DE SEGURAN\u00c7A LIGA\u00c7\u00d5ES ROSCADAS\" class=\"wp-image-25923\" width=\"215\" height=\"279\"\/><\/figure>\n<\/div>\n\n<div class=\"wp-block-image\">\n<figure class=\"aligncenter size-full is-resized\"><img loading=\"lazy\" decoding=\"async\" src=\"https:\/\/klinger.pt\/wp-content\/uploads\/2022\/09\/quadro-2-3.png\" alt=\"V\u00c1LVULAS DE SEGURAN\u00c7A LIGA\u00c7\u00d5ES ROSCADAS\" class=\"wp-image-29498\" width=\"404\" height=\"328\" srcset=\"https:\/\/klinger.pt\/wp-content\/uploads\/2022\/09\/quadro-2-3.png 1000w, https:\/\/klinger.pt\/wp-content\/uploads\/2022\/09\/quadro-2-3-300x244.png 300w, https:\/\/klinger.pt\/wp-content\/uploads\/2022\/09\/quadro-2-3-768x624.png 768w\" sizes=\"(max-width: 404px) 100vw, 404px\" \/><\/figure>\n<\/div><\/div>\n\n\n\n<div class=\"wp-block-column is-layout-flow wp-block-column-is-layout-flow\" style=\"flex-basis:700px\">\n<h2 class=\"wp-block-heading\">TIPO SS &#8211; LIGA\u00c7\u00d5ES ROSCADAS<\/h2>\n\n\n\n<ul class=\"wp-block-list\">\n<li>Aplica\u00e7\u00e3o: Vapor, l\u00edquidos, ar e gases n\u00e3o agressivos<\/li>\n\n\n\n<li>Conce\u00e7\u00e3o EN12516-1\/7 ISO2852, DIN 259 e ANSI B2.1<\/li>\n\n\n\n<li>Teste de c\u00e1lculo EN4126-1\/7<\/li>\n<\/ul>\n\n\n\n<h3 class=\"wp-block-heading\">DADOS GERAIS<\/h3>\n\n\n\n<ul class=\"wp-block-list\">\n<li>Material: A\u00e7o inoxid\u00e1vel resistente a \u00e1cidos 316L (CF-3M)<\/li>\n\n\n\n<li>Classe de press\u00e3o: PN 10<\/li>\n\n\n\n<li>Press\u00e3o de regula\u00e7\u00e3o: Min. 0,2 bar<\/li>\n\n\n\n<li>Tampa: A\u00e7o inoxid\u00e1vel resistente a \u00e1cidos 316<\/li>\n\n\n\n<li>Selagem do assento: PTFE<\/li>\n\n\n\n<li>Cone: 316L<\/li>\n\n\n\n<li>Liga\u00e7\u00e3o: Entrada: BSP rosca f\u00eamea<\/li>\n\n\n\n<li>Temperatura: -10\u00b0C a 350\u00b0C (limitada pela embalagem TriClamp utilizada)<\/li>\n\n\n\n<li>Ao fazer a encomenda: Informar: Meios, press\u00e3o de regula\u00e7\u00e3o, temperatura e capacidade desejada<\/li>\n\n\n\n<li>Op\u00e7\u00f5es: Veda\u00e7\u00e3o do assento met\u00e1lico &#8211; Viton; Conex\u00e3o de rosca NPT; Com dispositivo de eleva\u00e7\u00e3o manual<\/li>\n<\/ul>\n<\/div>\n<\/div>\n","protected":false},"excerpt":{"rendered":"<p>V\u00c1LVULAS DE SEGURAN\u00c7A V\u00e1lvulas de seguran\u00e7a s\u00e3o dispositivos de prote\u00e7\u00e3o projetados para controlar a press\u00e3o em um sistema e evitar que ela exceda um valor m\u00e1ximo de opera\u00e7\u00e3o. Elas s\u00e3o usadas em uma variedade de aplica\u00e7\u00f5es, incluindo em sistemas de vapor, ar comprimido, g\u00e1s e l\u00edquidos. Essas v\u00e1lvulas funcionam abrindo automaticamente para permitir que o [&hellip;]<\/p>\n","protected":false},"author":1,"featured_media":16265,"parent":22559,"menu_order":0,"comment_status":"closed","ping_status":"closed","template":"page-templates\/servicios.php","meta":{"_eb_attr":"","footnotes":""},"class_list":["post-24489","page","type-page","status-publish","has-post-thumbnail","hentry"],"aioseo_notices":[],"_links":{"self":[{"href":"https:\/\/klinger.pt\/es\/wp-json\/wp\/v2\/pages\/24489","targetHints":{"allow":["GET"]}}],"collection":[{"href":"https:\/\/klinger.pt\/es\/wp-json\/wp\/v2\/pages"}],"about":[{"href":"https:\/\/klinger.pt\/es\/wp-json\/wp\/v2\/types\/page"}],"author":[{"embeddable":true,"href":"https:\/\/klinger.pt\/es\/wp-json\/wp\/v2\/users\/1"}],"replies":[{"embeddable":true,"href":"https:\/\/klinger.pt\/es\/wp-json\/wp\/v2\/comments?post=24489"}],"version-history":[{"count":5,"href":"https:\/\/klinger.pt\/es\/wp-json\/wp\/v2\/pages\/24489\/revisions"}],"predecessor-version":[{"id":42496,"href":"https:\/\/klinger.pt\/es\/wp-json\/wp\/v2\/pages\/24489\/revisions\/42496"}],"up":[{"embeddable":true,"href":"https:\/\/klinger.pt\/es\/wp-json\/wp\/v2\/pages\/22559"}],"wp:featuredmedia":[{"embeddable":true,"href":"https:\/\/klinger.pt\/es\/wp-json\/wp\/v2\/media\/16265"}],"wp:attachment":[{"href":"https:\/\/klinger.pt\/es\/wp-json\/wp\/v2\/media?parent=24489"}],"curies":[{"name":"wp","href":"https:\/\/api.w.org\/{rel}","templated":true}]}}