{"id":24332,"date":"2022-08-22T08:52:16","date_gmt":"2022-08-22T07:52:16","guid":{"rendered":"https:\/\/m5j0n6nk9p.onrocket.site\/?page_id=24332"},"modified":"2023-05-12T11:31:17","modified_gmt":"2023-05-12T10:31:17","slug":"pneumatico","status":"publish","type":"page","link":"https:\/\/klinger.pt\/es\/produtos\/valvulas\/valvulas-de-controlo-on-off\/atuadores\/pneumatico\/","title":{"rendered":"ATUADOR PNEUM\u00c1TICO"},"content":{"rendered":"\n<div class=\"wp-block-columns is-layout-flex wp-container-core-columns-is-layout-9d6595d7 wp-block-columns-is-layout-flex\">\n<div class=\"wp-block-column is-layout-flow wp-block-column-is-layout-flow\" style=\"flex-basis:300px\">\n<figure class=\"wp-block-image size-full\"><img fetchpriority=\"high\" decoding=\"async\" width=\"574\" height=\"435\" src=\"https:\/\/klinger.pt\/wp-content\/uploads\/2022\/08\/Actuator_PNEUMATIC.png\" alt=\"ATUADOR PNEUM\u00c1TICO\" class=\"wp-image-25718\" srcset=\"https:\/\/klinger.pt\/wp-content\/uploads\/2022\/08\/Actuator_PNEUMATIC.png 574w, https:\/\/klinger.pt\/wp-content\/uploads\/2022\/08\/Actuator_PNEUMATIC-300x227.png 300w\" sizes=\"(max-width: 574px) 100vw, 574px\" \/><\/figure>\n\n\n\n<figure class=\"wp-block-gallery has-nested-images columns-default is-cropped wp-block-gallery-1 is-layout-flex wp-block-gallery-is-layout-flex\">\n<figure class=\"wp-block-image size-full\"><img decoding=\"async\" width=\"572\" height=\"295\" data-id=\"25738\" src=\"https:\/\/klinger.pt\/wp-content\/uploads\/2022\/08\/Quadro-1-0-1-2.png\" alt=\"ATUADOR PNEUM\u00c1TICO\" class=\"wp-image-25738\" srcset=\"https:\/\/klinger.pt\/wp-content\/uploads\/2022\/08\/Quadro-1-0-1-2.png 572w, https:\/\/klinger.pt\/wp-content\/uploads\/2022\/08\/Quadro-1-0-1-2-300x155.png 300w\" sizes=\"(max-width: 572px) 100vw, 572px\" \/><\/figure>\n<\/figure>\n<\/div>\n\n\n\n<div class=\"wp-block-column is-layout-flow wp-block-column-is-layout-flow\" style=\"flex-basis:700px\">\n<h1 class=\"wp-block-heading\">ATUADOR PNEUM\u00c1TICO<\/h1>\n\n\n\n<p>Um atuador pneum\u00e1tico converte energia em movimento mec\u00e2nico, utilizando ar comprimido.<br>O ar do instrumento aumenta a press\u00e3o que se aplica contra o diafragma ou o pist\u00e3o.<br>Isto move o atuador da v\u00e1lvula para a posi\u00e7\u00e3o na haste da v\u00e1lvula e o resultado \u00e9 o movimento mec\u00e2nico.<\/p>\n\n\n\n<h2 class=\"wp-block-heading\">Desenho compacto<\/h2>\n\n\n\n<ul class=\"wp-block-list\">\n<li>O atuador pneum\u00e1tico de cremalheira e pinh\u00e3o da KLINGER produz um bin\u00e1rio de sa\u00edda linear num design compacto utilizando o mesmo corpo e tampas finais para unidades de duplo efeito e de mola de retorno.<\/li>\n<\/ul>\n\n\n\n<h2 class=\"wp-block-heading\">Montagem Namur<\/h2>\n\n\n\n<ul class=\"wp-block-list\">\n<li>Namur VDI\/VDE 3845 e dimens\u00f5es ISO 5211 em todos os tamanhos. N\u00e3o s\u00e3o necess\u00e1rios blocos especiais para montar v\u00e1lvulas solenoides, interruptores de fim de curso ou posicionadores.<\/li>\n<\/ul>\n\n\n\n<h2 class=\"wp-block-heading\">Grau de viagem<\/h2>\n\n\n\n<ul class=\"wp-block-list\">\n<li>O \u00e2ngulo de rota\u00e7\u00e3o padr\u00e3o \u00e9 de 90\u00b0. Est\u00e3o dispon\u00edveis rota\u00e7\u00f5es adicionais de viagem at\u00e9 180\u00b0. Dois ajustes de paragem de curso externos independentes permitem um ajuste f\u00e1cil e preciso de \u00b1 5\u00b0 em ambos os sentidos. Este ajuste pode ser feito tanto na posi\u00e7\u00e3o aberta como fechada e prev\u00ea alinhamento preciso das v\u00e1lvulas.<\/li>\n<\/ul>\n\n\n\n<h2 class=\"wp-block-heading\">Indicador de posi\u00e7\u00e3o de alta visibilidade<\/h2>\n\n\n\n<ul class=\"wp-block-list\">\n<li> Indicador externo de abrir\/fechar como padr\u00e3o, dispon\u00edvel para todas as rota\u00e7\u00f5es.<\/li>\n<\/ul>\n\n\n\n<h2 class=\"wp-block-heading\">Mola de longa vida \u00faltil<\/h2>\n\n\n\n<ul class=\"wp-block-list\">\n<li>As molas de a\u00e7o especial revestidas a ep\u00f3xido s\u00e3o pr\u00e9-carregadas com materiais n\u00e3o met\u00e1licos. Os fechos das extremidades de a\u00e7o inoxid\u00e1vel s\u00e3o extra longos para permitir relaxamento da mola. Todas as pe\u00e7as s\u00e3o resistentes \u00e0 corros\u00e3o.<\/li>\n<\/ul>\n\n\n\n<h2 class=\"wp-block-heading\">Meios de opera\u00e7\u00e3o alternativos<\/h2>\n\n\n\n<ul class=\"wp-block-list\">\n<li>Opera\u00e7\u00e3o de press\u00e3o de ar de 2,5 a 10 Bar (36 a 150 PSI). \u00c1gua, azoto e fluidos hidr\u00e1ulicos compat\u00edveis tamb\u00e9m podem ser utilizados para alimentar o atuador.<\/li>\n<\/ul>\n\n\n\n<h2 class=\"wp-block-heading\">Fixadores de a\u00e7o inoxid\u00e1vel<\/h2>\n\n\n\n<ul class=\"wp-block-list\">\n<li>Todos os elementos de fixa\u00e7\u00e3o externos s\u00e3o de a\u00e7o inoxid\u00e1vel resistente \u00e0 corros\u00e3o.<\/li>\n<\/ul>\n\n\n\n<h2 class=\"wp-block-heading\">Vida do ciclo alto<\/h2>\n\n\n\n<ul class=\"wp-block-list\">\n<li>O corpo de alum\u00ednio estru\u00eddo \u00e9 maquinado internamente e aperfei\u00e7oado de acordo com especifica\u00e7\u00f5es exatas. O polimento evita a forma\u00e7\u00e3o de manchas secas dentro do furo do atuador e, portanto, elimina a falha prematura da veda\u00e7\u00e3o &#8211; um aspeto cr\u00edtico para uma longa vida \u00fatil do ciclo. Todas as superf\u00edcies externas s\u00e3o anodizadas duramente para corros\u00e3o. resist\u00eancia, com todas as unidades permanentemente lubrificadas na f\u00e1brica.<\/li>\n<\/ul>\n\n\n\n<h2 class=\"wp-block-heading\">Garantia de qualidade<\/h2>\n\n\n\n<ul class=\"wp-block-list\">\n<li>100% de todas as unidades s\u00e3o testadas \u00e0 press\u00e3o de f\u00e1brica e vazamentos, e embaladas individualmente para expedi\u00e7\u00e3o.<\/li>\n<\/ul>\n<\/div>\n<\/div>\n\n\n\n<h5 class=\"wp-block-heading\"><a href=\"https:\/\/klinger.pt\/wp-content\/uploads\/2023\/03\/Actuator_KRP_Data-Sheet_compressed.pdf\" target=\"_blank\" rel=\"noopener\" title=\"FICHA T\u00c9CNICA (EN)\">FICHA T\u00c9CNICA (EN)<\/a><\/h5>\n","protected":false},"excerpt":{"rendered":"<p>ATUADOR PNEUM\u00c1TICO Um atuador pneum\u00e1tico converte energia em movimento mec\u00e2nico, utilizando ar comprimido.O ar do instrumento aumenta a press\u00e3o que se aplica contra o diafragma ou o pist\u00e3o.Isto move o atuador da v\u00e1lvula para a posi\u00e7\u00e3o na haste da v\u00e1lvula e o resultado \u00e9 o movimento mec\u00e2nico. Desenho compacto Montagem Namur Grau de viagem Indicador [&hellip;]<\/p>\n","protected":false},"author":1,"featured_media":42528,"parent":24260,"menu_order":0,"comment_status":"closed","ping_status":"closed","template":"page-templates\/servicios.php","meta":{"_eb_attr":"","footnotes":""},"class_list":["post-24332","page","type-page","status-publish","has-post-thumbnail","hentry"],"aioseo_notices":[],"_links":{"self":[{"href":"https:\/\/klinger.pt\/es\/wp-json\/wp\/v2\/pages\/24332","targetHints":{"allow":["GET"]}}],"collection":[{"href":"https:\/\/klinger.pt\/es\/wp-json\/wp\/v2\/pages"}],"about":[{"href":"https:\/\/klinger.pt\/es\/wp-json\/wp\/v2\/types\/page"}],"author":[{"embeddable":true,"href":"https:\/\/klinger.pt\/es\/wp-json\/wp\/v2\/users\/1"}],"replies":[{"embeddable":true,"href":"https:\/\/klinger.pt\/es\/wp-json\/wp\/v2\/comments?post=24332"}],"version-history":[{"count":6,"href":"https:\/\/klinger.pt\/es\/wp-json\/wp\/v2\/pages\/24332\/revisions"}],"predecessor-version":[{"id":42489,"href":"https:\/\/klinger.pt\/es\/wp-json\/wp\/v2\/pages\/24332\/revisions\/42489"}],"up":[{"embeddable":true,"href":"https:\/\/klinger.pt\/es\/wp-json\/wp\/v2\/pages\/24260"}],"wp:featuredmedia":[{"embeddable":true,"href":"https:\/\/klinger.pt\/es\/wp-json\/wp\/v2\/media\/42528"}],"wp:attachment":[{"href":"https:\/\/klinger.pt\/es\/wp-json\/wp\/v2\/media?parent=24332"}],"curies":[{"name":"wp","href":"https:\/\/api.w.org\/{rel}","templated":true}]}}