{"id":24327,"date":"2022-08-22T08:51:27","date_gmt":"2022-08-22T07:51:27","guid":{"rendered":"https:\/\/m5j0n6nk9p.onrocket.site\/?page_id=24327"},"modified":"2023-05-05T10:22:33","modified_gmt":"2023-05-05T09:22:33","slug":"eletrico","status":"publish","type":"page","link":"https:\/\/klinger.pt\/es\/produtos\/valvulas\/valvulas-de-controlo-on-off\/atuadores\/eletrico\/","title":{"rendered":"ATUADORES EL\u00c9TRICOS"},"content":{"rendered":"\n<h1 class=\"wp-block-heading\">ATUADORES EL\u00c9TRICOS<\/h1>\n\n\n\n<p><br>Os atuadores el\u00e9tricos s\u00e3o frequentemente utilizados para controlar a abertura e o fechamento de v\u00e1lvulas em sistemas industriais. Eles servem para automatizar a opera\u00e7\u00e3o das v\u00e1lvulas, permitindo um controle mais preciso e eficiente do fluxo de l\u00edquidos, gases ou vapores em um sistema.<br>Os atuadores el\u00e9tricos podem ser usados em uma ampla variedade de aplica\u00e7\u00f5es industriais, como sistemas de tratamento de \u00e1gua, sistemas de aquecimento, ventila\u00e7\u00e3o e ar-condicionado, ind\u00fastrias qu\u00edmicas e petroqu\u00edmicas, entre outros.<br>Os atuadores el\u00e9tricos oferecem v\u00e1rias vantagens em rela\u00e7\u00e3o aos atuadores mec\u00e2nicos convencionais, como a capacidade de controlar a abertura da v\u00e1lvula com precis\u00e3o, possibilitando um fluxo mais consistente e uniforme de l\u00edquidos e gases. Al\u00e9m disso, eles podem ser facilmente integrados a sistemas de automa\u00e7\u00e3o e controle, permitindo uma opera\u00e7\u00e3o mais eficiente e confi\u00e1vel do sistema como um todo.<\/p>\n\n\n\n<div style=\"height:30px\" aria-hidden=\"true\" class=\"wp-block-spacer\"><\/div>\n\n\n\n<div class=\"wp-block-columns is-layout-flex wp-container-core-columns-is-layout-9d6595d7 wp-block-columns-is-layout-flex\">\n<div class=\"wp-block-column is-layout-flow wp-block-column-is-layout-flow\" style=\"flex-basis:300px\"><div class=\"wp-block-image\">\n<figure class=\"aligncenter size-full\"><img fetchpriority=\"high\" decoding=\"async\" width=\"600\" height=\"483\" src=\"https:\/\/klinger.pt\/wp-content\/uploads\/2023\/05\/Atuador-Eletrico-SA-pag.webp\" alt=\"ATUADORES EL\u00c9TRICOS\" class=\"wp-image-42105\" srcset=\"https:\/\/klinger.pt\/wp-content\/uploads\/2023\/05\/Atuador-Eletrico-SA-pag.webp 600w, https:\/\/klinger.pt\/wp-content\/uploads\/2023\/05\/Atuador-Eletrico-SA-pag-300x242.webp 300w\" sizes=\"(max-width: 600px) 100vw, 600px\" \/><\/figure>\n<\/div>\n\n\n<div style=\"height:40px\" aria-hidden=\"true\" class=\"wp-block-spacer\"><\/div>\n\n\n\n<p class=\"has-text-color has-small-font-size\" style=\"color:#0068b4\">Controladores dispon\u00edveis:<\/p>\n\n\n\n<figure class=\"wp-block-image size-full\"><img decoding=\"async\" width=\"700\" height=\"250\" src=\"https:\/\/klinger.pt\/wp-content\/uploads\/2023\/05\/Controlo.webp\" alt=\"\" class=\"wp-image-42135\" srcset=\"https:\/\/klinger.pt\/wp-content\/uploads\/2023\/05\/Controlo.webp 700w, https:\/\/klinger.pt\/wp-content\/uploads\/2023\/05\/Controlo-300x107.webp 300w\" sizes=\"(max-width: 700px) 100vw, 700px\" \/><\/figure>\n<\/div>\n\n\n\n<div class=\"wp-block-column is-layout-flow wp-block-column-is-layout-flow\" style=\"flex-basis:700px\">\n<h2 class=\"wp-block-heading\">ATUADORES EL\u00c9TRICOS MULTIVOLTAS<\/h2>\n\n\n\n<p class=\"intro-text\">Modelos SA e SAR<\/p>\n\n\n\n<p>Os atuadores el\u00e9tricos tipo SA s\u00e3o indicados para servi\u00e7o de abertura-fecho e servi\u00e7o de posicionamento. Estes atuadores s\u00e3o aconselhados para as classes A e B ou tipos de servi\u00e7o S2 (15 min) &#8211; est\u00e1 dispon\u00edvel uma vers\u00e3o especial para um funcionamento mais longo para o servi\u00e7o S2 (30 min). Os atuadores el\u00e9tricos modulares SAR s\u00e3o indicados para a classe C ou tipos de servi\u00e7o S4 (25 %). Tamb\u00e9m est\u00e3o dispon\u00edveis vers\u00f5es especiais para S4 (50 %) e S5 (25 %). Os atuadores da gama SA\/SAR podem ser combinados com v\u00e1rios controlos, desde o simples controlo ABRIR-FECHAR at\u00e9 \u00e0 vers\u00e3o micro controlada com registo de dados de funcionamento ou interface de fieldbus.<\/p>\n\n\n\n<h3 class=\"wp-block-heading\">CARACTER\u00cdSTICAS MODELO SA:<\/h3>\n\n\n\n<ul class=\"wp-block-list\">\n<li>Gama de bin\u00e1rios de 10 Nm a 32.000 Nm<\/li>\n\n\n\n<li>Velocidades de sa\u00edda de 4 a 180 rpm<\/li>\n\n\n\n<li>Detec\u00e7\u00e3o de limite e bin\u00e1rio<\/li>\n\n\n\n<li>Dispon\u00edvel com motores CA trif\u00e1sicos, CA monof\u00e1sicos e CC<\/li>\n\n\n\n<li>Volante para opera\u00e7\u00e3o manual<\/li>\n<\/ul>\n\n\n\n<h3 class=\"wp-block-heading\">CARACTER\u00cdSTICAS MODELO SAR:<\/h3>\n\n\n\n<ul class=\"wp-block-list\">\n<li>Gama de bin\u00e1rios de 15 Nm a 4.000 Nm<\/li>\n\n\n\n<li>Gama de bin\u00e1rios modulantes de 15 Nm a 1.600 Nm<\/li>\n\n\n\n<li>N\u00famero m\u00e1ximo de arranques 1.200 c\/h<\/li>\n\n\n\n<li>Velocidades de sa\u00edda de 4 a 90 rpm<\/li>\n\n\n\n<li>Dete\u00e7\u00e3o de limite e bin\u00e1rio<\/li>\n\n\n\n<li>Dispon\u00edvel com motores CA trif\u00e1sicos, CA monof\u00e1sicos<\/li>\n\n\n\n<li>Volante para opera\u00e7\u00e3o manual<\/li>\n<\/ul>\n\n\n\n<h3 class=\"wp-block-heading\">CONDI\u00c7\u00d5ES AMBIENTAIS:<\/h3>\n\n\n\n<ul class=\"wp-block-list\">\n<li>Elevada prote\u00e7\u00e3o do inv\u00f3lucro<\/li>\n\n\n\n<li>Prote\u00e7\u00e3o anticorrosiva de alta qualidade<\/li>\n\n\n\n<li>Amplas gamas de temperatura ambiente<\/li>\n<\/ul>\n\n\n\n<h3 class=\"wp-block-heading\">OP\u00c7\u00d5ES:<\/h3>\n\n\n\n<ul class=\"wp-block-list\">\n<li>Interruptores de posi\u00e7\u00e3o interm\u00e9dia<\/li>\n\n\n\n<li>Interruptores em vers\u00e3o de utiliza\u00e7\u00e3o simult\u00e2nea<\/li>\n\n\n\n<li>Transmissor de posi\u00e7\u00e3o remoto<\/li>\n\n\n\n<li>Transmissor magn\u00e9tico de limite e bin\u00e1rio<\/li>\n\n\n\n<li>Indicador mec\u00e2nico de posi\u00e7\u00e3o<\/li>\n\n\n\n<li>Seguran\u00e7a funcional: At\u00e9 SIL 2 em configura\u00e7\u00f5es selecionadas<\/li>\n<\/ul>\n\n\n\n<h3 class=\"wp-block-heading\">INTERFACES:<\/h3>\n\n\n\n<ul class=\"wp-block-list\">\n<li>Liga\u00e7\u00e3o el\u00e9trica atrav\u00e9s de conector AUMA (terminais opcionais)<\/li>\n\n\n\n<li>Entradas de cabos em diferentes vers\u00f5es<\/li>\n\n\n\n<li>Tipos de acionamento de sa\u00edda de acordo com as normas ISO e DIN<\/li>\n<\/ul>\n\n\n\n<h3 class=\"wp-block-heading\">CONTROLADORES DISPON\u00cdVEIS:<\/h3>\n\n\n\n<ul class=\"wp-block-list\">\n<li>Controlador AC<\/li>\n\n\n\n<li>Controlador AM<\/li>\n<\/ul>\n\n\n\n<h5 class=\"wp-block-heading\"><a href=\"https:\/\/klinger.pt\/wp-content\/uploads\/2023\/05\/SA-Technical-data-Multi-turn-actuators-for-open-close-duty-with-3-phase-AC-motor.pdf\" target=\"_blank\" rel=\"noopener\" title=\"FICHA T\u00c9CNICA ATUADOR EL\u00c9TRICO MULTIVOLTAS SA (EN)\">FICHA T\u00c9CNICA ATUADOR EL\u00c9TRICO MULTIVOLTAS SA (EN)<\/a><\/h5>\n\n\n\n<h5 class=\"wp-block-heading\"><a href=\"https:\/\/klinger.pt\/wp-content\/uploads\/2023\/05\/AC-Technical-data-Actuator-controls.pdf\" target=\"_blank\" rel=\"noopener\" title=\"FICHA T\u00c9CNICA CONTROLADOR AC (EN)\">FICHA T\u00c9CNICA CONTROLADOR AC (EN)<\/a><\/h5>\n\n\n\n<h5 class=\"wp-block-heading\"><a href=\"https:\/\/klinger.pt\/wp-content\/uploads\/2023\/05\/AM-Technical-data-Actuator-controls.pdf\" target=\"_blank\" rel=\"noopener\" title=\"FICHA T\u00c9CNICA CONTROLADOR AM (EN)\">FICHA T\u00c9CNICA CONTROLADOR AM (EN)<\/a><\/h5>\n<\/div>\n<\/div>\n\n\n\n<div style=\"height:30px\" aria-hidden=\"true\" class=\"wp-block-spacer\"><\/div>\n\n\n\n<div class=\"wp-block-columns is-layout-flex wp-container-core-columns-is-layout-9d6595d7 wp-block-columns-is-layout-flex\">\n<div class=\"wp-block-column is-layout-flow wp-block-column-is-layout-flow\" style=\"flex-basis:300px\"><div class=\"wp-block-image\">\n<figure class=\"aligncenter size-full\"><img decoding=\"async\" width=\"600\" height=\"483\" src=\"https:\/\/klinger.pt\/wp-content\/uploads\/2023\/05\/Atuador-Eletrico-SQ-pag.webp\" alt=\"ATUADORES EL\u00c9TRICOS\" class=\"wp-image-42107\" srcset=\"https:\/\/klinger.pt\/wp-content\/uploads\/2023\/05\/Atuador-Eletrico-SQ-pag.webp 600w, https:\/\/klinger.pt\/wp-content\/uploads\/2023\/05\/Atuador-Eletrico-SQ-pag-300x242.webp 300w\" sizes=\"(max-width: 600px) 100vw, 600px\" \/><\/figure>\n<\/div>\n\n\n<div style=\"height:40px\" aria-hidden=\"true\" class=\"wp-block-spacer\"><\/div>\n\n\n\n<p class=\"has-text-color has-small-font-size\" style=\"color:#0068b4\">Controladores dispon\u00edveis:<\/p>\n\n\n\n<figure class=\"wp-block-image size-full\"><img decoding=\"async\" width=\"700\" height=\"250\" src=\"https:\/\/klinger.pt\/wp-content\/uploads\/2023\/05\/Controlo.webp\" alt=\"\" class=\"wp-image-42135\" srcset=\"https:\/\/klinger.pt\/wp-content\/uploads\/2023\/05\/Controlo.webp 700w, https:\/\/klinger.pt\/wp-content\/uploads\/2023\/05\/Controlo-300x107.webp 300w\" sizes=\"(max-width: 700px) 100vw, 700px\" \/><\/figure>\n<\/div>\n\n\n\n<div class=\"wp-block-column is-layout-flow wp-block-column-is-layout-flow\" style=\"flex-basis:700px\">\n<h2 class=\"wp-block-heading\">ATUADORES EL\u00c9TRICOS UM QUARTO DE VOLTA<\/h2>\n\n\n\n<p class=\"intro-text\">Modelos SQ e SQR<\/p>\n\n\n\n<p>Os atuadores el\u00e9tricos tipo SQ s\u00e3o indicados para servi\u00e7o de abertura-fecho e servi\u00e7o de posicionamento. Estes atuadores s\u00e3o aconselhados para as classes A e B ou tipos de servi\u00e7o S2 (15 min). Os atuadores modulares da gama SQR s\u00e3o classificados para a classe C ou tipos de servi\u00e7o S4 (25 %). Os atuadores da gama de tipos SQ\/SQR podem ser combinados com v\u00e1rios controlos, desde o simples controlo ABRIR-FECHAR at\u00e9 \u00e0 vers\u00e3o micro controlada com registo de dados de funcionamento ou interface de fieldbus.<\/p>\n\n\n\n<h3 class=\"wp-block-heading\">CARACTER\u00cdSTICAS MODELO SQ:<\/h3>\n\n\n\n<ul class=\"wp-block-list\">\n<li>Gama de bin\u00e1rios de 50 Nm a 2.400 Nm<\/li>\n\n\n\n<li>\u00c2ngulos de oscila\u00e7\u00e3o de 75\u00b0 a 105\u00b0<\/li>\n\n\n\n<li>Intervalos de tempo de funcionamento para 90\u00b0 de 4s a 100s<\/li>\n\n\n\n<li>Assento de limite e de bin\u00e1rio<\/li>\n\n\n\n<li>Motores CA trif\u00e1sicos e CA monof\u00e1sicos<\/li>\n\n\n\n<li>Volante para opera\u00e7\u00e3o manual<\/li>\n\n\n\n<li>Indicador de posi\u00e7\u00e3o mec\u00e2nico<\/li>\n<\/ul>\n\n\n\n<h3 class=\"wp-block-heading\">CARACTER\u00cdSTICAS MODELO SQR:<\/h3>\n\n\n\n<ul class=\"wp-block-list\">\n<li>Gama de bin\u00e1rios de 50 Nm a 2.400 Nm<\/li>\n\n\n\n<li>Bin\u00e1rio modulante de 75 Nm a 1.200 Nm<\/li>\n\n\n\n<li>N\u00famero m\u00e1ximo de arranques 1.500 c\/h<\/li>\n\n\n\n<li>\u00c2ngulos de rota\u00e7\u00e3o de 75\u00b0 a 105\u00b0<\/li>\n\n\n\n<li>Intervalos de tempo de funcionamento para 90\u00b0 de 8s a 100s<\/li>\n\n\n\n<li>Assento de limite e bin\u00e1rio<\/li>\n\n\n\n<li>Motores CA trif\u00e1sicos e CA monof\u00e1sicos<\/li>\n\n\n\n<li>Volante para opera\u00e7\u00e3o manual<\/li>\n<\/ul>\n\n\n\n<h3 class=\"wp-block-heading\">CONDI\u00c7\u00d5ES AMBIENTAIS:<\/h3>\n\n\n\n<ul class=\"wp-block-list\">\n<li>Elevada prote\u00e7\u00e3o do inv\u00f3lucro<\/li>\n\n\n\n<li>Protec\u00e7\u00e3o contra a corros\u00e3o de alta qualidade<\/li>\n\n\n\n<li>Amplas gamas de temperatura ambiente<\/li>\n<\/ul>\n\n\n\n<h3 class=\"wp-block-heading\">OP\u00c7\u00d5ES:<\/h3>\n\n\n\n<ul class=\"wp-block-list\">\n<li>Interruptores de posi\u00e7\u00e3o interm\u00e9dia<\/li>\n\n\n\n<li>Interruptores em vers\u00e3o de utiliza\u00e7\u00e3o simult\u00e2nea<\/li>\n\n\n\n<li>Transmissor de posi\u00e7\u00e3o remoto<\/li>\n\n\n\n<li>Transmissor magn\u00e9tico de limite e bin\u00e1rio<\/li>\n\n\n\n<li>Seguran\u00e7a funcional: At\u00e9 SIL 2 em configura\u00e7\u00f5es seleccionadas<\/li>\n<\/ul>\n\n\n\n<h3 class=\"wp-block-heading\">INTERFACES:<\/h3>\n\n\n\n<ul class=\"wp-block-list\">\n<li>Liga\u00e7\u00e3o el\u00e9trica atrav\u00e9s de conector AUMA (terminais opcionais)<\/li>\n\n\n\n<li>Entradas de cabos em diferentes vers\u00f5es<\/li>\n\n\n\n<li>Tipos de accionamento de sa\u00edda de acordo com as normas ISO e DIN<\/li>\n<\/ul>\n\n\n\n<h3 class=\"wp-block-heading\">CONTROLADORES DISPON\u00cdVEIS:<\/h3>\n\n\n\n<ul class=\"wp-block-list\">\n<li>Controlador AC<\/li>\n\n\n\n<li>Controlador AM<\/li>\n<\/ul>\n\n\n\n<h5 class=\"wp-block-heading\"><a href=\"https:\/\/klinger.pt\/wp-content\/uploads\/2023\/05\/SQ-Technical-data-Part-turn-actuators-for-open-close-duty-with-3-phase-AC-motors.pdf\" target=\"_blank\" rel=\"noopener\" title=\"FICHA T\u00c9CNICA ATUADOR EL\u00c9TRICO MULTIVOLTAS SA (EN)\">FICHA T\u00c9CNICA ATUADOR EL\u00c9TRICO UM QUARTO DE VOLTAS SQ (EN)<\/a><\/h5>\n\n\n\n<h5 class=\"wp-block-heading\"><a href=\"https:\/\/klinger.pt\/wp-content\/uploads\/2023\/05\/SQR-Technical-data-Part-turn-actuators-for-modulating-duty-with-3-phase-AC-motors.pdf\" target=\"_blank\" rel=\"noopener\" title=\"FICHA T\u00c9CNICA ATUADOR EL\u00c9TRICO UM QUARTO DE VOLTAS SQR (EN)\">FICHA T\u00c9CNICA ATUADOR EL\u00c9TRICO UM QUARTO DE VOLTAS SQR (EN)<\/a><\/h5>\n\n\n\n<h5 class=\"wp-block-heading\"><a href=\"https:\/\/klinger.pt\/wp-content\/uploads\/2023\/05\/AC-Technical-data-Actuator-controls.pdf\" target=\"_blank\" rel=\"noopener\" title=\"FICHA T\u00c9CNICA CONTROLADOR AC (EN)\">FICHA T\u00c9CNICA CONTROLADOR AC (EN)<\/a><\/h5>\n\n\n\n<h5 class=\"wp-block-heading\"><a href=\"https:\/\/klinger.pt\/wp-content\/uploads\/2023\/05\/AM-Technical-data-Actuator-controls.pdf\" target=\"_blank\" rel=\"noopener\" title=\"FICHA T\u00c9CNICA CONTROLADOR AM (EN)\">FICHA T\u00c9CNICA CONTROLADOR AM (EN)<\/a><\/h5>\n<\/div>\n<\/div>\n","protected":false},"excerpt":{"rendered":"<p>ATUADORES EL\u00c9TRICOS Os atuadores el\u00e9tricos s\u00e3o frequentemente utilizados para controlar a abertura e o fechamento de v\u00e1lvulas em sistemas industriais. Eles servem para automatizar a opera\u00e7\u00e3o das v\u00e1lvulas, permitindo um controle mais preciso e eficiente do fluxo de l\u00edquidos, gases ou vapores em um sistema.Os atuadores el\u00e9tricos podem ser usados em uma ampla variedade de [&hellip;]<\/p>\n","protected":false},"author":1,"featured_media":0,"parent":24260,"menu_order":0,"comment_status":"closed","ping_status":"closed","template":"page-templates\/servicios.php","meta":{"_eb_attr":"","footnotes":""},"class_list":["post-24327","page","type-page","status-publish","hentry"],"aioseo_notices":[],"_links":{"self":[{"href":"https:\/\/klinger.pt\/es\/wp-json\/wp\/v2\/pages\/24327","targetHints":{"allow":["GET"]}}],"collection":[{"href":"https:\/\/klinger.pt\/es\/wp-json\/wp\/v2\/pages"}],"about":[{"href":"https:\/\/klinger.pt\/es\/wp-json\/wp\/v2\/types\/page"}],"author":[{"embeddable":true,"href":"https:\/\/klinger.pt\/es\/wp-json\/wp\/v2\/users\/1"}],"replies":[{"embeddable":true,"href":"https:\/\/klinger.pt\/es\/wp-json\/wp\/v2\/comments?post=24327"}],"version-history":[{"count":10,"href":"https:\/\/klinger.pt\/es\/wp-json\/wp\/v2\/pages\/24327\/revisions"}],"predecessor-version":[{"id":42328,"href":"https:\/\/klinger.pt\/es\/wp-json\/wp\/v2\/pages\/24327\/revisions\/42328"}],"up":[{"embeddable":true,"href":"https:\/\/klinger.pt\/es\/wp-json\/wp\/v2\/pages\/24260"}],"wp:attachment":[{"href":"https:\/\/klinger.pt\/es\/wp-json\/wp\/v2\/media?parent=24327"}],"curies":[{"name":"wp","href":"https:\/\/api.w.org\/{rel}","templated":true}]}}