{"id":24319,"date":"2022-08-22T08:49:42","date_gmt":"2022-08-22T07:49:42","guid":{"rendered":"https:\/\/m5j0n6nk9p.onrocket.site\/?page_id=24319"},"modified":"2023-05-26T10:19:23","modified_gmt":"2023-05-26T09:19:23","slug":"caixa-de-fins-de-curso","status":"publish","type":"page","link":"https:\/\/klinger.pt\/es\/produtos\/valvulas\/valvulas-de-controlo-on-off\/acessorios\/caixa-de-fins-de-curso\/","title":{"rendered":"CAIXA DE FIM DE CURSO"},"content":{"rendered":"\n<div class=\"wp-block-columns is-layout-flex wp-container-core-columns-is-layout-9d6595d7 wp-block-columns-is-layout-flex\">\n<div class=\"wp-block-column is-layout-flow wp-block-column-is-layout-flow\" style=\"flex-basis:300px\"><div class=\"wp-block-image\">\n<figure class=\"aligncenter size-full is-resized\"><img fetchpriority=\"high\" decoding=\"async\" src=\"https:\/\/klinger.pt\/wp-content\/uploads\/2023\/05\/Caixa-de-fim-de-curso-com-atuador-3-site.webp\" alt=\"\" class=\"wp-image-42687\" width=\"331\" height=\"421\" srcset=\"https:\/\/klinger.pt\/wp-content\/uploads\/2023\/05\/Caixa-de-fim-de-curso-com-atuador-3-site.webp 380w, https:\/\/klinger.pt\/wp-content\/uploads\/2023\/05\/Caixa-de-fim-de-curso-com-atuador-3-site-236x300.webp 236w\" sizes=\"(max-width: 331px) 100vw, 331px\" \/><\/figure>\n<\/div>\n\n\n<div style=\"height:100px\" aria-hidden=\"true\" class=\"wp-block-spacer\"><\/div>\n\n\n\n<figure class=\"wp-block-image size-full\"><img decoding=\"async\" width=\"700\" height=\"350\" src=\"https:\/\/klinger.pt\/wp-content\/uploads\/2023\/05\/Caixa-de-fim-de-curso-site2.webp\" alt=\"CAIXA DE FIM DE CURSO\" class=\"wp-image-42678\" srcset=\"https:\/\/klinger.pt\/wp-content\/uploads\/2023\/05\/Caixa-de-fim-de-curso-site2.webp 700w, https:\/\/klinger.pt\/wp-content\/uploads\/2023\/05\/Caixa-de-fim-de-curso-site2-300x150.webp 300w\" sizes=\"(max-width: 700px) 100vw, 700px\" \/><\/figure>\n<\/div>\n\n\n\n<div class=\"wp-block-column is-layout-flow wp-block-column-is-layout-flow\" style=\"flex-basis:700px\">\n<h1 class=\"wp-block-heading\">CAIXA DE FIM DE CURSO<\/h1>\n\n\n\n<p>Uma caixa de fim de curso fornece um feedback visual e el\u00e9trico \u00e0 dist\u00e2ncia da posi\u00e7\u00e3o das v\u00e1lvulas automatizadas.<br>Permite v\u00e1rios interruptores incorporados e pode ser utilizada sob altas temperaturas, baixas temperaturas e outras ambientes.<br>\u00c9 tamb\u00e9m utilizado como uma importante prote\u00e7\u00e3o de encravamento de v\u00e1lvulas e indica\u00e7\u00e3o de alarme remoto num controlo autom\u00e1tico. sistema.<br>Uma caixa de interruptor de fim de curso \u00e9 utilizada para emitir a posi\u00e7\u00e3o aberta ou fechada da v\u00e1lvula como sinal de interruptor.<br>O sinal \u00e9 recebido pelo programador ou amostrado pelo computador.<br>Ap\u00f3s a confirma\u00e7\u00e3o, o passo seguinte \u00e9 executado.<\/p>\n\n\n\n<h2 class=\"wp-block-heading\">CARACTER\u00cdSTICAS<\/h2>\n\n\n\n<ul class=\"wp-block-list\">\n<li>Corpo de alum\u00ednio fundido sob press\u00e3o revestido a p\u00f3 de poli\u00e9ster e corpo duro anodizado de v\u00e1lvula solenoide.<\/li>\n\n\n\n<li>\u00c0 prova do tempo de n\u00edvel superior (IP67) e\/ou \u00e0 prova de explos\u00e3o (Exd IIBT6 ou Exd IICT6) tanto para v\u00e1lvula solenoide como para caixa de interruptores de fim de curso.<\/li>\n\n\n\n<li>Entradas de cabo duplo: 2xG1\/2 (Padr\u00e3o), 2-M20x1,5 ou 2&#215;1\/2NPT (Op\u00e7\u00e3o).<\/li>\n\n\n\n<li>Faixa terminal multiponto: R\u00e9gua de terminal padr\u00e3o 8 pontos e suficientes tiras para liga\u00e7\u00e3o.<\/li>\n\n\n\n<li>Indicador de posi\u00e7\u00e3o visual multi-visual, \u00e0 prova de \u00e1gua seguro, posi\u00e7\u00f5es de v\u00e1lvulas visuais multi \u00e2ngulos envolvendo vista superior e lateral.<\/li>\n\n\n\n<li>Cam de ajuste r\u00e1pido, came estriado com mola.<\/li>\n\n\n\n<li>Parafusos de cobertura cativa.<\/li>\n\n\n\n<li>Montagem f\u00e1cil, eixo e suporte standard em a\u00e7o inoxid\u00e1vel NAMUR.<\/li>\n<\/ul>\n\n\n\n<h2 class=\"wp-block-heading\">PROVA DO TEMPO<\/h2>\n\n\n\n<ul class=\"wp-block-list\">\n<li>IP67, NEMA4, 4X<\/li>\n<\/ul>\n\n\n\n<h2 class=\"wp-block-heading\">GAMA DE TEMPERATURAS<\/h2>\n\n\n\n<ul class=\"wp-block-list\">\n<li>-20\u00b0C a 85\u00b0C (-4\u00b0F a 185\u00b0F)<\/li>\n<\/ul>\n<\/div>\n<\/div>\n\n\n\n<h5 class=\"wp-block-heading\"><a href=\"https:\/\/klinger.pt\/wp-content\/uploads\/2023\/03\/Limit-Switch-Boxes-KLS-Data-Sheet_compressed-1.pdf\" target=\"_blank\" rel=\"noopener\" title=\"LIMIT SWITCH BOX \u2013 DATA SHEET EN (pdf)\">LIMIT SWITCH BOX \u2013 DATA SHEET EN (pdf)<\/a><\/h5>\n","protected":false},"excerpt":{"rendered":"<p>CAIXA DE FIM DE CURSO Uma caixa de fim de curso fornece um feedback visual e el\u00e9trico \u00e0 dist\u00e2ncia da posi\u00e7\u00e3o das v\u00e1lvulas automatizadas.Permite v\u00e1rios interruptores incorporados e pode ser utilizada sob altas temperaturas, baixas temperaturas e outras ambientes.\u00c9 tamb\u00e9m utilizado como uma importante prote\u00e7\u00e3o de encravamento de v\u00e1lvulas e indica\u00e7\u00e3o de alarme remoto num [&hellip;]<\/p>\n","protected":false},"author":1,"featured_media":0,"parent":24285,"menu_order":0,"comment_status":"closed","ping_status":"closed","template":"page-templates\/servicios.php","meta":{"_eb_attr":"","footnotes":""},"class_list":["post-24319","page","type-page","status-publish","hentry"],"aioseo_notices":[],"_links":{"self":[{"href":"https:\/\/klinger.pt\/es\/wp-json\/wp\/v2\/pages\/24319","targetHints":{"allow":["GET"]}}],"collection":[{"href":"https:\/\/klinger.pt\/es\/wp-json\/wp\/v2\/pages"}],"about":[{"href":"https:\/\/klinger.pt\/es\/wp-json\/wp\/v2\/types\/page"}],"author":[{"embeddable":true,"href":"https:\/\/klinger.pt\/es\/wp-json\/wp\/v2\/users\/1"}],"replies":[{"embeddable":true,"href":"https:\/\/klinger.pt\/es\/wp-json\/wp\/v2\/comments?post=24319"}],"version-history":[{"count":16,"href":"https:\/\/klinger.pt\/es\/wp-json\/wp\/v2\/pages\/24319\/revisions"}],"predecessor-version":[{"id":42698,"href":"https:\/\/klinger.pt\/es\/wp-json\/wp\/v2\/pages\/24319\/revisions\/42698"}],"up":[{"embeddable":true,"href":"https:\/\/klinger.pt\/es\/wp-json\/wp\/v2\/pages\/24285"}],"wp:attachment":[{"href":"https:\/\/klinger.pt\/es\/wp-json\/wp\/v2\/media?parent=24319"}],"curies":[{"name":"wp","href":"https:\/\/api.w.org\/{rel}","templated":true}]}}