{"id":24314,"date":"2022-08-22T08:46:12","date_gmt":"2022-08-22T07:46:12","guid":{"rendered":"https:\/\/m5j0n6nk9p.onrocket.site\/?page_id=24314"},"modified":"2023-02-28T12:22:52","modified_gmt":"2023-02-28T12:22:52","slug":"valvula-solenoid","status":"publish","type":"page","link":"https:\/\/klinger.pt\/es\/produtos\/valvulas\/valvulas-de-controlo-on-off\/acessorios\/valvula-solenoid\/","title":{"rendered":"V\u00c1LVULA SOLENOID"},"content":{"rendered":"\n<div class=\"wp-block-columns is-layout-flex wp-container-core-columns-is-layout-9d6595d7 wp-block-columns-is-layout-flex\">\n<div class=\"wp-block-column is-layout-flow wp-block-column-is-layout-flow\" style=\"flex-basis:300px\">\n<figure class=\"wp-block-image size-large\"><img fetchpriority=\"high\" decoding=\"async\" width=\"1024\" height=\"811\" src=\"https:\/\/klinger.pt\/wp-content\/uploads\/2022\/08\/solenoid-valve-1024x811.png\" alt=\"\" class=\"wp-image-25764\" srcset=\"https:\/\/klinger.pt\/wp-content\/uploads\/2022\/08\/solenoid-valve-1024x811.png 1024w, https:\/\/klinger.pt\/wp-content\/uploads\/2022\/08\/solenoid-valve-300x238.png 300w, https:\/\/klinger.pt\/wp-content\/uploads\/2022\/08\/solenoid-valve-768x608.png 768w, https:\/\/klinger.pt\/wp-content\/uploads\/2022\/08\/solenoid-valve.png 1317w\" sizes=\"(max-width: 1024px) 100vw, 1024px\" \/><\/figure>\n\n\n\n<figure class=\"wp-block-gallery has-nested-images columns-default is-cropped wp-block-gallery-1 is-layout-flex wp-block-gallery-is-layout-flex\">\n<figure class=\"wp-block-image size-large\"><img decoding=\"async\" width=\"562\" height=\"340\" data-id=\"25781\" src=\"https:\/\/klinger.pt\/wp-content\/uploads\/2022\/08\/Quadro-3-0-1-1.png\" alt=\"\" class=\"wp-image-25781\" srcset=\"https:\/\/klinger.pt\/wp-content\/uploads\/2022\/08\/Quadro-3-0-1-1.png 562w, https:\/\/klinger.pt\/wp-content\/uploads\/2022\/08\/Quadro-3-0-1-1-300x181.png 300w\" sizes=\"(max-width: 562px) 100vw, 562px\" \/><\/figure>\n<\/figure>\n<\/div>\n\n\n\n<div class=\"wp-block-column is-layout-flow wp-block-column-is-layout-flow\" style=\"flex-basis:700px\">\n<h1 class=\"wp-block-heading\">V\u00c1LVULA SOLENOID<\/h1>\n\n\n\n<p>Uma v\u00e1lvula solenoide \u00e9 uma v\u00e1lvula controlada eletricamente.<br>A v\u00e1lvula apresenta um solenoide, que \u00e9 uma bobina el\u00e9trica com um n\u00facleo ferromagn\u00e9tico m\u00f3vel (\u00eambolo) no seu centro.<br>Quando energizadas eletricamente ou desenrizadas, ou se desligam ou permitem o fluxo de fluido.<br>As v\u00e1lvulas solenoides s\u00e3o utilizadas onde quer que o fluxo de fluido tenha de ser controlado automaticamente.<\/p>\n\n\n\n<h2 class=\"wp-block-heading\">CARACTER\u00cdSTICAS<\/h2>\n\n\n\n<ul class=\"wp-block-list\">\n<li>Fiabilidade de ciclos de vida multi-milion\u00e1rios. O design inovador e toda a constru\u00e7\u00e3o composta significa a V-Solenoid II\u2122 n\u00e3o \u00e9 afetado pelo desgaste ou corros\u00e3o<\/li>\n\n\n\n<li>Definir a fun\u00e7\u00e3o 5\/2 ou 3\/2 simplesmente rodando a placa de selagem rotativa 180\u00b0, reduzindo drasticamente o invent\u00e1rio de pe\u00e7as<\/li>\n\n\n\n<li>Alto fluxo de ar: Cv &gt; 1,1 (1100 L\/min) (I-Safe Cv=0,8)<\/li>\n\n\n\n<li>Comando manual integrado &#8211; n\u00e3o s\u00e3o necess\u00e1rias pe\u00e7as extra<\/li>\n\n\n\n<li>Gama de temperaturas de funcionamento: -4\u00b0F a +140\u00b0F (-20\u00b0C a +60\u00b0C)<\/li>\n\n\n\n<li>Para uma prote\u00e7\u00e3o ambiental extrema contra a corros\u00e3o, todas as pastilhas roscadas de porta e componentes de armadura podem ser fornecido em a\u00e7o inoxid\u00e1vel<\/li>\n\n\n\n<li>Montagem direta em conformidade com a norma Namur VDI\/VDE 3845<\/li>\n\n\n\n<li>Feedback de exaust\u00e3o &#8211; fornece c\u00e2mara de mola com ar de instrumento que previne a corros\u00e3o<\/li>\n\n\n\n<li>Pre\u00e7os muito competitivos com uma grande variedade de op\u00e7\u00f5es dispon\u00edveis<\/li>\n<\/ul>\n\n\n\n<h2 class=\"wp-block-heading\">DESENHO DA V\u00c1LVULA POPPET PATENTEADA<\/h2>\n\n\n\n<ul class=\"wp-block-list\">\n<li>A tecnologia exclusiva de v\u00e1lvula poppet patenteada fornece alto caudal, resposta r\u00e1pida, gama de temperaturas elevadas e fiabilidade de ciclos de vida multimilion\u00e1rios<\/li>\n\n\n\n<li>O desenho patenteado de v\u00e1lvulas de gatilho minimiza a fric\u00e7\u00e3o utilizando selos de diafragma rolante est\u00e1ticos duplos<\/li>\n\n\n\n<li>A vantagem deste desenho \u00e9 a sua aptid\u00e3o para ambientes criog\u00e9nicos. Ampla gama de temperaturas de funcionamento -4\u00b0F a +140\u00b0F (-20\u00b0C a +60\u00b0C)<\/li>\n<\/ul>\n\n\n\n<h2 class=\"wp-block-heading\">PLACA DE VEDA\u00c7\u00c3O ROTATIVA PATENTEADA<\/h2>\n\n\n\n<ul class=\"wp-block-list\">\n<li>Girando a placa de veda\u00e7\u00e3o rotativa patenteada 180\u00b0, o modo de funcionamento pode ser facilmente alterado de 5\/2 para 3\/2 fun\u00e7\u00e3o<\/li>\n\n\n\n<li>O V-Solenoid II pode ser utilizado tanto em atuadores de duplo efeito como em atuadores de simples efeito<\/li>\n\n\n\n<li>Muitas v\u00e1lvulas solenoides da concorr\u00eancia ou funcionam 5\/2 ou 3\/2, necessitando de armazenagem para ambas as v\u00e1lvulas solenoides<\/li>\n<\/ul>\n<\/div>\n<\/div>\n","protected":false},"excerpt":{"rendered":"<p>V\u00c1LVULA SOLENOID Uma v\u00e1lvula solenoide \u00e9 uma v\u00e1lvula controlada eletricamente.A v\u00e1lvula apresenta um solenoide, que \u00e9 uma bobina el\u00e9trica com um n\u00facleo ferromagn\u00e9tico m\u00f3vel (\u00eambolo) no seu centro.Quando energizadas eletricamente ou desenrizadas, ou se desligam ou permitem o fluxo de fluido.As v\u00e1lvulas solenoides s\u00e3o utilizadas onde quer que o fluxo de fluido tenha de ser [&hellip;]<\/p>\n","protected":false},"author":1,"featured_media":0,"parent":24285,"menu_order":0,"comment_status":"closed","ping_status":"closed","template":"page-templates\/servicios.php","meta":{"_eb_attr":"","footnotes":""},"class_list":["post-24314","page","type-page","status-publish","hentry"],"aioseo_notices":[],"_links":{"self":[{"href":"https:\/\/klinger.pt\/es\/wp-json\/wp\/v2\/pages\/24314","targetHints":{"allow":["GET"]}}],"collection":[{"href":"https:\/\/klinger.pt\/es\/wp-json\/wp\/v2\/pages"}],"about":[{"href":"https:\/\/klinger.pt\/es\/wp-json\/wp\/v2\/types\/page"}],"author":[{"embeddable":true,"href":"https:\/\/klinger.pt\/es\/wp-json\/wp\/v2\/users\/1"}],"replies":[{"embeddable":true,"href":"https:\/\/klinger.pt\/es\/wp-json\/wp\/v2\/comments?post=24314"}],"version-history":[{"count":1,"href":"https:\/\/klinger.pt\/es\/wp-json\/wp\/v2\/pages\/24314\/revisions"}],"predecessor-version":[{"id":38658,"href":"https:\/\/klinger.pt\/es\/wp-json\/wp\/v2\/pages\/24314\/revisions\/38658"}],"up":[{"embeddable":true,"href":"https:\/\/klinger.pt\/es\/wp-json\/wp\/v2\/pages\/24285"}],"wp:attachment":[{"href":"https:\/\/klinger.pt\/es\/wp-json\/wp\/v2\/media?parent=24314"}],"curies":[{"name":"wp","href":"https:\/\/api.w.org\/{rel}","templated":true}]}}