{"id":24302,"date":"2022-08-22T08:43:14","date_gmt":"2022-08-22T07:43:14","guid":{"rendered":"https:\/\/m5j0n6nk9p.onrocket.site\/?page_id=24302"},"modified":"2023-05-04T08:11:03","modified_gmt":"2023-05-04T07:11:03","slug":"esfera-segmentada","status":"publish","type":"page","link":"https:\/\/klinger.pt\/es\/produtos\/valvulas\/valvulas-de-controlo-on-off\/esfera-segmentada\/","title":{"rendered":"V\u00c1LVULA DE ESFERA SEGMENTADA"},"content":{"rendered":"\n<div class=\"wp-block-columns is-layout-flex wp-container-core-columns-is-layout-9d6595d7 wp-block-columns-is-layout-flex\">\n<div class=\"wp-block-column is-layout-flow wp-block-column-is-layout-flow\" style=\"flex-basis:300px\"><div class=\"wp-block-image\">\n<figure class=\"aligncenter size-full\"><img fetchpriority=\"high\" decoding=\"async\" width=\"362\" height=\"483\" src=\"https:\/\/klinger.pt\/wp-content\/uploads\/2022\/08\/KHD-SG-2.png\" alt=\"V\u00c1LVULA DE ESFERA SEGMENTADA\" class=\"wp-image-25575\" srcset=\"https:\/\/klinger.pt\/wp-content\/uploads\/2022\/08\/KHD-SG-2.png 362w, https:\/\/klinger.pt\/wp-content\/uploads\/2022\/08\/KHD-SG-2-225x300.png 225w\" sizes=\"(max-width: 362px) 100vw, 362px\" \/><\/figure>\n<\/div><\/div>\n\n\n\n<div class=\"wp-block-column is-layout-flow wp-block-column-is-layout-flow\" style=\"flex-basis:700px\">\n<h1 class=\"wp-block-heading\">V\u00c1LVULA DE ESFERA SEGMENTADA ATUADA OU CONTROLO<\/h1>\n\n\n\n<p>Uma flange de montagem direta de acordo com a norma ISO 5211 \u00e9 a norma para esta v\u00e1lvula de esfera segmentada.<br>Esta caracter\u00edstica permite a montagem de um atuador sem a necessidade de um suporte de montagem e adaptador de acionamento. Isto resulta numa redu\u00e7\u00e3o de custos significativa, uma unidade automatizada compacta, e um n\u00edvel de seguran\u00e7a mais elevado para os operadores.<br>O bloco de montagem regular ISO aceita a montagem direta de atuadores pneum\u00e1ticos e el\u00e9tricos.<br>A ISO 5211 \u00e9 uma norma europeia que especifica os requisitos para a fixa\u00e7\u00e3o de atuadores, com ou sem caixas de velocidades, para v\u00e1lvulas industriais.<\/p>\n\n\n\n<h2 class=\"wp-block-heading\">Caracter\u00edsticas<\/h2>\n\n\n\n<ul class=\"wp-block-list\">\n<li>O V-notch proporciona o mesmo controlo percentual do fluxo<\/li>\n\n\n\n<li>O corpo \u00fanico previne fugas externas<\/li>\n\n\n\n<li>Assento met\u00e1lico dur\u00e1vel<\/li>\n\n\n\n<li>Assento macio TFM1600 onde o assento met\u00e1lico n\u00e3o \u00e9 adequado<\/li>\n\n\n\n<li>Embalagem com carga viva<\/li>\n\n\n\n<li>Rolamento de espi\u00e3o protegido<\/li>\n\n\n\n<li>ISO 5211 Montagem Direta para f\u00e1cil automatiza\u00e7\u00e3o<\/li>\n\n\n\n<li>Bin\u00e1rio de acionamento extremamente baixo<\/li>\n<\/ul>\n\n\n\n<h2 class=\"wp-block-heading\">Vantagens<\/h2>\n\n\n\n<ul class=\"wp-block-list\">\n<li>V\u00e1lvula de um quarto de volta com di\u00e2metro de furo reduzido<\/li>\n\n\n\n<li>Classifica\u00e7\u00e3o de press\u00e3o ANSI classe 600<\/li>\n\n\n\n<li>A\u00e7o inox, a\u00e7o carbono, materiais de liga dispon\u00edveis  <\/li>\n\n\n\n<li>-4\u00b0F ~ 536\u00b0F (-20\u00b0C ~ 280\u00b0C) para assento met\u00e1lico<\/li>\n\n\n\n<li>Cara a cara segundo ISA-S75.04 vers\u00e3o curta<\/li>\n\n\n\n<li>Inspe\u00e7\u00e3o de acordo com API 598 ou EN12266-1 quando aplic\u00e1vel<\/li>\n\n\n\n<li>Teste de aperto de acordo com ANSI\/FCI 70.2 classe IV para assento met\u00e1lico<\/li>\n<\/ul>\n<\/div>\n<\/div>\n","protected":false},"excerpt":{"rendered":"<p>V\u00c1LVULA DE ESFERA SEGMENTADA ATUADA OU CONTROLO Uma flange de montagem direta de acordo com a norma ISO 5211 \u00e9 a norma para esta v\u00e1lvula de esfera segmentada.Esta caracter\u00edstica permite a montagem de um atuador sem a necessidade de um suporte de montagem e adaptador de acionamento. Isto resulta numa redu\u00e7\u00e3o de custos significativa, uma [&hellip;]<\/p>\n","protected":false},"author":1,"featured_media":0,"parent":24243,"menu_order":0,"comment_status":"closed","ping_status":"closed","template":"page-templates\/servicios.php","meta":{"_eb_attr":"","footnotes":""},"class_list":["post-24302","page","type-page","status-publish","hentry"],"aioseo_notices":[],"_links":{"self":[{"href":"https:\/\/klinger.pt\/es\/wp-json\/wp\/v2\/pages\/24302","targetHints":{"allow":["GET"]}}],"collection":[{"href":"https:\/\/klinger.pt\/es\/wp-json\/wp\/v2\/pages"}],"about":[{"href":"https:\/\/klinger.pt\/es\/wp-json\/wp\/v2\/types\/page"}],"author":[{"embeddable":true,"href":"https:\/\/klinger.pt\/es\/wp-json\/wp\/v2\/users\/1"}],"replies":[{"embeddable":true,"href":"https:\/\/klinger.pt\/es\/wp-json\/wp\/v2\/comments?post=24302"}],"version-history":[{"count":3,"href":"https:\/\/klinger.pt\/es\/wp-json\/wp\/v2\/pages\/24302\/revisions"}],"predecessor-version":[{"id":42103,"href":"https:\/\/klinger.pt\/es\/wp-json\/wp\/v2\/pages\/24302\/revisions\/42103"}],"up":[{"embeddable":true,"href":"https:\/\/klinger.pt\/es\/wp-json\/wp\/v2\/pages\/24243"}],"wp:attachment":[{"href":"https:\/\/klinger.pt\/es\/wp-json\/wp\/v2\/media?parent=24302"}],"curies":[{"name":"wp","href":"https:\/\/api.w.org\/{rel}","templated":true}]}}