{"id":24295,"date":"2022-08-22T08:41:14","date_gmt":"2022-08-22T07:41:14","guid":{"rendered":"https:\/\/m5j0n6nk9p.onrocket.site\/?page_id=24295"},"modified":"2023-05-04T08:10:36","modified_gmt":"2023-05-04T07:10:36","slug":"borboleta","status":"publish","type":"page","link":"https:\/\/klinger.pt\/es\/produtos\/valvulas\/valvulas-de-controlo-on-off\/borboleta\/","title":{"rendered":"V\u00c1LVULA DE CONTROLO BORBOLETA"},"content":{"rendered":"\n<div class=\"wp-block-columns is-layout-flex wp-container-core-columns-is-layout-9d6595d7 wp-block-columns-is-layout-flex\">\n<div class=\"wp-block-column is-layout-flow wp-block-column-is-layout-flow\" style=\"flex-basis:300px\"><div class=\"wp-block-image\">\n<figure class=\"aligncenter size-full\"><img fetchpriority=\"high\" decoding=\"async\" width=\"280\" height=\"406\" src=\"https:\/\/klinger.pt\/wp-content\/uploads\/2022\/08\/valvula-controlo-borboleta-1-1.png\" alt=\"V\u00c1LVULA DE CONTROLO BORBOLETA\" class=\"wp-image-25579\" srcset=\"https:\/\/klinger.pt\/wp-content\/uploads\/2022\/08\/valvula-controlo-borboleta-1-1.png 280w, https:\/\/klinger.pt\/wp-content\/uploads\/2022\/08\/valvula-controlo-borboleta-1-1-207x300.png 207w\" sizes=\"(max-width: 280px) 100vw, 280px\" \/><\/figure>\n<\/div><\/div>\n\n\n\n<div class=\"wp-block-column is-layout-flow wp-block-column-is-layout-flow\" style=\"flex-basis:700px\">\n<h1 class=\"wp-block-heading\">V\u00c1LVULA BORBOLETA ATUADA OU CONTROLO<\/h1>\n\n\n\n<p>Uma v\u00e1lvula de controlo borboleta \u00e9 usada para gerir o fluxo de um fluido variando o volume da passagem. As vari\u00e1veis de press\u00e3o, temperatura e n\u00edvel de fluido podem ser diretamente controladas.<\/p>\n\n\n\n<h2 class=\"wp-block-heading\">Caracter\u00edsticas<\/h2>\n\n\n\n<ul class=\"wp-block-list\">\n<li>Disco exc\u00eantrico ou conc\u00eantrico<\/li>\n\n\n\n<li>Liga\u00e7\u00f5es tipo wafer, lug ou flangeada<\/li>\n\n\n\n<li>Flange PN10, PN16, PN25, ANSI 150 e 300#<\/li>\n<\/ul>\n\n\n\n<h2 class=\"wp-block-heading\">Vantagens<\/h2>\n\n\n\n<ul class=\"wp-block-list\">\n<li>Grande variedade de acess\u00f3rios opcionais<\/li>\n\n\n\n<li>Configur\u00e1vel de acordo com as condi\u00e7\u00f5es de trabalho existentes<\/li>\n\n\n\n<li>Fabrico de alta qualidade<\/li>\n<\/ul>\n\n\n\n<p><\/p>\n<\/div>\n<\/div>\n","protected":false},"excerpt":{"rendered":"<p>V\u00c1LVULA BORBOLETA ATUADA OU CONTROLO Uma v\u00e1lvula de controlo borboleta \u00e9 usada para gerir o fluxo de um fluido variando o volume da passagem. As vari\u00e1veis de press\u00e3o, temperatura e n\u00edvel de fluido podem ser diretamente controladas. Caracter\u00edsticas Vantagens<\/p>\n","protected":false},"author":1,"featured_media":0,"parent":24243,"menu_order":0,"comment_status":"closed","ping_status":"closed","template":"page-templates\/servicios.php","meta":{"_eb_attr":"","footnotes":""},"class_list":["post-24295","page","type-page","status-publish","hentry"],"aioseo_notices":[],"_links":{"self":[{"href":"https:\/\/klinger.pt\/es\/wp-json\/wp\/v2\/pages\/24295","targetHints":{"allow":["GET"]}}],"collection":[{"href":"https:\/\/klinger.pt\/es\/wp-json\/wp\/v2\/pages"}],"about":[{"href":"https:\/\/klinger.pt\/es\/wp-json\/wp\/v2\/types\/page"}],"author":[{"embeddable":true,"href":"https:\/\/klinger.pt\/es\/wp-json\/wp\/v2\/users\/1"}],"replies":[{"embeddable":true,"href":"https:\/\/klinger.pt\/es\/wp-json\/wp\/v2\/comments?post=24295"}],"version-history":[{"count":6,"href":"https:\/\/klinger.pt\/es\/wp-json\/wp\/v2\/pages\/24295\/revisions"}],"predecessor-version":[{"id":42102,"href":"https:\/\/klinger.pt\/es\/wp-json\/wp\/v2\/pages\/24295\/revisions\/42102"}],"up":[{"embeddable":true,"href":"https:\/\/klinger.pt\/es\/wp-json\/wp\/v2\/pages\/24243"}],"wp:attachment":[{"href":"https:\/\/klinger.pt\/es\/wp-json\/wp\/v2\/media?parent=24295"}],"curies":[{"name":"wp","href":"https:\/\/api.w.org\/{rel}","templated":true}]}}