{"id":24275,"date":"2022-08-22T08:35:21","date_gmt":"2022-08-22T07:35:21","guid":{"rendered":"https:\/\/m5j0n6nk9p.onrocket.site\/?page_id=24275"},"modified":"2024-10-02T09:42:19","modified_gmt":"2024-10-02T08:42:19","slug":"posicionadores","status":"publish","type":"page","link":"https:\/\/klinger.pt\/es\/produtos\/valvulas\/valvulas-de-controlo-on-off\/posicionadores\/","title":{"rendered":"POSICIONADORES"},"content":{"rendered":"\n<h1 class=\"wp-block-heading\">POSICIONADORES<\/h1>\n\n\n\n<p>O Posicionador Eletropneumatico \u00e9 um dispositivo aonde sua principal fun\u00e7\u00e3o \u00e9 operar o atuador da v\u00e1lvula de controlo para que esta seja posicione o obturador corretamente em rela\u00e7\u00e3o a sede da v\u00e1lvula.<br>Normalmente o posicionador \u00e9 montado sobre um atuador pneum\u00e1tico cuja fun\u00e7\u00e3o passa por fornecer ar comprimido ao atuador da v\u00e1lvula de forma a que a haste-obturador se posicione no ponto correspondente ao sinal recebido pelo posicionador.<br>Assim sendo, o posicionador compara o sinal emitido com a posi\u00e7\u00e3o da haste da v\u00e1lvula e envia ao atuador a press\u00e3o necess\u00e1ria para que ajuste o obturador na posi\u00e7\u00e3o desejada.<br>Existem v\u00e1rios tipos e diferentes posicionadores, onde se incluem os posicionadores lineares e rotativos.<\/p>\n\n\n\n<div class=\"wp-block-group\"><div class=\"wp-block-group__inner-container is-layout-constrained wp-block-group-is-layout-constrained\">\n<div class=\"wp-block-columns is-layout-flex wp-container-core-columns-is-layout-9d6595d7 wp-block-columns-is-layout-flex\">\n<div class=\"wp-block-column is-layout-flow wp-block-column-is-layout-flow\" style=\"flex-basis:300px\">\n<figure class=\"wp-block-image size-full\"><img fetchpriority=\"high\" decoding=\"async\" width=\"650\" height=\"483\" src=\"https:\/\/klinger.pt\/wp-content\/uploads\/2023\/05\/PPL-1.webp\" alt=\"\" class=\"wp-image-41943\" srcset=\"https:\/\/klinger.pt\/wp-content\/uploads\/2023\/05\/PPL-1.webp 650w, https:\/\/klinger.pt\/wp-content\/uploads\/2023\/05\/PPL-1-300x223.webp 300w\" sizes=\"(max-width: 650px) 100vw, 650px\" \/><\/figure>\n<\/div>\n\n\n\n<div class=\"wp-block-column is-layout-flow wp-block-column-is-layout-flow\" style=\"flex-basis:700px\">\n<h2 class=\"wp-block-heading\">POSICIONADORES PNEUM\u00c1TICOS PPL \/ PPR <\/h2>\n\n\n\n<p class=\"intro-text\">PPL para atuador linear e PPR para atuador rotativo a 90\u00ba<\/p>\n\n\n\n<h3 class=\"wp-block-heading\">Aplica\u00e7\u00e3o:<\/h3>\n\n\n\n<ul class=\"wp-block-list\">\n<li>Atuadores pneum\u00e1ticos de duplo e simples efeito<\/li>\n\n\n\n<li>Design robusto<\/li>\n\n\n\n<li>Com man\u00f3metros de press\u00e3o em a\u00e7o inoxid\u00e1vel standard<\/li>\n\n\n\n<li>N\u00e3o sens\u00edvel \u00e0 vibra\u00e7\u00e3o<\/li>\n\n\n\n<li>F\u00e1cil de manusear e calibrar<\/li>\n<\/ul>\n\n\n\n<h3 class=\"wp-block-heading\">Dados gerais:<\/h3>\n\n\n\n<ul class=\"wp-block-list\">\n<li>Manuten\u00e7\u00e3o f\u00e1cil<\/li>\n\n\n\n<li>Calibra\u00e7\u00e3o precisa com ajustes simples do SPAN e ZERO<\/li>\n\n\n\n<li>Convers\u00e3o simples para ac\u00e7\u00e3o directa ou inversa<\/li>\n\n\n\n<li>Gama de \u201c1\/2 split\u201d dispon\u00edvel<\/li>\n\n\n\n<li>Caixa de alum\u00ednio robusta com revestimento resistente \u00e0 corros\u00e3o<\/li>\n\n\n\n<li>Design resistente a vibra\u00e7\u00f5es<\/li>\n\n\n\n<li>Man\u00f3metros em a\u00e7o inoxid\u00e1vel de s\u00e9rie<\/li>\n\n\n\n<li>Kit de orif\u00edcio de v\u00e1lvula piloto restrito para pequenos actuadores inclu\u00eddo<\/li>\n<\/ul>\n\n\n\n<h3 class=\"wp-block-heading\">Opcional:<\/h3>\n\n\n\n<ul class=\"wp-block-list\">\n<li>Transmissor de posi\u00e7\u00e3o \u201cfeedback\u201d (sinal de sa\u00edda de 4&#8230;20\u3383)<\/li>\n\n\n\n<li>2 x fins de curso SPDT<\/li>\n\n\n\n<li>2 x sensores program\u00e1veis P&amp;F NJ2-V3-N<\/li>\n\n\n\n<li>Indicador visual tipo c\u00fapula<\/li>\n\n\n\n<li>Vers\u00e3o especial para temperatura elevada<\/li>\n<\/ul>\n\n\n\n<h5 class=\"wp-block-heading\">\u00bb CONSULTAR <a href=\"https:\/\/klinger.pt\/wp-content\/uploads\/2023\/05\/Posicionador-PPL_compressed-1.pdf\" target=\"_blank\" rel=\"noopener\" title=\"\">FICHA T\u00c9CNICA<\/a> POSICIONADOR PNEUM\u00c1TICO PPL<\/h5>\n\n\n\n<h5 class=\"wp-block-heading\">\u00bb CONSULTAR <a href=\"https:\/\/klinger.pt\/wp-content\/uploads\/2023\/05\/Posicionador-PPR_compressed-1.pdf\" target=\"_blank\" rel=\"noopener\" title=\"\">FICHA T\u00c9CNICA<\/a> POSICIONADOR PNEUM\u00c1TICO PPR<\/h5>\n<\/div>\n<\/div>\n\n\n\n<div class=\"wp-block-columns is-layout-flex wp-container-core-columns-is-layout-9d6595d7 wp-block-columns-is-layout-flex\">\n<div class=\"wp-block-column is-layout-flow wp-block-column-is-layout-flow\" style=\"flex-basis:300px\">\n<figure class=\"wp-block-image size-full\"><img decoding=\"async\" width=\"580\" height=\"483\" src=\"https:\/\/klinger.pt\/wp-content\/uploads\/2023\/05\/EPL-1.webp\" alt=\"\" class=\"wp-image-41937\" srcset=\"https:\/\/klinger.pt\/wp-content\/uploads\/2023\/05\/EPL-1.webp 580w, https:\/\/klinger.pt\/wp-content\/uploads\/2023\/05\/EPL-1-300x250.webp 300w\" sizes=\"(max-width: 580px) 100vw, 580px\" \/><\/figure>\n<\/div>\n\n\n\n<div class=\"wp-block-column is-layout-flow wp-block-column-is-layout-flow\" style=\"flex-basis:700px\">\n<h2 class=\"wp-block-heading\">POSICIONADORES ANAL\u00d3GICOS EPL \/ EPR <\/h2>\n\n\n\n<p class=\"intro-text\">EPL para atuador linear e EPR para atuador rotativo a 90\u00ba<\/p>\n\n\n\n<h3 class=\"wp-block-heading\">Caracter\u00edsticas:<\/h3>\n\n\n\n<ul class=\"wp-block-list\">\n<li>Manuten\u00e7\u00e3o f\u00e1cil<\/li>\n\n\n\n<li>Calibra\u00e7\u00e3o precisa com ajustes simples do SPAN e ZERO<\/li>\n\n\n\n<li>Convers\u00e3o simples para ac\u00e7\u00e3o directa ou ac\u00e7\u00e3o inversa<\/li>\n\n\n\n<li>Gama de 1\/2 split dispon\u00edvel<\/li>\n\n\n\n<li>Caixa de alum\u00ednio robusta com revestimento resistente \u00e0 corros\u00e3o<\/li>\n\n\n\n<li>Design resistente a vibra\u00e7\u00f5es<\/li>\n\n\n\n<li>Man\u00f3metros em a\u00e7o inoxid\u00e1vel de s\u00e9rie<\/li>\n\n\n\n<li>Kit de orif\u00edcio de v\u00e1lvula piloto restrito para pequenos actuadores inclu\u00eddo<\/li>\n\n\n\n<li>Certificado para ATEX Eex md IIB T5 (05 ATEX 1076X) pela NEMKO em conformidade com as normas EN 50014:1997, EN 50018:2000 e EN 50028:1987<\/li>\n\n\n\n<li> Certificado para EMC (K1046\/E04) em conformidade com EN 61000-6-2:2001 e EN 61000-6-4:2001 por RWTUV<\/li>\n\n\n\n<li>Certificado para Ex md IIB T6 (99-1075-Q1), Ex md IIC T6 (2000-1057-Q1) e Ex ia IIB T6 (2000-1056-Q1) pela KOSHA<\/li>\n<\/ul>\n\n\n\n<h3 class=\"wp-block-heading\">Opcional:<\/h3>\n\n\n\n<ul class=\"wp-block-list\">\n<li>Transmissor de posi\u00e7\u00e3o \u201cfeedback\u201d (sinal de sa\u00edda de 4&#8230;20\u3383)<\/li>\n\n\n\n<li>2 x fins de curso SPDT<\/li>\n\n\n\n<li>2 x sensores program\u00e1veis P&amp;F NJ2-V3-N<\/li>\n\n\n\n<li>Indicador visual tipo c\u00fapula<\/li>\n\n\n\n<li>Vers\u00e3o especial para temperatura elevada<\/li>\n<\/ul>\n\n\n\n<h5 class=\"wp-block-heading\">\u00bb CONSULTAR <a href=\"https:\/\/klinger.pt\/wp-content\/uploads\/2023\/05\/Posicionador-EPL_compressed-1.pdf\" target=\"_blank\" rel=\"noopener\" title=\"\">FICHA T\u00c9CNICA<\/a> POSICIONADOR ANAL\u00d3GICO EPL <\/h5>\n\n\n\n<h5 class=\"wp-block-heading\">\u00bb CONSULTAR <a href=\"https:\/\/klinger.pt\/wp-content\/uploads\/2023\/05\/Posicionador-EPR_compressed-1.pdf\" target=\"_blank\" rel=\"noopener\" title=\"\">FICHA T\u00c9CNICA<\/a> POSICIONADOR ANAL\u00d3GICO EPR<\/h5>\n<\/div>\n<\/div>\n\n\n\n<div class=\"wp-block-columns is-layout-flex wp-container-core-columns-is-layout-9d6595d7 wp-block-columns-is-layout-flex\">\n<div class=\"wp-block-column is-layout-flow wp-block-column-is-layout-flow\" style=\"flex-basis:300px\">\n<figure class=\"wp-block-image size-full\"><img decoding=\"async\" width=\"570\" height=\"483\" src=\"https:\/\/klinger.pt\/wp-content\/uploads\/2023\/05\/SS2-1.webp\" alt=\"\" class=\"wp-image-41941\" srcset=\"https:\/\/klinger.pt\/wp-content\/uploads\/2023\/05\/SS2-1.webp 570w, https:\/\/klinger.pt\/wp-content\/uploads\/2023\/05\/SS2-1-300x254.webp 300w\" sizes=\"(max-width: 570px) 100vw, 570px\" \/><\/figure>\n<\/div>\n\n\n\n<div class=\"wp-block-column is-layout-flow wp-block-column-is-layout-flow\" style=\"flex-basis:700px\">\n<h2 class=\"wp-block-heading\">POSICIONADOR INTELIGENTE SS2<\/h2>\n\n\n\n<p class=\"intro-text\">Desempenho inteligente com m\u00f3dulo inovador e sempre forte, mesmo em ambientes de trabalho dif\u00edceis<\/p>\n\n\n\n<h3 class=\"wp-block-heading\">Caracter\u00edsticas:<\/h3>\n\n\n\n<ul class=\"wp-block-list\">\n<li>Auto-calibra\u00e7\u00e3o f\u00e1cil e r\u00e1pida<\/li>\n\n\n\n<li>Dete\u00e7\u00e3o autom\u00e1tica de RA (efeito inverso) ou DA (efeito directo), independentemente das liga\u00e7\u00f5es de ar estarem erradas<\/li>\n\n\n\n<li>Dispon\u00edvel para utiliza\u00e7\u00e3o em actua\u00e7\u00e3o simples ou dupla sem quaisquer ajustes especiais<\/li>\n\n\n\n<li>Design compacto que permite a instala\u00e7\u00e3o em atuadores de pequena dimens\u00e3o<\/li>\n\n\n\n<li>Fornece mensagens de erro contra falhas de desempenho<\/li>\n\n\n\n<li>Possibilidade de testar o actuador com qualquer sinal fixo em modo de teste<\/li>\n\n\n\n<li>Curva caracter\u00edstica program\u00e1vel com 17 pontos<\/li>\n\n\n\n<li>Ampla gama de temperaturas de funcionamento -40 a +80\u2103<\/li>\n\n\n\n<li>Controlo melhorado de v\u00e1lvulas de globo e de esfera de alta fric\u00e7\u00e3o, eliminando as oscila\u00e7\u00f5es designadas por &nbsp;\u201dovershoot and hunting\u201d<\/li>\n\n\n\n<li>Baixo consumo de ar<\/li>\n\n\n\n<li>Fornecimento de um suporte de montagem para atender a IEC 60534-6-1 para v\u00e1lvulas lineares<\/li>\n\n\n\n<li>Suporte de um padr\u00e3o de montagem NAMUR VDI\/VDE 3845 (IEC 60534-6-2) e fornecimento de um suporte de montagem multi-tamanho para v\u00e1lvulas rotativas<\/li>\n<\/ul>\n\n\n\n<h3 class=\"wp-block-heading\">Opcional:<\/h3>\n\n\n\n<ul class=\"wp-block-list\">\n<li>Transmissor de posi\u00e7\u00e3o de sa\u00edda (4 &#8211; 20 mA)<\/li>\n\n\n\n<li>2 x fins de curso SPDT<\/li>\n\n\n\n<li>By-pass (parafuso autom\u00e1tico \/ manual)<\/li>\n\n\n\n<li>Intrinsecamente seguro Ex ia IIC T6\/T5<\/li>\n\n\n\n<li>Comunica\u00e7\u00e3o HART<\/li>\n\n\n\n<li>Comunica\u00e7\u00e3o Profibus PA<\/li>\n\n\n\n<li>Comunica\u00e7\u00e3o Profibus FF<\/li>\n<\/ul>\n\n\n\n<h5 class=\"wp-block-heading\">\u00bb CONSULTAR <a href=\"https:\/\/klinger.pt\/wp-content\/uploads\/2023\/05\/Posicionador-SS2_compressed-1.pdf\" target=\"_blank\" rel=\"noopener\" title=\"\">FICHA T\u00c9CNICA<\/a> POSICIONADOR INTELIGENTE SS2<\/h5>\n<\/div>\n<\/div>\n\n\n\n<div class=\"wp-block-columns is-layout-flex wp-container-core-columns-is-layout-9d6595d7 wp-block-columns-is-layout-flex\">\n<div class=\"wp-block-column is-layout-flow wp-block-column-is-layout-flow\" style=\"flex-basis:300px\">\n<figure class=\"wp-block-image size-full\"><img loading=\"lazy\" decoding=\"async\" width=\"550\" height=\"483\" src=\"https:\/\/klinger.pt\/wp-content\/uploads\/2023\/05\/IPC-2.webp\" alt=\"\" class=\"wp-image-41998\" srcset=\"https:\/\/klinger.pt\/wp-content\/uploads\/2023\/05\/IPC-2.webp 550w, https:\/\/klinger.pt\/wp-content\/uploads\/2023\/05\/IPC-2-300x263.webp 300w\" sizes=\"(max-width: 550px) 100vw, 550px\" \/><\/figure>\n<\/div>\n\n\n\n<div class=\"wp-block-column is-layout-flow wp-block-column-is-layout-flow\" style=\"flex-basis:700px\">\n<h2 class=\"wp-block-heading\">CONVERSOR I\/P ELECTRO-PNEUM\u00c1TICO IPC<\/h2>\n\n\n\n<p>Accionamento din\u00e2mico da v\u00e1lvula para converter o sinal de corrente de 4~20\u3383 em press\u00e3o de sa\u00edda pneum\u00e1tica com tecnologia piezoel\u00e9ctrica de ponta<\/p>\n\n\n\n<h3 class=\"wp-block-heading\">Dados gerais:<\/h3>\n\n\n\n<ul class=\"wp-block-list\">\n<li>Caixa robusta em alum\u00ednio fundido<\/li>\n\n\n\n<li>Desempenho de controlo preciso e resposta din\u00e2mica elevada<\/li>\n\n\n\n<li>Simples e f\u00e1cil de ajustar<\/li>\n\n\n\n<li>Baixo consumo de ar comprimido devido \u00e0 microv\u00e1lvula el\u00e9ctrica piezoel\u00e9ctrica<\/li>\n<\/ul>\n\n\n\n<h5 class=\"wp-block-heading\">\u00bb CONSULTAR <a href=\"https:\/\/klinger.pt\/wp-content\/uploads\/2023\/05\/Posicionador-IPC_compressed-2.pdf\" target=\"_blank\" rel=\"noopener\" title=\"\">FICHA T\u00c9CNICA<\/a> CONVERSOR I\/P IPC<\/h5>\n<\/div>\n<\/div>\n<\/div><\/div>\n\n\n\n<p><\/p>\n","protected":false},"excerpt":{"rendered":"<p>POSICIONADORES O Posicionador Eletropneumatico \u00e9 um dispositivo aonde sua principal fun\u00e7\u00e3o \u00e9 operar o atuador da v\u00e1lvula de controlo para que esta seja posicione o obturador corretamente em rela\u00e7\u00e3o a sede da v\u00e1lvula.Normalmente o posicionador \u00e9 montado sobre um atuador pneum\u00e1tico cuja fun\u00e7\u00e3o passa por fornecer ar comprimido ao atuador da v\u00e1lvula de forma a [&hellip;]<\/p>\n","protected":false},"author":1,"featured_media":16265,"parent":24243,"menu_order":0,"comment_status":"closed","ping_status":"closed","template":"page-templates\/servicios.php","meta":{"_eb_attr":"","footnotes":""},"class_list":["post-24275","page","type-page","status-publish","has-post-thumbnail","hentry"],"aioseo_notices":[],"_links":{"self":[{"href":"https:\/\/klinger.pt\/es\/wp-json\/wp\/v2\/pages\/24275","targetHints":{"allow":["GET"]}}],"collection":[{"href":"https:\/\/klinger.pt\/es\/wp-json\/wp\/v2\/pages"}],"about":[{"href":"https:\/\/klinger.pt\/es\/wp-json\/wp\/v2\/types\/page"}],"author":[{"embeddable":true,"href":"https:\/\/klinger.pt\/es\/wp-json\/wp\/v2\/users\/1"}],"replies":[{"embeddable":true,"href":"https:\/\/klinger.pt\/es\/wp-json\/wp\/v2\/comments?post=24275"}],"version-history":[{"count":24,"href":"https:\/\/klinger.pt\/es\/wp-json\/wp\/v2\/pages\/24275\/revisions"}],"predecessor-version":[{"id":46330,"href":"https:\/\/klinger.pt\/es\/wp-json\/wp\/v2\/pages\/24275\/revisions\/46330"}],"up":[{"embeddable":true,"href":"https:\/\/klinger.pt\/es\/wp-json\/wp\/v2\/pages\/24243"}],"wp:featuredmedia":[{"embeddable":true,"href":"https:\/\/klinger.pt\/es\/wp-json\/wp\/v2\/media\/16265"}],"wp:attachment":[{"href":"https:\/\/klinger.pt\/es\/wp-json\/wp\/v2\/media?parent=24275"}],"curies":[{"name":"wp","href":"https:\/\/api.w.org\/{rel}","templated":true}]}}