{"id":24067,"date":"2022-08-19T13:39:45","date_gmt":"2022-08-19T12:39:45","guid":{"rendered":"https:\/\/m5j0n6nk9p.onrocket.site\/?page_id=24067"},"modified":"2023-04-05T09:55:03","modified_gmt":"2023-04-05T08:55:03","slug":"roscada","status":"publish","type":"page","link":"https:\/\/klinger.pt\/es\/produtos\/valvulas\/valvulas-de-retencao\/valvulas-de-retencao-baixa-pressao\/roscada\/","title":{"rendered":"V\u00c1LVULA DE RETEN\u00c7\u00c3O ROSCADA"},"content":{"rendered":"\n<h1 class=\"wp-block-heading\">V\u00c1LVULA DE RETEN\u00c7\u00c3O ROSCADA<\/h1>\n\n\n\n<div class=\"wp-block-group\"><div class=\"wp-block-group__inner-container is-layout-constrained wp-block-group-is-layout-constrained\">\n<div class=\"wp-block-columns is-layout-flex wp-container-core-columns-is-layout-9d6595d7 wp-block-columns-is-layout-flex\">\n<div class=\"wp-block-column is-layout-flow wp-block-column-is-layout-flow\" style=\"flex-basis:300px\">\n<figure class=\"wp-block-image size-full\"><img fetchpriority=\"high\" decoding=\"async\" width=\"223\" height=\"230\" src=\"https:\/\/klinger.pt\/wp-content\/uploads\/2023\/03\/TYPE-2280-copiar.webp\" alt=\"V\u00c1LVULA DE RETEN\u00c7\u00c3O ROSCADA\" class=\"wp-image-40572\"\/><\/figure>\n\n\n\n<figure class=\"wp-block-image size-full\"><img decoding=\"async\" width=\"142\" height=\"142\" src=\"https:\/\/klinger.pt\/wp-content\/uploads\/2023\/03\/TYPE-2280_2-copiar.webp\" alt=\"V\u00c1LVULA DE RETEN\u00c7\u00c3O ROSCADA\" class=\"wp-image-40574\"\/><\/figure>\n<\/div>\n\n\n\n<div class=\"wp-block-column is-layout-flow wp-block-column-is-layout-flow\" style=\"flex-basis:700px\">\n<h2 class=\"wp-block-heading\">V\u00e1lvula de Reten\u00e7\u00e3o Roscada 2280<\/h2>\n\n\n\n<p>V\u00e1lvula de reten\u00e7\u00e3o roscada em lat\u00e3o RG \u2013 rosca f\u00eamea, Spring-loaded<\/p>\n\n\n\n<h3 class=\"wp-block-heading\">Dados gerais:<\/h3>\n\n\n\n<ul class=\"wp-block-list\">\n<li>Aplica\u00e7\u00e3o: \u00c1gua, l\u00edquidos e gases n\u00e3o agressivos<\/li>\n\n\n\n<li>Montagem universal<\/li>\n\n\n\n<li>Material: CuZn40Pb2 de lat\u00e3o<\/li>\n\n\n\n<li>Classe de press\u00e3o: 3\/8\u2033-1\u2033: PN 16; 1 1\/4\u2033-2\u2033: PN 10; 2 1\/2\u2033-4\u2033: PN 8<\/li>\n\n\n\n<li>Disco: POM<\/li>\n\n\n\n<li>Veda\u00e7\u00e3o: NBR<\/li>\n\n\n\n<li>Primavera: AISI302<\/li>\n\n\n\n<li>Liga\u00e7\u00e3o: Rosca f\u00eamea de acordo com ISO 228<\/li>\n\n\n\n<li>Temperatura: -10\u00baC a 90\u00baC. Temperatura m\u00e1xima PN a 23\u00baC<\/li>\n<\/ul>\n\n\n\n<h5 class=\"wp-block-heading\"><a href=\"https:\/\/klinger.pt\/wp-content\/uploads\/2023\/03\/2280.pdf\" target=\"_blank\" rel=\"noopener\" title=\"FICHA T\u00c9CNICA 2280 (EN)\">FICHA T\u00c9CNICA 2280 (EN)<\/a><\/h5>\n<\/div>\n<\/div>\n<\/div><\/div>\n\n\n\n<div class=\"wp-block-group\"><div class=\"wp-block-group__inner-container is-layout-constrained wp-block-group-is-layout-constrained\">\n<div class=\"wp-block-columns is-layout-flex wp-container-core-columns-is-layout-9d6595d7 wp-block-columns-is-layout-flex\">\n<div class=\"wp-block-column is-layout-flow wp-block-column-is-layout-flow\" style=\"flex-basis:300px\">\n<figure class=\"wp-block-image size-full\"><img decoding=\"async\" width=\"243\" height=\"268\" src=\"https:\/\/klinger.pt\/wp-content\/uploads\/2023\/03\/TYPE-541-copiar.webp\" alt=\"V\u00c1LVULA DE RETEN\u00c7\u00c3O ROSCADA\" class=\"wp-image-40566\"\/><\/figure>\n\n\n\n<figure class=\"wp-block-image size-full\"><img loading=\"lazy\" decoding=\"async\" width=\"300\" height=\"300\" src=\"https:\/\/klinger.pt\/wp-content\/uploads\/2023\/03\/TYPE-541_2-copiar.webp\" alt=\"V\u00c1LVULA DE RETEN\u00c7\u00c3O ROSCADA\" class=\"wp-image-40568\" srcset=\"https:\/\/klinger.pt\/wp-content\/uploads\/2023\/03\/TYPE-541_2-copiar.webp 300w, https:\/\/klinger.pt\/wp-content\/uploads\/2023\/03\/TYPE-541_2-copiar-150x150.webp 150w\" sizes=\"(max-width: 300px) 100vw, 300px\" \/><\/figure>\n<\/div>\n\n\n\n<div class=\"wp-block-column is-layout-flow wp-block-column-is-layout-flow\" style=\"flex-basis:700px\">\n<h2 class=\"wp-block-heading\">V\u00e1lvula de Reten\u00e7\u00e3o Roscada 541<\/h2>\n\n\n\n<p>V\u00e1lvula de reten\u00e7\u00e3o em a\u00e7o inoxid\u00e1vel 316 RG \u2013 rosca f\u00eamea, Spring-loaded<\/p>\n\n\n\n<h3 class=\"wp-block-heading\">Dados gerais:<\/h3>\n\n\n\n<ul class=\"wp-block-list\">\n<li>Aplica\u00e7\u00e3o: \u00c1gua, l\u00edquidos e gases n\u00e3o agressivos<\/li>\n\n\n\n<li>Montagem universal<\/li>\n\n\n\n<li>Material: AISI 316<\/li>\n\n\n\n<li>Classe de press\u00e3o: PN 16<\/li>\n\n\n\n<li>Disco: 316<\/li>\n\n\n\n<li>Veda\u00e7\u00e3o: FKM (viton). Op\u00e7\u00e3o EPDM, PTFE ou NBR<\/li>\n\n\n\n<li>Primavera: AISI302<\/li>\n\n\n\n<li>Liga\u00e7\u00e3o: Rosca f\u00eamea de acordo com ISO 7\/1<\/li>\n\n\n\n<li>Temperatura: NBR -25\u00baC to 90\u00baC; EPDM -20\u00baC to 110\u00baC; FKM -20\u00baC to 150\u00baC; PTFE -20\u00baC to 200\u00baC<\/li>\n<\/ul>\n\n\n\n<h5 class=\"wp-block-heading\"><a href=\"https:\/\/klinger.pt\/wp-content\/uploads\/2023\/03\/541.pdf\" target=\"_blank\" rel=\"noopener\" title=\"FICHA T\u00c9CNICA 2280 (EN)\">FICHA T\u00c9CNICA 541 (EN)<\/a><\/h5>\n<\/div>\n<\/div>\n<\/div><\/div>\n\n\n\n<div class=\"wp-block-group\"><div class=\"wp-block-group__inner-container is-layout-constrained wp-block-group-is-layout-constrained\">\n<div class=\"wp-block-columns is-layout-flex wp-container-core-columns-is-layout-9d6595d7 wp-block-columns-is-layout-flex\">\n<div class=\"wp-block-column is-layout-flow wp-block-column-is-layout-flow\" style=\"flex-basis:300px\">\n<figure class=\"wp-block-image size-full\"><img loading=\"lazy\" decoding=\"async\" width=\"293\" height=\"309\" src=\"https:\/\/klinger.pt\/wp-content\/uploads\/2023\/03\/TYPE-2250-copiar.webp\" alt=\"V\u00c1LVULA DE RETEN\u00c7\u00c3O ROSCADA\" class=\"wp-image-40570\" srcset=\"https:\/\/klinger.pt\/wp-content\/uploads\/2023\/03\/TYPE-2250-copiar.webp 293w, https:\/\/klinger.pt\/wp-content\/uploads\/2023\/03\/TYPE-2250-copiar-284x300.webp 284w\" sizes=\"(max-width: 293px) 100vw, 293px\" \/><\/figure>\n<\/div>\n\n\n\n<div class=\"wp-block-column is-layout-flow wp-block-column-is-layout-flow\" style=\"flex-basis:700px\">\n<h2 class=\"wp-block-heading\">V\u00e1lvula de Reten\u00e7\u00e3o Roscada 2250<\/h2>\n\n\n\n<p>V\u00e1lvula de disco de reten\u00e7\u00e3o, lat\u00e3o RG \u2013 mangas roscadas, disco articulado<\/p>\n\n\n\n<h3 class=\"wp-block-heading\">Dados Gerais:<\/h3>\n\n\n\n<ul class=\"wp-block-list\">\n<li>Aplica\u00e7\u00e3o: \u00e1gua, vapor, condensados e l\u00edquidos n\u00e3o agressivos<\/li>\n\n\n\n<li>Com disco articulado na montagem horizontal<\/li>\n\n\n\n<li>Material: Pistola de metal Rg 5<\/li>\n\n\n\n<li>Classe de press\u00e3o: PN 16<\/li>\n\n\n\n<li>Disco: Lat\u00e3o<\/li>\n\n\n\n<li>Sede: Bronze<\/li>\n\n\n\n<li>Temperatura: 30\u00baC a 16 bar, 150\u00baC a 8 bar<\/li>\n<\/ul>\n\n\n\n<h5 class=\"wp-block-heading\"><a href=\"https:\/\/klinger.pt\/wp-content\/uploads\/2023\/03\/2250.pdf\" target=\"_blank\" rel=\"noopener\" title=\"FICHA T\u00c9CNICA 2280 (EN)\">FICHA T\u00c9CNICA 2250 (EN)<\/a><\/h5>\n<\/div>\n<\/div>\n<\/div><\/div>\n\n\n\n<div class=\"wp-block-group\"><div class=\"wp-block-group__inner-container is-layout-constrained wp-block-group-is-layout-constrained\">\n<div class=\"wp-block-columns is-layout-flex wp-container-core-columns-is-layout-9d6595d7 wp-block-columns-is-layout-flex\">\n<div class=\"wp-block-column is-layout-flow wp-block-column-is-layout-flow\" style=\"flex-basis:300px\">\n<figure class=\"wp-block-image size-full\"><img loading=\"lazy\" decoding=\"async\" width=\"290\" height=\"290\" src=\"https:\/\/klinger.pt\/wp-content\/uploads\/2023\/03\/TYPE-05012-copiar.webp\" alt=\"V\u00c1LVULA DE RETEN\u00c7\u00c3O ROSCADA\" class=\"wp-image-40554\" srcset=\"https:\/\/klinger.pt\/wp-content\/uploads\/2023\/03\/TYPE-05012-copiar.webp 290w, https:\/\/klinger.pt\/wp-content\/uploads\/2023\/03\/TYPE-05012-copiar-150x150.webp 150w\" sizes=\"(max-width: 290px) 100vw, 290px\" \/><\/figure>\n\n\n\n<figure class=\"wp-block-image size-full\"><img loading=\"lazy\" decoding=\"async\" width=\"290\" height=\"290\" src=\"https:\/\/klinger.pt\/wp-content\/uploads\/2023\/03\/TYPE-05012_2-copiar.webp\" alt=\"V\u00c1LVULA DE RETEN\u00c7\u00c3O ROSCADA\" class=\"wp-image-40556\" srcset=\"https:\/\/klinger.pt\/wp-content\/uploads\/2023\/03\/TYPE-05012_2-copiar.webp 290w, https:\/\/klinger.pt\/wp-content\/uploads\/2023\/03\/TYPE-05012_2-copiar-150x150.webp 150w\" sizes=\"(max-width: 290px) 100vw, 290px\" \/><\/figure>\n<\/div>\n\n\n\n<div class=\"wp-block-column is-layout-flow wp-block-column-is-layout-flow\" style=\"flex-basis:700px\">\n<h2 class=\"wp-block-heading\">V\u00e1lvula de Reten\u00e7\u00e3o Roscada 05012<\/h2>\n\n\n\n<p>V\u00e1lvula de reten\u00e7\u00e3o do assento em metal de pistola RG \u2013 disco com rosca f\u00eamea, com dobradi\u00e7as<\/p>\n\n\n\n<h3 class=\"wp-block-heading\">Dados gerais:<\/h3>\n\n\n\n<ul class=\"wp-block-list\">\n<li>Aplica\u00e7\u00e3o: \u00e1gua, vapor, condensados e l\u00edquidos n\u00e3o agressivos<\/li>\n\n\n\n<li>Com cone carregado por mola<\/li>\n\n\n\n<li>Tipo: 05012<\/li>\n\n\n\n<li>Material: Pistola de metal CC491K<\/li>\n\n\n\n<li>Classe de press\u00e3o: PN 16<\/li>\n\n\n\n<li>Disco: Lat\u00e3o<\/li>\n\n\n\n<li>Primavera: A\u00e7o inox<\/li>\n\n\n\n<li>Sede: Bronze Rg 5\/PTFE<\/li>\n\n\n\n<li>Temperatura: 80\u00baC a 16 bar, 120\u00baC a 10 bar<\/li>\n\n\n\n<li>Liga\u00e7\u00e3o: Rosca interior de acordo com a norma ISO 228\/1<\/li>\n<\/ul>\n\n\n\n<h5 class=\"wp-block-heading\"><a href=\"https:\/\/klinger.pt\/wp-content\/uploads\/2023\/03\/05012.pdf\" target=\"_blank\" rel=\"noopener\" title=\"FICHA T\u00c9CNICA 2280 (EN)\">FICHA T\u00c9CNICA 05012 (EN)<\/a><\/h5>\n<\/div>\n<\/div>\n<\/div><\/div>\n\n\n\n<div class=\"wp-block-group\"><div class=\"wp-block-group__inner-container is-layout-constrained wp-block-group-is-layout-constrained\">\n<div class=\"wp-block-columns is-layout-flex wp-container-core-columns-is-layout-9d6595d7 wp-block-columns-is-layout-flex\">\n<div class=\"wp-block-column is-layout-flow wp-block-column-is-layout-flow\" style=\"flex-basis:300px\"><div class=\"wp-block-image\">\n<figure class=\"aligncenter size-full\"><img loading=\"lazy\" decoding=\"async\" width=\"337\" height=\"333\" src=\"https:\/\/klinger.pt\/wp-content\/uploads\/2023\/03\/TYPE-S3P_2-copiar.webp\" alt=\"V\u00c1LVULA DE RETEN\u00c7\u00c3O ROSCADA\" class=\"wp-image-40560\" srcset=\"https:\/\/klinger.pt\/wp-content\/uploads\/2023\/03\/TYPE-S3P_2-copiar.webp 337w, https:\/\/klinger.pt\/wp-content\/uploads\/2023\/03\/TYPE-S3P_2-copiar-300x296.webp 300w\" sizes=\"(max-width: 337px) 100vw, 337px\" \/><\/figure>\n<\/div>\n\n\n<figure class=\"wp-block-image size-full\"><img loading=\"lazy\" decoding=\"async\" width=\"400\" height=\"400\" src=\"https:\/\/klinger.pt\/wp-content\/uploads\/2023\/03\/TYPE-S3P_3-copiar.webp\" alt=\"V\u00c1LVULA DE RETEN\u00c7\u00c3O ROSCADA\" class=\"wp-image-40562\" srcset=\"https:\/\/klinger.pt\/wp-content\/uploads\/2023\/03\/TYPE-S3P_3-copiar.webp 400w, https:\/\/klinger.pt\/wp-content\/uploads\/2023\/03\/TYPE-S3P_3-copiar-300x300.webp 300w, https:\/\/klinger.pt\/wp-content\/uploads\/2023\/03\/TYPE-S3P_3-copiar-150x150.webp 150w\" sizes=\"(max-width: 400px) 100vw, 400px\" \/><\/figure>\n<\/div>\n\n\n\n<div class=\"wp-block-column is-layout-flow wp-block-column-is-layout-flow\" style=\"flex-basis:700px\">\n<h2 class=\"wp-block-heading\">V\u00e1lvula de Reten\u00e7\u00e3o Roscada S3P<\/h2>\n\n\n\n<p>V\u00e1lvula de reten\u00e7\u00e3o, 3 pe\u00e7as, a\u00e7o inoxid\u00e1vel<\/p>\n\n\n\n<h3 class=\"wp-block-heading\">Dados gerais:<\/h3>\n\n\n\n<ul class=\"wp-block-list\">\n<li>Aplica\u00e7\u00e3o: \u00c1gua, l\u00edquido, \u00f3leo, vapor, ar<\/li>\n\n\n\n<li>Baixa queda de press\u00e3o<\/li>\n\n\n\n<li>Veda\u00e7\u00e3o met\u00e1lica<\/li>\n\n\n\n<li>F\u00e1cil de manter<\/li>\n\n\n\n<li>Material: A\u00e7o inoxid\u00e1vel: 1.4408 (316)<\/li>\n\n\n\n<li>Classe de press\u00e3o: PN63 (1000psi)<\/li>\n\n\n\n<li>Disco: A\u00e7o inoxid\u00e1vel 1.4408 (316)<\/li>\n\n\n\n<li>Mola\/Detentor: A\u00e7o inox 316<\/li>\n\n\n\n<li>Veda\u00e7\u00e3o do corpo: PTFE<\/li>\n\n\n\n<li>Parafusos\/nozes: A\u00e7o inoxid\u00e1vel SS304<\/li>\n\n\n\n<li>Liga\u00e7\u00e3o: BSP; NPT rosca f\u00eamea; SW; BW<\/li>\n\n\n\n<li>Temperatura: -10\u00b0 a + 180\u00b0C<\/li>\n\n\n\n<li>Teste: EN12266-1 \/ API598<\/li>\n<\/ul>\n\n\n\n<h5 class=\"wp-block-heading\"><a href=\"https:\/\/klinger.pt\/wp-content\/uploads\/2023\/03\/S3P-Threaded.pdf\" target=\"_blank\" rel=\"noopener\" title=\"FICHA T\u00c9CNICA 2280 (EN)\">FICHA T\u00c9CNICA S3P (EN)<\/a><\/h5>\n<\/div>\n<\/div>\n<\/div><\/div>\n\n\n\n<div style=\"height:25px\" aria-hidden=\"true\" class=\"wp-block-spacer\"><\/div>\n","protected":false},"excerpt":{"rendered":"<p>V\u00c1LVULA DE RETEN\u00c7\u00c3O ROSCADA V\u00e1lvula de Reten\u00e7\u00e3o Roscada 2280 V\u00e1lvula de reten\u00e7\u00e3o roscada em lat\u00e3o RG \u2013 rosca f\u00eamea, Spring-loaded Dados gerais: FICHA T\u00c9CNICA 2280 (EN) V\u00e1lvula de Reten\u00e7\u00e3o Roscada 541 V\u00e1lvula de reten\u00e7\u00e3o em a\u00e7o inoxid\u00e1vel 316 RG \u2013 rosca f\u00eamea, Spring-loaded Dados gerais: FICHA T\u00c9CNICA 541 (EN) V\u00e1lvula de Reten\u00e7\u00e3o Roscada 2250 V\u00e1lvula [&hellip;]<\/p>\n","protected":false},"author":1,"featured_media":16265,"parent":24000,"menu_order":0,"comment_status":"closed","ping_status":"closed","template":"page-templates\/servicios.php","meta":{"_eb_attr":"","footnotes":""},"class_list":["post-24067","page","type-page","status-publish","has-post-thumbnail","hentry"],"aioseo_notices":[],"_links":{"self":[{"href":"https:\/\/klinger.pt\/es\/wp-json\/wp\/v2\/pages\/24067","targetHints":{"allow":["GET"]}}],"collection":[{"href":"https:\/\/klinger.pt\/es\/wp-json\/wp\/v2\/pages"}],"about":[{"href":"https:\/\/klinger.pt\/es\/wp-json\/wp\/v2\/types\/page"}],"author":[{"embeddable":true,"href":"https:\/\/klinger.pt\/es\/wp-json\/wp\/v2\/users\/1"}],"replies":[{"embeddable":true,"href":"https:\/\/klinger.pt\/es\/wp-json\/wp\/v2\/comments?post=24067"}],"version-history":[{"count":10,"href":"https:\/\/klinger.pt\/es\/wp-json\/wp\/v2\/pages\/24067\/revisions"}],"predecessor-version":[{"id":40791,"href":"https:\/\/klinger.pt\/es\/wp-json\/wp\/v2\/pages\/24067\/revisions\/40791"}],"up":[{"embeddable":true,"href":"https:\/\/klinger.pt\/es\/wp-json\/wp\/v2\/pages\/24000"}],"wp:featuredmedia":[{"embeddable":true,"href":"https:\/\/klinger.pt\/es\/wp-json\/wp\/v2\/media\/16265"}],"wp:attachment":[{"href":"https:\/\/klinger.pt\/es\/wp-json\/wp\/v2\/media?parent=24067"}],"curies":[{"name":"wp","href":"https:\/\/api.w.org\/{rel}","templated":true}]}}