{"id":24062,"date":"2022-08-19T13:34:47","date_gmt":"2022-08-19T12:34:47","guid":{"rendered":"https:\/\/m5j0n6nk9p.onrocket.site\/?page_id=24062"},"modified":"2023-05-09T14:59:04","modified_gmt":"2023-05-09T13:59:04","slug":"modelo-rm","status":"publish","type":"page","link":"https:\/\/klinger.pt\/es\/produtos\/valvulas\/valvulas-de-retencao\/valvulas-de-retencao-baixa-pressao\/wafer\/modelo-rm\/","title":{"rendered":"V\u00c1LVULA DE RETEN\u00c7\u00c3O WAFER SEDE INCLINADA"},"content":{"rendered":"\n<div class=\"wp-block-columns is-layout-flex wp-container-core-columns-is-layout-9d6595d7 wp-block-columns-is-layout-flex\">\n<div class=\"wp-block-column is-layout-flow wp-block-column-is-layout-flow\" style=\"flex-basis:400px\"><div class=\"wp-block-image\">\n<figure class=\"aligncenter size-full is-resized\"><img decoding=\"async\" src=\"https:\/\/klinger.pt\/wp-content\/uploads\/2022\/08\/orbinox-RM.png\" alt=\"V\u00c1LVULA DE RETEN\u00c7\u00c3O WAFER SEDE INCLINADA\" class=\"wp-image-25458\" width=\"219\" height=\"219\" srcset=\"https:\/\/klinger.pt\/wp-content\/uploads\/2022\/08\/orbinox-RM.png 375w, https:\/\/klinger.pt\/wp-content\/uploads\/2022\/08\/orbinox-RM-300x300.png 300w, https:\/\/klinger.pt\/wp-content\/uploads\/2022\/08\/orbinox-RM-150x150.png 150w\" sizes=\"(max-width: 219px) 100vw, 219px\" \/><\/figure>\n<\/div>\n\n<div class=\"wp-block-image\">\n<figure class=\"aligncenter size-full is-resized\"><img fetchpriority=\"high\" decoding=\"async\" src=\"https:\/\/klinger.pt\/wp-content\/uploads\/2022\/09\/quadro-3-3.png\" alt=\"V\u00c1LVULA DE RETEN\u00c7\u00c3O WAFER SEDE INCLINADA\" class=\"wp-image-29269\" width=\"368\" height=\"299\" srcset=\"https:\/\/klinger.pt\/wp-content\/uploads\/2022\/09\/quadro-3-3.png 1000w, https:\/\/klinger.pt\/wp-content\/uploads\/2022\/09\/quadro-3-3-300x244.png 300w, https:\/\/klinger.pt\/wp-content\/uploads\/2022\/09\/quadro-3-3-768x624.png 768w\" sizes=\"(max-width: 368px) 100vw, 368px\" \/><\/figure>\n<\/div><\/div>\n\n\n\n<div class=\"wp-block-column is-layout-flow wp-block-column-is-layout-flow\" style=\"flex-basis:700px\">\n<h1 class=\"wp-block-heading\">V\u00c1LVULA DE RETEN\u00c7\u00c3O WAFER SEDE INCLINADA<\/h1>\n\n\n\n<p class=\"intro-text\">Modelo RM<\/p>\n\n\n\n<p>A v\u00e1lvula de reten\u00e7\u00e3o modelo RM \u00e9 uma v\u00e1lvula anti-retorno fi\u00e1vel com sede met\u00e1lica com \u00e2ngulo de assento obl\u00edquo amplamente utilizada em ind\u00fastrias, tais como: pasta e papel, plantas de tratamento de \u00e1guas residuais, alimenta\u00e7\u00e3o e bebidas, etc.<\/p>\n\n\n\n<h2 class=\"wp-block-heading\">CARACTER\u00cdSTICAS<\/h2>\n\n\n\n<ul class=\"wp-block-list\">\n<li>Adequado para todos os flanges padr\u00e3o<\/li>\n\n\n\n<li>Face-to-Face curta<\/li>\n\n\n\n<li>Excelente aperto de acordo com a API 598<\/li>\n\n\n\n<li>Baixa queda de press\u00e3o e press\u00e3o de abertura<\/li>\n\n\n\n<li>Rea\u00e7\u00e3o de fecho r\u00e1pido (assento obl\u00edquo) que reduz o martelo de \u00e1gua<\/li>\n\n\n\n<li>Como op\u00e7\u00e3o, a mola auxiliar aumenta a rea\u00e7\u00e3o de fecho<\/li>\n\n\n\n<li>Tamanhos: DN 40 a DN 900 (maior DN a pedido)<\/li>\n\n\n\n<li>Press\u00e3o de trabalho: DN 40 a DN 300: 40 kg\/cm\u00b2; DN 350 a DN 600: 25 kg\/cm\u00b2; DN 700 a DN 900: 10 kg\/cm\u00b2<\/li>\n\n\n\n<li>Liga\u00e7\u00e3o flangeada padr\u00e3o: EN1092 PN10\/16\/25\/40 ; ANSI B16.5 (classe 150) ; Outras conex\u00f5es de flange est\u00e3o dispon\u00edveis mediante pedido; as dimens\u00f5es face a face est\u00e3o de acordo com a norma EN 558-1 (S\u00e9rie 16)<\/li>\n\n\n\n<li>Diretivas: PED 2014\/68\/UE Diretiva Categoria I M\u00f3dulo A Grupo de fluidos 2(b).Sob pedido est\u00e3o tamb\u00e9m dispon\u00edveis Categoria II\/III.<\/li>\n<\/ul>\n<\/div>\n<\/div>\n\n\n\n<h5 class=\"wp-block-heading\"><a href=\"https:\/\/klinger.pt\/wp-content\/uploads\/2023\/04\/Valvula-de-Retencao-Wafer-Sede-Inclinada_compressed.pdf\" target=\"_blank\" rel=\"noopener\" title=\"\">FICHA T\u00c9CNICA V\u00c1LVULA DE RETEN\u00c7\u00c3O WAFER SEDE INCLINADA (EN)<\/a><\/h5>\n","protected":false},"excerpt":{"rendered":"<p>V\u00c1LVULA DE RETEN\u00c7\u00c3O WAFER SEDE INCLINADA Modelo RM A v\u00e1lvula de reten\u00e7\u00e3o modelo RM \u00e9 uma v\u00e1lvula anti-retorno fi\u00e1vel com sede met\u00e1lica com \u00e2ngulo de assento obl\u00edquo amplamente utilizada em ind\u00fastrias, tais como: pasta e papel, plantas de tratamento de \u00e1guas residuais, alimenta\u00e7\u00e3o e bebidas, etc. CARACTER\u00cdSTICAS FICHA T\u00c9CNICA V\u00c1LVULA DE RETEN\u00c7\u00c3O WAFER SEDE INCLINADA [&hellip;]<\/p>\n","protected":false},"author":1,"featured_media":0,"parent":24042,"menu_order":0,"comment_status":"closed","ping_status":"closed","template":"page-templates\/servicios.php","meta":{"_eb_attr":"","footnotes":""},"class_list":["post-24062","page","type-page","status-publish","hentry"],"aioseo_notices":[],"_links":{"self":[{"href":"https:\/\/klinger.pt\/es\/wp-json\/wp\/v2\/pages\/24062","targetHints":{"allow":["GET"]}}],"collection":[{"href":"https:\/\/klinger.pt\/es\/wp-json\/wp\/v2\/pages"}],"about":[{"href":"https:\/\/klinger.pt\/es\/wp-json\/wp\/v2\/types\/page"}],"author":[{"embeddable":true,"href":"https:\/\/klinger.pt\/es\/wp-json\/wp\/v2\/users\/1"}],"replies":[{"embeddable":true,"href":"https:\/\/klinger.pt\/es\/wp-json\/wp\/v2\/comments?post=24062"}],"version-history":[{"count":4,"href":"https:\/\/klinger.pt\/es\/wp-json\/wp\/v2\/pages\/24062\/revisions"}],"predecessor-version":[{"id":42479,"href":"https:\/\/klinger.pt\/es\/wp-json\/wp\/v2\/pages\/24062\/revisions\/42479"}],"up":[{"embeddable":true,"href":"https:\/\/klinger.pt\/es\/wp-json\/wp\/v2\/pages\/24042"}],"wp:attachment":[{"href":"https:\/\/klinger.pt\/es\/wp-json\/wp\/v2\/media?parent=24062"}],"curies":[{"name":"wp","href":"https:\/\/api.w.org\/{rel}","templated":true}]}}