{"id":24050,"date":"2022-08-19T13:31:33","date_gmt":"2022-08-19T12:31:33","guid":{"rendered":"https:\/\/m5j0n6nk9p.onrocket.site\/?page_id=24050"},"modified":"2023-04-03T15:32:31","modified_gmt":"2023-04-03T14:32:31","slug":"modelo-cs","status":"publish","type":"page","link":"https:\/\/klinger.pt\/es\/produtos\/valvulas\/valvulas-de-retencao\/valvulas-de-retencao-baixa-pressao\/wafer\/modelo-cs\/","title":{"rendered":"V\u00c1LVULA DE RETEN\u00c7\u00c3O CLAPETA WAFER"},"content":{"rendered":"\n<div class=\"wp-block-columns is-layout-flex wp-container-core-columns-is-layout-9d6595d7 wp-block-columns-is-layout-flex\">\n<div class=\"wp-block-column is-layout-flow wp-block-column-is-layout-flow\" style=\"flex-basis:400px\"><div class=\"wp-block-image\">\n<figure class=\"aligncenter size-full\"><img fetchpriority=\"high\" decoding=\"async\" width=\"300\" height=\"483\" src=\"https:\/\/klinger.pt\/wp-content\/uploads\/2023\/04\/Valvula-de-Retencao-Clapeta-Wafer-pag.webp\" alt=\"V\u00c1LVULA DE RETEN\u00c7\u00c3O CLAPETA WAFER\" class=\"wp-image-40699\" srcset=\"https:\/\/klinger.pt\/wp-content\/uploads\/2023\/04\/Valvula-de-Retencao-Clapeta-Wafer-pag.webp 300w, https:\/\/klinger.pt\/wp-content\/uploads\/2023\/04\/Valvula-de-Retencao-Clapeta-Wafer-pag-186x300.webp 186w\" sizes=\"(max-width: 300px) 100vw, 300px\" \/><\/figure>\n<\/div><\/div>\n\n\n\n<div class=\"wp-block-column is-layout-flow wp-block-column-is-layout-flow\" style=\"flex-basis:700px\">\n<h1 class=\"wp-block-heading\">V\u00c1LVULA DE RETEN\u00c7\u00c3O CLAPETA WAFER<\/h1>\n\n\n\n<p>A V\u00e1lvula de Reten\u00e7\u00e3o Clapeta Wafer \u00e9 uma v\u00e1lvula vers\u00e1til que \u00e9 normalmente utilizada em sistemas de tubagem para evitar o refluxo de fluido. Dispon\u00edvel numa gama de tamanhos de 2&#8243;-20&#8243;, seu material pode ser tanto de carbono como de a\u00e7o inoxid\u00e1vel. As conex\u00f5es finais da v\u00e1lvula s\u00e3o do tipo wafer, o que significa que pode ser facilmente instalada entre flanges. O material do disco \u00e9 tamb\u00e9m feito de a\u00e7o carbono ou a\u00e7o inoxid\u00e1vel, o que a torna dur\u00e1vel e resistente \u00e0 corros\u00e3o. Estas v\u00e1lvulas s\u00e3o amplamente utilizadas em aplica\u00e7\u00f5es industriais, tais como nas ind\u00fastrias petrol\u00edfera e de g\u00e1s, qu\u00edmica e petroqu\u00edmica, onde desempenham um papel crucial na garantia de um funcionamento seguro e eficiente dos sistemas de tubagem.<\/p>\n\n\n\n<h2 class=\"wp-block-heading\">Caracter\u00edsticas<\/h2>\n\n\n\n<ul class=\"wp-block-list\">\n<li>Dimens\u00f5es compactas, veda\u00e7\u00e3o perfeita<\/li>\n\n\n\n<li>Vasta gama de materiais para v\u00e1rias aplica\u00e7\u00f5es<\/li>\n\n\n\n<li>Poucas quedas de press\u00e3o<\/li>\n\n\n\n<li>Materiais totalmente rastre\u00e1veis<\/li>\n\n\n\n<li>V\u00e1lvula leve, menor e, portanto, menos dispendiosa para instalar como para manter do que a v\u00e1lvula de reten\u00e7\u00e3o convencional<\/li>\n\n\n\n<li>As curtas dimens\u00f5es face-a-face permitem a sua f\u00e1cil instala\u00e7\u00e3o entre flanges padr\u00e3o<\/li>\n\n\n\n<li>N\u00e3o tem flanges mas cabe entre as flanges e os fechos<\/li>\n\n\n\n<li>Aplica\u00e7\u00e3o de servi\u00e7o: Hidr\u00e1ulico, Qu\u00edmico, Vapor, \u00d3leo\/G\u00e1s, Oxig\u00e9nio, V\u00e1cuo<\/li>\n\n\n\n<li>Apta para flanges de tipo ANSI 150, JIS 10k, DIN PN16\/PN40<\/li>\n<\/ul>\n\n\n\n<h2 class=\"wp-block-heading\">Aprova\u00e7\u00f5es de Seguran\u00e7a\/Qualidade<\/h2>\n\n\n\n<p>ISO 9001; PED 2014\/68\/EU<\/p>\n<\/div>\n<\/div>\n\n\n\n<h5 class=\"wp-block-heading\"><a href=\"https:\/\/klinger.pt\/wp-content\/uploads\/2023\/04\/Wafer-Swing-Check-valve_Retencao-clapeta-wafer.pdf\" target=\"_blank\" rel=\"noopener\" title=\"\">FICHA T\u00c9CNICA V\u00c1LVULA DE RETEN\u00c7\u00c3O CLAPETA WAFER (EN<\/a>)<\/h5>\n","protected":false},"excerpt":{"rendered":"<p>V\u00c1LVULA DE RETEN\u00c7\u00c3O CLAPETA WAFER A V\u00e1lvula de Reten\u00e7\u00e3o Clapeta Wafer \u00e9 uma v\u00e1lvula vers\u00e1til que \u00e9 normalmente utilizada em sistemas de tubagem para evitar o refluxo de fluido. Dispon\u00edvel numa gama de tamanhos de 2&#8243;-20&#8243;, seu material pode ser tanto de carbono como de a\u00e7o inoxid\u00e1vel. As conex\u00f5es finais da v\u00e1lvula s\u00e3o do tipo [&hellip;]<\/p>\n","protected":false},"author":1,"featured_media":0,"parent":24042,"menu_order":0,"comment_status":"closed","ping_status":"closed","template":"page-templates\/servicios.php","meta":{"_eb_attr":"","footnotes":""},"class_list":["post-24050","page","type-page","status-publish","hentry"],"aioseo_notices":[],"_links":{"self":[{"href":"https:\/\/klinger.pt\/es\/wp-json\/wp\/v2\/pages\/24050","targetHints":{"allow":["GET"]}}],"collection":[{"href":"https:\/\/klinger.pt\/es\/wp-json\/wp\/v2\/pages"}],"about":[{"href":"https:\/\/klinger.pt\/es\/wp-json\/wp\/v2\/types\/page"}],"author":[{"embeddable":true,"href":"https:\/\/klinger.pt\/es\/wp-json\/wp\/v2\/users\/1"}],"replies":[{"embeddable":true,"href":"https:\/\/klinger.pt\/es\/wp-json\/wp\/v2\/comments?post=24050"}],"version-history":[{"count":5,"href":"https:\/\/klinger.pt\/es\/wp-json\/wp\/v2\/pages\/24050\/revisions"}],"predecessor-version":[{"id":40729,"href":"https:\/\/klinger.pt\/es\/wp-json\/wp\/v2\/pages\/24050\/revisions\/40729"}],"up":[{"embeddable":true,"href":"https:\/\/klinger.pt\/es\/wp-json\/wp\/v2\/pages\/24042"}],"wp:attachment":[{"href":"https:\/\/klinger.pt\/es\/wp-json\/wp\/v2\/media?parent=24050"}],"curies":[{"name":"wp","href":"https:\/\/api.w.org\/{rel}","templated":true}]}}