{"id":24047,"date":"2022-08-19T13:30:33","date_gmt":"2022-08-19T12:30:33","guid":{"rendered":"https:\/\/m5j0n6nk9p.onrocket.site\/?page_id=24047"},"modified":"2023-05-09T15:16:22","modified_gmt":"2023-05-09T14:16:22","slug":"valvula-de-retencao-wafer-placa-dupla","status":"publish","type":"page","link":"https:\/\/klinger.pt\/es\/produtos\/valvulas\/valvulas-de-retencao\/valvulas-de-retencao-baixa-pressao\/wafer\/valvula-de-retencao-wafer-placa-dupla\/","title":{"rendered":"V\u00c1LVULA DE RETEN\u00c7\u00c3O WAFER DUPLO PRATO"},"content":{"rendered":"\n<h1 class=\"wp-block-heading\">V\u00c1LVULA DE RETEN\u00c7\u00c3O WAFER DUPLO PRATO<\/h1>\n\n\n\n<p>A V\u00e1lvula de Reten\u00e7\u00e3o Wafer Duplo Prato \u00e9 uma das v\u00e1lvulas de reten\u00e7\u00e3o mais compactas. Este desenho de v\u00e1lvula \u00e9 o resultado de tentativas de fornecer uma solu\u00e7\u00e3o alternativa para os problemas associados \u00e0s v\u00e1lvulas de reten\u00e7\u00e3o de balan\u00e7o.<br>Em compara\u00e7\u00e3o com uma v\u00e1lvula de reten\u00e7\u00e3o de balan\u00e7o convencional, \u00e9 muito mais forte, mais leve e de menor tamanho.<br>As duas placas da v\u00e1lvula de reten\u00e7\u00e3o de placa dupla s\u00e3o articuladas verticalmente no centro, eliminando o efeito da gravidade em instala\u00e7\u00f5es horizontais.<br>Quando o fluido entra na v\u00e1lvula, a press\u00e3o abre as abas, esticando a mola. Quando a v\u00e1lvula fecha, o fluxo amortece as placas e o assento, pelo que o risco de bater \u00e9 negligenci\u00e1vel.<\/p>\n\n\n\n<div class=\"wp-block-group\"><div class=\"wp-block-group__inner-container is-layout-constrained wp-block-group-is-layout-constrained\">\n<div class=\"wp-block-columns is-layout-flex wp-container-core-columns-is-layout-9d6595d7 wp-block-columns-is-layout-flex\">\n<div class=\"wp-block-column is-layout-flow wp-block-column-is-layout-flow\" style=\"flex-basis:300px\"><div class=\"wp-block-image\">\n<figure class=\"aligncenter size-full\"><img fetchpriority=\"high\" decoding=\"async\" width=\"500\" height=\"483\" src=\"https:\/\/klinger.pt\/wp-content\/uploads\/2023\/03\/VALVULA-DE-RETENCAO-PLACA-DUPLA-PAG.webp\" alt=\"V\u00e1lvula de Reten\u00e7\u00e3o Wafer Duplo Prato\" class=\"wp-image-39684\" srcset=\"https:\/\/klinger.pt\/wp-content\/uploads\/2023\/03\/VALVULA-DE-RETENCAO-PLACA-DUPLA-PAG.webp 500w, https:\/\/klinger.pt\/wp-content\/uploads\/2023\/03\/VALVULA-DE-RETENCAO-PLACA-DUPLA-PAG-300x290.webp 300w\" sizes=\"(max-width: 500px) 100vw, 500px\" \/><\/figure>\n<\/div>\n\n<div class=\"wp-block-image\">\n<figure class=\"aligncenter size-large is-resized\"><img decoding=\"async\" src=\"https:\/\/klinger.pt\/wp-content\/uploads\/2022\/08\/Quadro-6-0.png\" alt=\"V\u00e1lvula de Reten\u00e7\u00e3o Wafer Duplo Prato\" class=\"wp-image-25470\" width=\"257\" height=\"219\" srcset=\"https:\/\/klinger.pt\/wp-content\/uploads\/2022\/08\/Quadro-6-0.png 431w, https:\/\/klinger.pt\/wp-content\/uploads\/2022\/08\/Quadro-6-0-300x256.png 300w\" sizes=\"(max-width: 257px) 100vw, 257px\" \/><\/figure>\n<\/div><\/div>\n\n\n\n<div class=\"wp-block-column is-layout-flow wp-block-column-is-layout-flow\" style=\"flex-basis:700px\">\n<h2 class=\"wp-block-heading\">V\u00e1lvula de Reten\u00e7\u00e3o Wafer Duplo Prato KRD-DPC<\/h2>\n\n\n\n<h3 class=\"wp-block-heading\">Caracter\u00edsticas<\/h3>\n\n\n\n<ul class=\"wp-block-list\">\n<li>Constru\u00e7\u00e3o do corpo em a\u00e7o fundido que oferece resist\u00eancia liberal para satisfazer a maioria das condi\u00e7\u00f5es<\/li>\n\n\n\n<li>Uma escolha de veda\u00e7\u00e3o metal-metal ou macia<\/li>\n\n\n\n<li>Gama completa de classes e tamanhos de press\u00e3o<\/li>\n\n\n\n<li>Variedade de materiais do corpo e do disco<\/li>\n\n\n\n<li>Economia no pre\u00e7o e custo de instala\u00e7\u00e3o em compara\u00e7\u00e3o com as v\u00e1lvulas de reten\u00e7\u00e3o convencionais<\/li>\n<\/ul>\n\n\n\n<h3 class=\"wp-block-heading\">Temperatura<\/h3>\n\n\n\n<ul class=\"wp-block-list\">\n<li>Assento met\u00e1lico: -29\u00b0C a 450\u00b0C<\/li>\n<\/ul>\n\n\n\n<h3 class=\"wp-block-heading\">Normas<\/h3>\n\n\n\n<ul class=\"wp-block-list\">\n<li>Desenho b\u00e1sico para API 594<\/li>\n\n\n\n<li>Face-to-Face de acordo com API 594<\/li>\n\n\n\n<li>Dimens\u00f5es da flange de acordo com ASME B16.5<\/li>\n\n\n\n<li>Inspe\u00e7\u00e3o e teste de acordo com API 598<\/li>\n<\/ul>\n\n\n\n<h5 class=\"wp-block-heading\"><a href=\"https:\/\/klinger.pt\/wp-content\/uploads\/2023\/03\/Check-Valve_KRD-DPC_Data-Sheet_compressed.pdf\" target=\"_blank\" rel=\"noreferrer noopener\">FICHA T\u00c9CNICA V\u00c1LVULA DE RETEN\u00c7\u00c3O WAFER DUPLO PRATO KRD-DPC (EN)<\/a><\/h5>\n<\/div>\n<\/div>\n<\/div><\/div>\n\n\n\n<div class=\"wp-block-group\"><div class=\"wp-block-group__inner-container is-layout-constrained wp-block-group-is-layout-constrained\">\n<div class=\"wp-block-columns is-layout-flex wp-container-core-columns-is-layout-9d6595d7 wp-block-columns-is-layout-flex\">\n<div class=\"wp-block-column is-layout-flow wp-block-column-is-layout-flow\" style=\"flex-basis:300px\"><div class=\"wp-block-image\">\n<figure class=\"aligncenter size-full\"><img decoding=\"async\" width=\"270\" height=\"270\" src=\"https:\/\/klinger.pt\/wp-content\/uploads\/2023\/04\/Valvula-de-retencao-duplo-prato-407A-mini.webp\" alt=\"V\u00e1lvula de Reten\u00e7\u00e3o Wafer Duplo Prato\" class=\"wp-image-40708\" srcset=\"https:\/\/klinger.pt\/wp-content\/uploads\/2023\/04\/Valvula-de-retencao-duplo-prato-407A-mini.webp 270w, https:\/\/klinger.pt\/wp-content\/uploads\/2023\/04\/Valvula-de-retencao-duplo-prato-407A-mini-150x150.webp 150w\" sizes=\"(max-width: 270px) 100vw, 270px\" \/><\/figure>\n<\/div>\n\n<div class=\"wp-block-image\">\n<figure class=\"aligncenter size-full\"><img loading=\"lazy\" decoding=\"async\" width=\"400\" height=\"400\" src=\"https:\/\/klinger.pt\/wp-content\/uploads\/2022\/08\/407A_2.jpg\" alt=\"V\u00e1lvula de Reten\u00e7\u00e3o Wafer Duplo Prato\" class=\"wp-image-25483\" srcset=\"https:\/\/klinger.pt\/wp-content\/uploads\/2022\/08\/407A_2.jpg 400w, https:\/\/klinger.pt\/wp-content\/uploads\/2022\/08\/407A_2-300x300.jpg 300w, https:\/\/klinger.pt\/wp-content\/uploads\/2022\/08\/407A_2-150x150.jpg 150w\" sizes=\"(max-width: 400px) 100vw, 400px\" \/><\/figure>\n<\/div><\/div>\n\n\n\n<div class=\"wp-block-column is-layout-flow wp-block-column-is-layout-flow\" style=\"flex-basis:700px\">\n<h2 class=\"wp-block-heading\">V\u00e1lvula de Reten\u00e7\u00e3o Wafer Duplo Prato IDP<\/h2>\n\n\n\n<p>Verifica\u00e7\u00e3o dupla, ferro fundido \u2013 liga\u00e7\u00e3o de flange PN 10\/16<\/p>\n\n\n\n<h3 class=\"wp-block-heading\">Caracter\u00edsticas<\/h3>\n\n\n\n<ul class=\"wp-block-list\">\n<li>Aplica\u00e7\u00e3o: l\u00edquidos e gases<\/li>\n\n\n\n<li>Compacto<\/li>\n\n\n\n<li>F\u00e1cil instala\u00e7\u00e3o<\/li>\n\n\n\n<li>Montagem horizontal \u2013 ou vertical<\/li>\n\n\n\n<li>Material: Ferro fundido GG25<\/li>\n\n\n\n<li>Classe de press\u00e3o: PN 16<\/li>\n\n\n\n<li>Disco: A\u00e7o inox AISI 304<\/li>\n\n\n\n<li>Primavera: A\u00e7o inox<\/li>\n\n\n\n<li>O-rings: EPDM<\/li>\n\n\n\n<li>Op\u00e7\u00f5es: Casa e disco em outros materiais; Dimens\u00f5es at\u00e9 DN600; Outras liga\u00e7\u00f5es e fases de press\u00e3o<\/li>\n<\/ul>\n\n\n\n<h3 class=\"wp-block-heading\">Temperatura<\/h3>\n\n\n\n<ul class=\"wp-block-list\">\n<li>-10\u00baC a 100\u00baC<\/li>\n<\/ul>\n\n\n\n<h5 class=\"wp-block-heading\"><a href=\"https:\/\/klinger.pt\/wp-content\/uploads\/2023\/04\/DOUBLE-PLATE-CHECK-VALVE-407A_compressed.pdf\" target=\"_blank\" rel=\"noopener\" title=\"\">FICHA T\u00c9CNICA V\u00c1LVULA DE RETEN\u00c7\u00c3O WAFER PLACA DUPLO PRATO IDP (EN)<\/a><\/h5>\n<\/div>\n<\/div>\n<\/div><\/div>\n","protected":false},"excerpt":{"rendered":"<p>V\u00c1LVULA DE RETEN\u00c7\u00c3O WAFER DUPLO PRATO A V\u00e1lvula de Reten\u00e7\u00e3o Wafer Duplo Prato \u00e9 uma das v\u00e1lvulas de reten\u00e7\u00e3o mais compactas. Este desenho de v\u00e1lvula \u00e9 o resultado de tentativas de fornecer uma solu\u00e7\u00e3o alternativa para os problemas associados \u00e0s v\u00e1lvulas de reten\u00e7\u00e3o de balan\u00e7o.Em compara\u00e7\u00e3o com uma v\u00e1lvula de reten\u00e7\u00e3o de balan\u00e7o convencional, \u00e9 [&hellip;]<\/p>\n","protected":false},"author":1,"featured_media":42482,"parent":24042,"menu_order":0,"comment_status":"closed","ping_status":"closed","template":"page-templates\/servicios.php","meta":{"_eb_attr":"","footnotes":""},"class_list":["post-24047","page","type-page","status-publish","has-post-thumbnail","hentry"],"aioseo_notices":[],"_links":{"self":[{"href":"https:\/\/klinger.pt\/es\/wp-json\/wp\/v2\/pages\/24047","targetHints":{"allow":["GET"]}}],"collection":[{"href":"https:\/\/klinger.pt\/es\/wp-json\/wp\/v2\/pages"}],"about":[{"href":"https:\/\/klinger.pt\/es\/wp-json\/wp\/v2\/types\/page"}],"author":[{"embeddable":true,"href":"https:\/\/klinger.pt\/es\/wp-json\/wp\/v2\/users\/1"}],"replies":[{"embeddable":true,"href":"https:\/\/klinger.pt\/es\/wp-json\/wp\/v2\/comments?post=24047"}],"version-history":[{"count":8,"href":"https:\/\/klinger.pt\/es\/wp-json\/wp\/v2\/pages\/24047\/revisions"}],"predecessor-version":[{"id":40738,"href":"https:\/\/klinger.pt\/es\/wp-json\/wp\/v2\/pages\/24047\/revisions\/40738"}],"up":[{"embeddable":true,"href":"https:\/\/klinger.pt\/es\/wp-json\/wp\/v2\/pages\/24042"}],"wp:featuredmedia":[{"embeddable":true,"href":"https:\/\/klinger.pt\/es\/wp-json\/wp\/v2\/media\/42482"}],"wp:attachment":[{"href":"https:\/\/klinger.pt\/es\/wp-json\/wp\/v2\/media?parent=24047"}],"curies":[{"name":"wp","href":"https:\/\/api.w.org\/{rel}","templated":true}]}}