{"id":24045,"date":"2022-08-19T13:29:28","date_gmt":"2022-08-19T12:29:28","guid":{"rendered":"https:\/\/m5j0n6nk9p.onrocket.site\/?page_id=24045"},"modified":"2023-05-09T15:14:55","modified_gmt":"2023-05-09T14:14:55","slug":"valvula-de-retencao-wafer","status":"publish","type":"page","link":"https:\/\/klinger.pt\/es\/produtos\/valvulas\/valvulas-de-retencao\/valvulas-de-retencao-baixa-pressao\/wafer\/valvula-de-retencao-wafer\/","title":{"rendered":"V\u00c1LVULA DE RETEN\u00c7\u00c3O DISCO WAFER"},"content":{"rendered":"\n<div class=\"wp-block-columns is-layout-flex wp-container-core-columns-is-layout-9d6595d7 wp-block-columns-is-layout-flex\">\n<div class=\"wp-block-column is-layout-flow wp-block-column-is-layout-flow\" style=\"flex-basis:400px\"><div class=\"wp-block-image\">\n<figure class=\"aligncenter size-full\"><img fetchpriority=\"high\" decoding=\"async\" width=\"500\" height=\"483\" src=\"https:\/\/klinger.pt\/wp-content\/uploads\/2023\/03\/Valvula-de-Retencao-wafer-pag.webp\" alt=\"V\u00c1LVULA DE RETEN\u00c7\u00c3O DISCO WAFER\" class=\"wp-image-39673\" srcset=\"https:\/\/klinger.pt\/wp-content\/uploads\/2023\/03\/Valvula-de-Retencao-wafer-pag.webp 500w, https:\/\/klinger.pt\/wp-content\/uploads\/2023\/03\/Valvula-de-Retencao-wafer-pag-300x290.webp 300w\" sizes=\"(max-width: 500px) 100vw, 500px\" \/><\/figure>\n<\/div>\n\n\n<figure class=\"wp-block-image size-large\"><img decoding=\"async\" width=\"492\" height=\"126\" src=\"https:\/\/klinger.pt\/wp-content\/uploads\/2022\/08\/Quadro-5-0-1.png\" alt=\"V\u00c1LVULA DE RETEN\u00c7\u00c3O DISCO WAFER\" class=\"wp-image-25464\" srcset=\"https:\/\/klinger.pt\/wp-content\/uploads\/2022\/08\/Quadro-5-0-1.png 492w, https:\/\/klinger.pt\/wp-content\/uploads\/2022\/08\/Quadro-5-0-1-300x77.png 300w\" sizes=\"(max-width: 492px) 100vw, 492px\" \/><\/figure>\n<\/div>\n\n\n\n<div class=\"wp-block-column is-layout-flow wp-block-column-is-layout-flow\" style=\"flex-basis:700px\">\n<h1 class=\"wp-block-heading\">V\u00c1LVULA DE RETEN\u00c7\u00c3O DISCO WAFER<\/h1>\n\n\n\n<h3 class=\"wp-block-heading\">Modelo KRD-SWS<\/h3>\n\n\n\n<p>Uma v\u00e1lvula de reten\u00e7\u00e3o disco wafer utiliza um disco oscilante para permitir ou bloquear o fluxo.<br>As v\u00e1lvulas de reten\u00e7\u00e3o de wafer t\u00eam um corpo moldado que cria espa\u00e7o para o disco se abrir completamente, permitindo um fluxo total.<br>Quando o fluxo atrav\u00e9s da v\u00e1lvula inverte o sentido, o fluido empurra o disco para tr\u00e1s e fecha a v\u00e1lvula.<br>A sua conce\u00e7\u00e3o permite que sejam instaladas em espa\u00e7os extremamente apertados.<\/p>\n\n\n\n<h2 class=\"wp-block-heading\">Normas<\/h2>\n\n\n\n<p>Inspe\u00e7\u00e3o de acordo com a norma EN12266-1<\/p>\n\n\n\n<h2 class=\"wp-block-heading\">Material do corpo<\/h2>\n\n\n\n<p>DIN 1.4408<\/p>\n\n\n\n<h2 class=\"wp-block-heading\">Face a face<\/h2>\n\n\n\n<p>EN 558 S\u00e9rie 49 (DIN 3202 K4)<\/p>\n\n\n\n<h2 class=\"wp-block-heading\">Faixa de temperatura<\/h2>\n\n\n\n<p>Assento met\u00e1lico: -20\u00b0C a 260\u00b0C<br>Soft seat com VITON O-ring: -20\u00b0C to 180\u00b0C<br>Soft seat com NBR O-ring: -20\u00b0C to 80\u00b0C<\/p>\n<\/div>\n<\/div>\n\n\n\n<h5 class=\"wp-block-heading\"><a href=\"https:\/\/klinger.pt\/wp-content\/uploads\/2023\/03\/Check-Valve_KRD-SWS_Data-Sheet_compressed.pdf\" target=\"_blank\" rel=\"noopener\" title=\"GATE VALVE GKA100 DATA SHEET (EN)\">FICHA T\u00c9CNICA V\u00c1LVULA DE RETEN\u00c7\u00c3O DISCO WAFER (EN)<\/a><\/h5>\n","protected":false},"excerpt":{"rendered":"<p>V\u00c1LVULA DE RETEN\u00c7\u00c3O DISCO WAFER Modelo KRD-SWS Uma v\u00e1lvula de reten\u00e7\u00e3o disco wafer utiliza um disco oscilante para permitir ou bloquear o fluxo.As v\u00e1lvulas de reten\u00e7\u00e3o de wafer t\u00eam um corpo moldado que cria espa\u00e7o para o disco se abrir completamente, permitindo um fluxo total.Quando o fluxo atrav\u00e9s da v\u00e1lvula inverte o sentido, o fluido [&hellip;]<\/p>\n","protected":false},"author":1,"featured_media":42480,"parent":24042,"menu_order":0,"comment_status":"closed","ping_status":"closed","template":"page-templates\/servicios.php","meta":{"_eb_attr":"","footnotes":""},"class_list":["post-24045","page","type-page","status-publish","has-post-thumbnail","hentry"],"aioseo_notices":[],"_links":{"self":[{"href":"https:\/\/klinger.pt\/es\/wp-json\/wp\/v2\/pages\/24045","targetHints":{"allow":["GET"]}}],"collection":[{"href":"https:\/\/klinger.pt\/es\/wp-json\/wp\/v2\/pages"}],"about":[{"href":"https:\/\/klinger.pt\/es\/wp-json\/wp\/v2\/types\/page"}],"author":[{"embeddable":true,"href":"https:\/\/klinger.pt\/es\/wp-json\/wp\/v2\/users\/1"}],"replies":[{"embeddable":true,"href":"https:\/\/klinger.pt\/es\/wp-json\/wp\/v2\/comments?post=24045"}],"version-history":[{"count":7,"href":"https:\/\/klinger.pt\/es\/wp-json\/wp\/v2\/pages\/24045\/revisions"}],"predecessor-version":[{"id":40737,"href":"https:\/\/klinger.pt\/es\/wp-json\/wp\/v2\/pages\/24045\/revisions\/40737"}],"up":[{"embeddable":true,"href":"https:\/\/klinger.pt\/es\/wp-json\/wp\/v2\/pages\/24042"}],"wp:featuredmedia":[{"embeddable":true,"href":"https:\/\/klinger.pt\/es\/wp-json\/wp\/v2\/media\/42480"}],"wp:attachment":[{"href":"https:\/\/klinger.pt\/es\/wp-json\/wp\/v2\/media?parent=24045"}],"curies":[{"name":"wp","href":"https:\/\/api.w.org\/{rel}","templated":true}]}}