{"id":24016,"date":"2022-08-19T12:10:41","date_gmt":"2022-08-19T11:10:41","guid":{"rendered":"https:\/\/m5j0n6nk9p.onrocket.site\/?page_id=24016"},"modified":"2023-06-01T09:38:48","modified_gmt":"2023-06-01T08:38:48","slug":"modelo-c-flow","status":"publish","type":"page","link":"https:\/\/klinger.pt\/es\/produtos\/valvulas\/valvulas-de-retencao\/valvulas-de-retencao-baixa-pressao\/flangeada\/modelo-c-flow\/","title":{"rendered":"V\u00c1LVULA DE RETEN\u00c7\u00c3O DE ESFERA"},"content":{"rendered":"\n<div class=\"wp-block-columns is-layout-flex wp-container-core-columns-is-layout-9d6595d7 wp-block-columns-is-layout-flex\">\n<div class=\"wp-block-column is-layout-flow wp-block-column-is-layout-flow\" style=\"flex-basis:400px\">\n<figure class=\"wp-block-image size-full\"><img fetchpriority=\"high\" decoding=\"async\" width=\"700\" height=\"483\" src=\"https:\/\/klinger.pt\/wp-content\/uploads\/2023\/06\/Valvula-de-retencao-de-esfera-flangeada-site.webp\" alt=\"\" class=\"wp-image-42888\" srcset=\"https:\/\/klinger.pt\/wp-content\/uploads\/2023\/06\/Valvula-de-retencao-de-esfera-flangeada-site.webp 700w, https:\/\/klinger.pt\/wp-content\/uploads\/2023\/06\/Valvula-de-retencao-de-esfera-flangeada-site-300x207.webp 300w\" sizes=\"(max-width: 700px) 100vw, 700px\" \/><\/figure>\n\n\n\n<figure class=\"wp-block-image size-full\"><img decoding=\"async\" width=\"700\" height=\"226\" src=\"https:\/\/klinger.pt\/wp-content\/uploads\/2023\/06\/Valvula-de-retencao-de-esfera-flangeada-quadro-site-1.webp\" alt=\"\" class=\"wp-image-42891\" srcset=\"https:\/\/klinger.pt\/wp-content\/uploads\/2023\/06\/Valvula-de-retencao-de-esfera-flangeada-quadro-site-1.webp 700w, https:\/\/klinger.pt\/wp-content\/uploads\/2023\/06\/Valvula-de-retencao-de-esfera-flangeada-quadro-site-1-300x97.webp 300w\" sizes=\"(max-width: 700px) 100vw, 700px\" \/><\/figure>\n<\/div>\n\n\n\n<div class=\"wp-block-column is-layout-flow wp-block-column-is-layout-flow\" style=\"flex-basis:700px\">\n<h1 class=\"wp-block-heading\">V\u00c1LVULA DE RETEN\u00c7\u00c3O DE ESFERA<\/h1>\n\n\n\n<p>A V\u00e1lvula de Reten\u00e7\u00e3o de Esfera \u00e9 desenhada especialmente para aplica\u00e7\u00f5es em \u00e1guas residuais, esgotos e fluidos pegajosos.<\/p>\n\n\n\n<h2 class=\"wp-block-heading\">Caracter\u00edsticas gerais:<\/h2>\n\n\n\n<ul class=\"wp-block-list\">\n<li>Gama desde ND50 a ND600.<\/li>\n\n\n\n<li>A esfera de borracha \u00e9 totalmente encapsulada para uma veda\u00e7\u00e3o superior e resist\u00eancia \u00e0 corros\u00e3o.<\/li>\n\n\n\n<li>Instala\u00e7\u00e3o horizontal ou vertical.<\/li>\n\n\n\n<li>Baixo ru\u00eddo.<\/li>\n\n\n\n<li>100% de selagem a 0,3 bar<\/li>\n\n\n\n<li>Pintura ep\u00f3xi 250 m\u00edcrons RAL 5015.<\/li>\n<\/ul>\n\n\n\n<h2 class=\"wp-block-heading\">Padr\u00e3o:<\/h2>\n\n\n\n<ul class=\"wp-block-list\">\n<li>Desenho: BS5153, EN 1074-3.<\/li>\n\n\n\n<li>Dist\u00e2ncia entre faces: EN 558-1 S\u00e9rie 48.<\/li>\n\n\n\n<li>Montagem entre flanges: PN10 \/ 16 EN 1092-2, ISO 7005-2.<\/li>\n\n\n\n<li>Teste de Press\u00e3o: EN 12266-1 Taxa A.<\/li>\n\n\n\n<li>Corpo: 24 bar. Assento: 11 bar.<\/li>\n\n\n\n<li>Directiva 2014\/68 da UE \/ Equipamento sob press\u00e3o da UE: Cat. III mod H.<\/li>\n<\/ul>\n\n\n\n<h2 class=\"wp-block-heading\">Condi\u00e7\u00f5es de trabalho:<\/h2>\n\n\n\n<ul class=\"wp-block-list\">\n<li>Press\u00e3o m\u00e1xima de trabalho: 16 bar.<\/li>\n\n\n\n<li>Temperatura de trabalho: &#8211; 5 \u00b0 C \/ + 90 \u00b0 C.<\/li>\n\n\n\n<li>Meios adequados: \u00e1gua.<\/li>\n\n\n\n<li>Consultar a f\u00e1brica para outras aplica\u00e7\u00f5es.<\/li>\n<\/ul>\n<\/div>\n<\/div>\n\n\n\n<h5 class=\"wp-block-heading\"><a href=\"https:\/\/klinger.pt\/wp-content\/uploads\/2023\/06\/Ficha-tecnica-Valvula-de-Retencao-de-Esfera_compressed.pdf\" target=\"_blank\" rel=\"noopener\" title=\"\">FICHA T\u00c9CNICA V\u00c1LVULA DE RETEN\u00c7\u00c3O DE ESFERA (PT)<\/a><\/h5>\n","protected":false},"excerpt":{"rendered":"<p>V\u00c1LVULA DE RETEN\u00c7\u00c3O DE ESFERA A V\u00e1lvula de Reten\u00e7\u00e3o de Esfera \u00e9 desenhada especialmente para aplica\u00e7\u00f5es em \u00e1guas residuais, esgotos e fluidos pegajosos. Caracter\u00edsticas gerais: Padr\u00e3o: Condi\u00e7\u00f5es de trabalho: FICHA T\u00c9CNICA V\u00c1LVULA DE RETEN\u00c7\u00c3O DE ESFERA (PT)<\/p>\n","protected":false},"author":1,"featured_media":0,"parent":24003,"menu_order":0,"comment_status":"closed","ping_status":"closed","template":"page-templates\/servicios.php","meta":{"_eb_attr":"","footnotes":""},"class_list":["post-24016","page","type-page","status-publish","hentry"],"aioseo_notices":[],"_links":{"self":[{"href":"https:\/\/klinger.pt\/es\/wp-json\/wp\/v2\/pages\/24016","targetHints":{"allow":["GET"]}}],"collection":[{"href":"https:\/\/klinger.pt\/es\/wp-json\/wp\/v2\/pages"}],"about":[{"href":"https:\/\/klinger.pt\/es\/wp-json\/wp\/v2\/types\/page"}],"author":[{"embeddable":true,"href":"https:\/\/klinger.pt\/es\/wp-json\/wp\/v2\/users\/1"}],"replies":[{"embeddable":true,"href":"https:\/\/klinger.pt\/es\/wp-json\/wp\/v2\/comments?post=24016"}],"version-history":[{"count":5,"href":"https:\/\/klinger.pt\/es\/wp-json\/wp\/v2\/pages\/24016\/revisions"}],"predecessor-version":[{"id":42896,"href":"https:\/\/klinger.pt\/es\/wp-json\/wp\/v2\/pages\/24016\/revisions\/42896"}],"up":[{"embeddable":true,"href":"https:\/\/klinger.pt\/es\/wp-json\/wp\/v2\/pages\/24003"}],"wp:attachment":[{"href":"https:\/\/klinger.pt\/es\/wp-json\/wp\/v2\/media?parent=24016"}],"curies":[{"name":"wp","href":"https:\/\/api.w.org\/{rel}","templated":true}]}}